{"id":6630,"date":"2026-04-09T16:06:39","date_gmt":"2026-04-09T16:06:39","guid":{"rendered":"https:\/\/funclean.eu\/product\/paraloid-b72-derva-5-ir-10-g\/"},"modified":"2026-04-09T16:28:07","modified_gmt":"2026-04-09T16:28:07","slug":"paraloid-b72-derva-5-ir-10-g","status":"publish","type":"product","link":"https:\/\/funclean.eu\/lv\/product\/paraloid-b72-derva-5-ir-10-g\/","title":{"rendered":"Paralo\u012bds B72, akrila sve\u0137i 5 un 10 g."},"content":{"rendered":"<p>\u012apa\u0161\u012bbas:<\/p>\n<ul>\n<li>vid\u0113ji ciets;<\/li>\n<li>termoplastisks t\u012brs akril\u0101ts;<\/li>\n<li>stiklo\u0161an\u0101s temperat\u016bra ir 40 gr\u0101di p\u0113c Celsija;<\/li>\n<li>iztur\u012bgs pret izbal\u0113\u0161anu un noveco\u0161anu;<\/li>\n<li>nesamazin\u0101s.<\/li>\n<\/ul>\n<p>Paraloid-B72 ieteicams lietot:<\/p>\n<ul>\n<li>mon\u0113tu un citu met\u0101la atradumu saglab\u0101\u0161ana (1-15%);<\/li>\n<li>sienu gleznojumu restaur\u0101cija (1-5%);<\/li>\n<li>e\u013c\u013cas gleznu pamatnes vai kr\u0101su sl\u0101\u0146a nostiprin\u0101\u0161anai (5-10 % toluol\u0101 vai izopropanol\u0101);<\/li>\n<li>m\u0113be\u013cu vai polihrom\u0113tu skulpt\u016bru salauzta koka nostiprin\u0101\u0161anai u. c. (5-20 %);<\/li>\n<li>kombin\u0101cij\u0101 ar pild\u012bjumu &#8211; kukai\u0146u caurumu aizl\u012bm\u0113\u0161anai koka priek\u0161metos (30 %);<\/li>\n<li>lai stiprin\u0101tu apmetumu (impregn\u0113jot divas reizes ar 15 % koncentr\u0101ciju vai vienu reizi ar 25 % koncentr\u0101ciju);<\/li>\n<li>k\u0101 fiks\u0113jo\u0161s l\u012bdzeklis ar z\u012bmuli, kr\u012btu, ogli (2-4% \u0161\u0137\u012bdums toluol\u0101 vai izopropanol\u0101) gleznu restaur\u0101cijai;<\/li>\n<li>stikla un keramikas l\u012bm\u0113\u0161anai (\u0161\u0137\u012bdums aceton\u0101);<\/li>\n<li>k\u0101 fiks\u0113jo\u0161a laka &#8211; lai aizsarg\u0101tu \u016bden\u012b no\u0101rd\u0101mas tintes un kr\u0101sas manuskriptu vai akvare\u013cu restaur\u0101cijas laik\u0101;<\/li>\n<li>da\u017e\u0101du uzrakstu vai mar\u0137\u0113jumu saglab\u0101\u0161anai uz lieti\u0161\u0137\u0101s m\u0101kslas priek\u0161metiem (20% \u0161\u0137\u012bdums aceton\u0101).<\/li>\n<\/ul>\n","protected":false},"excerpt":{"rendered":"<p><strong>Paraloid B72 restaur\u0101cijas sve\u0137i ir \u013coti popul\u0101ri mon\u0113tu restauratoru un kolekcion\u0101ru vid\u016b.<\/strong><\/p>\n<p>To pla\u0161i izmanto ar\u012b sienu un e\u013c\u013cas gleznu impregn\u0113\u0161anai, nostiprin\u0101\u0161anai un nostiprin\u0101\u0161anai. Paralo\u012bdu B72 izmanto k\u0101 gruntskr\u0101su un laku p\u0101rkl\u0101jumiem, k\u0101 saistvielu zaud\u0113jumu labo\u0161anas kompoz\u012bcij\u0101s, k\u0101 aizsargp\u0101rkl\u0101jumu met\u0101la izstr\u0101d\u0101jumiem, k\u0101 fiksatoru grafikas, kr\u012bta, ogles z\u012bm\u0113jumiem, paste\u013ciem, k\u0101 l\u012bmvielu stiklam un keramikai, koksnes konserv\u0101cijai un l\u012bm\u0113\u0161anai.<\/p>\n","protected":false},"featured_media":6626,"comment_status":"open","ping_status":"closed","template":"","meta":{"_kad_post_transparent":"default","_kad_post_title":"","_kad_post_layout":"default","_kad_post_sidebar_id":"","_kad_post_content_style":"default","_kad_post_vertical_padding":"default","_kad_post_feature":"","_kad_post_feature_position":"","_kad_post_header":false,"_kad_post_footer":false},"product_brand":[],"product_cat":[60,37],"product_tag":[],"class_list":{"0":"post-6630","1":"product","2":"type-product","3":"status-publish","4":"has-post-thumbnail","6":"product_cat-monetu-glabasana","7":"product_cat-tirisanasmonetas","9":"first","10":"instock","11":"shipping-taxable","12":"purchasable","13":"product-type-variable","14":"entry","15":"content-bg","16":"loop-entry"},"yoast_head":"<!-- This site is optimized with the Yoast SEO plugin v25.8 - https:\/\/yoast.com\/wordpress\/plugins\/seo\/ -->\n<title>Paralo\u012bds B72, akrila sve\u0137i 5 un 10 g. - Funclean<\/title>\n<meta name=\"robots\" content=\"index, follow, max-snippet:-1, max-image-preview:large, max-video-preview:-1\" \/>\n<link rel=\"canonical\" href=\"https:\/\/funclean.eu\/lv\/product\/paraloid-b72-derva-5-ir-10-g\/\" \/>\n<meta property=\"og:locale\" content=\"lv_LV\" \/>\n<meta property=\"og:type\" content=\"article\" \/>\n<meta property=\"og:title\" content=\"Paralo\u012bds B72, akrila sve\u0137i 5 un 10 g. - Funclean\" \/>\n<meta property=\"og:description\" content=\"Paraloid B72 restaur\u0101cijas sve\u0137i ir \u013coti popul\u0101ri mon\u0113tu restauratoru un kolekcion\u0101ru vid\u016b.  To pla\u0161i izmanto ar\u012b sienu un e\u013c\u013cas gleznu impregn\u0113\u0161anai, nostiprin\u0101\u0161anai un nostiprin\u0101\u0161anai. Paralo\u012bdu B72 izmanto k\u0101 gruntskr\u0101su un laku p\u0101rkl\u0101jumiem, k\u0101 saistvielu zaud\u0113jumu labo\u0161anas kompoz\u012bcij\u0101s, k\u0101 aizsargp\u0101rkl\u0101jumu met\u0101la izstr\u0101d\u0101jumiem, k\u0101 fiksatoru grafikas, kr\u012bta, ogles z\u012bm\u0113jumiem, paste\u013ciem, k\u0101 l\u012bmvielu stiklam un keramikai, koksnes konserv\u0101cijai un l\u012bm\u0113\u0161anai.\" \/>\n<meta property=\"og:url\" content=\"https:\/\/funclean.eu\/lv\/product\/paraloid-b72-derva-5-ir-10-g\/\" \/>\n<meta property=\"og:site_name\" content=\"Funclean\" \/>\n<meta property=\"article:publisher\" content=\"https:\/\/www.facebook.com\/groups\/436887375433126\/\" \/>\n<meta property=\"article:modified_time\" content=\"2026-04-09T16:28:07+00:00\" \/>\n<meta property=\"og:image\" content=\"https:\/\/funclean.eu\/wp-content\/uploads\/2026\/04\/72b-1.jpg\" \/>\n\t<meta property=\"og:image:width\" content=\"800\" \/>\n\t<meta property=\"og:image:height\" content=\"800\" \/>\n\t<meta property=\"og:image:type\" content=\"image\/jpeg\" \/>\n<meta name=\"twitter:card\" content=\"summary_large_image\" \/>\n<meta name=\"twitter:label1\" content=\"Est. reading time\" \/>\n\t<meta name=\"twitter:data1\" content=\"1 minute\" \/>\n<script type=\"application\/ld+json\" class=\"yoast-schema-graph\">{\"@context\":\"https:\/\/schema.org\",\"@graph\":[{\"@type\":\"WebPage\",\"@id\":\"https:\/\/funclean.eu\/lv\/product\/paraloid-b72-derva-5-ir-10-g\/\",\"url\":\"https:\/\/funclean.eu\/lv\/product\/paraloid-b72-derva-5-ir-10-g\/\",\"name\":\"Paralo\u012bds B72, akrila sve\u0137i 5 un 10 g. - Funclean\",\"isPartOf\":{\"@id\":\"https:\/\/funclean.eu\/#website\"},\"primaryImageOfPage\":{\"@id\":\"https:\/\/funclean.eu\/lv\/product\/paraloid-b72-derva-5-ir-10-g\/#primaryimage\"},\"image\":{\"@id\":\"https:\/\/funclean.eu\/lv\/product\/paraloid-b72-derva-5-ir-10-g\/#primaryimage\"},\"thumbnailUrl\":\"https:\/\/funclean.eu\/wp-content\/uploads\/2026\/04\/72b-1.jpg\",\"datePublished\":\"2026-04-09T16:06:39+00:00\",\"dateModified\":\"2026-04-09T16:28:07+00:00\",\"breadcrumb\":{\"@id\":\"https:\/\/funclean.eu\/lv\/product\/paraloid-b72-derva-5-ir-10-g\/#breadcrumb\"},\"inLanguage\":\"lv-LV\",\"potentialAction\":[{\"@type\":\"ReadAction\",\"target\":[\"https:\/\/funclean.eu\/lv\/product\/paraloid-b72-derva-5-ir-10-g\/\"]}]},{\"@type\":\"ImageObject\",\"inLanguage\":\"lv-LV\",\"@id\":\"https:\/\/funclean.eu\/lv\/product\/paraloid-b72-derva-5-ir-10-g\/#primaryimage\",\"url\":\"https:\/\/funclean.eu\/wp-content\/uploads\/2026\/04\/72b-1.jpg\",\"contentUrl\":\"https:\/\/funclean.eu\/wp-content\/uploads\/2026\/04\/72b-1.jpg\",\"width\":800,\"height\":800},{\"@type\":\"BreadcrumbList\",\"@id\":\"https:\/\/funclean.eu\/lv\/product\/paraloid-b72-derva-5-ir-10-g\/#breadcrumb\",\"itemListElement\":[{\"@type\":\"ListItem\",\"position\":1,\"name\":\"\u0413\u043b\u0430\u0432\u043d\u0430\u044f \u0441\u0442\u0440\u0430\u043d\u0438\u0446\u0430\",\"item\":\"https:\/\/funclean.eu\/lt\/\"},{\"@type\":\"ListItem\",\"position\":2,\"name\":\"\u041a\u0430\u0442\u0430\u043b\u043e\u0433\",\"item\":\"https:\/\/funclean.eu\/shop\/\"},{\"@type\":\"ListItem\",\"position\":3,\"name\":\"Paralo\u012bds B72, akrila sve\u0137i 5 un 10 g.\"}]},{\"@type\":\"WebSite\",\"@id\":\"https:\/\/funclean.eu\/#website\",\"url\":\"https:\/\/funclean.eu\/\",\"name\":\"FUNCLEAN.EU\",\"description\":\"\u041e\u0447\u0438\u0441\u0442\u043a\u0430 \u0438 \u0445\u0440\u0430\u043d\u0435\u043d\u0438\u0435 \u043c\u043e\u043d\u0435\u0442. \u041a\u0430\u043a \u0447\u0438\u0441\u0442\u0438\u0442\u044c \u043c\u043e\u043d\u0435\u0442\u044b \u0438 \u043d\u0430\u0445\u043e\u0434\u043a\u0438.\",\"potentialAction\":[{\"@type\":\"SearchAction\",\"target\":{\"@type\":\"EntryPoint\",\"urlTemplate\":\"https:\/\/funclean.eu\/?s={search_term_string}\"},\"query-input\":{\"@type\":\"PropertyValueSpecification\",\"valueRequired\":true,\"valueName\":\"search_term_string\"}}],\"inLanguage\":\"lv-LV\"}]}<\/script>\n<!-- \/ Yoast SEO plugin. -->","yoast_head_json":{"title":"Paralo\u012bds B72, akrila sve\u0137i 5 un 10 g. - Funclean","robots":{"index":"index","follow":"follow","max-snippet":"max-snippet:-1","max-image-preview":"max-image-preview:large","max-video-preview":"max-video-preview:-1"},"canonical":"https:\/\/funclean.eu\/lv\/product\/paraloid-b72-derva-5-ir-10-g\/","og_locale":"lv_LV","og_type":"article","og_title":"Paralo\u012bds B72, akrila sve\u0137i 5 un 10 g. - Funclean","og_description":"Paraloid B72 restaur\u0101cijas sve\u0137i ir \u013coti popul\u0101ri mon\u0113tu restauratoru un kolekcion\u0101ru vid\u016b.  To pla\u0161i izmanto ar\u012b sienu un e\u013c\u013cas gleznu impregn\u0113\u0161anai, nostiprin\u0101\u0161anai un nostiprin\u0101\u0161anai. Paralo\u012bdu B72 izmanto k\u0101 gruntskr\u0101su un laku p\u0101rkl\u0101jumiem, k\u0101 saistvielu zaud\u0113jumu labo\u0161anas kompoz\u012bcij\u0101s, k\u0101 aizsargp\u0101rkl\u0101jumu met\u0101la izstr\u0101d\u0101jumiem, k\u0101 fiksatoru grafikas, kr\u012bta, ogles z\u012bm\u0113jumiem, paste\u013ciem, k\u0101 l\u012bmvielu stiklam un keramikai, koksnes konserv\u0101cijai un l\u012bm\u0113\u0161anai.","og_url":"https:\/\/funclean.eu\/lv\/product\/paraloid-b72-derva-5-ir-10-g\/","og_site_name":"Funclean","article_publisher":"https:\/\/www.facebook.com\/groups\/436887375433126\/","article_modified_time":"2026-04-09T16:28:07+00:00","og_image":[{"width":800,"height":800,"url":"https:\/\/funclean.eu\/wp-content\/uploads\/2026\/04\/72b-1.jpg","type":"image\/jpeg"}],"twitter_card":"summary_large_image","twitter_misc":{"Est. reading time":"1 minute"},"schema":{"@context":"https:\/\/schema.org","@graph":[{"@type":"WebPage","@id":"https:\/\/funclean.eu\/lv\/product\/paraloid-b72-derva-5-ir-10-g\/","url":"https:\/\/funclean.eu\/lv\/product\/paraloid-b72-derva-5-ir-10-g\/","name":"Paralo\u012bds B72, akrila sve\u0137i 5 un 10 g. - Funclean","isPartOf":{"@id":"https:\/\/funclean.eu\/#website"},"primaryImageOfPage":{"@id":"https:\/\/funclean.eu\/lv\/product\/paraloid-b72-derva-5-ir-10-g\/#primaryimage"},"image":{"@id":"https:\/\/funclean.eu\/lv\/product\/paraloid-b72-derva-5-ir-10-g\/#primaryimage"},"thumbnailUrl":"https:\/\/funclean.eu\/wp-content\/uploads\/2026\/04\/72b-1.jpg","datePublished":"2026-04-09T16:06:39+00:00","dateModified":"2026-04-09T16:28:07+00:00","breadcrumb":{"@id":"https:\/\/funclean.eu\/lv\/product\/paraloid-b72-derva-5-ir-10-g\/#breadcrumb"},"inLanguage":"lv-LV","potentialAction":[{"@type":"ReadAction","target":["https:\/\/funclean.eu\/lv\/product\/paraloid-b72-derva-5-ir-10-g\/"]}]},{"@type":"ImageObject","inLanguage":"lv-LV","@id":"https:\/\/funclean.eu\/lv\/product\/paraloid-b72-derva-5-ir-10-g\/#primaryimage","url":"https:\/\/funclean.eu\/wp-content\/uploads\/2026\/04\/72b-1.jpg","contentUrl":"https:\/\/funclean.eu\/wp-content\/uploads\/2026\/04\/72b-1.jpg","width":800,"height":800},{"@type":"BreadcrumbList","@id":"https:\/\/funclean.eu\/lv\/product\/paraloid-b72-derva-5-ir-10-g\/#breadcrumb","itemListElement":[{"@type":"ListItem","position":1,"name":"\u0413\u043b\u0430\u0432\u043d\u0430\u044f \u0441\u0442\u0440\u0430\u043d\u0438\u0446\u0430","item":"https:\/\/funclean.eu\/lt\/"},{"@type":"ListItem","position":2,"name":"\u041a\u0430\u0442\u0430\u043b\u043e\u0433","item":"https:\/\/funclean.eu\/shop\/"},{"@type":"ListItem","position":3,"name":"Paralo\u012bds B72, akrila sve\u0137i 5 un 10 g."}]},{"@type":"WebSite","@id":"https:\/\/funclean.eu\/#website","url":"https:\/\/funclean.eu\/","name":"FUNCLEAN.EU","description":"\u041e\u0447\u0438\u0441\u0442\u043a\u0430 \u0438 \u0445\u0440\u0430\u043d\u0435\u043d\u0438\u0435 \u043c\u043e\u043d\u0435\u0442. \u041a\u0430\u043a \u0447\u0438\u0441\u0442\u0438\u0442\u044c \u043c\u043e\u043d\u0435\u0442\u044b \u0438 \u043d\u0430\u0445\u043e\u0434\u043a\u0438.","potentialAction":[{"@type":"SearchAction","target":{"@type":"EntryPoint","urlTemplate":"https:\/\/funclean.eu\/?s={search_term_string}"},"query-input":{"@type":"PropertyValueSpecification","valueRequired":true,"valueName":"search_term_string"}}],"inLanguage":"lv-LV"}]}},"jetpack_sharing_enabled":true,"_links":{"self":[{"href":"https:\/\/funclean.eu\/lv\/wp-json\/wp\/v2\/product\/6630","targetHints":{"allow":["GET"]}}],"collection":[{"href":"https:\/\/funclean.eu\/lv\/wp-json\/wp\/v2\/product"}],"about":[{"href":"https:\/\/funclean.eu\/lv\/wp-json\/wp\/v2\/types\/product"}],"replies":[{"embeddable":true,"href":"https:\/\/funclean.eu\/lv\/wp-json\/wp\/v2\/comments?post=6630"}],"wp:featuredmedia":[{"embeddable":true,"href":"https:\/\/funclean.eu\/lv\/wp-json\/wp\/v2\/media\/6626"}],"wp:attachment":[{"href":"https:\/\/funclean.eu\/lv\/wp-json\/wp\/v2\/media?parent=6630"}],"wp:term":[{"taxonomy":"product_brand","embeddable":true,"href":"https:\/\/funclean.eu\/lv\/wp-json\/wp\/v2\/product_brand?post=6630"},{"taxonomy":"product_cat","embeddable":true,"href":"https:\/\/funclean.eu\/lv\/wp-json\/wp\/v2\/product_cat?post=6630"},{"taxonomy":"product_tag","embeddable":true,"href":"https:\/\/funclean.eu\/lv\/wp-json\/wp\/v2\/product_tag?post=6630"}],"curies":[{"name":"wp","href":"https:\/\/api.w.org\/{rel}","templated":true}]}}