{"id":6443,"date":"2025-05-25T20:18:51","date_gmt":"2025-05-25T20:18:51","guid":{"rendered":"https:\/\/funclean.eu\/product\/vata-polirovka-monet\/"},"modified":"2025-05-25T20:34:35","modified_gmt":"2025-05-25T20:34:35","slug":"vata-polirovka-monet","status":"publish","type":"product","link":"https:\/\/funclean.eu\/lv\/product\/vata-polirovka-monet\/","title":{"rendered":"T\u0113rauda vate mon\u0113tu pul\u0113\u0161anai."},"content":{"rendered":"<p>Vate ir lielisks un da\u017ek\u0101rt neaizst\u0101jams l\u012bdzeklis, lai m\u0101j\u0101s not\u012br\u012btu mon\u0113tas.<\/p>\n<p><strong>Uzman\u012bbu!  <\/strong><\/p>\n<p>Lietojiet piesardz\u012bgi (t\u0101pat k\u0101 jebkuru citu \u0161\u0137idro vai sauso mon\u0113tu t\u012br\u012b\u0161anas l\u012bdzekli).<\/p>\n<div class=\"ordered-block__content\">\n<div class=\"ordered-block__text-wrap\">\n<div class=\"ordered-block__text show-collapsed-js _inited\">\n<p>Padoms: Visus t\u012br\u012b\u0161anas l\u012bdzek\u013cus, tostarp t\u0113rauda vati, vispirms izmantojiet mazv\u0113rt\u012bgam materi\u0101lam un tikai p\u0113c tam turpiniet t\u012br\u012bt v\u0113rt\u012bg\u0101kus paraugus.<\/p>\n<\/div>\n<\/div>\n<\/div>\n","protected":false},"excerpt":{"rendered":"<p>T\u0113rauda vate mon\u0113tu t\u012br\u012b\u0161anai.<br \/>\nPiem\u0113rots mon\u0113tu meh\u0101niskai t\u012br\u012b\u0161anai, aplikuma, da\u017eu veidu oks\u012bdu, raupjumu un traipu no\u0146em\u0161anai utt.<br \/>\nIzmanto sausai vai mitrai vara un sudraba mon\u0113tu, k\u0101 ar\u012b jebkuru priek\u0161metu no met\u0101la, stikla, plastmasas, koka, kaula pul\u0113\u0161anai.<\/p>\n","protected":false},"featured_media":6432,"comment_status":"open","ping_status":"closed","template":"","meta":{"_kad_post_transparent":"","_kad_post_title":"","_kad_post_layout":"","_kad_post_sidebar_id":"","_kad_post_content_style":"","_kad_post_vertical_padding":"","_kad_post_feature":"","_kad_post_feature_position":"","_kad_post_header":false,"_kad_post_footer":false},"product_brand":[],"product_cat":[37],"product_tag":[],"class_list":{"0":"post-6443","1":"product","2":"type-product","3":"status-publish","4":"has-post-thumbnail","6":"product_cat-tirisanasmonetas","8":"first","9":"instock","10":"shipping-taxable","11":"purchasable","12":"product-type-simple","13":"entry","14":"content-bg","15":"loop-entry"},"yoast_head":"<!-- This site is optimized with the Yoast SEO plugin v25.8 - https:\/\/yoast.com\/wordpress\/plugins\/seo\/ -->\n<title>T\u0113rauda vate mon\u0113tu pul\u0113\u0161anai. - Funclean<\/title>\n<meta name=\"robots\" content=\"index, follow, max-snippet:-1, max-image-preview:large, max-video-preview:-1\" \/>\n<link rel=\"canonical\" href=\"https:\/\/funclean.eu\/product\/vata-polirovka-monet\/\" \/>\n<meta property=\"og:locale\" content=\"lv_LV\" \/>\n<meta property=\"og:type\" content=\"article\" \/>\n<meta property=\"og:title\" content=\"T\u0113rauda vate mon\u0113tu pul\u0113\u0161anai. - Funclean\" \/>\n<meta property=\"og:description\" content=\"T\u0113rauda vate mon\u0113tu t\u012br\u012b\u0161anai. Piem\u0113rots mon\u0113tu meh\u0101niskai t\u012br\u012b\u0161anai, aplikuma, da\u017eu veidu oks\u012bdu, raupjumu un traipu no\u0146em\u0161anai utt. Izmanto sausai vai mitrai vara un sudraba mon\u0113tu, k\u0101 ar\u012b jebkuru priek\u0161metu no met\u0101la, stikla, plastmasas, koka, kaula pul\u0113\u0161anai.\" \/>\n<meta property=\"og:url\" content=\"https:\/\/funclean.eu\/product\/vata-polirovka-monet\/\" \/>\n<meta property=\"og:site_name\" content=\"Funclean\" \/>\n<meta property=\"article:publisher\" content=\"https:\/\/www.facebook.com\/groups\/436887375433126\/\" \/>\n<meta property=\"article:modified_time\" content=\"2025-05-25T20:34:35+00:00\" \/>\n<meta property=\"og:image\" content=\"https:\/\/funclean.eu\/wp-content\/uploads\/2025\/05\/vata-1.jpg\" \/>\n\t<meta property=\"og:image:width\" content=\"2252\" \/>\n\t<meta property=\"og:image:height\" content=\"2252\" \/>\n\t<meta property=\"og:image:type\" content=\"image\/jpeg\" \/>\n<meta name=\"twitter:card\" content=\"summary_large_image\" \/>\n<script type=\"application\/ld+json\" class=\"yoast-schema-graph\">{\"@context\":\"https:\/\/schema.org\",\"@graph\":[{\"@type\":\"WebPage\",\"@id\":\"https:\/\/funclean.eu\/product\/vata-polirovka-monet\/\",\"url\":\"https:\/\/funclean.eu\/product\/vata-polirovka-monet\/\",\"name\":\"T\u0113rauda vate mon\u0113tu pul\u0113\u0161anai. - Funclean\",\"isPartOf\":{\"@id\":\"https:\/\/funclean.eu\/#website\"},\"primaryImageOfPage\":{\"@id\":\"https:\/\/funclean.eu\/product\/vata-polirovka-monet\/#primaryimage\"},\"image\":{\"@id\":\"https:\/\/funclean.eu\/product\/vata-polirovka-monet\/#primaryimage\"},\"thumbnailUrl\":\"https:\/\/funclean.eu\/wp-content\/uploads\/2025\/05\/vata-1.jpg\",\"datePublished\":\"2025-05-25T20:18:51+00:00\",\"dateModified\":\"2025-05-25T20:34:35+00:00\",\"breadcrumb\":{\"@id\":\"https:\/\/funclean.eu\/product\/vata-polirovka-monet\/#breadcrumb\"},\"inLanguage\":\"lv-LV\",\"potentialAction\":[{\"@type\":\"ReadAction\",\"target\":[\"https:\/\/funclean.eu\/product\/vata-polirovka-monet\/\"]}]},{\"@type\":\"ImageObject\",\"inLanguage\":\"lv-LV\",\"@id\":\"https:\/\/funclean.eu\/product\/vata-polirovka-monet\/#primaryimage\",\"url\":\"https:\/\/funclean.eu\/wp-content\/uploads\/2025\/05\/vata-1.jpg\",\"contentUrl\":\"https:\/\/funclean.eu\/wp-content\/uploads\/2025\/05\/vata-1.jpg\",\"width\":2252,\"height\":2252},{\"@type\":\"BreadcrumbList\",\"@id\":\"https:\/\/funclean.eu\/product\/vata-polirovka-monet\/#breadcrumb\",\"itemListElement\":[{\"@type\":\"ListItem\",\"position\":1,\"name\":\"\u0413\u043b\u0430\u0432\u043d\u0430\u044f \u0441\u0442\u0440\u0430\u043d\u0438\u0446\u0430\",\"item\":\"https:\/\/funclean.eu\/lt\/\"},{\"@type\":\"ListItem\",\"position\":2,\"name\":\"\u041a\u0430\u0442\u0430\u043b\u043e\u0433\",\"item\":\"https:\/\/funclean.eu\/shop\/\"},{\"@type\":\"ListItem\",\"position\":3,\"name\":\"T\u0113rauda vate mon\u0113tu pul\u0113\u0161anai.\"}]},{\"@type\":\"WebSite\",\"@id\":\"https:\/\/funclean.eu\/#website\",\"url\":\"https:\/\/funclean.eu\/\",\"name\":\"FUNCLEAN.EU\",\"description\":\"\u041e\u0447\u0438\u0441\u0442\u043a\u0430 \u0438 \u0445\u0440\u0430\u043d\u0435\u043d\u0438\u0435 \u043c\u043e\u043d\u0435\u0442. \u041a\u0430\u043a \u0447\u0438\u0441\u0442\u0438\u0442\u044c \u043c\u043e\u043d\u0435\u0442\u044b \u0438 \u043d\u0430\u0445\u043e\u0434\u043a\u0438.\",\"potentialAction\":[{\"@type\":\"SearchAction\",\"target\":{\"@type\":\"EntryPoint\",\"urlTemplate\":\"https:\/\/funclean.eu\/?s={search_term_string}\"},\"query-input\":{\"@type\":\"PropertyValueSpecification\",\"valueRequired\":true,\"valueName\":\"search_term_string\"}}],\"inLanguage\":\"lv-LV\"}]}<\/script>\n<!-- \/ Yoast SEO plugin. -->","yoast_head_json":{"title":"T\u0113rauda vate mon\u0113tu pul\u0113\u0161anai. - Funclean","robots":{"index":"index","follow":"follow","max-snippet":"max-snippet:-1","max-image-preview":"max-image-preview:large","max-video-preview":"max-video-preview:-1"},"canonical":"https:\/\/funclean.eu\/product\/vata-polirovka-monet\/","og_locale":"lv_LV","og_type":"article","og_title":"T\u0113rauda vate mon\u0113tu pul\u0113\u0161anai. - Funclean","og_description":"T\u0113rauda vate mon\u0113tu t\u012br\u012b\u0161anai. Piem\u0113rots mon\u0113tu meh\u0101niskai t\u012br\u012b\u0161anai, aplikuma, da\u017eu veidu oks\u012bdu, raupjumu un traipu no\u0146em\u0161anai utt. Izmanto sausai vai mitrai vara un sudraba mon\u0113tu, k\u0101 ar\u012b jebkuru priek\u0161metu no met\u0101la, stikla, plastmasas, koka, kaula pul\u0113\u0161anai.","og_url":"https:\/\/funclean.eu\/product\/vata-polirovka-monet\/","og_site_name":"Funclean","article_publisher":"https:\/\/www.facebook.com\/groups\/436887375433126\/","article_modified_time":"2025-05-25T20:34:35+00:00","og_image":[{"width":2252,"height":2252,"url":"https:\/\/funclean.eu\/wp-content\/uploads\/2025\/05\/vata-1.jpg","type":"image\/jpeg"}],"twitter_card":"summary_large_image","schema":{"@context":"https:\/\/schema.org","@graph":[{"@type":"WebPage","@id":"https:\/\/funclean.eu\/product\/vata-polirovka-monet\/","url":"https:\/\/funclean.eu\/product\/vata-polirovka-monet\/","name":"T\u0113rauda vate mon\u0113tu pul\u0113\u0161anai. - Funclean","isPartOf":{"@id":"https:\/\/funclean.eu\/#website"},"primaryImageOfPage":{"@id":"https:\/\/funclean.eu\/product\/vata-polirovka-monet\/#primaryimage"},"image":{"@id":"https:\/\/funclean.eu\/product\/vata-polirovka-monet\/#primaryimage"},"thumbnailUrl":"https:\/\/funclean.eu\/wp-content\/uploads\/2025\/05\/vata-1.jpg","datePublished":"2025-05-25T20:18:51+00:00","dateModified":"2025-05-25T20:34:35+00:00","breadcrumb":{"@id":"https:\/\/funclean.eu\/product\/vata-polirovka-monet\/#breadcrumb"},"inLanguage":"lv-LV","potentialAction":[{"@type":"ReadAction","target":["https:\/\/funclean.eu\/product\/vata-polirovka-monet\/"]}]},{"@type":"ImageObject","inLanguage":"lv-LV","@id":"https:\/\/funclean.eu\/product\/vata-polirovka-monet\/#primaryimage","url":"https:\/\/funclean.eu\/wp-content\/uploads\/2025\/05\/vata-1.jpg","contentUrl":"https:\/\/funclean.eu\/wp-content\/uploads\/2025\/05\/vata-1.jpg","width":2252,"height":2252},{"@type":"BreadcrumbList","@id":"https:\/\/funclean.eu\/product\/vata-polirovka-monet\/#breadcrumb","itemListElement":[{"@type":"ListItem","position":1,"name":"\u0413\u043b\u0430\u0432\u043d\u0430\u044f \u0441\u0442\u0440\u0430\u043d\u0438\u0446\u0430","item":"https:\/\/funclean.eu\/lt\/"},{"@type":"ListItem","position":2,"name":"\u041a\u0430\u0442\u0430\u043b\u043e\u0433","item":"https:\/\/funclean.eu\/shop\/"},{"@type":"ListItem","position":3,"name":"T\u0113rauda vate mon\u0113tu pul\u0113\u0161anai."}]},{"@type":"WebSite","@id":"https:\/\/funclean.eu\/#website","url":"https:\/\/funclean.eu\/","name":"FUNCLEAN.EU","description":"\u041e\u0447\u0438\u0441\u0442\u043a\u0430 \u0438 \u0445\u0440\u0430\u043d\u0435\u043d\u0438\u0435 \u043c\u043e\u043d\u0435\u0442. \u041a\u0430\u043a \u0447\u0438\u0441\u0442\u0438\u0442\u044c \u043c\u043e\u043d\u0435\u0442\u044b \u0438 \u043d\u0430\u0445\u043e\u0434\u043a\u0438.","potentialAction":[{"@type":"SearchAction","target":{"@type":"EntryPoint","urlTemplate":"https:\/\/funclean.eu\/?s={search_term_string}"},"query-input":{"@type":"PropertyValueSpecification","valueRequired":true,"valueName":"search_term_string"}}],"inLanguage":"lv-LV"}]}},"jetpack_sharing_enabled":true,"_links":{"self":[{"href":"https:\/\/funclean.eu\/lv\/wp-json\/wp\/v2\/product\/6443","targetHints":{"allow":["GET"]}}],"collection":[{"href":"https:\/\/funclean.eu\/lv\/wp-json\/wp\/v2\/product"}],"about":[{"href":"https:\/\/funclean.eu\/lv\/wp-json\/wp\/v2\/types\/product"}],"replies":[{"embeddable":true,"href":"https:\/\/funclean.eu\/lv\/wp-json\/wp\/v2\/comments?post=6443"}],"wp:featuredmedia":[{"embeddable":true,"href":"https:\/\/funclean.eu\/lv\/wp-json\/wp\/v2\/media\/6432"}],"wp:attachment":[{"href":"https:\/\/funclean.eu\/lv\/wp-json\/wp\/v2\/media?parent=6443"}],"wp:term":[{"taxonomy":"product_brand","embeddable":true,"href":"https:\/\/funclean.eu\/lv\/wp-json\/wp\/v2\/product_brand?post=6443"},{"taxonomy":"product_cat","embeddable":true,"href":"https:\/\/funclean.eu\/lv\/wp-json\/wp\/v2\/product_cat?post=6443"},{"taxonomy":"product_tag","embeddable":true,"href":"https:\/\/funclean.eu\/lv\/wp-json\/wp\/v2\/product_tag?post=6443"}],"curies":[{"name":"wp","href":"https:\/\/api.w.org\/{rel}","templated":true}]}}