{"id":6424,"date":"2025-04-02T20:37:27","date_gmt":"2025-04-02T20:37:27","guid":{"rendered":"https:\/\/funclean.eu\/product\/petri-traucins-60-mm-konteiners-monetu-tirisanai\/"},"modified":"2025-04-02T20:40:37","modified_gmt":"2025-04-02T20:40:37","slug":"petri-traucins-60-mm-konteiners-monetu-tirisanai","status":"publish","type":"product","link":"https:\/\/funclean.eu\/lv\/product\/petri-traucins-60-mm-konteiners-monetu-tirisanai\/","title":{"rendered":"Petri trauci\u0146\u0161 &#8211; 60 mm. Mon\u0113tu t\u012br\u012b\u0161anas konteiners."},"content":{"rendered":"<p>Petri trauci\u0146\u0161 (paz\u012bstams ar\u012b k\u0101 Petri plate) ir laboratorijas instruments, kas ir sekla, caursp\u012bd\u012bga b\u013coda ar v\u0101ku, zems trauks, parasti cilindra form\u0101.<\/p>\n<p>Ide\u0101li piem\u0113rots k\u0101 tvertne t\u012br\u012b\u0161anas \u0161\u0137idrumiem Funclean. Petri trauci\u0146\u0101 vienlaikus var ievietot vair\u0101kas mon\u0113tas. P\u0113c lieto\u0161anas trauku var viegli nomazg\u0101t silt\u0101 \u016bden\u012b un atk\u0101rtoti izmantot t\u012br\u012b\u0161anai neierobe\u017eotu rei\u017eu skaitu. Piem\u0113rots visiem Funclean t\u012br\u012b\u0161anas \u0161\u0137idrumiem.<\/p>\n","protected":false},"excerpt":{"rendered":"<p>Petri trauci\u0146\u0161 no polim\u0113ra. Iztur\u012bgs pret sk\u0101b\u0113m.<\/p>\n<p>Diametrs ir 60 mm, bet augstums &#8211; 13,1 mm.<\/p>\n<p>Ide\u0101li piem\u0113rots k\u0101 tvertne t\u012br\u012b\u0161anas \u0161\u0137idrumu kl\u0101stam Funclean.<\/p>\n","protected":false},"featured_media":6413,"comment_status":"open","ping_status":"closed","template":"","meta":{"_kad_post_transparent":"default","_kad_post_title":"","_kad_post_layout":"default","_kad_post_sidebar_id":"","_kad_post_content_style":"default","_kad_post_vertical_padding":"default","_kad_post_feature":"","_kad_post_feature_position":"","_kad_post_header":false,"_kad_post_footer":false},"product_brand":[],"product_cat":[37],"product_tag":[],"class_list":{"0":"post-6424","1":"product","2":"type-product","3":"status-publish","4":"has-post-thumbnail","6":"product_cat-tirisanasmonetas","8":"first","9":"instock","10":"shipping-taxable","11":"purchasable","12":"product-type-simple","13":"entry","14":"content-bg","15":"loop-entry"},"yoast_head":"<!-- This site is optimized with the Yoast SEO plugin v25.8 - https:\/\/yoast.com\/wordpress\/plugins\/seo\/ -->\n<title>Petri trauci\u0146\u0161 - 60 mm. Mon\u0113tu t\u012br\u012b\u0161anas konteiners. - Funclean<\/title>\n<meta name=\"description\" content=\"Ide\u0101li piem\u0113rots k\u0101 tvertne t\u012br\u012b\u0161anas \u0161\u0137idrumiem Funclean. Petri trauci\u0146\u0101 vienlaikus var ievietot vair\u0101kas mon\u0113tas. P\u0113c lieto\u0161anas trauku var viegli nomazg\u0101t silt\u0101 \u016bden\u012b un atk\u0101rtoti izmantot t\u012br\u012b\u0161anai neierobe\u017eotu rei\u017eu skaitu. Piem\u0113rots visiem Funclean t\u012br\u012b\u0161anas \u0161\u0137idrumiem.\" \/>\n<meta name=\"robots\" content=\"index, follow, max-snippet:-1, max-image-preview:large, max-video-preview:-1\" \/>\n<link rel=\"canonical\" href=\"https:\/\/funclean.eu\/lv\/product\/petri-traucins-60-mm-konteiners-monetu-tirisanai\/\" \/>\n<meta property=\"og:locale\" content=\"lv_LV\" \/>\n<meta property=\"og:type\" content=\"article\" \/>\n<meta property=\"og:title\" content=\"Petri trauci\u0146\u0161 - 60 mm. Mon\u0113tu t\u012br\u012b\u0161anas konteiners. - Funclean\" \/>\n<meta property=\"og:description\" content=\"Ide\u0101li piem\u0113rots k\u0101 tvertne t\u012br\u012b\u0161anas \u0161\u0137idrumiem Funclean. Petri trauci\u0146\u0101 vienlaikus var ievietot vair\u0101kas mon\u0113tas. P\u0113c lieto\u0161anas trauku var viegli nomazg\u0101t silt\u0101 \u016bden\u012b un atk\u0101rtoti izmantot t\u012br\u012b\u0161anai neierobe\u017eotu rei\u017eu skaitu. Piem\u0113rots visiem Funclean t\u012br\u012b\u0161anas \u0161\u0137idrumiem.\" \/>\n<meta property=\"og:url\" content=\"https:\/\/funclean.eu\/lv\/product\/petri-traucins-60-mm-konteiners-monetu-tirisanai\/\" \/>\n<meta property=\"og:site_name\" content=\"Funclean\" \/>\n<meta property=\"article:publisher\" content=\"https:\/\/www.facebook.com\/groups\/436887375433126\/\" \/>\n<meta property=\"article:modified_time\" content=\"2025-04-02T20:40:37+00:00\" \/>\n<meta property=\"og:image\" content=\"https:\/\/funclean.eu\/wp-content\/uploads\/2025\/04\/petri-1.jpg\" \/>\n\t<meta property=\"og:image:width\" content=\"2252\" \/>\n\t<meta property=\"og:image:height\" content=\"2252\" \/>\n\t<meta property=\"og:image:type\" content=\"image\/jpeg\" \/>\n<meta name=\"twitter:card\" content=\"summary_large_image\" \/>\n<meta name=\"twitter:label1\" content=\"Est. reading time\" \/>\n\t<meta name=\"twitter:data1\" content=\"1 minute\" \/>\n<script type=\"application\/ld+json\" class=\"yoast-schema-graph\">{\"@context\":\"https:\/\/schema.org\",\"@graph\":[{\"@type\":\"WebPage\",\"@id\":\"https:\/\/funclean.eu\/lv\/product\/petri-traucins-60-mm-konteiners-monetu-tirisanai\/\",\"url\":\"https:\/\/funclean.eu\/lv\/product\/petri-traucins-60-mm-konteiners-monetu-tirisanai\/\",\"name\":\"Petri trauci\u0146\u0161 - 60 mm. Mon\u0113tu t\u012br\u012b\u0161anas konteiners. - Funclean\",\"isPartOf\":{\"@id\":\"https:\/\/funclean.eu\/#website\"},\"primaryImageOfPage\":{\"@id\":\"https:\/\/funclean.eu\/lv\/product\/petri-traucins-60-mm-konteiners-monetu-tirisanai\/#primaryimage\"},\"image\":{\"@id\":\"https:\/\/funclean.eu\/lv\/product\/petri-traucins-60-mm-konteiners-monetu-tirisanai\/#primaryimage\"},\"thumbnailUrl\":\"https:\/\/funclean.eu\/wp-content\/uploads\/2025\/04\/petri-1.jpg\",\"datePublished\":\"2025-04-02T20:37:27+00:00\",\"dateModified\":\"2025-04-02T20:40:37+00:00\",\"description\":\"Ide\u0101li piem\u0113rots k\u0101 tvertne t\u012br\u012b\u0161anas \u0161\u0137idrumiem Funclean. Petri trauci\u0146\u0101 vienlaikus var ievietot vair\u0101kas mon\u0113tas. P\u0113c lieto\u0161anas trauku var viegli nomazg\u0101t silt\u0101 \u016bden\u012b un atk\u0101rtoti izmantot t\u012br\u012b\u0161anai neierobe\u017eotu rei\u017eu skaitu. Piem\u0113rots visiem Funclean t\u012br\u012b\u0161anas \u0161\u0137idrumiem.\",\"breadcrumb\":{\"@id\":\"https:\/\/funclean.eu\/lv\/product\/petri-traucins-60-mm-konteiners-monetu-tirisanai\/#breadcrumb\"},\"inLanguage\":\"lv-LV\",\"potentialAction\":[{\"@type\":\"ReadAction\",\"target\":[\"https:\/\/funclean.eu\/lv\/product\/petri-traucins-60-mm-konteiners-monetu-tirisanai\/\"]}]},{\"@type\":\"ImageObject\",\"inLanguage\":\"lv-LV\",\"@id\":\"https:\/\/funclean.eu\/lv\/product\/petri-traucins-60-mm-konteiners-monetu-tirisanai\/#primaryimage\",\"url\":\"https:\/\/funclean.eu\/wp-content\/uploads\/2025\/04\/petri-1.jpg\",\"contentUrl\":\"https:\/\/funclean.eu\/wp-content\/uploads\/2025\/04\/petri-1.jpg\",\"width\":2252,\"height\":2252,\"caption\":\"Petri\"},{\"@type\":\"BreadcrumbList\",\"@id\":\"https:\/\/funclean.eu\/lv\/product\/petri-traucins-60-mm-konteiners-monetu-tirisanai\/#breadcrumb\",\"itemListElement\":[{\"@type\":\"ListItem\",\"position\":1,\"name\":\"\u0413\u043b\u0430\u0432\u043d\u0430\u044f \u0441\u0442\u0440\u0430\u043d\u0438\u0446\u0430\",\"item\":\"https:\/\/funclean.eu\/lt\/\"},{\"@type\":\"ListItem\",\"position\":2,\"name\":\"\u041a\u0430\u0442\u0430\u043b\u043e\u0433\",\"item\":\"https:\/\/funclean.eu\/shop\/\"},{\"@type\":\"ListItem\",\"position\":3,\"name\":\"Petri trauci\u0146\u0161 &#8211; 60 mm. Mon\u0113tu t\u012br\u012b\u0161anas konteiners.\"}]},{\"@type\":\"WebSite\",\"@id\":\"https:\/\/funclean.eu\/#website\",\"url\":\"https:\/\/funclean.eu\/\",\"name\":\"FUNCLEAN.EU\",\"description\":\"\u041e\u0447\u0438\u0441\u0442\u043a\u0430 \u0438 \u0445\u0440\u0430\u043d\u0435\u043d\u0438\u0435 \u043c\u043e\u043d\u0435\u0442. \u041a\u0430\u043a \u0447\u0438\u0441\u0442\u0438\u0442\u044c \u043c\u043e\u043d\u0435\u0442\u044b \u0438 \u043d\u0430\u0445\u043e\u0434\u043a\u0438.\",\"potentialAction\":[{\"@type\":\"SearchAction\",\"target\":{\"@type\":\"EntryPoint\",\"urlTemplate\":\"https:\/\/funclean.eu\/?s={search_term_string}\"},\"query-input\":{\"@type\":\"PropertyValueSpecification\",\"valueRequired\":true,\"valueName\":\"search_term_string\"}}],\"inLanguage\":\"lv-LV\"}]}<\/script>\n<!-- \/ Yoast SEO plugin. -->","yoast_head_json":{"title":"Petri trauci\u0146\u0161 - 60 mm. Mon\u0113tu t\u012br\u012b\u0161anas konteiners. - Funclean","description":"Ide\u0101li piem\u0113rots k\u0101 tvertne t\u012br\u012b\u0161anas \u0161\u0137idrumiem Funclean. Petri trauci\u0146\u0101 vienlaikus var ievietot vair\u0101kas mon\u0113tas. P\u0113c lieto\u0161anas trauku var viegli nomazg\u0101t silt\u0101 \u016bden\u012b un atk\u0101rtoti izmantot t\u012br\u012b\u0161anai neierobe\u017eotu rei\u017eu skaitu. Piem\u0113rots visiem Funclean t\u012br\u012b\u0161anas \u0161\u0137idrumiem.","robots":{"index":"index","follow":"follow","max-snippet":"max-snippet:-1","max-image-preview":"max-image-preview:large","max-video-preview":"max-video-preview:-1"},"canonical":"https:\/\/funclean.eu\/lv\/product\/petri-traucins-60-mm-konteiners-monetu-tirisanai\/","og_locale":"lv_LV","og_type":"article","og_title":"Petri trauci\u0146\u0161 - 60 mm. Mon\u0113tu t\u012br\u012b\u0161anas konteiners. - Funclean","og_description":"Ide\u0101li piem\u0113rots k\u0101 tvertne t\u012br\u012b\u0161anas \u0161\u0137idrumiem Funclean. Petri trauci\u0146\u0101 vienlaikus var ievietot vair\u0101kas mon\u0113tas. P\u0113c lieto\u0161anas trauku var viegli nomazg\u0101t silt\u0101 \u016bden\u012b un atk\u0101rtoti izmantot t\u012br\u012b\u0161anai neierobe\u017eotu rei\u017eu skaitu. Piem\u0113rots visiem Funclean t\u012br\u012b\u0161anas \u0161\u0137idrumiem.","og_url":"https:\/\/funclean.eu\/lv\/product\/petri-traucins-60-mm-konteiners-monetu-tirisanai\/","og_site_name":"Funclean","article_publisher":"https:\/\/www.facebook.com\/groups\/436887375433126\/","article_modified_time":"2025-04-02T20:40:37+00:00","og_image":[{"width":2252,"height":2252,"url":"https:\/\/funclean.eu\/wp-content\/uploads\/2025\/04\/petri-1.jpg","type":"image\/jpeg"}],"twitter_card":"summary_large_image","twitter_misc":{"Est. reading time":"1 minute"},"schema":{"@context":"https:\/\/schema.org","@graph":[{"@type":"WebPage","@id":"https:\/\/funclean.eu\/lv\/product\/petri-traucins-60-mm-konteiners-monetu-tirisanai\/","url":"https:\/\/funclean.eu\/lv\/product\/petri-traucins-60-mm-konteiners-monetu-tirisanai\/","name":"Petri trauci\u0146\u0161 - 60 mm. Mon\u0113tu t\u012br\u012b\u0161anas konteiners. - Funclean","isPartOf":{"@id":"https:\/\/funclean.eu\/#website"},"primaryImageOfPage":{"@id":"https:\/\/funclean.eu\/lv\/product\/petri-traucins-60-mm-konteiners-monetu-tirisanai\/#primaryimage"},"image":{"@id":"https:\/\/funclean.eu\/lv\/product\/petri-traucins-60-mm-konteiners-monetu-tirisanai\/#primaryimage"},"thumbnailUrl":"https:\/\/funclean.eu\/wp-content\/uploads\/2025\/04\/petri-1.jpg","datePublished":"2025-04-02T20:37:27+00:00","dateModified":"2025-04-02T20:40:37+00:00","description":"Ide\u0101li piem\u0113rots k\u0101 tvertne t\u012br\u012b\u0161anas \u0161\u0137idrumiem Funclean. Petri trauci\u0146\u0101 vienlaikus var ievietot vair\u0101kas mon\u0113tas. P\u0113c lieto\u0161anas trauku var viegli nomazg\u0101t silt\u0101 \u016bden\u012b un atk\u0101rtoti izmantot t\u012br\u012b\u0161anai neierobe\u017eotu rei\u017eu skaitu. Piem\u0113rots visiem Funclean t\u012br\u012b\u0161anas \u0161\u0137idrumiem.","breadcrumb":{"@id":"https:\/\/funclean.eu\/lv\/product\/petri-traucins-60-mm-konteiners-monetu-tirisanai\/#breadcrumb"},"inLanguage":"lv-LV","potentialAction":[{"@type":"ReadAction","target":["https:\/\/funclean.eu\/lv\/product\/petri-traucins-60-mm-konteiners-monetu-tirisanai\/"]}]},{"@type":"ImageObject","inLanguage":"lv-LV","@id":"https:\/\/funclean.eu\/lv\/product\/petri-traucins-60-mm-konteiners-monetu-tirisanai\/#primaryimage","url":"https:\/\/funclean.eu\/wp-content\/uploads\/2025\/04\/petri-1.jpg","contentUrl":"https:\/\/funclean.eu\/wp-content\/uploads\/2025\/04\/petri-1.jpg","width":2252,"height":2252,"caption":"Petri"},{"@type":"BreadcrumbList","@id":"https:\/\/funclean.eu\/lv\/product\/petri-traucins-60-mm-konteiners-monetu-tirisanai\/#breadcrumb","itemListElement":[{"@type":"ListItem","position":1,"name":"\u0413\u043b\u0430\u0432\u043d\u0430\u044f \u0441\u0442\u0440\u0430\u043d\u0438\u0446\u0430","item":"https:\/\/funclean.eu\/lt\/"},{"@type":"ListItem","position":2,"name":"\u041a\u0430\u0442\u0430\u043b\u043e\u0433","item":"https:\/\/funclean.eu\/shop\/"},{"@type":"ListItem","position":3,"name":"Petri trauci\u0146\u0161 &#8211; 60 mm. Mon\u0113tu t\u012br\u012b\u0161anas konteiners."}]},{"@type":"WebSite","@id":"https:\/\/funclean.eu\/#website","url":"https:\/\/funclean.eu\/","name":"FUNCLEAN.EU","description":"\u041e\u0447\u0438\u0441\u0442\u043a\u0430 \u0438 \u0445\u0440\u0430\u043d\u0435\u043d\u0438\u0435 \u043c\u043e\u043d\u0435\u0442. \u041a\u0430\u043a \u0447\u0438\u0441\u0442\u0438\u0442\u044c \u043c\u043e\u043d\u0435\u0442\u044b \u0438 \u043d\u0430\u0445\u043e\u0434\u043a\u0438.","potentialAction":[{"@type":"SearchAction","target":{"@type":"EntryPoint","urlTemplate":"https:\/\/funclean.eu\/?s={search_term_string}"},"query-input":{"@type":"PropertyValueSpecification","valueRequired":true,"valueName":"search_term_string"}}],"inLanguage":"lv-LV"}]}},"jetpack_sharing_enabled":true,"_links":{"self":[{"href":"https:\/\/funclean.eu\/lv\/wp-json\/wp\/v2\/product\/6424","targetHints":{"allow":["GET"]}}],"collection":[{"href":"https:\/\/funclean.eu\/lv\/wp-json\/wp\/v2\/product"}],"about":[{"href":"https:\/\/funclean.eu\/lv\/wp-json\/wp\/v2\/types\/product"}],"replies":[{"embeddable":true,"href":"https:\/\/funclean.eu\/lv\/wp-json\/wp\/v2\/comments?post=6424"}],"wp:featuredmedia":[{"embeddable":true,"href":"https:\/\/funclean.eu\/lv\/wp-json\/wp\/v2\/media\/6413"}],"wp:attachment":[{"href":"https:\/\/funclean.eu\/lv\/wp-json\/wp\/v2\/media?parent=6424"}],"wp:term":[{"taxonomy":"product_brand","embeddable":true,"href":"https:\/\/funclean.eu\/lv\/wp-json\/wp\/v2\/product_brand?post=6424"},{"taxonomy":"product_cat","embeddable":true,"href":"https:\/\/funclean.eu\/lv\/wp-json\/wp\/v2\/product_cat?post=6424"},{"taxonomy":"product_tag","embeddable":true,"href":"https:\/\/funclean.eu\/lv\/wp-json\/wp\/v2\/product_tag?post=6424"}],"curies":[{"name":"wp","href":"https:\/\/api.w.org\/{rel}","templated":true}]}}