{"id":6180,"date":"2025-02-23T19:37:44","date_gmt":"2025-02-23T19:37:44","guid":{"rendered":"https:\/\/funclean.eu\/product\/instrumentu-komplekts-profesionalai-monetu-un-arheologisko-prieksmetu-restauracijai-16-vienibas\/"},"modified":"2025-03-03T19:56:23","modified_gmt":"2025-03-03T19:56:23","slug":"instrumentu-komplekts-profesionalai-monetu-un-arheologisko-prieksmetu-restauracijai-16-vienibas","status":"publish","type":"product","link":"https:\/\/funclean.eu\/lv\/product\/instrumentu-komplekts-profesionalai-monetu-un-arheologisko-prieksmetu-restauracijai-16-vienibas\/","title":{"rendered":"Instrumentu komplekts profesion\u0101lai mon\u0113tu un arheolo\u0123isko priek\u0161metu restaur\u0101cijai. (16 vien\u012bbas)"},"content":{"rendered":"<div>\n<p><strong>Komplekt\u0101 iek\u013cauts:<\/strong><\/p>\n<p>Skr\u0101pju:<\/p>\n<ul>\n<li>Karb\u012bda &#8211; ciet\u0101kie \u0161aberi, ko izmanto lauka s\u0101kotn\u0113jai t\u012br\u012b\u0161anai un l\u012bdzin\u0101\u0161anai. Tr\u012bsst\u016brveida uzasin\u0101tu virsmu. 5 gab.<\/li>\n<li>\u0160aberi no cieta sakaus\u0113juma. Ar \u0161iem \u0161aberiem veic rupju z\u012bm\u0113juma t\u012br\u012b\u0161anu, t\u0101 k\u0101 tie ir stipr\u0101ki un nezaud\u0113 savu asumu. Ta\u010du ar \u0161\u0101diem \u0161aberiem nav iesp\u0113jams izveidot perfekti l\u012bdzenu lauku un apstr\u0101d\u0101t s\u012bkas mon\u0113tas z\u012bm\u0113juma deta\u013cas. 1 gab.<\/li>\n<li>\u0160aberis no urbja. Univers\u0101l\u0101kie \u0161aberi mon\u0113tu t\u012br\u012b\u0161anai, ko izmanto t\u012br\u012b\u0161anas pabeig\u0161anai un s\u012bku deta\u013cu apstr\u0101dei. Tr\u012bsst\u016brveida uzasin\u0101tu virsmu 3 gab.<\/li>\n<\/ul>\n<p>Pal\u012bginstrumenti:<\/p>\n<ul>\n<li>Divpus\u0113ja sprausla ar div\u0101m patron\u0101m 4 stiprin\u0101jumiem, diametrs 0 &#8211; 3,2 mm. Pal\u012bdz nodro\u0161in\u0101t visu veidu skr\u0101pjus to lieto\u0161anai. 1 gabals + viens 1,2 mm karb\u012bda skr\u0101pis.<\/li>\n<li>Konusa \u0161pakte\u013cl\u0101psti\u0146a (bumbi\u0146a).<br \/>\nIzmanto, lai izl\u012bdzin\u0101tu \u0161aberu \u0161v\u012bkas. 1 gab.<\/li>\n<li>Div\u0161\u0137aut\u0146u \u0161aberis &#8211; 1mm karb\u012bda. Str\u0101d\u0101jot ar \u0161\u0101du \u0161aberi, virzieties uz priek\u0161u un atpaka\u013c. Nogrie\u017e \u012bpa\u0161i sp\u0113c\u012bgus izaugumus un oks\u012bda frakcijas.<\/li>\n<li>Volframa karb\u012bda \u0161aberis (K-40). Diametrs 1,5 mm. Tam ir nedaudz liel\u0101ka darba zona, tas ir \u0101rk\u0101rt\u012bgi ciets un nav trausls.<\/li>\n<\/ul>\n<\/div>\n","protected":false},"excerpt":{"rendered":"<p>Komplekt\u0101 iek\u013cauts: Skr\u0101pju: Karb\u012bda &#8211; ciet\u0101kie \u0161aberi, ko izmanto lauka s\u0101kotn\u0113jai t\u012br\u012b\u0161anai un l\u012bdzin\u0101\u0161anai. Tr\u012bsst\u016brveida uzasin\u0101tu virsmu. 5 gab. \u0160aberi no cieta sakaus\u0113juma. Ar \u0161iem \u0161aberiem veic rupju z\u012bm\u0113juma t\u012br\u012b\u0161anu, t\u0101 k\u0101 tie ir stipr\u0101ki un nezaud\u0113 savu asumu. Ta\u010du ar \u0161\u0101diem \u0161aberiem nav iesp\u0113jams izveidot perfekti l\u012bdzenu lauku un apstr\u0101d\u0101t s\u012bkas mon\u0113tas z\u012bm\u0113juma deta\u013cas&#8230;.<\/p>\n","protected":false},"featured_media":6084,"comment_status":"open","ping_status":"closed","template":"","meta":{"_kad_post_transparent":"default","_kad_post_title":"","_kad_post_layout":"default","_kad_post_sidebar_id":"","_kad_post_content_style":"default","_kad_post_vertical_padding":"default","_kad_post_feature":"","_kad_post_feature_position":"","_kad_post_header":false,"_kad_post_footer":false},"product_brand":[],"product_cat":[37],"product_tag":[],"class_list":{"0":"post-6180","1":"product","2":"type-product","3":"status-publish","4":"has-post-thumbnail","6":"product_cat-tirisanasmonetas","8":"first","9":"instock","10":"shipping-taxable","11":"purchasable","12":"product-type-simple","13":"entry","14":"content-bg","15":"loop-entry"},"yoast_head":"<!-- This site is optimized with the Yoast SEO plugin v25.8 - https:\/\/yoast.com\/wordpress\/plugins\/seo\/ -->\n<title>Instrumentu komplekts profesion\u0101lai mon\u0113tu un arheolo\u0123isko priek\u0161metu restaur\u0101cijai. (16 vien\u012bbas) - Funclean<\/title>\n<meta name=\"robots\" content=\"index, follow, max-snippet:-1, max-image-preview:large, max-video-preview:-1\" \/>\n<link rel=\"canonical\" href=\"https:\/\/funclean.eu\/lv\/product\/instrumentu-komplekts-profesionalai-monetu-un-arheologisko-prieksmetu-restauracijai-16-vienibas\/\" \/>\n<meta property=\"og:locale\" content=\"lv_LV\" \/>\n<meta property=\"og:type\" content=\"article\" \/>\n<meta property=\"og:title\" content=\"Instrumentu komplekts profesion\u0101lai mon\u0113tu un arheolo\u0123isko priek\u0161metu restaur\u0101cijai. (16 vien\u012bbas) - Funclean\" \/>\n<meta property=\"og:description\" content=\"Komplekt\u0101 iek\u013cauts: Skr\u0101pju: Karb\u012bda &#8211; ciet\u0101kie \u0161aberi, ko izmanto lauka s\u0101kotn\u0113jai t\u012br\u012b\u0161anai un l\u012bdzin\u0101\u0161anai. Tr\u012bsst\u016brveida uzasin\u0101tu virsmu. 5 gab. \u0160aberi no cieta sakaus\u0113juma. Ar \u0161iem \u0161aberiem veic rupju z\u012bm\u0113juma t\u012br\u012b\u0161anu, t\u0101 k\u0101 tie ir stipr\u0101ki un nezaud\u0113 savu asumu. Ta\u010du ar \u0161\u0101diem \u0161aberiem nav iesp\u0113jams izveidot perfekti l\u012bdzenu lauku un apstr\u0101d\u0101t s\u012bkas mon\u0113tas z\u012bm\u0113juma deta\u013cas....\" \/>\n<meta property=\"og:url\" content=\"https:\/\/funclean.eu\/lv\/product\/instrumentu-komplekts-profesionalai-monetu-un-arheologisko-prieksmetu-restauracijai-16-vienibas\/\" \/>\n<meta property=\"og:site_name\" content=\"Funclean\" \/>\n<meta property=\"article:publisher\" content=\"https:\/\/www.facebook.com\/groups\/436887375433126\/\" \/>\n<meta property=\"article:modified_time\" content=\"2025-03-03T19:56:23+00:00\" \/>\n<meta property=\"og:image\" content=\"https:\/\/funclean.eu\/wp-content\/uploads\/2025\/02\/S2-1.jpg\" \/>\n\t<meta property=\"og:image:width\" content=\"2252\" \/>\n\t<meta property=\"og:image:height\" content=\"2252\" \/>\n\t<meta property=\"og:image:type\" content=\"image\/jpeg\" \/>\n<meta name=\"twitter:card\" content=\"summary_large_image\" \/>\n<meta name=\"twitter:label1\" content=\"Est. reading time\" \/>\n\t<meta name=\"twitter:data1\" content=\"1 minute\" \/>\n<script type=\"application\/ld+json\" class=\"yoast-schema-graph\">{\"@context\":\"https:\/\/schema.org\",\"@graph\":[{\"@type\":\"WebPage\",\"@id\":\"https:\/\/funclean.eu\/lv\/product\/instrumentu-komplekts-profesionalai-monetu-un-arheologisko-prieksmetu-restauracijai-16-vienibas\/\",\"url\":\"https:\/\/funclean.eu\/lv\/product\/instrumentu-komplekts-profesionalai-monetu-un-arheologisko-prieksmetu-restauracijai-16-vienibas\/\",\"name\":\"Instrumentu komplekts profesion\u0101lai mon\u0113tu un arheolo\u0123isko priek\u0161metu restaur\u0101cijai. (16 vien\u012bbas) - Funclean\",\"isPartOf\":{\"@id\":\"https:\/\/funclean.eu\/#website\"},\"primaryImageOfPage\":{\"@id\":\"https:\/\/funclean.eu\/lv\/product\/instrumentu-komplekts-profesionalai-monetu-un-arheologisko-prieksmetu-restauracijai-16-vienibas\/#primaryimage\"},\"image\":{\"@id\":\"https:\/\/funclean.eu\/lv\/product\/instrumentu-komplekts-profesionalai-monetu-un-arheologisko-prieksmetu-restauracijai-16-vienibas\/#primaryimage\"},\"thumbnailUrl\":\"https:\/\/funclean.eu\/wp-content\/uploads\/2025\/02\/S2-1.jpg\",\"datePublished\":\"2025-02-23T19:37:44+00:00\",\"dateModified\":\"2025-03-03T19:56:23+00:00\",\"breadcrumb\":{\"@id\":\"https:\/\/funclean.eu\/lv\/product\/instrumentu-komplekts-profesionalai-monetu-un-arheologisko-prieksmetu-restauracijai-16-vienibas\/#breadcrumb\"},\"inLanguage\":\"lv-LV\",\"potentialAction\":[{\"@type\":\"ReadAction\",\"target\":[\"https:\/\/funclean.eu\/lv\/product\/instrumentu-komplekts-profesionalai-monetu-un-arheologisko-prieksmetu-restauracijai-16-vienibas\/\"]}]},{\"@type\":\"ImageObject\",\"inLanguage\":\"lv-LV\",\"@id\":\"https:\/\/funclean.eu\/lv\/product\/instrumentu-komplekts-profesionalai-monetu-un-arheologisko-prieksmetu-restauracijai-16-vienibas\/#primaryimage\",\"url\":\"https:\/\/funclean.eu\/wp-content\/uploads\/2025\/02\/S2-1.jpg\",\"contentUrl\":\"https:\/\/funclean.eu\/wp-content\/uploads\/2025\/02\/S2-1.jpg\",\"width\":2252,\"height\":2252},{\"@type\":\"BreadcrumbList\",\"@id\":\"https:\/\/funclean.eu\/lv\/product\/instrumentu-komplekts-profesionalai-monetu-un-arheologisko-prieksmetu-restauracijai-16-vienibas\/#breadcrumb\",\"itemListElement\":[{\"@type\":\"ListItem\",\"position\":1,\"name\":\"\u0413\u043b\u0430\u0432\u043d\u0430\u044f \u0441\u0442\u0440\u0430\u043d\u0438\u0446\u0430\",\"item\":\"https:\/\/funclean.eu\/lt\/\"},{\"@type\":\"ListItem\",\"position\":2,\"name\":\"\u041a\u0430\u0442\u0430\u043b\u043e\u0433\",\"item\":\"https:\/\/funclean.eu\/shop\/\"},{\"@type\":\"ListItem\",\"position\":3,\"name\":\"Instrumentu komplekts profesion\u0101lai mon\u0113tu un arheolo\u0123isko priek\u0161metu restaur\u0101cijai. (16 vien\u012bbas)\"}]},{\"@type\":\"WebSite\",\"@id\":\"https:\/\/funclean.eu\/#website\",\"url\":\"https:\/\/funclean.eu\/\",\"name\":\"FUNCLEAN.EU\",\"description\":\"\u041e\u0447\u0438\u0441\u0442\u043a\u0430 \u0438 \u0445\u0440\u0430\u043d\u0435\u043d\u0438\u0435 \u043c\u043e\u043d\u0435\u0442. \u041a\u0430\u043a \u0447\u0438\u0441\u0442\u0438\u0442\u044c \u043c\u043e\u043d\u0435\u0442\u044b \u0438 \u043d\u0430\u0445\u043e\u0434\u043a\u0438.\",\"potentialAction\":[{\"@type\":\"SearchAction\",\"target\":{\"@type\":\"EntryPoint\",\"urlTemplate\":\"https:\/\/funclean.eu\/?s={search_term_string}\"},\"query-input\":{\"@type\":\"PropertyValueSpecification\",\"valueRequired\":true,\"valueName\":\"search_term_string\"}}],\"inLanguage\":\"lv-LV\"}]}<\/script>\n<!-- \/ Yoast SEO plugin. -->","yoast_head_json":{"title":"Instrumentu komplekts profesion\u0101lai mon\u0113tu un arheolo\u0123isko priek\u0161metu restaur\u0101cijai. (16 vien\u012bbas) - Funclean","robots":{"index":"index","follow":"follow","max-snippet":"max-snippet:-1","max-image-preview":"max-image-preview:large","max-video-preview":"max-video-preview:-1"},"canonical":"https:\/\/funclean.eu\/lv\/product\/instrumentu-komplekts-profesionalai-monetu-un-arheologisko-prieksmetu-restauracijai-16-vienibas\/","og_locale":"lv_LV","og_type":"article","og_title":"Instrumentu komplekts profesion\u0101lai mon\u0113tu un arheolo\u0123isko priek\u0161metu restaur\u0101cijai. (16 vien\u012bbas) - Funclean","og_description":"Komplekt\u0101 iek\u013cauts: Skr\u0101pju: Karb\u012bda &#8211; ciet\u0101kie \u0161aberi, ko izmanto lauka s\u0101kotn\u0113jai t\u012br\u012b\u0161anai un l\u012bdzin\u0101\u0161anai. Tr\u012bsst\u016brveida uzasin\u0101tu virsmu. 5 gab. \u0160aberi no cieta sakaus\u0113juma. Ar \u0161iem \u0161aberiem veic rupju z\u012bm\u0113juma t\u012br\u012b\u0161anu, t\u0101 k\u0101 tie ir stipr\u0101ki un nezaud\u0113 savu asumu. Ta\u010du ar \u0161\u0101diem \u0161aberiem nav iesp\u0113jams izveidot perfekti l\u012bdzenu lauku un apstr\u0101d\u0101t s\u012bkas mon\u0113tas z\u012bm\u0113juma deta\u013cas....","og_url":"https:\/\/funclean.eu\/lv\/product\/instrumentu-komplekts-profesionalai-monetu-un-arheologisko-prieksmetu-restauracijai-16-vienibas\/","og_site_name":"Funclean","article_publisher":"https:\/\/www.facebook.com\/groups\/436887375433126\/","article_modified_time":"2025-03-03T19:56:23+00:00","og_image":[{"width":2252,"height":2252,"url":"https:\/\/funclean.eu\/wp-content\/uploads\/2025\/02\/S2-1.jpg","type":"image\/jpeg"}],"twitter_card":"summary_large_image","twitter_misc":{"Est. reading time":"1 minute"},"schema":{"@context":"https:\/\/schema.org","@graph":[{"@type":"WebPage","@id":"https:\/\/funclean.eu\/lv\/product\/instrumentu-komplekts-profesionalai-monetu-un-arheologisko-prieksmetu-restauracijai-16-vienibas\/","url":"https:\/\/funclean.eu\/lv\/product\/instrumentu-komplekts-profesionalai-monetu-un-arheologisko-prieksmetu-restauracijai-16-vienibas\/","name":"Instrumentu komplekts profesion\u0101lai mon\u0113tu un arheolo\u0123isko priek\u0161metu restaur\u0101cijai. (16 vien\u012bbas) - Funclean","isPartOf":{"@id":"https:\/\/funclean.eu\/#website"},"primaryImageOfPage":{"@id":"https:\/\/funclean.eu\/lv\/product\/instrumentu-komplekts-profesionalai-monetu-un-arheologisko-prieksmetu-restauracijai-16-vienibas\/#primaryimage"},"image":{"@id":"https:\/\/funclean.eu\/lv\/product\/instrumentu-komplekts-profesionalai-monetu-un-arheologisko-prieksmetu-restauracijai-16-vienibas\/#primaryimage"},"thumbnailUrl":"https:\/\/funclean.eu\/wp-content\/uploads\/2025\/02\/S2-1.jpg","datePublished":"2025-02-23T19:37:44+00:00","dateModified":"2025-03-03T19:56:23+00:00","breadcrumb":{"@id":"https:\/\/funclean.eu\/lv\/product\/instrumentu-komplekts-profesionalai-monetu-un-arheologisko-prieksmetu-restauracijai-16-vienibas\/#breadcrumb"},"inLanguage":"lv-LV","potentialAction":[{"@type":"ReadAction","target":["https:\/\/funclean.eu\/lv\/product\/instrumentu-komplekts-profesionalai-monetu-un-arheologisko-prieksmetu-restauracijai-16-vienibas\/"]}]},{"@type":"ImageObject","inLanguage":"lv-LV","@id":"https:\/\/funclean.eu\/lv\/product\/instrumentu-komplekts-profesionalai-monetu-un-arheologisko-prieksmetu-restauracijai-16-vienibas\/#primaryimage","url":"https:\/\/funclean.eu\/wp-content\/uploads\/2025\/02\/S2-1.jpg","contentUrl":"https:\/\/funclean.eu\/wp-content\/uploads\/2025\/02\/S2-1.jpg","width":2252,"height":2252},{"@type":"BreadcrumbList","@id":"https:\/\/funclean.eu\/lv\/product\/instrumentu-komplekts-profesionalai-monetu-un-arheologisko-prieksmetu-restauracijai-16-vienibas\/#breadcrumb","itemListElement":[{"@type":"ListItem","position":1,"name":"\u0413\u043b\u0430\u0432\u043d\u0430\u044f \u0441\u0442\u0440\u0430\u043d\u0438\u0446\u0430","item":"https:\/\/funclean.eu\/lt\/"},{"@type":"ListItem","position":2,"name":"\u041a\u0430\u0442\u0430\u043b\u043e\u0433","item":"https:\/\/funclean.eu\/shop\/"},{"@type":"ListItem","position":3,"name":"Instrumentu komplekts profesion\u0101lai mon\u0113tu un arheolo\u0123isko priek\u0161metu restaur\u0101cijai. (16 vien\u012bbas)"}]},{"@type":"WebSite","@id":"https:\/\/funclean.eu\/#website","url":"https:\/\/funclean.eu\/","name":"FUNCLEAN.EU","description":"\u041e\u0447\u0438\u0441\u0442\u043a\u0430 \u0438 \u0445\u0440\u0430\u043d\u0435\u043d\u0438\u0435 \u043c\u043e\u043d\u0435\u0442. \u041a\u0430\u043a \u0447\u0438\u0441\u0442\u0438\u0442\u044c \u043c\u043e\u043d\u0435\u0442\u044b \u0438 \u043d\u0430\u0445\u043e\u0434\u043a\u0438.","potentialAction":[{"@type":"SearchAction","target":{"@type":"EntryPoint","urlTemplate":"https:\/\/funclean.eu\/?s={search_term_string}"},"query-input":{"@type":"PropertyValueSpecification","valueRequired":true,"valueName":"search_term_string"}}],"inLanguage":"lv-LV"}]}},"jetpack_sharing_enabled":true,"_links":{"self":[{"href":"https:\/\/funclean.eu\/lv\/wp-json\/wp\/v2\/product\/6180","targetHints":{"allow":["GET"]}}],"collection":[{"href":"https:\/\/funclean.eu\/lv\/wp-json\/wp\/v2\/product"}],"about":[{"href":"https:\/\/funclean.eu\/lv\/wp-json\/wp\/v2\/types\/product"}],"replies":[{"embeddable":true,"href":"https:\/\/funclean.eu\/lv\/wp-json\/wp\/v2\/comments?post=6180"}],"wp:featuredmedia":[{"embeddable":true,"href":"https:\/\/funclean.eu\/lv\/wp-json\/wp\/v2\/media\/6084"}],"wp:attachment":[{"href":"https:\/\/funclean.eu\/lv\/wp-json\/wp\/v2\/media?parent=6180"}],"wp:term":[{"taxonomy":"product_brand","embeddable":true,"href":"https:\/\/funclean.eu\/lv\/wp-json\/wp\/v2\/product_brand?post=6180"},{"taxonomy":"product_cat","embeddable":true,"href":"https:\/\/funclean.eu\/lv\/wp-json\/wp\/v2\/product_cat?post=6180"},{"taxonomy":"product_tag","embeddable":true,"href":"https:\/\/funclean.eu\/lv\/wp-json\/wp\/v2\/product_tag?post=6180"}],"curies":[{"name":"wp","href":"https:\/\/api.w.org\/{rel}","templated":true}]}}