{"id":6176,"date":"2025-02-23T19:25:57","date_gmt":"2025-02-23T19:25:57","guid":{"rendered":"https:\/\/funclean.eu\/product\/skabenskabe-metala-oksidu-nonemsanas-lidzeklis\/"},"modified":"2026-01-15T08:23:54","modified_gmt":"2026-01-15T08:23:54","slug":"skabenskabe-metala-oksidu-nonemsanas-lidzeklis","status":"publish","type":"product","link":"https:\/\/funclean.eu\/lv\/product\/skabenskabe-metala-oksidu-nonemsanas-lidzeklis\/","title":{"rendered":"Sk\u0101be\u0146sk\u0101be. R\u016bsas no\u0146em\u0161anas l\u012bdzeklis met\u0101lam. 100 g."},"content":{"rendered":"<p>R\u016bsas no\u0146em\u0161anas l\u012bdzeklis met\u0101lam &#8211; Sk\u0101be\u0146sk\u0101be. No\u0146em r\u016bsu no dzelzs, oks\u012bdus no vara un citiem met\u0101liem.<\/p>\n<p><strong>PIELIETO\u0160ANAS VEIDS:<\/strong><\/p>\n<ul>\n<li>atkar\u012bb\u0101 no net\u012br\u012bbas pak\u0101pes sagatavo 5-10% \u0161\u0137\u012bdumu<\/li>\n<li>tur\u0113t izstr\u0101d\u0101jumu sagatavotaj\u0101 \u0161\u0137\u012bdum\u0101 no vair\u0101k\u0101m min\u016bt\u0113m l\u012bdz vair\u0101k\u0101m stund\u0101m, periodiski iz\u0146emt un noskalot ar \u016bdeni.<\/li>\n<li>p\u0113c t\u012br\u012b\u0161anas izstr\u0101d\u0101jumu r\u016bp\u012bgi j\u0101izskalo \u016bden\u012b ar sodu.<\/li>\n<\/ul>\n","protected":false},"excerpt":{"rendered":"<p>R\u016bsas no\u0146em\u0161anas l\u012bdzeklis met\u0101lam &#8211; Sk\u0101be\u0146sk\u0101be. No\u0146em r\u016bsu no dzelzs, oks\u012bdus no vara un citiem met\u0101liem. PIELIETO\u0160ANAS VEIDS: atkar\u012bb\u0101 no net\u012br\u012bbas pak\u0101pes sagatavo 5-10% \u0161\u0137\u012bdumu tur\u0113t izstr\u0101d\u0101jumu sagatavotaj\u0101 \u0161\u0137\u012bdum\u0101 no vair\u0101k\u0101m min\u016bt\u0113m l\u012bdz vair\u0101k\u0101m stund\u0101m, periodiski iz\u0146emt un noskalot ar \u016bdeni. p\u0113c t\u012br\u012b\u0161anas izstr\u0101d\u0101jumu r\u016bp\u012bgi j\u0101izskalo \u016bden\u012b ar sodu.<\/p>\n","protected":false},"featured_media":6171,"comment_status":"open","ping_status":"closed","template":"","meta":{"_kad_post_transparent":"default","_kad_post_title":"","_kad_post_layout":"default","_kad_post_sidebar_id":"","_kad_post_content_style":"default","_kad_post_vertical_padding":"default","_kad_post_feature":"","_kad_post_feature_position":"","_kad_post_header":false,"_kad_post_footer":false},"product_brand":[],"product_cat":[37],"product_tag":[],"class_list":{"0":"post-6176","1":"product","2":"type-product","3":"status-publish","4":"has-post-thumbnail","6":"product_cat-tirisanasmonetas","8":"first","9":"instock","10":"shipping-taxable","11":"purchasable","12":"product-type-simple","13":"entry","14":"content-bg","15":"loop-entry"},"yoast_head":"<!-- This site is optimized with the Yoast SEO plugin v25.8 - https:\/\/yoast.com\/wordpress\/plugins\/seo\/ -->\n<title>Sk\u0101be\u0146sk\u0101be. R\u016bsas no\u0146em\u0161anas l\u012bdzeklis met\u0101lam. 100 g. - Funclean<\/title>\n<meta name=\"robots\" content=\"index, follow, max-snippet:-1, max-image-preview:large, max-video-preview:-1\" \/>\n<link rel=\"canonical\" href=\"https:\/\/funclean.eu\/lv\/product\/skabenskabe-metala-oksidu-nonemsanas-lidzeklis\/\" \/>\n<meta property=\"og:locale\" content=\"lv_LV\" \/>\n<meta property=\"og:type\" content=\"article\" \/>\n<meta property=\"og:title\" content=\"Sk\u0101be\u0146sk\u0101be. R\u016bsas no\u0146em\u0161anas l\u012bdzeklis met\u0101lam. 100 g. - Funclean\" \/>\n<meta property=\"og:description\" content=\"R\u016bsas no\u0146em\u0161anas l\u012bdzeklis met\u0101lam &#8211; Sk\u0101be\u0146sk\u0101be. No\u0146em r\u016bsu no dzelzs, oks\u012bdus no vara un citiem met\u0101liem. PIELIETO\u0160ANAS VEIDS: atkar\u012bb\u0101 no net\u012br\u012bbas pak\u0101pes sagatavo 5-10% \u0161\u0137\u012bdumu tur\u0113t izstr\u0101d\u0101jumu sagatavotaj\u0101 \u0161\u0137\u012bdum\u0101 no vair\u0101k\u0101m min\u016bt\u0113m l\u012bdz vair\u0101k\u0101m stund\u0101m, periodiski iz\u0146emt un noskalot ar \u016bdeni. p\u0113c t\u012br\u012b\u0161anas izstr\u0101d\u0101jumu r\u016bp\u012bgi j\u0101izskalo \u016bden\u012b ar sodu.\" \/>\n<meta property=\"og:url\" content=\"https:\/\/funclean.eu\/lv\/product\/skabenskabe-metala-oksidu-nonemsanas-lidzeklis\/\" \/>\n<meta property=\"og:site_name\" content=\"Funclean\" \/>\n<meta property=\"article:publisher\" content=\"https:\/\/www.facebook.com\/groups\/436887375433126\/\" \/>\n<meta property=\"article:modified_time\" content=\"2026-01-15T08:23:54+00:00\" \/>\n<meta property=\"og:image\" content=\"https:\/\/funclean.eu\/wp-content\/uploads\/2025\/02\/OKS-1.jpg\" \/>\n\t<meta property=\"og:image:width\" content=\"2252\" \/>\n\t<meta property=\"og:image:height\" content=\"2252\" \/>\n\t<meta property=\"og:image:type\" content=\"image\/jpeg\" \/>\n<meta name=\"twitter:card\" content=\"summary_large_image\" \/>\n<meta name=\"twitter:label1\" content=\"Est. reading time\" \/>\n\t<meta name=\"twitter:data1\" content=\"1 minute\" \/>\n<script type=\"application\/ld+json\" class=\"yoast-schema-graph\">{\"@context\":\"https:\/\/schema.org\",\"@graph\":[{\"@type\":\"WebPage\",\"@id\":\"https:\/\/funclean.eu\/lv\/product\/skabenskabe-metala-oksidu-nonemsanas-lidzeklis\/\",\"url\":\"https:\/\/funclean.eu\/lv\/product\/skabenskabe-metala-oksidu-nonemsanas-lidzeklis\/\",\"name\":\"Sk\u0101be\u0146sk\u0101be. R\u016bsas no\u0146em\u0161anas l\u012bdzeklis met\u0101lam. 100 g. - Funclean\",\"isPartOf\":{\"@id\":\"https:\/\/funclean.eu\/#website\"},\"primaryImageOfPage\":{\"@id\":\"https:\/\/funclean.eu\/lv\/product\/skabenskabe-metala-oksidu-nonemsanas-lidzeklis\/#primaryimage\"},\"image\":{\"@id\":\"https:\/\/funclean.eu\/lv\/product\/skabenskabe-metala-oksidu-nonemsanas-lidzeklis\/#primaryimage\"},\"thumbnailUrl\":\"https:\/\/funclean.eu\/wp-content\/uploads\/2025\/02\/OKS-1.jpg\",\"datePublished\":\"2025-02-23T19:25:57+00:00\",\"dateModified\":\"2026-01-15T08:23:54+00:00\",\"breadcrumb\":{\"@id\":\"https:\/\/funclean.eu\/lv\/product\/skabenskabe-metala-oksidu-nonemsanas-lidzeklis\/#breadcrumb\"},\"inLanguage\":\"lv-LV\",\"potentialAction\":[{\"@type\":\"ReadAction\",\"target\":[\"https:\/\/funclean.eu\/lv\/product\/skabenskabe-metala-oksidu-nonemsanas-lidzeklis\/\"]}]},{\"@type\":\"ImageObject\",\"inLanguage\":\"lv-LV\",\"@id\":\"https:\/\/funclean.eu\/lv\/product\/skabenskabe-metala-oksidu-nonemsanas-lidzeklis\/#primaryimage\",\"url\":\"https:\/\/funclean.eu\/wp-content\/uploads\/2025\/02\/OKS-1.jpg\",\"contentUrl\":\"https:\/\/funclean.eu\/wp-content\/uploads\/2025\/02\/OKS-1.jpg\",\"width\":2252,\"height\":2252},{\"@type\":\"BreadcrumbList\",\"@id\":\"https:\/\/funclean.eu\/lv\/product\/skabenskabe-metala-oksidu-nonemsanas-lidzeklis\/#breadcrumb\",\"itemListElement\":[{\"@type\":\"ListItem\",\"position\":1,\"name\":\"\u0413\u043b\u0430\u0432\u043d\u0430\u044f \u0441\u0442\u0440\u0430\u043d\u0438\u0446\u0430\",\"item\":\"https:\/\/funclean.eu\/lt\/\"},{\"@type\":\"ListItem\",\"position\":2,\"name\":\"\u041a\u0430\u0442\u0430\u043b\u043e\u0433\",\"item\":\"https:\/\/funclean.eu\/shop\/\"},{\"@type\":\"ListItem\",\"position\":3,\"name\":\"Sk\u0101be\u0146sk\u0101be. R\u016bsas no\u0146em\u0161anas l\u012bdzeklis met\u0101lam. 100 g.\"}]},{\"@type\":\"WebSite\",\"@id\":\"https:\/\/funclean.eu\/#website\",\"url\":\"https:\/\/funclean.eu\/\",\"name\":\"FUNCLEAN.EU\",\"description\":\"\u041e\u0447\u0438\u0441\u0442\u043a\u0430 \u0438 \u0445\u0440\u0430\u043d\u0435\u043d\u0438\u0435 \u043c\u043e\u043d\u0435\u0442. \u041a\u0430\u043a \u0447\u0438\u0441\u0442\u0438\u0442\u044c \u043c\u043e\u043d\u0435\u0442\u044b \u0438 \u043d\u0430\u0445\u043e\u0434\u043a\u0438.\",\"potentialAction\":[{\"@type\":\"SearchAction\",\"target\":{\"@type\":\"EntryPoint\",\"urlTemplate\":\"https:\/\/funclean.eu\/?s={search_term_string}\"},\"query-input\":{\"@type\":\"PropertyValueSpecification\",\"valueRequired\":true,\"valueName\":\"search_term_string\"}}],\"inLanguage\":\"lv-LV\"}]}<\/script>\n<!-- \/ Yoast SEO plugin. -->","yoast_head_json":{"title":"Sk\u0101be\u0146sk\u0101be. R\u016bsas no\u0146em\u0161anas l\u012bdzeklis met\u0101lam. 100 g. - Funclean","robots":{"index":"index","follow":"follow","max-snippet":"max-snippet:-1","max-image-preview":"max-image-preview:large","max-video-preview":"max-video-preview:-1"},"canonical":"https:\/\/funclean.eu\/lv\/product\/skabenskabe-metala-oksidu-nonemsanas-lidzeklis\/","og_locale":"lv_LV","og_type":"article","og_title":"Sk\u0101be\u0146sk\u0101be. R\u016bsas no\u0146em\u0161anas l\u012bdzeklis met\u0101lam. 100 g. - Funclean","og_description":"R\u016bsas no\u0146em\u0161anas l\u012bdzeklis met\u0101lam &#8211; Sk\u0101be\u0146sk\u0101be. No\u0146em r\u016bsu no dzelzs, oks\u012bdus no vara un citiem met\u0101liem. PIELIETO\u0160ANAS VEIDS: atkar\u012bb\u0101 no net\u012br\u012bbas pak\u0101pes sagatavo 5-10% \u0161\u0137\u012bdumu tur\u0113t izstr\u0101d\u0101jumu sagatavotaj\u0101 \u0161\u0137\u012bdum\u0101 no vair\u0101k\u0101m min\u016bt\u0113m l\u012bdz vair\u0101k\u0101m stund\u0101m, periodiski iz\u0146emt un noskalot ar \u016bdeni. p\u0113c t\u012br\u012b\u0161anas izstr\u0101d\u0101jumu r\u016bp\u012bgi j\u0101izskalo \u016bden\u012b ar sodu.","og_url":"https:\/\/funclean.eu\/lv\/product\/skabenskabe-metala-oksidu-nonemsanas-lidzeklis\/","og_site_name":"Funclean","article_publisher":"https:\/\/www.facebook.com\/groups\/436887375433126\/","article_modified_time":"2026-01-15T08:23:54+00:00","og_image":[{"width":2252,"height":2252,"url":"https:\/\/funclean.eu\/wp-content\/uploads\/2025\/02\/OKS-1.jpg","type":"image\/jpeg"}],"twitter_card":"summary_large_image","twitter_misc":{"Est. reading time":"1 minute"},"schema":{"@context":"https:\/\/schema.org","@graph":[{"@type":"WebPage","@id":"https:\/\/funclean.eu\/lv\/product\/skabenskabe-metala-oksidu-nonemsanas-lidzeklis\/","url":"https:\/\/funclean.eu\/lv\/product\/skabenskabe-metala-oksidu-nonemsanas-lidzeklis\/","name":"Sk\u0101be\u0146sk\u0101be. R\u016bsas no\u0146em\u0161anas l\u012bdzeklis met\u0101lam. 100 g. - Funclean","isPartOf":{"@id":"https:\/\/funclean.eu\/#website"},"primaryImageOfPage":{"@id":"https:\/\/funclean.eu\/lv\/product\/skabenskabe-metala-oksidu-nonemsanas-lidzeklis\/#primaryimage"},"image":{"@id":"https:\/\/funclean.eu\/lv\/product\/skabenskabe-metala-oksidu-nonemsanas-lidzeklis\/#primaryimage"},"thumbnailUrl":"https:\/\/funclean.eu\/wp-content\/uploads\/2025\/02\/OKS-1.jpg","datePublished":"2025-02-23T19:25:57+00:00","dateModified":"2026-01-15T08:23:54+00:00","breadcrumb":{"@id":"https:\/\/funclean.eu\/lv\/product\/skabenskabe-metala-oksidu-nonemsanas-lidzeklis\/#breadcrumb"},"inLanguage":"lv-LV","potentialAction":[{"@type":"ReadAction","target":["https:\/\/funclean.eu\/lv\/product\/skabenskabe-metala-oksidu-nonemsanas-lidzeklis\/"]}]},{"@type":"ImageObject","inLanguage":"lv-LV","@id":"https:\/\/funclean.eu\/lv\/product\/skabenskabe-metala-oksidu-nonemsanas-lidzeklis\/#primaryimage","url":"https:\/\/funclean.eu\/wp-content\/uploads\/2025\/02\/OKS-1.jpg","contentUrl":"https:\/\/funclean.eu\/wp-content\/uploads\/2025\/02\/OKS-1.jpg","width":2252,"height":2252},{"@type":"BreadcrumbList","@id":"https:\/\/funclean.eu\/lv\/product\/skabenskabe-metala-oksidu-nonemsanas-lidzeklis\/#breadcrumb","itemListElement":[{"@type":"ListItem","position":1,"name":"\u0413\u043b\u0430\u0432\u043d\u0430\u044f \u0441\u0442\u0440\u0430\u043d\u0438\u0446\u0430","item":"https:\/\/funclean.eu\/lt\/"},{"@type":"ListItem","position":2,"name":"\u041a\u0430\u0442\u0430\u043b\u043e\u0433","item":"https:\/\/funclean.eu\/shop\/"},{"@type":"ListItem","position":3,"name":"Sk\u0101be\u0146sk\u0101be. R\u016bsas no\u0146em\u0161anas l\u012bdzeklis met\u0101lam. 100 g."}]},{"@type":"WebSite","@id":"https:\/\/funclean.eu\/#website","url":"https:\/\/funclean.eu\/","name":"FUNCLEAN.EU","description":"\u041e\u0447\u0438\u0441\u0442\u043a\u0430 \u0438 \u0445\u0440\u0430\u043d\u0435\u043d\u0438\u0435 \u043c\u043e\u043d\u0435\u0442. \u041a\u0430\u043a \u0447\u0438\u0441\u0442\u0438\u0442\u044c \u043c\u043e\u043d\u0435\u0442\u044b \u0438 \u043d\u0430\u0445\u043e\u0434\u043a\u0438.","potentialAction":[{"@type":"SearchAction","target":{"@type":"EntryPoint","urlTemplate":"https:\/\/funclean.eu\/?s={search_term_string}"},"query-input":{"@type":"PropertyValueSpecification","valueRequired":true,"valueName":"search_term_string"}}],"inLanguage":"lv-LV"}]}},"jetpack_sharing_enabled":true,"_links":{"self":[{"href":"https:\/\/funclean.eu\/lv\/wp-json\/wp\/v2\/product\/6176","targetHints":{"allow":["GET"]}}],"collection":[{"href":"https:\/\/funclean.eu\/lv\/wp-json\/wp\/v2\/product"}],"about":[{"href":"https:\/\/funclean.eu\/lv\/wp-json\/wp\/v2\/types\/product"}],"replies":[{"embeddable":true,"href":"https:\/\/funclean.eu\/lv\/wp-json\/wp\/v2\/comments?post=6176"}],"wp:featuredmedia":[{"embeddable":true,"href":"https:\/\/funclean.eu\/lv\/wp-json\/wp\/v2\/media\/6171"}],"wp:attachment":[{"href":"https:\/\/funclean.eu\/lv\/wp-json\/wp\/v2\/media?parent=6176"}],"wp:term":[{"taxonomy":"product_brand","embeddable":true,"href":"https:\/\/funclean.eu\/lv\/wp-json\/wp\/v2\/product_brand?post=6176"},{"taxonomy":"product_cat","embeddable":true,"href":"https:\/\/funclean.eu\/lv\/wp-json\/wp\/v2\/product_cat?post=6176"},{"taxonomy":"product_tag","embeddable":true,"href":"https:\/\/funclean.eu\/lv\/wp-json\/wp\/v2\/product_tag?post=6176"}],"curies":[{"name":"wp","href":"https:\/\/api.w.org\/{rel}","templated":true}]}}