{"id":6020,"date":"2025-02-22T17:05:07","date_gmt":"2025-02-22T17:05:07","guid":{"rendered":"https:\/\/funclean.eu\/product\/vara-nikela-monetu-tirisanas-lidzeklis-280-ml-misina-birste\/"},"modified":"2026-04-07T17:15:05","modified_gmt":"2026-04-07T17:15:05","slug":"vara-nikela-monetu-tirisanas-lidzeklis-280-ml-misina-birste","status":"publish","type":"product","link":"https:\/\/funclean.eu\/lv\/product\/vara-nikela-monetu-tirisanas-lidzeklis-280-ml-misina-birste\/","title":{"rendered":"Vara-ni\u0137e\u013ca mon\u0113tu t\u012br\u012b\u0161anas l\u012bdzeklis &#8211; 280 ml. + misi\u0146a birste."},"content":{"rendered":"<p>Piem\u0113rots t\u012br\u012b\u0161anai 10,15,20 kapeikas 1931-1957. No\u0146em oks\u012bdus, net\u012brumus, sarkano aplikumu, neboj\u0101jot mon\u0113tu.<\/p>\n<p>DA\u013bU \u0160\u0136\u012aDUMA IELEJIET TVERTN\u0112 UN UZ DA\u017dAM MIN\u016aT\u0112M IEVIETOJIET TAJ\u0100 MON\u0112TU. PEREODISKI APGRIEZIET MON\u0112TU. IZ\u0145EMT UN APSTR\u0100D\u0100T AR MISI\u0145A BIRSTI. PROCED\u016aRU VAR ATK\u0100RTOT L\u012aDZ TIEK SASNIEGTS V\u0112LAMAIS REZULT\u0100TS. NOSL\u0112GUM\u0100 MON\u0112TA IR LABI J\u0100IZSKALO AR \u016aDENI UN J\u0100IZ\u017d\u0100V\u0112.<\/p>\n<div style=\"width: 1080px;\" class=\"wp-video\"><!--[if lt IE 9]><script>document.createElement('video');<\/script><![endif]-->\n<video class=\"wp-video-shortcode\" id=\"video-6020-1\" width=\"1080\" height=\"1920\" preload=\"metadata\" controls=\"controls\"><source type=\"video\/mp4\" src=\"https:\/\/funclean.eu\/wp-content\/uploads\/2025\/02\/\u041d\u043e\u0432\u043e\u0435-\u0441\u0440\u0435\u0434\u0441\u0442\u0432\u043e-\u0434\u043b\u044f-\u0447\u0438\u0441\u0442\u043a\u0438-\u043c\u0435\u0434\u043d\u043e-\u043d\u0438\u043a\u0435\u043b\u0435\u0432\u044b\u0445-\u043c\u043e\u043d\u0435\u0442.mp4?_=1\" \/><a href=\"https:\/\/funclean.eu\/wp-content\/uploads\/2025\/02\/\u041d\u043e\u0432\u043e\u0435-\u0441\u0440\u0435\u0434\u0441\u0442\u0432\u043e-\u0434\u043b\u044f-\u0447\u0438\u0441\u0442\u043a\u0438-\u043c\u0435\u0434\u043d\u043e-\u043d\u0438\u043a\u0435\u043b\u0435\u0432\u044b\u0445-\u043c\u043e\u043d\u0435\u0442.mp4\">https:\/\/funclean.eu\/wp-content\/uploads\/2025\/02\/\u041d\u043e\u0432\u043e\u0435-\u0441\u0440\u0435\u0434\u0441\u0442\u0432\u043e-\u0434\u043b\u044f-\u0447\u0438\u0441\u0442\u043a\u0438-\u043c\u0435\u0434\u043d\u043e-\u043d\u0438\u043a\u0435\u043b\u0435\u0432\u044b\u0445-\u043c\u043e\u043d\u0435\u0442.mp4<\/a><\/video><\/div>\n<p><strong>K\u0101 pareizi t\u012br\u012bt:<\/strong><\/p>\n<span class='mb-center maxbutton-1-center'><span class='maxbutton-1-container mb-container'><a class=\"maxbutton-1 maxbutton maxbutton-kak-patinirovat-smotrite-zdes\" href=\"https:\/\/funclean.eu\/lv\/medno-nikelevye\/\"><span class='mb-text'>LAS\u012aT<\/span><\/a><\/span><\/span>\n","protected":false},"excerpt":{"rendered":"<p>Piem\u0113rots t\u012br\u012b\u0161anai 10, 15, 20 kapeikas 1931-1957. No\u0146em oks\u012bdus, net\u012brumus, sarkano aplikumu, neboj\u0101jot mon\u0113tu.<\/p>\n","protected":false},"featured_media":6005,"comment_status":"open","ping_status":"closed","template":"","meta":{"_kad_post_transparent":"default","_kad_post_title":"","_kad_post_layout":"default","_kad_post_sidebar_id":"","_kad_post_content_style":"default","_kad_post_vertical_padding":"default","_kad_post_feature":"","_kad_post_feature_position":"","_kad_post_header":false,"_kad_post_footer":false},"product_brand":[],"product_cat":[37],"product_tag":[],"class_list":{"0":"post-6020","1":"product","2":"type-product","3":"status-publish","4":"has-post-thumbnail","6":"product_cat-tirisanasmonetas","8":"first","9":"instock","10":"featured","11":"shipping-taxable","12":"purchasable","13":"product-type-simple","14":"entry","15":"content-bg","16":"loop-entry"},"yoast_head":"<!-- This site is optimized with the Yoast SEO plugin v25.8 - https:\/\/yoast.com\/wordpress\/plugins\/seo\/ -->\n<title>Vara-ni\u0137e\u013ca mon\u0113tu t\u012br\u012b\u0161anas l\u012bdzeklis - 280 ml. + misi\u0146a birste. - Funclean<\/title>\n<meta name=\"robots\" content=\"index, follow, max-snippet:-1, max-image-preview:large, max-video-preview:-1\" \/>\n<link rel=\"canonical\" href=\"https:\/\/funclean.eu\/lv\/product\/vara-nikela-monetu-tirisanas-lidzeklis-280-ml-misina-birste\/\" \/>\n<meta property=\"og:locale\" content=\"lv_LV\" \/>\n<meta property=\"og:type\" content=\"article\" \/>\n<meta property=\"og:title\" content=\"Vara-ni\u0137e\u013ca mon\u0113tu t\u012br\u012b\u0161anas l\u012bdzeklis - 280 ml. + misi\u0146a birste. - Funclean\" \/>\n<meta property=\"og:description\" content=\"Piem\u0113rots t\u012br\u012b\u0161anai 10, 15, 20 kapeikas 1931-1957. No\u0146em oks\u012bdus, net\u012brumus, sarkano aplikumu, neboj\u0101jot mon\u0113tu.\" \/>\n<meta property=\"og:url\" content=\"https:\/\/funclean.eu\/lv\/product\/vara-nikela-monetu-tirisanas-lidzeklis-280-ml-misina-birste\/\" \/>\n<meta property=\"og:site_name\" content=\"Funclean\" \/>\n<meta property=\"article:publisher\" content=\"https:\/\/www.facebook.com\/groups\/436887375433126\/\" \/>\n<meta property=\"article:modified_time\" content=\"2026-04-07T17:15:05+00:00\" \/>\n<meta property=\"og:image\" content=\"https:\/\/funclean.eu\/wp-content\/uploads\/2025\/02\/MD-1.jpg\" \/>\n\t<meta property=\"og:image:width\" content=\"2252\" \/>\n\t<meta property=\"og:image:height\" content=\"2252\" \/>\n\t<meta property=\"og:image:type\" content=\"image\/jpeg\" \/>\n<meta name=\"twitter:card\" content=\"summary_large_image\" \/>\n<meta name=\"twitter:label1\" content=\"Est. reading time\" \/>\n\t<meta name=\"twitter:data1\" content=\"1 minute\" \/>\n<script type=\"application\/ld+json\" class=\"yoast-schema-graph\">{\"@context\":\"https:\/\/schema.org\",\"@graph\":[{\"@type\":\"WebPage\",\"@id\":\"https:\/\/funclean.eu\/lv\/product\/vara-nikela-monetu-tirisanas-lidzeklis-280-ml-misina-birste\/\",\"url\":\"https:\/\/funclean.eu\/lv\/product\/vara-nikela-monetu-tirisanas-lidzeklis-280-ml-misina-birste\/\",\"name\":\"Vara-ni\u0137e\u013ca mon\u0113tu t\u012br\u012b\u0161anas l\u012bdzeklis - 280 ml. + misi\u0146a birste. - Funclean\",\"isPartOf\":{\"@id\":\"https:\/\/funclean.eu\/#website\"},\"primaryImageOfPage\":{\"@id\":\"https:\/\/funclean.eu\/lv\/product\/vara-nikela-monetu-tirisanas-lidzeklis-280-ml-misina-birste\/#primaryimage\"},\"image\":{\"@id\":\"https:\/\/funclean.eu\/lv\/product\/vara-nikela-monetu-tirisanas-lidzeklis-280-ml-misina-birste\/#primaryimage\"},\"thumbnailUrl\":\"https:\/\/funclean.eu\/wp-content\/uploads\/2025\/02\/MD-1.jpg\",\"datePublished\":\"2025-02-22T17:05:07+00:00\",\"dateModified\":\"2026-04-07T17:15:05+00:00\",\"breadcrumb\":{\"@id\":\"https:\/\/funclean.eu\/lv\/product\/vara-nikela-monetu-tirisanas-lidzeklis-280-ml-misina-birste\/#breadcrumb\"},\"inLanguage\":\"lv-LV\",\"potentialAction\":[{\"@type\":\"ReadAction\",\"target\":[\"https:\/\/funclean.eu\/lv\/product\/vara-nikela-monetu-tirisanas-lidzeklis-280-ml-misina-birste\/\"]}]},{\"@type\":\"ImageObject\",\"inLanguage\":\"lv-LV\",\"@id\":\"https:\/\/funclean.eu\/lv\/product\/vara-nikela-monetu-tirisanas-lidzeklis-280-ml-misina-birste\/#primaryimage\",\"url\":\"https:\/\/funclean.eu\/wp-content\/uploads\/2025\/02\/MD-1.jpg\",\"contentUrl\":\"https:\/\/funclean.eu\/wp-content\/uploads\/2025\/02\/MD-1.jpg\",\"width\":2252,\"height\":2252},{\"@type\":\"BreadcrumbList\",\"@id\":\"https:\/\/funclean.eu\/lv\/product\/vara-nikela-monetu-tirisanas-lidzeklis-280-ml-misina-birste\/#breadcrumb\",\"itemListElement\":[{\"@type\":\"ListItem\",\"position\":1,\"name\":\"\u0413\u043b\u0430\u0432\u043d\u0430\u044f \u0441\u0442\u0440\u0430\u043d\u0438\u0446\u0430\",\"item\":\"https:\/\/funclean.eu\/lt\/\"},{\"@type\":\"ListItem\",\"position\":2,\"name\":\"\u041a\u0430\u0442\u0430\u043b\u043e\u0433\",\"item\":\"https:\/\/funclean.eu\/shop\/\"},{\"@type\":\"ListItem\",\"position\":3,\"name\":\"Vara-ni\u0137e\u013ca mon\u0113tu t\u012br\u012b\u0161anas l\u012bdzeklis &#8211; 280 ml. + misi\u0146a birste.\"}]},{\"@type\":\"WebSite\",\"@id\":\"https:\/\/funclean.eu\/#website\",\"url\":\"https:\/\/funclean.eu\/\",\"name\":\"FUNCLEAN.EU\",\"description\":\"\u041e\u0447\u0438\u0441\u0442\u043a\u0430 \u0438 \u0445\u0440\u0430\u043d\u0435\u043d\u0438\u0435 \u043c\u043e\u043d\u0435\u0442. \u041a\u0430\u043a \u0447\u0438\u0441\u0442\u0438\u0442\u044c \u043c\u043e\u043d\u0435\u0442\u044b \u0438 \u043d\u0430\u0445\u043e\u0434\u043a\u0438.\",\"potentialAction\":[{\"@type\":\"SearchAction\",\"target\":{\"@type\":\"EntryPoint\",\"urlTemplate\":\"https:\/\/funclean.eu\/?s={search_term_string}\"},\"query-input\":{\"@type\":\"PropertyValueSpecification\",\"valueRequired\":true,\"valueName\":\"search_term_string\"}}],\"inLanguage\":\"lv-LV\"}]}<\/script>\n<!-- \/ Yoast SEO plugin. -->","yoast_head_json":{"title":"Vara-ni\u0137e\u013ca mon\u0113tu t\u012br\u012b\u0161anas l\u012bdzeklis - 280 ml. + misi\u0146a birste. - Funclean","robots":{"index":"index","follow":"follow","max-snippet":"max-snippet:-1","max-image-preview":"max-image-preview:large","max-video-preview":"max-video-preview:-1"},"canonical":"https:\/\/funclean.eu\/lv\/product\/vara-nikela-monetu-tirisanas-lidzeklis-280-ml-misina-birste\/","og_locale":"lv_LV","og_type":"article","og_title":"Vara-ni\u0137e\u013ca mon\u0113tu t\u012br\u012b\u0161anas l\u012bdzeklis - 280 ml. + misi\u0146a birste. - Funclean","og_description":"Piem\u0113rots t\u012br\u012b\u0161anai 10, 15, 20 kapeikas 1931-1957. No\u0146em oks\u012bdus, net\u012brumus, sarkano aplikumu, neboj\u0101jot mon\u0113tu.","og_url":"https:\/\/funclean.eu\/lv\/product\/vara-nikela-monetu-tirisanas-lidzeklis-280-ml-misina-birste\/","og_site_name":"Funclean","article_publisher":"https:\/\/www.facebook.com\/groups\/436887375433126\/","article_modified_time":"2026-04-07T17:15:05+00:00","og_image":[{"width":2252,"height":2252,"url":"https:\/\/funclean.eu\/wp-content\/uploads\/2025\/02\/MD-1.jpg","type":"image\/jpeg"}],"twitter_card":"summary_large_image","twitter_misc":{"Est. reading time":"1 minute"},"schema":{"@context":"https:\/\/schema.org","@graph":[{"@type":"WebPage","@id":"https:\/\/funclean.eu\/lv\/product\/vara-nikela-monetu-tirisanas-lidzeklis-280-ml-misina-birste\/","url":"https:\/\/funclean.eu\/lv\/product\/vara-nikela-monetu-tirisanas-lidzeklis-280-ml-misina-birste\/","name":"Vara-ni\u0137e\u013ca mon\u0113tu t\u012br\u012b\u0161anas l\u012bdzeklis - 280 ml. + misi\u0146a birste. - Funclean","isPartOf":{"@id":"https:\/\/funclean.eu\/#website"},"primaryImageOfPage":{"@id":"https:\/\/funclean.eu\/lv\/product\/vara-nikela-monetu-tirisanas-lidzeklis-280-ml-misina-birste\/#primaryimage"},"image":{"@id":"https:\/\/funclean.eu\/lv\/product\/vara-nikela-monetu-tirisanas-lidzeklis-280-ml-misina-birste\/#primaryimage"},"thumbnailUrl":"https:\/\/funclean.eu\/wp-content\/uploads\/2025\/02\/MD-1.jpg","datePublished":"2025-02-22T17:05:07+00:00","dateModified":"2026-04-07T17:15:05+00:00","breadcrumb":{"@id":"https:\/\/funclean.eu\/lv\/product\/vara-nikela-monetu-tirisanas-lidzeklis-280-ml-misina-birste\/#breadcrumb"},"inLanguage":"lv-LV","potentialAction":[{"@type":"ReadAction","target":["https:\/\/funclean.eu\/lv\/product\/vara-nikela-monetu-tirisanas-lidzeklis-280-ml-misina-birste\/"]}]},{"@type":"ImageObject","inLanguage":"lv-LV","@id":"https:\/\/funclean.eu\/lv\/product\/vara-nikela-monetu-tirisanas-lidzeklis-280-ml-misina-birste\/#primaryimage","url":"https:\/\/funclean.eu\/wp-content\/uploads\/2025\/02\/MD-1.jpg","contentUrl":"https:\/\/funclean.eu\/wp-content\/uploads\/2025\/02\/MD-1.jpg","width":2252,"height":2252},{"@type":"BreadcrumbList","@id":"https:\/\/funclean.eu\/lv\/product\/vara-nikela-monetu-tirisanas-lidzeklis-280-ml-misina-birste\/#breadcrumb","itemListElement":[{"@type":"ListItem","position":1,"name":"\u0413\u043b\u0430\u0432\u043d\u0430\u044f \u0441\u0442\u0440\u0430\u043d\u0438\u0446\u0430","item":"https:\/\/funclean.eu\/lt\/"},{"@type":"ListItem","position":2,"name":"\u041a\u0430\u0442\u0430\u043b\u043e\u0433","item":"https:\/\/funclean.eu\/shop\/"},{"@type":"ListItem","position":3,"name":"Vara-ni\u0137e\u013ca mon\u0113tu t\u012br\u012b\u0161anas l\u012bdzeklis &#8211; 280 ml. + misi\u0146a birste."}]},{"@type":"WebSite","@id":"https:\/\/funclean.eu\/#website","url":"https:\/\/funclean.eu\/","name":"FUNCLEAN.EU","description":"\u041e\u0447\u0438\u0441\u0442\u043a\u0430 \u0438 \u0445\u0440\u0430\u043d\u0435\u043d\u0438\u0435 \u043c\u043e\u043d\u0435\u0442. \u041a\u0430\u043a \u0447\u0438\u0441\u0442\u0438\u0442\u044c \u043c\u043e\u043d\u0435\u0442\u044b \u0438 \u043d\u0430\u0445\u043e\u0434\u043a\u0438.","potentialAction":[{"@type":"SearchAction","target":{"@type":"EntryPoint","urlTemplate":"https:\/\/funclean.eu\/?s={search_term_string}"},"query-input":{"@type":"PropertyValueSpecification","valueRequired":true,"valueName":"search_term_string"}}],"inLanguage":"lv-LV"}]}},"jetpack_sharing_enabled":true,"_links":{"self":[{"href":"https:\/\/funclean.eu\/lv\/wp-json\/wp\/v2\/product\/6020","targetHints":{"allow":["GET"]}}],"collection":[{"href":"https:\/\/funclean.eu\/lv\/wp-json\/wp\/v2\/product"}],"about":[{"href":"https:\/\/funclean.eu\/lv\/wp-json\/wp\/v2\/types\/product"}],"replies":[{"embeddable":true,"href":"https:\/\/funclean.eu\/lv\/wp-json\/wp\/v2\/comments?post=6020"}],"wp:featuredmedia":[{"embeddable":true,"href":"https:\/\/funclean.eu\/lv\/wp-json\/wp\/v2\/media\/6005"}],"wp:attachment":[{"href":"https:\/\/funclean.eu\/lv\/wp-json\/wp\/v2\/media?parent=6020"}],"wp:term":[{"taxonomy":"product_brand","embeddable":true,"href":"https:\/\/funclean.eu\/lv\/wp-json\/wp\/v2\/product_brand?post=6020"},{"taxonomy":"product_cat","embeddable":true,"href":"https:\/\/funclean.eu\/lv\/wp-json\/wp\/v2\/product_cat?post=6020"},{"taxonomy":"product_tag","embeddable":true,"href":"https:\/\/funclean.eu\/lv\/wp-json\/wp\/v2\/product_tag?post=6020"}],"curies":[{"name":"wp","href":"https:\/\/api.w.org\/{rel}","templated":true}]}}