{"id":5886,"date":"2025-02-05T13:35:06","date_gmt":"2025-02-05T13:35:06","guid":{"rendered":"https:\/\/funclean.eu\/product\/stikla-skiedras-zimuli-monetu-tirisanai-un-pulesanai\/"},"modified":"2025-03-04T21:24:17","modified_gmt":"2025-03-04T21:24:17","slug":"stikla-skiedras-zimuli-monetu-tirisanai-un-pulesanai","status":"publish","type":"product","link":"https:\/\/funclean.eu\/lv\/product\/stikla-skiedras-zimuli-monetu-tirisanai-un-pulesanai\/","title":{"rendered":"Stikla \u0161\u0137iedras z\u012bmu\u013ci mon\u0113tu t\u012br\u012b\u0161anai un pul\u0113\u0161anai."},"content":{"rendered":"<p>Stikla \u0161\u0137iedras z\u012bmu\u013ci mon\u0113tu t\u012br\u012b\u0161anai un pul\u0113\u0161anai.<\/p>\n<p>Daudzi numism\u0101ti mon\u0113tu t\u012br\u012b\u0161anai izmanto z\u012bmu\u013cus no stikla \u0161\u0137iedras.<\/p>\n<ul>\n<li>Ar \u0161\u0101d\u0101m birst\u0113m var labi not\u012br\u012bt dr\u016bpo\u0161us oks\u012bdus, iestr\u0113gu\u0161us putek\u013cus un net\u012brumus no mon\u0113t\u0101m.<\/li>\n<li>Ar birsti var pul\u0113t pat\u012bnu un no \u0146emt s\u012bkus skr\u0101p\u0113jumus uz mon\u0113tas virsmas.<\/li>\n<li><strong>PIELIETOJUMS: <\/strong><\/li>\n<li>IZMANTOJIET CIMUS UN RESPIRATORU. AP DEDZIET Z\u012aMU\u013bA GALU (3\u20135\u00a0MM) UZ LIESMAS (S\u0112RKOCI\u0145\u0160, \u0160\u0136ILTAVA) UN TO SAM\u012aCIET, L\u012aDZ IEG\u016aSIET M\u012aKSTU STIKLA \u0160\u0136IEDRAS SARUS. Z\u012aMULIS GATAVS IZMANTO\u0160ANAI. NOLIETOJU\u0160OS SARUS VAR NOGRIEZT UN ATKAL APDEDZIN\u0100T Z\u012aMU\u013bA GALU, LAI ATJAUNOTU TO.<\/li>\n<\/ul>\n","protected":false},"excerpt":{"rendered":"<p>Stikla \u0161\u0137iedras z\u012bmu\u013ci mon\u0113tu t\u012br\u012b\u0161anai un pul\u0113\u0161anai. Daudzi numism\u0101ti mon\u0113tu t\u012br\u012b\u0161anai izmanto z\u012bmu\u013cus no stikla \u0161\u0137iedras. Ar \u0161\u0101d\u0101m birst\u0113m var labi not\u012br\u012bt dr\u016bpo\u0161us oks\u012bdus, iestr\u0113gu\u0161us putek\u013cus un net\u012brumus no mon\u0113t\u0101m. Ar birsti var pul\u0113t pat\u012bnu un no \u0146emt s\u012bkus skr\u0101p\u0113jumus uz mon\u0113tas virsmas. PIELIETOJUMS: IZMANTOJIET CIMUS UN RESPIRATORU. AP DEDZIET Z\u012aMU\u013bA GALU (3\u20135\u00a0MM) UZ LIESMAS&#8230;<\/p>\n","protected":false},"featured_media":5872,"comment_status":"closed","ping_status":"closed","template":"","meta":{"_kad_post_transparent":"default","_kad_post_title":"","_kad_post_layout":"default","_kad_post_sidebar_id":"","_kad_post_content_style":"default","_kad_post_vertical_padding":"default","_kad_post_feature":"","_kad_post_feature_position":"","_kad_post_header":false,"_kad_post_footer":false},"product_brand":[],"product_cat":[37],"product_tag":[],"class_list":{"0":"post-5886","1":"product","2":"type-product","3":"status-publish","4":"has-post-thumbnail","6":"product_cat-tirisanasmonetas","8":"first","9":"instock","10":"featured","11":"shipping-taxable","12":"purchasable","13":"product-type-simple","14":"entry","15":"content-bg","16":"loop-entry"},"yoast_head":"<!-- This site is optimized with the Yoast SEO plugin v25.8 - https:\/\/yoast.com\/wordpress\/plugins\/seo\/ -->\n<title>Stikla \u0161\u0137iedras z\u012bmu\u013ci mon\u0113tu t\u012br\u012b\u0161anai un pul\u0113\u0161anai. - Funclean<\/title>\n<meta name=\"robots\" content=\"index, follow, max-snippet:-1, max-image-preview:large, max-video-preview:-1\" \/>\n<link rel=\"canonical\" href=\"https:\/\/funclean.eu\/lv\/product\/stikla-skiedras-zimuli-monetu-tirisanai-un-pulesanai\/\" \/>\n<meta property=\"og:locale\" content=\"lv_LV\" \/>\n<meta property=\"og:type\" content=\"article\" \/>\n<meta property=\"og:title\" content=\"Stikla \u0161\u0137iedras z\u012bmu\u013ci mon\u0113tu t\u012br\u012b\u0161anai un pul\u0113\u0161anai. - Funclean\" \/>\n<meta property=\"og:description\" content=\"Stikla \u0161\u0137iedras z\u012bmu\u013ci mon\u0113tu t\u012br\u012b\u0161anai un pul\u0113\u0161anai. Daudzi numism\u0101ti mon\u0113tu t\u012br\u012b\u0161anai izmanto z\u012bmu\u013cus no stikla \u0161\u0137iedras. Ar \u0161\u0101d\u0101m birst\u0113m var labi not\u012br\u012bt dr\u016bpo\u0161us oks\u012bdus, iestr\u0113gu\u0161us putek\u013cus un net\u012brumus no mon\u0113t\u0101m. Ar birsti var pul\u0113t pat\u012bnu un no \u0146emt s\u012bkus skr\u0101p\u0113jumus uz mon\u0113tas virsmas. PIELIETOJUMS: IZMANTOJIET CIMUS UN RESPIRATORU. AP DEDZIET Z\u012aMU\u013bA GALU (3\u20135\u00a0MM) UZ LIESMAS...\" \/>\n<meta property=\"og:url\" content=\"https:\/\/funclean.eu\/lv\/product\/stikla-skiedras-zimuli-monetu-tirisanai-un-pulesanai\/\" \/>\n<meta property=\"og:site_name\" content=\"Funclean\" \/>\n<meta property=\"article:publisher\" content=\"https:\/\/www.facebook.com\/groups\/436887375433126\/\" \/>\n<meta property=\"article:modified_time\" content=\"2025-03-04T21:24:17+00:00\" \/>\n<meta property=\"og:image\" content=\"https:\/\/funclean.eu\/wp-content\/uploads\/2025\/02\/piest-1-1.jpg\" \/>\n\t<meta property=\"og:image:width\" content=\"2252\" \/>\n\t<meta property=\"og:image:height\" content=\"2252\" \/>\n\t<meta property=\"og:image:type\" content=\"image\/jpeg\" \/>\n<meta name=\"twitter:card\" content=\"summary_large_image\" \/>\n<meta name=\"twitter:label1\" content=\"Est. reading time\" \/>\n\t<meta name=\"twitter:data1\" content=\"1 minute\" \/>\n<script type=\"application\/ld+json\" class=\"yoast-schema-graph\">{\"@context\":\"https:\/\/schema.org\",\"@graph\":[{\"@type\":\"WebPage\",\"@id\":\"https:\/\/funclean.eu\/lv\/product\/stikla-skiedras-zimuli-monetu-tirisanai-un-pulesanai\/\",\"url\":\"https:\/\/funclean.eu\/lv\/product\/stikla-skiedras-zimuli-monetu-tirisanai-un-pulesanai\/\",\"name\":\"Stikla \u0161\u0137iedras z\u012bmu\u013ci mon\u0113tu t\u012br\u012b\u0161anai un pul\u0113\u0161anai. - Funclean\",\"isPartOf\":{\"@id\":\"https:\/\/funclean.eu\/#website\"},\"primaryImageOfPage\":{\"@id\":\"https:\/\/funclean.eu\/lv\/product\/stikla-skiedras-zimuli-monetu-tirisanai-un-pulesanai\/#primaryimage\"},\"image\":{\"@id\":\"https:\/\/funclean.eu\/lv\/product\/stikla-skiedras-zimuli-monetu-tirisanai-un-pulesanai\/#primaryimage\"},\"thumbnailUrl\":\"https:\/\/funclean.eu\/wp-content\/uploads\/2025\/02\/piest-1-1.jpg\",\"datePublished\":\"2025-02-05T13:35:06+00:00\",\"dateModified\":\"2025-03-04T21:24:17+00:00\",\"breadcrumb\":{\"@id\":\"https:\/\/funclean.eu\/lv\/product\/stikla-skiedras-zimuli-monetu-tirisanai-un-pulesanai\/#breadcrumb\"},\"inLanguage\":\"lv-LV\",\"potentialAction\":[{\"@type\":\"ReadAction\",\"target\":[\"https:\/\/funclean.eu\/lv\/product\/stikla-skiedras-zimuli-monetu-tirisanai-un-pulesanai\/\"]}]},{\"@type\":\"ImageObject\",\"inLanguage\":\"lv-LV\",\"@id\":\"https:\/\/funclean.eu\/lv\/product\/stikla-skiedras-zimuli-monetu-tirisanai-un-pulesanai\/#primaryimage\",\"url\":\"https:\/\/funclean.eu\/wp-content\/uploads\/2025\/02\/piest-1-1.jpg\",\"contentUrl\":\"https:\/\/funclean.eu\/wp-content\/uploads\/2025\/02\/piest-1-1.jpg\",\"width\":2252,\"height\":2252,\"caption\":\"STIKLO PLUO\u0160TO PIE\u0160TUKAI VALYMUI UN POLIRAVIMUI\"},{\"@type\":\"BreadcrumbList\",\"@id\":\"https:\/\/funclean.eu\/lv\/product\/stikla-skiedras-zimuli-monetu-tirisanai-un-pulesanai\/#breadcrumb\",\"itemListElement\":[{\"@type\":\"ListItem\",\"position\":1,\"name\":\"\u0413\u043b\u0430\u0432\u043d\u0430\u044f \u0441\u0442\u0440\u0430\u043d\u0438\u0446\u0430\",\"item\":\"https:\/\/funclean.eu\/lt\/\"},{\"@type\":\"ListItem\",\"position\":2,\"name\":\"\u041a\u0430\u0442\u0430\u043b\u043e\u0433\",\"item\":\"https:\/\/funclean.eu\/shop\/\"},{\"@type\":\"ListItem\",\"position\":3,\"name\":\"Stikla \u0161\u0137iedras z\u012bmu\u013ci mon\u0113tu t\u012br\u012b\u0161anai un pul\u0113\u0161anai.\"}]},{\"@type\":\"WebSite\",\"@id\":\"https:\/\/funclean.eu\/#website\",\"url\":\"https:\/\/funclean.eu\/\",\"name\":\"FUNCLEAN.EU\",\"description\":\"\u041e\u0447\u0438\u0441\u0442\u043a\u0430 \u0438 \u0445\u0440\u0430\u043d\u0435\u043d\u0438\u0435 \u043c\u043e\u043d\u0435\u0442. \u041a\u0430\u043a \u0447\u0438\u0441\u0442\u0438\u0442\u044c \u043c\u043e\u043d\u0435\u0442\u044b \u0438 \u043d\u0430\u0445\u043e\u0434\u043a\u0438.\",\"potentialAction\":[{\"@type\":\"SearchAction\",\"target\":{\"@type\":\"EntryPoint\",\"urlTemplate\":\"https:\/\/funclean.eu\/?s={search_term_string}\"},\"query-input\":{\"@type\":\"PropertyValueSpecification\",\"valueRequired\":true,\"valueName\":\"search_term_string\"}}],\"inLanguage\":\"lv-LV\"}]}<\/script>\n<!-- \/ Yoast SEO plugin. -->","yoast_head_json":{"title":"Stikla \u0161\u0137iedras z\u012bmu\u013ci mon\u0113tu t\u012br\u012b\u0161anai un pul\u0113\u0161anai. - Funclean","robots":{"index":"index","follow":"follow","max-snippet":"max-snippet:-1","max-image-preview":"max-image-preview:large","max-video-preview":"max-video-preview:-1"},"canonical":"https:\/\/funclean.eu\/lv\/product\/stikla-skiedras-zimuli-monetu-tirisanai-un-pulesanai\/","og_locale":"lv_LV","og_type":"article","og_title":"Stikla \u0161\u0137iedras z\u012bmu\u013ci mon\u0113tu t\u012br\u012b\u0161anai un pul\u0113\u0161anai. - Funclean","og_description":"Stikla \u0161\u0137iedras z\u012bmu\u013ci mon\u0113tu t\u012br\u012b\u0161anai un pul\u0113\u0161anai. Daudzi numism\u0101ti mon\u0113tu t\u012br\u012b\u0161anai izmanto z\u012bmu\u013cus no stikla \u0161\u0137iedras. Ar \u0161\u0101d\u0101m birst\u0113m var labi not\u012br\u012bt dr\u016bpo\u0161us oks\u012bdus, iestr\u0113gu\u0161us putek\u013cus un net\u012brumus no mon\u0113t\u0101m. Ar birsti var pul\u0113t pat\u012bnu un no \u0146emt s\u012bkus skr\u0101p\u0113jumus uz mon\u0113tas virsmas. PIELIETOJUMS: IZMANTOJIET CIMUS UN RESPIRATORU. AP DEDZIET Z\u012aMU\u013bA GALU (3\u20135\u00a0MM) UZ LIESMAS...","og_url":"https:\/\/funclean.eu\/lv\/product\/stikla-skiedras-zimuli-monetu-tirisanai-un-pulesanai\/","og_site_name":"Funclean","article_publisher":"https:\/\/www.facebook.com\/groups\/436887375433126\/","article_modified_time":"2025-03-04T21:24:17+00:00","og_image":[{"width":2252,"height":2252,"url":"https:\/\/funclean.eu\/wp-content\/uploads\/2025\/02\/piest-1-1.jpg","type":"image\/jpeg"}],"twitter_card":"summary_large_image","twitter_misc":{"Est. reading time":"1 minute"},"schema":{"@context":"https:\/\/schema.org","@graph":[{"@type":"WebPage","@id":"https:\/\/funclean.eu\/lv\/product\/stikla-skiedras-zimuli-monetu-tirisanai-un-pulesanai\/","url":"https:\/\/funclean.eu\/lv\/product\/stikla-skiedras-zimuli-monetu-tirisanai-un-pulesanai\/","name":"Stikla \u0161\u0137iedras z\u012bmu\u013ci mon\u0113tu t\u012br\u012b\u0161anai un pul\u0113\u0161anai. - Funclean","isPartOf":{"@id":"https:\/\/funclean.eu\/#website"},"primaryImageOfPage":{"@id":"https:\/\/funclean.eu\/lv\/product\/stikla-skiedras-zimuli-monetu-tirisanai-un-pulesanai\/#primaryimage"},"image":{"@id":"https:\/\/funclean.eu\/lv\/product\/stikla-skiedras-zimuli-monetu-tirisanai-un-pulesanai\/#primaryimage"},"thumbnailUrl":"https:\/\/funclean.eu\/wp-content\/uploads\/2025\/02\/piest-1-1.jpg","datePublished":"2025-02-05T13:35:06+00:00","dateModified":"2025-03-04T21:24:17+00:00","breadcrumb":{"@id":"https:\/\/funclean.eu\/lv\/product\/stikla-skiedras-zimuli-monetu-tirisanai-un-pulesanai\/#breadcrumb"},"inLanguage":"lv-LV","potentialAction":[{"@type":"ReadAction","target":["https:\/\/funclean.eu\/lv\/product\/stikla-skiedras-zimuli-monetu-tirisanai-un-pulesanai\/"]}]},{"@type":"ImageObject","inLanguage":"lv-LV","@id":"https:\/\/funclean.eu\/lv\/product\/stikla-skiedras-zimuli-monetu-tirisanai-un-pulesanai\/#primaryimage","url":"https:\/\/funclean.eu\/wp-content\/uploads\/2025\/02\/piest-1-1.jpg","contentUrl":"https:\/\/funclean.eu\/wp-content\/uploads\/2025\/02\/piest-1-1.jpg","width":2252,"height":2252,"caption":"STIKLO PLUO\u0160TO PIE\u0160TUKAI VALYMUI UN POLIRAVIMUI"},{"@type":"BreadcrumbList","@id":"https:\/\/funclean.eu\/lv\/product\/stikla-skiedras-zimuli-monetu-tirisanai-un-pulesanai\/#breadcrumb","itemListElement":[{"@type":"ListItem","position":1,"name":"\u0413\u043b\u0430\u0432\u043d\u0430\u044f \u0441\u0442\u0440\u0430\u043d\u0438\u0446\u0430","item":"https:\/\/funclean.eu\/lt\/"},{"@type":"ListItem","position":2,"name":"\u041a\u0430\u0442\u0430\u043b\u043e\u0433","item":"https:\/\/funclean.eu\/shop\/"},{"@type":"ListItem","position":3,"name":"Stikla \u0161\u0137iedras z\u012bmu\u013ci mon\u0113tu t\u012br\u012b\u0161anai un pul\u0113\u0161anai."}]},{"@type":"WebSite","@id":"https:\/\/funclean.eu\/#website","url":"https:\/\/funclean.eu\/","name":"FUNCLEAN.EU","description":"\u041e\u0447\u0438\u0441\u0442\u043a\u0430 \u0438 \u0445\u0440\u0430\u043d\u0435\u043d\u0438\u0435 \u043c\u043e\u043d\u0435\u0442. \u041a\u0430\u043a \u0447\u0438\u0441\u0442\u0438\u0442\u044c \u043c\u043e\u043d\u0435\u0442\u044b \u0438 \u043d\u0430\u0445\u043e\u0434\u043a\u0438.","potentialAction":[{"@type":"SearchAction","target":{"@type":"EntryPoint","urlTemplate":"https:\/\/funclean.eu\/?s={search_term_string}"},"query-input":{"@type":"PropertyValueSpecification","valueRequired":true,"valueName":"search_term_string"}}],"inLanguage":"lv-LV"}]}},"jetpack_sharing_enabled":true,"_links":{"self":[{"href":"https:\/\/funclean.eu\/lv\/wp-json\/wp\/v2\/product\/5886","targetHints":{"allow":["GET"]}}],"collection":[{"href":"https:\/\/funclean.eu\/lv\/wp-json\/wp\/v2\/product"}],"about":[{"href":"https:\/\/funclean.eu\/lv\/wp-json\/wp\/v2\/types\/product"}],"replies":[{"embeddable":true,"href":"https:\/\/funclean.eu\/lv\/wp-json\/wp\/v2\/comments?post=5886"}],"wp:featuredmedia":[{"embeddable":true,"href":"https:\/\/funclean.eu\/lv\/wp-json\/wp\/v2\/media\/5872"}],"wp:attachment":[{"href":"https:\/\/funclean.eu\/lv\/wp-json\/wp\/v2\/media?parent=5886"}],"wp:term":[{"taxonomy":"product_brand","embeddable":true,"href":"https:\/\/funclean.eu\/lv\/wp-json\/wp\/v2\/product_brand?post=5886"},{"taxonomy":"product_cat","embeddable":true,"href":"https:\/\/funclean.eu\/lv\/wp-json\/wp\/v2\/product_cat?post=5886"},{"taxonomy":"product_tag","embeddable":true,"href":"https:\/\/funclean.eu\/lv\/wp-json\/wp\/v2\/product_tag?post=5886"}],"curies":[{"name":"wp","href":"https:\/\/api.w.org\/{rel}","templated":true}]}}