{"id":5861,"date":"2024-12-19T20:24:18","date_gmt":"2024-12-19T20:24:18","guid":{"rendered":"https:\/\/funclean.eu\/product\/juvelierizstradajumu-elektroniskie-svari-200g-001g\/"},"modified":"2025-07-01T15:16:32","modified_gmt":"2025-07-01T15:16:32","slug":"juvelierizstradajumu-elektroniskie-svari-200g-001g","status":"publish","type":"product","link":"https:\/\/funclean.eu\/lv\/product\/juvelierizstradajumu-elektroniskie-svari-200g-001g\/","title":{"rendered":"Elektroniskie mini kabatas svari, juvelieru, 500g \/ 0.01g"},"content":{"rendered":"<h5><span class=\"moze-tiny\">Specifik\u0101cijas:<\/span><\/h5>\n<ul>\n<li><span class=\"moze-small\">M\u0113rvien\u012bbas: G, OZ, CT, TL, GN<\/span><\/li>\n<li><span class=\"moze-small\">Sv\u0113r\u0161anas diapazons: l\u012bdz 500g<\/span><\/li>\n<li><span class=\"moze-small\">Sv\u0113r\u0161anas precizit\u0101te: l\u012bdz 0,01 gramam<\/span><\/li>\n<li><span class=\"moze-small\">Papildu funkcija: TARE<\/span><\/li>\n<li><span class=\"moze-small\">Autom\u0101tiski atsl\u0113dzas p\u0113c 30s<\/span><\/li>\n<li><span class=\"moze-small\">Baro\u0161anas avots: 2x AAA baterijas (iek\u013cautas komplekt\u0101)<\/span><\/li>\n<li><span class=\"moze-small\">Izm\u0113ri: 12&#215;6,2x2cm<\/span><\/li>\n<li><span class=\"moze-small\">svars: ~ 120g<\/span><\/li>\n<\/ul>\n","protected":false},"excerpt":{"rendered":"<p>Augstas precizit\u0101tes kabatas svari, kas vienm\u0113r b\u016bs Jums l\u012bdzi vajadz\u012bbas gad\u012bjum\u0101, pateicoties to kompaktajam izm\u0113ram.\u00a0Papildus TARE funkcija \u013cauj at\u0146emt iepakojuma svaru sv\u0113r\u0161anas laik\u0101. Izmantojami visur, kur ir nepiecie\u0161ama augsta precizit\u0101te un nelieli m\u0113r\u012bjumi.\u00a0Svariem ir skaidrs, labi saprotams LCD displejs ar apgaismojumu.<\/p>\n","protected":false},"featured_media":5826,"comment_status":"closed","ping_status":"closed","template":"","meta":{"_kad_post_transparent":"default","_kad_post_title":"","_kad_post_layout":"default","_kad_post_sidebar_id":"","_kad_post_content_style":"default","_kad_post_vertical_padding":"default","_kad_post_feature":"","_kad_post_feature_position":"","_kad_post_header":false,"_kad_post_footer":false},"product_brand":[],"product_cat":[60],"product_tag":[],"class_list":{"0":"post-5861","1":"product","2":"type-product","3":"status-publish","4":"has-post-thumbnail","6":"product_cat-monetu-glabasana","8":"first","9":"instock","10":"sale","11":"shipping-taxable","12":"purchasable","13":"product-type-simple","14":"entry","15":"content-bg","16":"loop-entry"},"yoast_head":"<!-- This site is optimized with the Yoast SEO plugin v25.8 - https:\/\/yoast.com\/wordpress\/plugins\/seo\/ -->\n<title>Elektroniskie mini kabatas svari, juvelieru, 500g \/ 0.01g - Funclean<\/title>\n<meta name=\"robots\" content=\"index, follow, max-snippet:-1, max-image-preview:large, max-video-preview:-1\" \/>\n<link rel=\"canonical\" href=\"https:\/\/funclean.eu\/lv\/product\/juvelierizstradajumu-elektroniskie-svari-200g-001g\/\" \/>\n<meta property=\"og:locale\" content=\"lv_LV\" \/>\n<meta property=\"og:type\" content=\"article\" \/>\n<meta property=\"og:title\" content=\"Elektroniskie mini kabatas svari, juvelieru, 500g \/ 0.01g - Funclean\" \/>\n<meta property=\"og:description\" content=\"Augstas precizit\u0101tes kabatas svari, kas vienm\u0113r b\u016bs Jums l\u012bdzi vajadz\u012bbas gad\u012bjum\u0101, pateicoties to kompaktajam izm\u0113ram.\u00a0Papildus TARE funkcija \u013cauj at\u0146emt iepakojuma svaru sv\u0113r\u0161anas laik\u0101. Izmantojami visur, kur ir nepiecie\u0161ama augsta precizit\u0101te un nelieli m\u0113r\u012bjumi.\u00a0Svariem ir skaidrs, labi saprotams LCD displejs ar apgaismojumu.\" \/>\n<meta property=\"og:url\" content=\"https:\/\/funclean.eu\/lv\/product\/juvelierizstradajumu-elektroniskie-svari-200g-001g\/\" \/>\n<meta property=\"og:site_name\" content=\"Funclean\" \/>\n<meta property=\"article:publisher\" content=\"https:\/\/www.facebook.com\/groups\/436887375433126\/\" \/>\n<meta property=\"article:modified_time\" content=\"2025-07-01T15:16:32+00:00\" \/>\n<meta property=\"og:image\" content=\"https:\/\/funclean.eu\/wp-content\/uploads\/2024\/12\/svorstikles1.jpg\" \/>\n\t<meta property=\"og:image:width\" content=\"2252\" \/>\n\t<meta property=\"og:image:height\" content=\"2252\" \/>\n\t<meta property=\"og:image:type\" content=\"image\/jpeg\" \/>\n<meta name=\"twitter:card\" content=\"summary_large_image\" \/>\n<meta name=\"twitter:label1\" content=\"Est. reading time\" \/>\n\t<meta name=\"twitter:data1\" content=\"1 minute\" \/>\n<script type=\"application\/ld+json\" class=\"yoast-schema-graph\">{\"@context\":\"https:\/\/schema.org\",\"@graph\":[{\"@type\":\"WebPage\",\"@id\":\"https:\/\/funclean.eu\/lv\/product\/juvelierizstradajumu-elektroniskie-svari-200g-001g\/\",\"url\":\"https:\/\/funclean.eu\/lv\/product\/juvelierizstradajumu-elektroniskie-svari-200g-001g\/\",\"name\":\"Elektroniskie mini kabatas svari, juvelieru, 500g \/ 0.01g - Funclean\",\"isPartOf\":{\"@id\":\"https:\/\/funclean.eu\/#website\"},\"primaryImageOfPage\":{\"@id\":\"https:\/\/funclean.eu\/lv\/product\/juvelierizstradajumu-elektroniskie-svari-200g-001g\/#primaryimage\"},\"image\":{\"@id\":\"https:\/\/funclean.eu\/lv\/product\/juvelierizstradajumu-elektroniskie-svari-200g-001g\/#primaryimage\"},\"thumbnailUrl\":\"https:\/\/funclean.eu\/wp-content\/uploads\/2024\/12\/svorstikles1.jpg\",\"datePublished\":\"2024-12-19T20:24:18+00:00\",\"dateModified\":\"2025-07-01T15:16:32+00:00\",\"breadcrumb\":{\"@id\":\"https:\/\/funclean.eu\/lv\/product\/juvelierizstradajumu-elektroniskie-svari-200g-001g\/#breadcrumb\"},\"inLanguage\":\"lv-LV\",\"potentialAction\":[{\"@type\":\"ReadAction\",\"target\":[\"https:\/\/funclean.eu\/lv\/product\/juvelierizstradajumu-elektroniskie-svari-200g-001g\/\"]}]},{\"@type\":\"ImageObject\",\"inLanguage\":\"lv-LV\",\"@id\":\"https:\/\/funclean.eu\/lv\/product\/juvelierizstradajumu-elektroniskie-svari-200g-001g\/#primaryimage\",\"url\":\"https:\/\/funclean.eu\/wp-content\/uploads\/2024\/12\/svorstikles1.jpg\",\"contentUrl\":\"https:\/\/funclean.eu\/wp-content\/uploads\/2024\/12\/svorstikles1.jpg\",\"width\":2252,\"height\":2252},{\"@type\":\"BreadcrumbList\",\"@id\":\"https:\/\/funclean.eu\/lv\/product\/juvelierizstradajumu-elektroniskie-svari-200g-001g\/#breadcrumb\",\"itemListElement\":[{\"@type\":\"ListItem\",\"position\":1,\"name\":\"\u0413\u043b\u0430\u0432\u043d\u0430\u044f \u0441\u0442\u0440\u0430\u043d\u0438\u0446\u0430\",\"item\":\"https:\/\/funclean.eu\/lt\/\"},{\"@type\":\"ListItem\",\"position\":2,\"name\":\"\u041a\u0430\u0442\u0430\u043b\u043e\u0433\",\"item\":\"https:\/\/funclean.eu\/shop\/\"},{\"@type\":\"ListItem\",\"position\":3,\"name\":\"Elektroniskie mini kabatas svari, juvelieru, 500g \/ 0.01g\"}]},{\"@type\":\"WebSite\",\"@id\":\"https:\/\/funclean.eu\/#website\",\"url\":\"https:\/\/funclean.eu\/\",\"name\":\"FUNCLEAN.EU\",\"description\":\"\u041e\u0447\u0438\u0441\u0442\u043a\u0430 \u0438 \u0445\u0440\u0430\u043d\u0435\u043d\u0438\u0435 \u043c\u043e\u043d\u0435\u0442. \u041a\u0430\u043a \u0447\u0438\u0441\u0442\u0438\u0442\u044c \u043c\u043e\u043d\u0435\u0442\u044b \u0438 \u043d\u0430\u0445\u043e\u0434\u043a\u0438.\",\"potentialAction\":[{\"@type\":\"SearchAction\",\"target\":{\"@type\":\"EntryPoint\",\"urlTemplate\":\"https:\/\/funclean.eu\/?s={search_term_string}\"},\"query-input\":{\"@type\":\"PropertyValueSpecification\",\"valueRequired\":true,\"valueName\":\"search_term_string\"}}],\"inLanguage\":\"lv-LV\"}]}<\/script>\n<!-- \/ Yoast SEO plugin. -->","yoast_head_json":{"title":"Elektroniskie mini kabatas svari, juvelieru, 500g \/ 0.01g - Funclean","robots":{"index":"index","follow":"follow","max-snippet":"max-snippet:-1","max-image-preview":"max-image-preview:large","max-video-preview":"max-video-preview:-1"},"canonical":"https:\/\/funclean.eu\/lv\/product\/juvelierizstradajumu-elektroniskie-svari-200g-001g\/","og_locale":"lv_LV","og_type":"article","og_title":"Elektroniskie mini kabatas svari, juvelieru, 500g \/ 0.01g - Funclean","og_description":"Augstas precizit\u0101tes kabatas svari, kas vienm\u0113r b\u016bs Jums l\u012bdzi vajadz\u012bbas gad\u012bjum\u0101, pateicoties to kompaktajam izm\u0113ram.\u00a0Papildus TARE funkcija \u013cauj at\u0146emt iepakojuma svaru sv\u0113r\u0161anas laik\u0101. Izmantojami visur, kur ir nepiecie\u0161ama augsta precizit\u0101te un nelieli m\u0113r\u012bjumi.\u00a0Svariem ir skaidrs, labi saprotams LCD displejs ar apgaismojumu.","og_url":"https:\/\/funclean.eu\/lv\/product\/juvelierizstradajumu-elektroniskie-svari-200g-001g\/","og_site_name":"Funclean","article_publisher":"https:\/\/www.facebook.com\/groups\/436887375433126\/","article_modified_time":"2025-07-01T15:16:32+00:00","og_image":[{"width":2252,"height":2252,"url":"https:\/\/funclean.eu\/wp-content\/uploads\/2024\/12\/svorstikles1.jpg","type":"image\/jpeg"}],"twitter_card":"summary_large_image","twitter_misc":{"Est. reading time":"1 minute"},"schema":{"@context":"https:\/\/schema.org","@graph":[{"@type":"WebPage","@id":"https:\/\/funclean.eu\/lv\/product\/juvelierizstradajumu-elektroniskie-svari-200g-001g\/","url":"https:\/\/funclean.eu\/lv\/product\/juvelierizstradajumu-elektroniskie-svari-200g-001g\/","name":"Elektroniskie mini kabatas svari, juvelieru, 500g \/ 0.01g - Funclean","isPartOf":{"@id":"https:\/\/funclean.eu\/#website"},"primaryImageOfPage":{"@id":"https:\/\/funclean.eu\/lv\/product\/juvelierizstradajumu-elektroniskie-svari-200g-001g\/#primaryimage"},"image":{"@id":"https:\/\/funclean.eu\/lv\/product\/juvelierizstradajumu-elektroniskie-svari-200g-001g\/#primaryimage"},"thumbnailUrl":"https:\/\/funclean.eu\/wp-content\/uploads\/2024\/12\/svorstikles1.jpg","datePublished":"2024-12-19T20:24:18+00:00","dateModified":"2025-07-01T15:16:32+00:00","breadcrumb":{"@id":"https:\/\/funclean.eu\/lv\/product\/juvelierizstradajumu-elektroniskie-svari-200g-001g\/#breadcrumb"},"inLanguage":"lv-LV","potentialAction":[{"@type":"ReadAction","target":["https:\/\/funclean.eu\/lv\/product\/juvelierizstradajumu-elektroniskie-svari-200g-001g\/"]}]},{"@type":"ImageObject","inLanguage":"lv-LV","@id":"https:\/\/funclean.eu\/lv\/product\/juvelierizstradajumu-elektroniskie-svari-200g-001g\/#primaryimage","url":"https:\/\/funclean.eu\/wp-content\/uploads\/2024\/12\/svorstikles1.jpg","contentUrl":"https:\/\/funclean.eu\/wp-content\/uploads\/2024\/12\/svorstikles1.jpg","width":2252,"height":2252},{"@type":"BreadcrumbList","@id":"https:\/\/funclean.eu\/lv\/product\/juvelierizstradajumu-elektroniskie-svari-200g-001g\/#breadcrumb","itemListElement":[{"@type":"ListItem","position":1,"name":"\u0413\u043b\u0430\u0432\u043d\u0430\u044f \u0441\u0442\u0440\u0430\u043d\u0438\u0446\u0430","item":"https:\/\/funclean.eu\/lt\/"},{"@type":"ListItem","position":2,"name":"\u041a\u0430\u0442\u0430\u043b\u043e\u0433","item":"https:\/\/funclean.eu\/shop\/"},{"@type":"ListItem","position":3,"name":"Elektroniskie mini kabatas svari, juvelieru, 500g \/ 0.01g"}]},{"@type":"WebSite","@id":"https:\/\/funclean.eu\/#website","url":"https:\/\/funclean.eu\/","name":"FUNCLEAN.EU","description":"\u041e\u0447\u0438\u0441\u0442\u043a\u0430 \u0438 \u0445\u0440\u0430\u043d\u0435\u043d\u0438\u0435 \u043c\u043e\u043d\u0435\u0442. \u041a\u0430\u043a \u0447\u0438\u0441\u0442\u0438\u0442\u044c \u043c\u043e\u043d\u0435\u0442\u044b \u0438 \u043d\u0430\u0445\u043e\u0434\u043a\u0438.","potentialAction":[{"@type":"SearchAction","target":{"@type":"EntryPoint","urlTemplate":"https:\/\/funclean.eu\/?s={search_term_string}"},"query-input":{"@type":"PropertyValueSpecification","valueRequired":true,"valueName":"search_term_string"}}],"inLanguage":"lv-LV"}]}},"jetpack_sharing_enabled":true,"_links":{"self":[{"href":"https:\/\/funclean.eu\/lv\/wp-json\/wp\/v2\/product\/5861","targetHints":{"allow":["GET"]}}],"collection":[{"href":"https:\/\/funclean.eu\/lv\/wp-json\/wp\/v2\/product"}],"about":[{"href":"https:\/\/funclean.eu\/lv\/wp-json\/wp\/v2\/types\/product"}],"replies":[{"embeddable":true,"href":"https:\/\/funclean.eu\/lv\/wp-json\/wp\/v2\/comments?post=5861"}],"wp:featuredmedia":[{"embeddable":true,"href":"https:\/\/funclean.eu\/lv\/wp-json\/wp\/v2\/media\/5826"}],"wp:attachment":[{"href":"https:\/\/funclean.eu\/lv\/wp-json\/wp\/v2\/media?parent=5861"}],"wp:term":[{"taxonomy":"product_brand","embeddable":true,"href":"https:\/\/funclean.eu\/lv\/wp-json\/wp\/v2\/product_brand?post=5861"},{"taxonomy":"product_cat","embeddable":true,"href":"https:\/\/funclean.eu\/lv\/wp-json\/wp\/v2\/product_cat?post=5861"},{"taxonomy":"product_tag","embeddable":true,"href":"https:\/\/funclean.eu\/lv\/wp-json\/wp\/v2\/product_tag?post=5861"}],"curies":[{"name":"wp","href":"https:\/\/api.w.org\/{rel}","templated":true}]}}