{"id":5813,"date":"2024-12-19T19:51:15","date_gmt":"2024-12-19T19:51:15","guid":{"rendered":"https:\/\/funclean.eu\/product\/5813\/"},"modified":"2026-02-20T09:02:16","modified_gmt":"2026-02-20T09:02:16","slug":"5813","status":"publish","type":"product","link":"https:\/\/funclean.eu\/lv\/product\/5813\/","title":{"rendered":"Mon\u0113tu kolekcion\u0113\u0161anas albumi, 250 \u0161\u016bnas, 10 lappuses."},"content":{"rendered":"<p>Mon\u0113tu glab\u0101\u0161anas albums sast\u0101v no 10 lap\u0101m. 5 lappus\u0113s ir 25 x 25 mm \u0161\u016bnas un 5 lappus\u0113s ir 33 x 33 mm \u0161\u016bnas.<\/p>\n<p>Augstas kvalit\u0101tes PU \u0101da, abpus\u0113ji \u0161\u016bta, nekad nesapl\u0113\u0161as, \u012bpa\u0161i zemas temperat\u016bras iztur\u012bga, \u0113rti lietojama, ar diviem skaistiem met\u0101la aizsargst\u016briem.<\/p>\n<p>\u012apa\u0161\u012bbas: <strong> Kr\u0101sa: melna, br\u016bna Gr\u0101matas izm\u0113rs: 215 mm * 172 mm \/ 8,46 * 6,77 collas Lapu specifik\u0101cijas: pa piec\u0101m lap\u0101m lielos un mazos re\u017e\u0123os &#8211; 5x25x25 + 5x33x33 Modelis: 250 gab. Svars: aptuveni 270 g.<\/strong><\/p>\n","protected":false},"excerpt":{"rendered":"<p>Mon\u0113tu glab\u0101\u0161anas albums sast\u0101v no 10 lap\u0101m. 5 lappus\u0113s ir 25 x 25 mm \u0161\u016bnas un 5 lappus\u0113s ir 33 x 33 mm \u0161\u016bnas. Augstas kvalit\u0101tes PU \u0101da, abpus\u0113ji \u0161\u016bta, nekad nesapl\u0113\u0161as, \u012bpa\u0161i zemas temperat\u016bras iztur\u012bga, \u0113rti lietojama, ar diviem skaistiem met\u0101la aizsargst\u016briem. \u012apa\u0161\u012bbas: Kr\u0101sa: melna, br\u016bna Gr\u0101matas izm\u0113rs: 215 mm * 172 mm \/&#8230;<\/p>\n","protected":false},"featured_media":5790,"comment_status":"closed","ping_status":"closed","template":"","meta":{"_kad_post_transparent":"","_kad_post_title":"","_kad_post_layout":"","_kad_post_sidebar_id":"","_kad_post_content_style":"","_kad_post_vertical_padding":"","_kad_post_feature":"","_kad_post_feature_position":"","_kad_post_header":false,"_kad_post_footer":false},"product_brand":[],"product_cat":[60],"product_tag":[],"class_list":{"0":"post-5813","1":"product","2":"type-product","3":"status-publish","4":"has-post-thumbnail","6":"product_cat-monetu-glabasana","8":"first","9":"instock","10":"shipping-taxable","11":"product-type-simple","12":"entry","13":"content-bg","14":"loop-entry"},"yoast_head":"<!-- This site is optimized with the Yoast SEO plugin v25.8 - https:\/\/yoast.com\/wordpress\/plugins\/seo\/ -->\n<title>Mon\u0113tu kolekcion\u0113\u0161anas albumi, 250 \u0161\u016bnas, 10 lappuses. - Funclean<\/title>\n<meta name=\"robots\" content=\"index, follow, max-snippet:-1, max-image-preview:large, max-video-preview:-1\" \/>\n<link rel=\"canonical\" href=\"https:\/\/funclean.eu\/lv\/product\/5813\/\" \/>\n<meta property=\"og:locale\" content=\"lv_LV\" \/>\n<meta property=\"og:type\" content=\"article\" \/>\n<meta property=\"og:title\" content=\"Mon\u0113tu kolekcion\u0113\u0161anas albumi, 250 \u0161\u016bnas, 10 lappuses. - Funclean\" \/>\n<meta property=\"og:description\" content=\"Mon\u0113tu glab\u0101\u0161anas albums sast\u0101v no 10 lap\u0101m. 5 lappus\u0113s ir 25 x 25 mm \u0161\u016bnas un 5 lappus\u0113s ir 33 x 33 mm \u0161\u016bnas. Augstas kvalit\u0101tes PU \u0101da, abpus\u0113ji \u0161\u016bta, nekad nesapl\u0113\u0161as, \u012bpa\u0161i zemas temperat\u016bras iztur\u012bga, \u0113rti lietojama, ar diviem skaistiem met\u0101la aizsargst\u016briem. \u012apa\u0161\u012bbas: Kr\u0101sa: melna, br\u016bna Gr\u0101matas izm\u0113rs: 215 mm * 172 mm \/...\" \/>\n<meta property=\"og:url\" content=\"https:\/\/funclean.eu\/lv\/product\/5813\/\" \/>\n<meta property=\"og:site_name\" content=\"Funclean\" \/>\n<meta property=\"article:publisher\" content=\"https:\/\/www.facebook.com\/groups\/436887375433126\/\" \/>\n<meta property=\"article:modified_time\" content=\"2026-02-20T09:02:16+00:00\" \/>\n<meta property=\"og:image\" content=\"https:\/\/funclean.eu\/wp-content\/uploads\/2024\/12\/AlbomdliamonetAll.jpg\" \/>\n\t<meta property=\"og:image:width\" content=\"2252\" \/>\n\t<meta property=\"og:image:height\" content=\"2252\" \/>\n\t<meta property=\"og:image:type\" content=\"image\/jpeg\" \/>\n<meta name=\"twitter:card\" content=\"summary_large_image\" \/>\n<script type=\"application\/ld+json\" class=\"yoast-schema-graph\">{\"@context\":\"https:\/\/schema.org\",\"@graph\":[{\"@type\":\"WebPage\",\"@id\":\"https:\/\/funclean.eu\/lv\/product\/5813\/\",\"url\":\"https:\/\/funclean.eu\/lv\/product\/5813\/\",\"name\":\"Mon\u0113tu kolekcion\u0113\u0161anas albumi, 250 \u0161\u016bnas, 10 lappuses. - Funclean\",\"isPartOf\":{\"@id\":\"https:\/\/funclean.eu\/#website\"},\"primaryImageOfPage\":{\"@id\":\"https:\/\/funclean.eu\/lv\/product\/5813\/#primaryimage\"},\"image\":{\"@id\":\"https:\/\/funclean.eu\/lv\/product\/5813\/#primaryimage\"},\"thumbnailUrl\":\"https:\/\/funclean.eu\/wp-content\/uploads\/2024\/12\/AlbomdliamonetAll.jpg\",\"datePublished\":\"2024-12-19T19:51:15+00:00\",\"dateModified\":\"2026-02-20T09:02:16+00:00\",\"breadcrumb\":{\"@id\":\"https:\/\/funclean.eu\/lv\/product\/5813\/#breadcrumb\"},\"inLanguage\":\"lv-LV\",\"potentialAction\":[{\"@type\":\"ReadAction\",\"target\":[\"https:\/\/funclean.eu\/lv\/product\/5813\/\"]}]},{\"@type\":\"ImageObject\",\"inLanguage\":\"lv-LV\",\"@id\":\"https:\/\/funclean.eu\/lv\/product\/5813\/#primaryimage\",\"url\":\"https:\/\/funclean.eu\/wp-content\/uploads\/2024\/12\/AlbomdliamonetAll.jpg\",\"contentUrl\":\"https:\/\/funclean.eu\/wp-content\/uploads\/2024\/12\/AlbomdliamonetAll.jpg\",\"width\":2252,\"height\":2252,\"caption\":\"Albumas monetoms\"},{\"@type\":\"BreadcrumbList\",\"@id\":\"https:\/\/funclean.eu\/lv\/product\/5813\/#breadcrumb\",\"itemListElement\":[{\"@type\":\"ListItem\",\"position\":1,\"name\":\"\u0413\u043b\u0430\u0432\u043d\u0430\u044f \u0441\u0442\u0440\u0430\u043d\u0438\u0446\u0430\",\"item\":\"https:\/\/funclean.eu\/lt\/\"},{\"@type\":\"ListItem\",\"position\":2,\"name\":\"\u041a\u0430\u0442\u0430\u043b\u043e\u0433\",\"item\":\"https:\/\/funclean.eu\/shop\/\"},{\"@type\":\"ListItem\",\"position\":3,\"name\":\"Mon\u0113tu kolekcion\u0113\u0161anas albumi, 250 \u0161\u016bnas, 10 lappuses.\"}]},{\"@type\":\"WebSite\",\"@id\":\"https:\/\/funclean.eu\/#website\",\"url\":\"https:\/\/funclean.eu\/\",\"name\":\"FUNCLEAN.EU\",\"description\":\"\u041e\u0447\u0438\u0441\u0442\u043a\u0430 \u0438 \u0445\u0440\u0430\u043d\u0435\u043d\u0438\u0435 \u043c\u043e\u043d\u0435\u0442. \u041a\u0430\u043a \u0447\u0438\u0441\u0442\u0438\u0442\u044c \u043c\u043e\u043d\u0435\u0442\u044b \u0438 \u043d\u0430\u0445\u043e\u0434\u043a\u0438.\",\"potentialAction\":[{\"@type\":\"SearchAction\",\"target\":{\"@type\":\"EntryPoint\",\"urlTemplate\":\"https:\/\/funclean.eu\/?s={search_term_string}\"},\"query-input\":{\"@type\":\"PropertyValueSpecification\",\"valueRequired\":true,\"valueName\":\"search_term_string\"}}],\"inLanguage\":\"lv-LV\"}]}<\/script>\n<!-- \/ Yoast SEO plugin. -->","yoast_head_json":{"title":"Mon\u0113tu kolekcion\u0113\u0161anas albumi, 250 \u0161\u016bnas, 10 lappuses. - Funclean","robots":{"index":"index","follow":"follow","max-snippet":"max-snippet:-1","max-image-preview":"max-image-preview:large","max-video-preview":"max-video-preview:-1"},"canonical":"https:\/\/funclean.eu\/lv\/product\/5813\/","og_locale":"lv_LV","og_type":"article","og_title":"Mon\u0113tu kolekcion\u0113\u0161anas albumi, 250 \u0161\u016bnas, 10 lappuses. - Funclean","og_description":"Mon\u0113tu glab\u0101\u0161anas albums sast\u0101v no 10 lap\u0101m. 5 lappus\u0113s ir 25 x 25 mm \u0161\u016bnas un 5 lappus\u0113s ir 33 x 33 mm \u0161\u016bnas. Augstas kvalit\u0101tes PU \u0101da, abpus\u0113ji \u0161\u016bta, nekad nesapl\u0113\u0161as, \u012bpa\u0161i zemas temperat\u016bras iztur\u012bga, \u0113rti lietojama, ar diviem skaistiem met\u0101la aizsargst\u016briem. \u012apa\u0161\u012bbas: Kr\u0101sa: melna, br\u016bna Gr\u0101matas izm\u0113rs: 215 mm * 172 mm \/...","og_url":"https:\/\/funclean.eu\/lv\/product\/5813\/","og_site_name":"Funclean","article_publisher":"https:\/\/www.facebook.com\/groups\/436887375433126\/","article_modified_time":"2026-02-20T09:02:16+00:00","og_image":[{"width":2252,"height":2252,"url":"https:\/\/funclean.eu\/wp-content\/uploads\/2024\/12\/AlbomdliamonetAll.jpg","type":"image\/jpeg"}],"twitter_card":"summary_large_image","schema":{"@context":"https:\/\/schema.org","@graph":[{"@type":"WebPage","@id":"https:\/\/funclean.eu\/lv\/product\/5813\/","url":"https:\/\/funclean.eu\/lv\/product\/5813\/","name":"Mon\u0113tu kolekcion\u0113\u0161anas albumi, 250 \u0161\u016bnas, 10 lappuses. - Funclean","isPartOf":{"@id":"https:\/\/funclean.eu\/#website"},"primaryImageOfPage":{"@id":"https:\/\/funclean.eu\/lv\/product\/5813\/#primaryimage"},"image":{"@id":"https:\/\/funclean.eu\/lv\/product\/5813\/#primaryimage"},"thumbnailUrl":"https:\/\/funclean.eu\/wp-content\/uploads\/2024\/12\/AlbomdliamonetAll.jpg","datePublished":"2024-12-19T19:51:15+00:00","dateModified":"2026-02-20T09:02:16+00:00","breadcrumb":{"@id":"https:\/\/funclean.eu\/lv\/product\/5813\/#breadcrumb"},"inLanguage":"lv-LV","potentialAction":[{"@type":"ReadAction","target":["https:\/\/funclean.eu\/lv\/product\/5813\/"]}]},{"@type":"ImageObject","inLanguage":"lv-LV","@id":"https:\/\/funclean.eu\/lv\/product\/5813\/#primaryimage","url":"https:\/\/funclean.eu\/wp-content\/uploads\/2024\/12\/AlbomdliamonetAll.jpg","contentUrl":"https:\/\/funclean.eu\/wp-content\/uploads\/2024\/12\/AlbomdliamonetAll.jpg","width":2252,"height":2252,"caption":"Albumas monetoms"},{"@type":"BreadcrumbList","@id":"https:\/\/funclean.eu\/lv\/product\/5813\/#breadcrumb","itemListElement":[{"@type":"ListItem","position":1,"name":"\u0413\u043b\u0430\u0432\u043d\u0430\u044f \u0441\u0442\u0440\u0430\u043d\u0438\u0446\u0430","item":"https:\/\/funclean.eu\/lt\/"},{"@type":"ListItem","position":2,"name":"\u041a\u0430\u0442\u0430\u043b\u043e\u0433","item":"https:\/\/funclean.eu\/shop\/"},{"@type":"ListItem","position":3,"name":"Mon\u0113tu kolekcion\u0113\u0161anas albumi, 250 \u0161\u016bnas, 10 lappuses."}]},{"@type":"WebSite","@id":"https:\/\/funclean.eu\/#website","url":"https:\/\/funclean.eu\/","name":"FUNCLEAN.EU","description":"\u041e\u0447\u0438\u0441\u0442\u043a\u0430 \u0438 \u0445\u0440\u0430\u043d\u0435\u043d\u0438\u0435 \u043c\u043e\u043d\u0435\u0442. \u041a\u0430\u043a \u0447\u0438\u0441\u0442\u0438\u0442\u044c \u043c\u043e\u043d\u0435\u0442\u044b \u0438 \u043d\u0430\u0445\u043e\u0434\u043a\u0438.","potentialAction":[{"@type":"SearchAction","target":{"@type":"EntryPoint","urlTemplate":"https:\/\/funclean.eu\/?s={search_term_string}"},"query-input":{"@type":"PropertyValueSpecification","valueRequired":true,"valueName":"search_term_string"}}],"inLanguage":"lv-LV"}]}},"jetpack_sharing_enabled":true,"_links":{"self":[{"href":"https:\/\/funclean.eu\/lv\/wp-json\/wp\/v2\/product\/5813","targetHints":{"allow":["GET"]}}],"collection":[{"href":"https:\/\/funclean.eu\/lv\/wp-json\/wp\/v2\/product"}],"about":[{"href":"https:\/\/funclean.eu\/lv\/wp-json\/wp\/v2\/types\/product"}],"replies":[{"embeddable":true,"href":"https:\/\/funclean.eu\/lv\/wp-json\/wp\/v2\/comments?post=5813"}],"wp:featuredmedia":[{"embeddable":true,"href":"https:\/\/funclean.eu\/lv\/wp-json\/wp\/v2\/media\/5790"}],"wp:attachment":[{"href":"https:\/\/funclean.eu\/lv\/wp-json\/wp\/v2\/media?parent=5813"}],"wp:term":[{"taxonomy":"product_brand","embeddable":true,"href":"https:\/\/funclean.eu\/lv\/wp-json\/wp\/v2\/product_brand?post=5813"},{"taxonomy":"product_cat","embeddable":true,"href":"https:\/\/funclean.eu\/lv\/wp-json\/wp\/v2\/product_cat?post=5813"},{"taxonomy":"product_tag","embeddable":true,"href":"https:\/\/funclean.eu\/lv\/wp-json\/wp\/v2\/product_tag?post=5813"}],"curies":[{"name":"wp","href":"https:\/\/api.w.org\/{rel}","templated":true}]}}