{"id":5629,"date":"2024-12-15T18:10:23","date_gmt":"2024-12-15T18:10:23","guid":{"rendered":"https:\/\/funclean.eu\/product\/kapsulas-monetu-glabasanai-19-33-mm\/"},"modified":"2026-02-20T09:02:43","modified_gmt":"2026-02-20T09:02:43","slug":"kapsulas-monetu-glabasanai-19-33-mm","status":"publish","type":"product","link":"https:\/\/funclean.eu\/lv\/product\/kapsulas-monetu-glabasanai-19-33-mm\/","title":{"rendered":"Kapsulas mon\u0113tu glab\u0101\u0161anai, 19-33 mm"},"content":{"rendered":"<p>Mon\u0113tas, pat r\u016bp\u012bgi uzglab\u0101tas, \u013coti bie\u017ei ir pak\u013cautas apk\u0101rt\u0113j\u0101s vides kait\u012bgajai iedarb\u012bbai, un t\u0101s ir j\u0101aizsarg\u0101. Pieredz\u0113ju\u0161i kolekcion\u0101ri aicina tos, kas uztraucas par savu mon\u0113tu dro\u0161\u012bbu, uzglab\u0101t t\u0101s \u012bpa\u0161\u0101s kapsul\u0101s. T\u0101s ne tikai pasarg\u0101s mon\u0113tas no boj\u0101jumiem, bet ar\u012b iev\u0113rojami atvieglos to uzglab\u0101\u0161anu un kopum\u0101 pal\u012bdz\u0113s veidot reprezentablu j\u016bsu kolekcijas izskatu. Tom\u0113r izv\u0113l\u0113ties mon\u0113tai piem\u0113rotu kapsulu nav viegls uzdevums, \u012bpa\u0161i ies\u0101c\u0113jiem numism\u0101tiem.<\/p>\n<p>Kapsulas pieejamas ar diametru: 19, 21, 22, 23, 24, 25, 26, 27, 32 un 33 milimetri.<\/p>\n","protected":false},"excerpt":{"rendered":"<p>Mon\u0113tas, pat r\u016bp\u012bgi uzglab\u0101tas, \u013coti bie\u017ei ir pak\u013cautas apk\u0101rt\u0113j\u0101s vides kait\u012bgajai iedarb\u012bbai, un t\u0101s ir j\u0101aizsarg\u0101. Pieredz\u0113ju\u0161i kolekcion\u0101ri aicina tos, kas uztraucas par savu mon\u0113tu dro\u0161\u012bbu, uzglab\u0101t t\u0101s \u012bpa\u0161\u0101s kapsul\u0101s. T\u0101s ne tikai pasarg\u0101s mon\u0113tas no boj\u0101jumiem, bet ar\u012b iev\u0113rojami atvieglos to uzglab\u0101\u0161anu un kopum\u0101 pal\u012bdz\u0113s veidot reprezentablu j\u016bsu kolekcijas izskatu. Tom\u0113r izv\u0113l\u0113ties mon\u0113tai piem\u0113rotu&#8230;<\/p>\n","protected":false},"featured_media":5684,"comment_status":"closed","ping_status":"closed","template":"","meta":{"_kad_post_transparent":"","_kad_post_title":"","_kad_post_layout":"","_kad_post_sidebar_id":"","_kad_post_content_style":"","_kad_post_vertical_padding":"","_kad_post_feature":"","_kad_post_feature_position":"","_kad_post_header":false,"_kad_post_footer":false},"product_brand":[],"product_cat":[60],"product_tag":[],"class_list":{"0":"post-5629","1":"product","2":"type-product","3":"status-publish","4":"has-post-thumbnail","6":"product_cat-monetu-glabasana","8":"first","9":"instock","10":"shipping-taxable","11":"product-type-simple","12":"entry","13":"content-bg","14":"loop-entry"},"yoast_head":"<!-- This site is optimized with the Yoast SEO plugin v25.8 - https:\/\/yoast.com\/wordpress\/plugins\/seo\/ -->\n<title>Kapsulas mon\u0113tu glab\u0101\u0161anai, 19-33 mm - Funclean<\/title>\n<meta name=\"robots\" content=\"index, follow, max-snippet:-1, max-image-preview:large, max-video-preview:-1\" \/>\n<link rel=\"canonical\" href=\"https:\/\/funclean.eu\/lv\/product\/kapsulas-monetu-glabasanai-19-33-mm\/\" \/>\n<meta property=\"og:locale\" content=\"lv_LV\" \/>\n<meta property=\"og:type\" content=\"article\" \/>\n<meta property=\"og:title\" content=\"Kapsulas mon\u0113tu glab\u0101\u0161anai, 19-33 mm - Funclean\" \/>\n<meta property=\"og:description\" content=\"Mon\u0113tas, pat r\u016bp\u012bgi uzglab\u0101tas, \u013coti bie\u017ei ir pak\u013cautas apk\u0101rt\u0113j\u0101s vides kait\u012bgajai iedarb\u012bbai, un t\u0101s ir j\u0101aizsarg\u0101. Pieredz\u0113ju\u0161i kolekcion\u0101ri aicina tos, kas uztraucas par savu mon\u0113tu dro\u0161\u012bbu, uzglab\u0101t t\u0101s \u012bpa\u0161\u0101s kapsul\u0101s. T\u0101s ne tikai pasarg\u0101s mon\u0113tas no boj\u0101jumiem, bet ar\u012b iev\u0113rojami atvieglos to uzglab\u0101\u0161anu un kopum\u0101 pal\u012bdz\u0113s veidot reprezentablu j\u016bsu kolekcijas izskatu. Tom\u0113r izv\u0113l\u0113ties mon\u0113tai piem\u0113rotu...\" \/>\n<meta property=\"og:url\" content=\"https:\/\/funclean.eu\/lv\/product\/kapsulas-monetu-glabasanai-19-33-mm\/\" \/>\n<meta property=\"og:site_name\" content=\"Funclean\" \/>\n<meta property=\"article:publisher\" content=\"https:\/\/www.facebook.com\/groups\/436887375433126\/\" \/>\n<meta property=\"article:modified_time\" content=\"2026-02-20T09:02:43+00:00\" \/>\n<meta property=\"og:image\" content=\"https:\/\/funclean.eu\/wp-content\/uploads\/2024\/12\/kons19-33.jpg\" \/>\n\t<meta property=\"og:image:width\" content=\"2252\" \/>\n\t<meta property=\"og:image:height\" content=\"2252\" \/>\n\t<meta property=\"og:image:type\" content=\"image\/jpeg\" \/>\n<meta name=\"twitter:card\" content=\"summary_large_image\" \/>\n<meta name=\"twitter:label1\" content=\"Est. reading time\" \/>\n\t<meta name=\"twitter:data1\" content=\"1 minute\" \/>\n<script type=\"application\/ld+json\" class=\"yoast-schema-graph\">{\"@context\":\"https:\/\/schema.org\",\"@graph\":[{\"@type\":\"WebPage\",\"@id\":\"https:\/\/funclean.eu\/lv\/product\/kapsulas-monetu-glabasanai-19-33-mm\/\",\"url\":\"https:\/\/funclean.eu\/lv\/product\/kapsulas-monetu-glabasanai-19-33-mm\/\",\"name\":\"Kapsulas mon\u0113tu glab\u0101\u0161anai, 19-33 mm - Funclean\",\"isPartOf\":{\"@id\":\"https:\/\/funclean.eu\/#website\"},\"primaryImageOfPage\":{\"@id\":\"https:\/\/funclean.eu\/lv\/product\/kapsulas-monetu-glabasanai-19-33-mm\/#primaryimage\"},\"image\":{\"@id\":\"https:\/\/funclean.eu\/lv\/product\/kapsulas-monetu-glabasanai-19-33-mm\/#primaryimage\"},\"thumbnailUrl\":\"https:\/\/funclean.eu\/wp-content\/uploads\/2024\/12\/kons19-33.jpg\",\"datePublished\":\"2024-12-15T18:10:23+00:00\",\"dateModified\":\"2026-02-20T09:02:43+00:00\",\"breadcrumb\":{\"@id\":\"https:\/\/funclean.eu\/lv\/product\/kapsulas-monetu-glabasanai-19-33-mm\/#breadcrumb\"},\"inLanguage\":\"lv-LV\",\"potentialAction\":[{\"@type\":\"ReadAction\",\"target\":[\"https:\/\/funclean.eu\/lv\/product\/kapsulas-monetu-glabasanai-19-33-mm\/\"]}]},{\"@type\":\"ImageObject\",\"inLanguage\":\"lv-LV\",\"@id\":\"https:\/\/funclean.eu\/lv\/product\/kapsulas-monetu-glabasanai-19-33-mm\/#primaryimage\",\"url\":\"https:\/\/funclean.eu\/wp-content\/uploads\/2024\/12\/kons19-33.jpg\",\"contentUrl\":\"https:\/\/funclean.eu\/wp-content\/uploads\/2024\/12\/kons19-33.jpg\",\"width\":2252,\"height\":2252},{\"@type\":\"BreadcrumbList\",\"@id\":\"https:\/\/funclean.eu\/lv\/product\/kapsulas-monetu-glabasanai-19-33-mm\/#breadcrumb\",\"itemListElement\":[{\"@type\":\"ListItem\",\"position\":1,\"name\":\"\u0413\u043b\u0430\u0432\u043d\u0430\u044f \u0441\u0442\u0440\u0430\u043d\u0438\u0446\u0430\",\"item\":\"https:\/\/funclean.eu\/lt\/\"},{\"@type\":\"ListItem\",\"position\":2,\"name\":\"\u041a\u0430\u0442\u0430\u043b\u043e\u0433\",\"item\":\"https:\/\/funclean.eu\/shop\/\"},{\"@type\":\"ListItem\",\"position\":3,\"name\":\"Kapsulas mon\u0113tu glab\u0101\u0161anai, 19-33 mm\"}]},{\"@type\":\"WebSite\",\"@id\":\"https:\/\/funclean.eu\/#website\",\"url\":\"https:\/\/funclean.eu\/\",\"name\":\"FUNCLEAN.EU\",\"description\":\"\u041e\u0447\u0438\u0441\u0442\u043a\u0430 \u0438 \u0445\u0440\u0430\u043d\u0435\u043d\u0438\u0435 \u043c\u043e\u043d\u0435\u0442. \u041a\u0430\u043a \u0447\u0438\u0441\u0442\u0438\u0442\u044c \u043c\u043e\u043d\u0435\u0442\u044b \u0438 \u043d\u0430\u0445\u043e\u0434\u043a\u0438.\",\"potentialAction\":[{\"@type\":\"SearchAction\",\"target\":{\"@type\":\"EntryPoint\",\"urlTemplate\":\"https:\/\/funclean.eu\/?s={search_term_string}\"},\"query-input\":{\"@type\":\"PropertyValueSpecification\",\"valueRequired\":true,\"valueName\":\"search_term_string\"}}],\"inLanguage\":\"lv-LV\"}]}<\/script>\n<!-- \/ Yoast SEO plugin. -->","yoast_head_json":{"title":"Kapsulas mon\u0113tu glab\u0101\u0161anai, 19-33 mm - Funclean","robots":{"index":"index","follow":"follow","max-snippet":"max-snippet:-1","max-image-preview":"max-image-preview:large","max-video-preview":"max-video-preview:-1"},"canonical":"https:\/\/funclean.eu\/lv\/product\/kapsulas-monetu-glabasanai-19-33-mm\/","og_locale":"lv_LV","og_type":"article","og_title":"Kapsulas mon\u0113tu glab\u0101\u0161anai, 19-33 mm - Funclean","og_description":"Mon\u0113tas, pat r\u016bp\u012bgi uzglab\u0101tas, \u013coti bie\u017ei ir pak\u013cautas apk\u0101rt\u0113j\u0101s vides kait\u012bgajai iedarb\u012bbai, un t\u0101s ir j\u0101aizsarg\u0101. Pieredz\u0113ju\u0161i kolekcion\u0101ri aicina tos, kas uztraucas par savu mon\u0113tu dro\u0161\u012bbu, uzglab\u0101t t\u0101s \u012bpa\u0161\u0101s kapsul\u0101s. T\u0101s ne tikai pasarg\u0101s mon\u0113tas no boj\u0101jumiem, bet ar\u012b iev\u0113rojami atvieglos to uzglab\u0101\u0161anu un kopum\u0101 pal\u012bdz\u0113s veidot reprezentablu j\u016bsu kolekcijas izskatu. Tom\u0113r izv\u0113l\u0113ties mon\u0113tai piem\u0113rotu...","og_url":"https:\/\/funclean.eu\/lv\/product\/kapsulas-monetu-glabasanai-19-33-mm\/","og_site_name":"Funclean","article_publisher":"https:\/\/www.facebook.com\/groups\/436887375433126\/","article_modified_time":"2026-02-20T09:02:43+00:00","og_image":[{"width":2252,"height":2252,"url":"https:\/\/funclean.eu\/wp-content\/uploads\/2024\/12\/kons19-33.jpg","type":"image\/jpeg"}],"twitter_card":"summary_large_image","twitter_misc":{"Est. reading time":"1 minute"},"schema":{"@context":"https:\/\/schema.org","@graph":[{"@type":"WebPage","@id":"https:\/\/funclean.eu\/lv\/product\/kapsulas-monetu-glabasanai-19-33-mm\/","url":"https:\/\/funclean.eu\/lv\/product\/kapsulas-monetu-glabasanai-19-33-mm\/","name":"Kapsulas mon\u0113tu glab\u0101\u0161anai, 19-33 mm - Funclean","isPartOf":{"@id":"https:\/\/funclean.eu\/#website"},"primaryImageOfPage":{"@id":"https:\/\/funclean.eu\/lv\/product\/kapsulas-monetu-glabasanai-19-33-mm\/#primaryimage"},"image":{"@id":"https:\/\/funclean.eu\/lv\/product\/kapsulas-monetu-glabasanai-19-33-mm\/#primaryimage"},"thumbnailUrl":"https:\/\/funclean.eu\/wp-content\/uploads\/2024\/12\/kons19-33.jpg","datePublished":"2024-12-15T18:10:23+00:00","dateModified":"2026-02-20T09:02:43+00:00","breadcrumb":{"@id":"https:\/\/funclean.eu\/lv\/product\/kapsulas-monetu-glabasanai-19-33-mm\/#breadcrumb"},"inLanguage":"lv-LV","potentialAction":[{"@type":"ReadAction","target":["https:\/\/funclean.eu\/lv\/product\/kapsulas-monetu-glabasanai-19-33-mm\/"]}]},{"@type":"ImageObject","inLanguage":"lv-LV","@id":"https:\/\/funclean.eu\/lv\/product\/kapsulas-monetu-glabasanai-19-33-mm\/#primaryimage","url":"https:\/\/funclean.eu\/wp-content\/uploads\/2024\/12\/kons19-33.jpg","contentUrl":"https:\/\/funclean.eu\/wp-content\/uploads\/2024\/12\/kons19-33.jpg","width":2252,"height":2252},{"@type":"BreadcrumbList","@id":"https:\/\/funclean.eu\/lv\/product\/kapsulas-monetu-glabasanai-19-33-mm\/#breadcrumb","itemListElement":[{"@type":"ListItem","position":1,"name":"\u0413\u043b\u0430\u0432\u043d\u0430\u044f \u0441\u0442\u0440\u0430\u043d\u0438\u0446\u0430","item":"https:\/\/funclean.eu\/lt\/"},{"@type":"ListItem","position":2,"name":"\u041a\u0430\u0442\u0430\u043b\u043e\u0433","item":"https:\/\/funclean.eu\/shop\/"},{"@type":"ListItem","position":3,"name":"Kapsulas mon\u0113tu glab\u0101\u0161anai, 19-33 mm"}]},{"@type":"WebSite","@id":"https:\/\/funclean.eu\/#website","url":"https:\/\/funclean.eu\/","name":"FUNCLEAN.EU","description":"\u041e\u0447\u0438\u0441\u0442\u043a\u0430 \u0438 \u0445\u0440\u0430\u043d\u0435\u043d\u0438\u0435 \u043c\u043e\u043d\u0435\u0442. \u041a\u0430\u043a \u0447\u0438\u0441\u0442\u0438\u0442\u044c \u043c\u043e\u043d\u0435\u0442\u044b \u0438 \u043d\u0430\u0445\u043e\u0434\u043a\u0438.","potentialAction":[{"@type":"SearchAction","target":{"@type":"EntryPoint","urlTemplate":"https:\/\/funclean.eu\/?s={search_term_string}"},"query-input":{"@type":"PropertyValueSpecification","valueRequired":true,"valueName":"search_term_string"}}],"inLanguage":"lv-LV"}]}},"jetpack_sharing_enabled":true,"_links":{"self":[{"href":"https:\/\/funclean.eu\/lv\/wp-json\/wp\/v2\/product\/5629","targetHints":{"allow":["GET"]}}],"collection":[{"href":"https:\/\/funclean.eu\/lv\/wp-json\/wp\/v2\/product"}],"about":[{"href":"https:\/\/funclean.eu\/lv\/wp-json\/wp\/v2\/types\/product"}],"replies":[{"embeddable":true,"href":"https:\/\/funclean.eu\/lv\/wp-json\/wp\/v2\/comments?post=5629"}],"wp:featuredmedia":[{"embeddable":true,"href":"https:\/\/funclean.eu\/lv\/wp-json\/wp\/v2\/media\/5684"}],"wp:attachment":[{"href":"https:\/\/funclean.eu\/lv\/wp-json\/wp\/v2\/media?parent=5629"}],"wp:term":[{"taxonomy":"product_brand","embeddable":true,"href":"https:\/\/funclean.eu\/lv\/wp-json\/wp\/v2\/product_brand?post=5629"},{"taxonomy":"product_cat","embeddable":true,"href":"https:\/\/funclean.eu\/lv\/wp-json\/wp\/v2\/product_cat?post=5629"},{"taxonomy":"product_tag","embeddable":true,"href":"https:\/\/funclean.eu\/lv\/wp-json\/wp\/v2\/product_tag?post=5629"}],"curies":[{"name":"wp","href":"https:\/\/api.w.org\/{rel}","templated":true}]}}