{"id":5136,"date":"2024-06-03T12:44:40","date_gmt":"2024-06-03T12:44:40","guid":{"rendered":"https:\/\/funclean.eu\/product\/neilonsot\/"},"modified":"2026-02-20T09:03:15","modified_gmt":"2026-02-20T09:03:15","slug":"neilonsot","status":"publish","type":"product","link":"https:\/\/funclean.eu\/lv\/product\/neilonsot\/","title":{"rendered":"Divpus\u0113ja neilona t\u012br\u012b\u0161anas birste."},"content":{"rendered":"<p>Abpus\u0113jai neilona birstei ir vid\u0113ji stingrs spalvu kl\u0101jums. Lieliski no\u0146em p\u0113c t\u012br\u012b\u0161anas radu\u0161os nos\u0113dumus un oks\u012bdu. Pal\u012bdz no\u0146emt net\u012brumu paliekas gr\u016bti aizsniedzam\u0101s viet\u0101s. Neaizst\u0101jams pal\u012bgs vara un sudraba t\u012br\u012b\u0161an\u0101.<\/p>\n","protected":false},"excerpt":{"rendered":"<p>Abpus\u0113jai neilona birstei ir vid\u0113ji stingrs spalvu kl\u0101jums. Lieliski no\u0146em p\u0113c t\u012br\u012b\u0161anas radu\u0161os nos\u0113dumus un oks\u012bdu. Pal\u012bdz no\u0146emt net\u012brumu paliekas gr\u016bti aizsniedzam\u0101s viet\u0101s. Neaizst\u0101jams pal\u012bgs vara un sudraba t\u012br\u012b\u0161an\u0101.<\/p>\n","protected":false},"featured_media":5077,"comment_status":"closed","ping_status":"closed","template":"","meta":{"_kad_post_transparent":"","_kad_post_title":"","_kad_post_layout":"","_kad_post_sidebar_id":"","_kad_post_content_style":"","_kad_post_vertical_padding":"","_kad_post_feature":"","_kad_post_feature_position":"","_kad_post_header":false,"_kad_post_footer":false},"product_brand":[],"product_cat":[37],"product_tag":[],"class_list":{"0":"post-5136","1":"product","2":"type-product","3":"status-publish","4":"has-post-thumbnail","6":"product_cat-tirisanasmonetas","8":"first","9":"instock","10":"shipping-taxable","11":"purchasable","12":"product-type-simple","13":"entry","14":"content-bg","15":"loop-entry"},"yoast_head":"<!-- This site is optimized with the Yoast SEO plugin v25.8 - https:\/\/yoast.com\/wordpress\/plugins\/seo\/ -->\n<title>Divpus\u0113ja neilona t\u012br\u012b\u0161anas birste. - Funclean<\/title>\n<meta name=\"robots\" content=\"index, follow, max-snippet:-1, max-image-preview:large, max-video-preview:-1\" \/>\n<link rel=\"canonical\" href=\"https:\/\/funclean.eu\/lv\/product\/neilonsot\/\" \/>\n<meta property=\"og:locale\" content=\"lv_LV\" \/>\n<meta property=\"og:type\" content=\"article\" \/>\n<meta property=\"og:title\" content=\"Divpus\u0113ja neilona t\u012br\u012b\u0161anas birste. - Funclean\" \/>\n<meta property=\"og:description\" content=\"Abpus\u0113jai neilona birstei ir vid\u0113ji stingrs spalvu kl\u0101jums. Lieliski no\u0146em p\u0113c t\u012br\u012b\u0161anas radu\u0161os nos\u0113dumus un oks\u012bdu. Pal\u012bdz no\u0146emt net\u012brumu paliekas gr\u016bti aizsniedzam\u0101s viet\u0101s. Neaizst\u0101jams pal\u012bgs vara un sudraba t\u012br\u012b\u0161an\u0101.\" \/>\n<meta property=\"og:url\" content=\"https:\/\/funclean.eu\/lv\/product\/neilonsot\/\" \/>\n<meta property=\"og:site_name\" content=\"Funclean\" \/>\n<meta property=\"article:publisher\" content=\"https:\/\/www.facebook.com\/groups\/436887375433126\/\" \/>\n<meta property=\"article:modified_time\" content=\"2026-02-20T09:03:15+00:00\" \/>\n<meta property=\"og:image\" content=\"https:\/\/funclean.eu\/wp-content\/uploads\/2024\/06\/vars-6.jpg\" \/>\n\t<meta property=\"og:image:width\" content=\"2252\" \/>\n\t<meta property=\"og:image:height\" content=\"2252\" \/>\n\t<meta property=\"og:image:type\" content=\"image\/jpeg\" \/>\n<meta name=\"twitter:card\" content=\"summary_large_image\" \/>\n<script type=\"application\/ld+json\" class=\"yoast-schema-graph\">{\"@context\":\"https:\/\/schema.org\",\"@graph\":[{\"@type\":\"WebPage\",\"@id\":\"https:\/\/funclean.eu\/lv\/product\/neilonsot\/\",\"url\":\"https:\/\/funclean.eu\/lv\/product\/neilonsot\/\",\"name\":\"Divpus\u0113ja neilona t\u012br\u012b\u0161anas birste. - Funclean\",\"isPartOf\":{\"@id\":\"https:\/\/funclean.eu\/#website\"},\"primaryImageOfPage\":{\"@id\":\"https:\/\/funclean.eu\/lv\/product\/neilonsot\/#primaryimage\"},\"image\":{\"@id\":\"https:\/\/funclean.eu\/lv\/product\/neilonsot\/#primaryimage\"},\"thumbnailUrl\":\"https:\/\/funclean.eu\/wp-content\/uploads\/2024\/06\/vars-6.jpg\",\"datePublished\":\"2024-06-03T12:44:40+00:00\",\"dateModified\":\"2026-02-20T09:03:15+00:00\",\"breadcrumb\":{\"@id\":\"https:\/\/funclean.eu\/lv\/product\/neilonsot\/#breadcrumb\"},\"inLanguage\":\"lv-LV\",\"potentialAction\":[{\"@type\":\"ReadAction\",\"target\":[\"https:\/\/funclean.eu\/lv\/product\/neilonsot\/\"]}]},{\"@type\":\"ImageObject\",\"inLanguage\":\"lv-LV\",\"@id\":\"https:\/\/funclean.eu\/lv\/product\/neilonsot\/#primaryimage\",\"url\":\"https:\/\/funclean.eu\/wp-content\/uploads\/2024\/06\/vars-6.jpg\",\"contentUrl\":\"https:\/\/funclean.eu\/wp-content\/uploads\/2024\/06\/vars-6.jpg\",\"width\":2252,\"height\":2252},{\"@type\":\"BreadcrumbList\",\"@id\":\"https:\/\/funclean.eu\/lv\/product\/neilonsot\/#breadcrumb\",\"itemListElement\":[{\"@type\":\"ListItem\",\"position\":1,\"name\":\"\u0413\u043b\u0430\u0432\u043d\u0430\u044f \u0441\u0442\u0440\u0430\u043d\u0438\u0446\u0430\",\"item\":\"https:\/\/funclean.eu\/lt\/\"},{\"@type\":\"ListItem\",\"position\":2,\"name\":\"\u041a\u0430\u0442\u0430\u043b\u043e\u0433\",\"item\":\"https:\/\/funclean.eu\/shop\/\"},{\"@type\":\"ListItem\",\"position\":3,\"name\":\"Divpus\u0113ja neilona t\u012br\u012b\u0161anas birste.\"}]},{\"@type\":\"WebSite\",\"@id\":\"https:\/\/funclean.eu\/#website\",\"url\":\"https:\/\/funclean.eu\/\",\"name\":\"FUNCLEAN.EU\",\"description\":\"\u041e\u0447\u0438\u0441\u0442\u043a\u0430 \u0438 \u0445\u0440\u0430\u043d\u0435\u043d\u0438\u0435 \u043c\u043e\u043d\u0435\u0442. \u041a\u0430\u043a \u0447\u0438\u0441\u0442\u0438\u0442\u044c \u043c\u043e\u043d\u0435\u0442\u044b \u0438 \u043d\u0430\u0445\u043e\u0434\u043a\u0438.\",\"potentialAction\":[{\"@type\":\"SearchAction\",\"target\":{\"@type\":\"EntryPoint\",\"urlTemplate\":\"https:\/\/funclean.eu\/?s={search_term_string}\"},\"query-input\":{\"@type\":\"PropertyValueSpecification\",\"valueRequired\":true,\"valueName\":\"search_term_string\"}}],\"inLanguage\":\"lv-LV\"}]}<\/script>\n<!-- \/ Yoast SEO plugin. -->","yoast_head_json":{"title":"Divpus\u0113ja neilona t\u012br\u012b\u0161anas birste. - Funclean","robots":{"index":"index","follow":"follow","max-snippet":"max-snippet:-1","max-image-preview":"max-image-preview:large","max-video-preview":"max-video-preview:-1"},"canonical":"https:\/\/funclean.eu\/lv\/product\/neilonsot\/","og_locale":"lv_LV","og_type":"article","og_title":"Divpus\u0113ja neilona t\u012br\u012b\u0161anas birste. - Funclean","og_description":"Abpus\u0113jai neilona birstei ir vid\u0113ji stingrs spalvu kl\u0101jums. Lieliski no\u0146em p\u0113c t\u012br\u012b\u0161anas radu\u0161os nos\u0113dumus un oks\u012bdu. Pal\u012bdz no\u0146emt net\u012brumu paliekas gr\u016bti aizsniedzam\u0101s viet\u0101s. Neaizst\u0101jams pal\u012bgs vara un sudraba t\u012br\u012b\u0161an\u0101.","og_url":"https:\/\/funclean.eu\/lv\/product\/neilonsot\/","og_site_name":"Funclean","article_publisher":"https:\/\/www.facebook.com\/groups\/436887375433126\/","article_modified_time":"2026-02-20T09:03:15+00:00","og_image":[{"width":2252,"height":2252,"url":"https:\/\/funclean.eu\/wp-content\/uploads\/2024\/06\/vars-6.jpg","type":"image\/jpeg"}],"twitter_card":"summary_large_image","schema":{"@context":"https:\/\/schema.org","@graph":[{"@type":"WebPage","@id":"https:\/\/funclean.eu\/lv\/product\/neilonsot\/","url":"https:\/\/funclean.eu\/lv\/product\/neilonsot\/","name":"Divpus\u0113ja neilona t\u012br\u012b\u0161anas birste. - Funclean","isPartOf":{"@id":"https:\/\/funclean.eu\/#website"},"primaryImageOfPage":{"@id":"https:\/\/funclean.eu\/lv\/product\/neilonsot\/#primaryimage"},"image":{"@id":"https:\/\/funclean.eu\/lv\/product\/neilonsot\/#primaryimage"},"thumbnailUrl":"https:\/\/funclean.eu\/wp-content\/uploads\/2024\/06\/vars-6.jpg","datePublished":"2024-06-03T12:44:40+00:00","dateModified":"2026-02-20T09:03:15+00:00","breadcrumb":{"@id":"https:\/\/funclean.eu\/lv\/product\/neilonsot\/#breadcrumb"},"inLanguage":"lv-LV","potentialAction":[{"@type":"ReadAction","target":["https:\/\/funclean.eu\/lv\/product\/neilonsot\/"]}]},{"@type":"ImageObject","inLanguage":"lv-LV","@id":"https:\/\/funclean.eu\/lv\/product\/neilonsot\/#primaryimage","url":"https:\/\/funclean.eu\/wp-content\/uploads\/2024\/06\/vars-6.jpg","contentUrl":"https:\/\/funclean.eu\/wp-content\/uploads\/2024\/06\/vars-6.jpg","width":2252,"height":2252},{"@type":"BreadcrumbList","@id":"https:\/\/funclean.eu\/lv\/product\/neilonsot\/#breadcrumb","itemListElement":[{"@type":"ListItem","position":1,"name":"\u0413\u043b\u0430\u0432\u043d\u0430\u044f \u0441\u0442\u0440\u0430\u043d\u0438\u0446\u0430","item":"https:\/\/funclean.eu\/lt\/"},{"@type":"ListItem","position":2,"name":"\u041a\u0430\u0442\u0430\u043b\u043e\u0433","item":"https:\/\/funclean.eu\/shop\/"},{"@type":"ListItem","position":3,"name":"Divpus\u0113ja neilona t\u012br\u012b\u0161anas birste."}]},{"@type":"WebSite","@id":"https:\/\/funclean.eu\/#website","url":"https:\/\/funclean.eu\/","name":"FUNCLEAN.EU","description":"\u041e\u0447\u0438\u0441\u0442\u043a\u0430 \u0438 \u0445\u0440\u0430\u043d\u0435\u043d\u0438\u0435 \u043c\u043e\u043d\u0435\u0442. \u041a\u0430\u043a \u0447\u0438\u0441\u0442\u0438\u0442\u044c \u043c\u043e\u043d\u0435\u0442\u044b \u0438 \u043d\u0430\u0445\u043e\u0434\u043a\u0438.","potentialAction":[{"@type":"SearchAction","target":{"@type":"EntryPoint","urlTemplate":"https:\/\/funclean.eu\/?s={search_term_string}"},"query-input":{"@type":"PropertyValueSpecification","valueRequired":true,"valueName":"search_term_string"}}],"inLanguage":"lv-LV"}]}},"jetpack_sharing_enabled":true,"_links":{"self":[{"href":"https:\/\/funclean.eu\/lv\/wp-json\/wp\/v2\/product\/5136","targetHints":{"allow":["GET"]}}],"collection":[{"href":"https:\/\/funclean.eu\/lv\/wp-json\/wp\/v2\/product"}],"about":[{"href":"https:\/\/funclean.eu\/lv\/wp-json\/wp\/v2\/types\/product"}],"replies":[{"embeddable":true,"href":"https:\/\/funclean.eu\/lv\/wp-json\/wp\/v2\/comments?post=5136"}],"wp:featuredmedia":[{"embeddable":true,"href":"https:\/\/funclean.eu\/lv\/wp-json\/wp\/v2\/media\/5077"}],"wp:attachment":[{"href":"https:\/\/funclean.eu\/lv\/wp-json\/wp\/v2\/media?parent=5136"}],"wp:term":[{"taxonomy":"product_brand","embeddable":true,"href":"https:\/\/funclean.eu\/lv\/wp-json\/wp\/v2\/product_brand?post=5136"},{"taxonomy":"product_cat","embeddable":true,"href":"https:\/\/funclean.eu\/lv\/wp-json\/wp\/v2\/product_cat?post=5136"},{"taxonomy":"product_tag","embeddable":true,"href":"https:\/\/funclean.eu\/lv\/wp-json\/wp\/v2\/product_tag?post=5136"}],"curies":[{"name":"wp","href":"https:\/\/api.w.org\/{rel}","templated":true}]}}