{"id":3937,"date":"2024-05-18T19:44:32","date_gmt":"2024-05-18T19:44:32","guid":{"rendered":"https:\/\/funclean.eu\/product\/medlitr\/"},"modified":"2026-04-07T16:35:15","modified_gmt":"2026-04-07T16:35:15","slug":"medlitr","status":"publish","type":"product","link":"https:\/\/funclean.eu\/lv\/product\/medlitr\/","title":{"rendered":"Vara t\u012br\u012b\u0161anas l\u012bdzeklis &#8211; 1 litrs."},"content":{"rendered":"<p>Netrauc\u0113 met\u0101la strukt\u016bru. Labi no\u0146em uzkr\u0101jumus un oks\u012bdus, vienlaikus ir saudz\u012bgs pret priek\u0161metiem. L\u012bdzeklis iedarbojas tikai uz nos\u0113dumiem un oks\u012bdiem, neietekm\u0113jot emalju, sudrabojumu un zelt\u012bjumu uz t\u012br\u0101majiem priek\u0161metiem. Produkts tiek p\u0101rdots sl\u0113gt\u0101 1 litra iepakojum\u0101. \u0160is produkts kalpos ilgu laiku, jo to var izmantot atk\u0101rtoti, kas, k\u0101 j\u016bs piekrit\u012bsiet, ir \u013coti izdev\u012bgi.<\/p>\n<div style=\"width: 1080px;\" class=\"wp-video\"><!--[if lt IE 9]><script>document.createElement('video');<\/script><![endif]-->\n<video class=\"wp-video-shortcode\" id=\"video-3937-1\" width=\"1080\" height=\"1920\" preload=\"metadata\" controls=\"controls\"><source type=\"video\/mp4\" src=\"https:\/\/funclean.eu\/wp-content\/uploads\/2024\/06\/med.mp4?_=1\" \/><a href=\"https:\/\/funclean.eu\/wp-content\/uploads\/2024\/06\/med.mp4\">https:\/\/funclean.eu\/wp-content\/uploads\/2024\/06\/med.mp4<\/a><\/video><\/div>\n<p>VARA T\u012aR\u012a\u0160ANAS L\u012aDZEK\u013bA LIETO\u0160ANAS INSTRUKCIJAS:<\/p>\n<span class='mb-center maxbutton-1-center'><span class='maxbutton-1-container mb-container'><a class=\"maxbutton-1 maxbutton maxbutton-kak-patinirovat-smotrite-zdes\" href=\"https:\/\/funclean.eu\/lv\/ka-pareizi-tirit-vara-izstradajumus-ar-funclean\/\"><span class='mb-text'>LAS\u012aT<\/span><\/a><\/span><\/span>\n","protected":false},"excerpt":{"rendered":"<p>Netrauc\u0113 met\u0101la strukt\u016bru. Labi no\u0146em uzkr\u0101jumus un oks\u012bdus, vienlaikus ir saudz\u012bgs pret priek\u0161metiem. L\u012bdzeklis iedarbojas tikai uz nos\u0113dumiem un oks\u012bdiem, neietekm\u0113jot emalju, sudrabojumu un zelt\u012bjumu uz t\u012br\u0101majiem priek\u0161metiem. Produkts tiek p\u0101rdots sl\u0113gt\u0101 1 litra iepakojum\u0101. \u0160is produkts kalpos ilgu laiku, jo to var izmantot atk\u0101rtoti, kas, k\u0101 j\u016bs piekrit\u012bsiet, ir \u013coti izdev\u012bgi. VARA T\u012aR\u012a\u0160ANAS L\u012aDZEK\u013bA&#8230;<\/p>\n","protected":false},"featured_media":3820,"comment_status":"closed","ping_status":"closed","template":"","meta":{"_kad_post_transparent":"default","_kad_post_title":"","_kad_post_layout":"default","_kad_post_sidebar_id":"","_kad_post_content_style":"default","_kad_post_vertical_padding":"default","_kad_post_feature":"","_kad_post_feature_position":"","_kad_post_header":false,"_kad_post_footer":false},"product_brand":[],"product_cat":[37],"product_tag":[],"class_list":{"0":"post-3937","1":"product","2":"type-product","3":"status-publish","4":"has-post-thumbnail","6":"product_cat-tirisanasmonetas","8":"first","9":"instock","10":"sale","11":"shipping-taxable","12":"purchasable","13":"product-type-simple","14":"entry","15":"content-bg","16":"loop-entry"},"yoast_head":"<!-- This site is optimized with the Yoast SEO plugin v25.8 - https:\/\/yoast.com\/wordpress\/plugins\/seo\/ -->\n<title>Vara t\u012br\u012b\u0161anas l\u012bdzeklis - 1 litrs. - Funclean<\/title>\n<meta name=\"robots\" content=\"index, follow, max-snippet:-1, max-image-preview:large, max-video-preview:-1\" \/>\n<link rel=\"canonical\" href=\"https:\/\/funclean.eu\/lv\/product\/medlitr\/\" \/>\n<meta property=\"og:locale\" content=\"lv_LV\" \/>\n<meta property=\"og:type\" content=\"article\" \/>\n<meta property=\"og:title\" content=\"Vara t\u012br\u012b\u0161anas l\u012bdzeklis - 1 litrs. - Funclean\" \/>\n<meta property=\"og:description\" content=\"Netrauc\u0113 met\u0101la strukt\u016bru. Labi no\u0146em uzkr\u0101jumus un oks\u012bdus, vienlaikus ir saudz\u012bgs pret priek\u0161metiem. L\u012bdzeklis iedarbojas tikai uz nos\u0113dumiem un oks\u012bdiem, neietekm\u0113jot emalju, sudrabojumu un zelt\u012bjumu uz t\u012br\u0101majiem priek\u0161metiem. Produkts tiek p\u0101rdots sl\u0113gt\u0101 1 litra iepakojum\u0101. \u0160is produkts kalpos ilgu laiku, jo to var izmantot atk\u0101rtoti, kas, k\u0101 j\u016bs piekrit\u012bsiet, ir \u013coti izdev\u012bgi. VARA T\u012aR\u012a\u0160ANAS L\u012aDZEK\u013bA...\" \/>\n<meta property=\"og:url\" content=\"https:\/\/funclean.eu\/lv\/product\/medlitr\/\" \/>\n<meta property=\"og:site_name\" content=\"Funclean\" \/>\n<meta property=\"article:publisher\" content=\"https:\/\/www.facebook.com\/groups\/436887375433126\/\" \/>\n<meta property=\"article:modified_time\" content=\"2026-04-07T16:35:15+00:00\" \/>\n<meta property=\"og:image\" content=\"https:\/\/funclean.eu\/wp-content\/uploads\/2020\/10\/var-b-1.jpg\" \/>\n\t<meta property=\"og:image:width\" content=\"2252\" \/>\n\t<meta property=\"og:image:height\" content=\"2252\" \/>\n\t<meta property=\"og:image:type\" content=\"image\/jpeg\" \/>\n<meta name=\"twitter:card\" content=\"summary_large_image\" \/>\n<meta name=\"twitter:label1\" content=\"Est. reading time\" \/>\n\t<meta name=\"twitter:data1\" content=\"1 minute\" \/>\n<script type=\"application\/ld+json\" class=\"yoast-schema-graph\">{\"@context\":\"https:\/\/schema.org\",\"@graph\":[{\"@type\":\"WebPage\",\"@id\":\"https:\/\/funclean.eu\/lv\/product\/medlitr\/\",\"url\":\"https:\/\/funclean.eu\/lv\/product\/medlitr\/\",\"name\":\"Vara t\u012br\u012b\u0161anas l\u012bdzeklis - 1 litrs. - Funclean\",\"isPartOf\":{\"@id\":\"https:\/\/funclean.eu\/#website\"},\"primaryImageOfPage\":{\"@id\":\"https:\/\/funclean.eu\/lv\/product\/medlitr\/#primaryimage\"},\"image\":{\"@id\":\"https:\/\/funclean.eu\/lv\/product\/medlitr\/#primaryimage\"},\"thumbnailUrl\":\"https:\/\/funclean.eu\/wp-content\/uploads\/2020\/10\/var-b-1.jpg\",\"datePublished\":\"2024-05-18T19:44:32+00:00\",\"dateModified\":\"2026-04-07T16:35:15+00:00\",\"breadcrumb\":{\"@id\":\"https:\/\/funclean.eu\/lv\/product\/medlitr\/#breadcrumb\"},\"inLanguage\":\"lv-LV\",\"potentialAction\":[{\"@type\":\"ReadAction\",\"target\":[\"https:\/\/funclean.eu\/lv\/product\/medlitr\/\"]}]},{\"@type\":\"ImageObject\",\"inLanguage\":\"lv-LV\",\"@id\":\"https:\/\/funclean.eu\/lv\/product\/medlitr\/#primaryimage\",\"url\":\"https:\/\/funclean.eu\/wp-content\/uploads\/2020\/10\/var-b-1.jpg\",\"contentUrl\":\"https:\/\/funclean.eu\/wp-content\/uploads\/2020\/10\/var-b-1.jpg\",\"width\":2252,\"height\":2252},{\"@type\":\"BreadcrumbList\",\"@id\":\"https:\/\/funclean.eu\/lv\/product\/medlitr\/#breadcrumb\",\"itemListElement\":[{\"@type\":\"ListItem\",\"position\":1,\"name\":\"\u0413\u043b\u0430\u0432\u043d\u0430\u044f \u0441\u0442\u0440\u0430\u043d\u0438\u0446\u0430\",\"item\":\"https:\/\/funclean.eu\/lt\/\"},{\"@type\":\"ListItem\",\"position\":2,\"name\":\"\u041a\u0430\u0442\u0430\u043b\u043e\u0433\",\"item\":\"https:\/\/funclean.eu\/shop\/\"},{\"@type\":\"ListItem\",\"position\":3,\"name\":\"Vara t\u012br\u012b\u0161anas l\u012bdzeklis &#8211; 1 litrs.\"}]},{\"@type\":\"WebSite\",\"@id\":\"https:\/\/funclean.eu\/#website\",\"url\":\"https:\/\/funclean.eu\/\",\"name\":\"FUNCLEAN.EU\",\"description\":\"\u041e\u0447\u0438\u0441\u0442\u043a\u0430 \u0438 \u0445\u0440\u0430\u043d\u0435\u043d\u0438\u0435 \u043c\u043e\u043d\u0435\u0442. \u041a\u0430\u043a \u0447\u0438\u0441\u0442\u0438\u0442\u044c \u043c\u043e\u043d\u0435\u0442\u044b \u0438 \u043d\u0430\u0445\u043e\u0434\u043a\u0438.\",\"potentialAction\":[{\"@type\":\"SearchAction\",\"target\":{\"@type\":\"EntryPoint\",\"urlTemplate\":\"https:\/\/funclean.eu\/?s={search_term_string}\"},\"query-input\":{\"@type\":\"PropertyValueSpecification\",\"valueRequired\":true,\"valueName\":\"search_term_string\"}}],\"inLanguage\":\"lv-LV\"}]}<\/script>\n<!-- \/ Yoast SEO plugin. -->","yoast_head_json":{"title":"Vara t\u012br\u012b\u0161anas l\u012bdzeklis - 1 litrs. - Funclean","robots":{"index":"index","follow":"follow","max-snippet":"max-snippet:-1","max-image-preview":"max-image-preview:large","max-video-preview":"max-video-preview:-1"},"canonical":"https:\/\/funclean.eu\/lv\/product\/medlitr\/","og_locale":"lv_LV","og_type":"article","og_title":"Vara t\u012br\u012b\u0161anas l\u012bdzeklis - 1 litrs. - Funclean","og_description":"Netrauc\u0113 met\u0101la strukt\u016bru. Labi no\u0146em uzkr\u0101jumus un oks\u012bdus, vienlaikus ir saudz\u012bgs pret priek\u0161metiem. L\u012bdzeklis iedarbojas tikai uz nos\u0113dumiem un oks\u012bdiem, neietekm\u0113jot emalju, sudrabojumu un zelt\u012bjumu uz t\u012br\u0101majiem priek\u0161metiem. Produkts tiek p\u0101rdots sl\u0113gt\u0101 1 litra iepakojum\u0101. \u0160is produkts kalpos ilgu laiku, jo to var izmantot atk\u0101rtoti, kas, k\u0101 j\u016bs piekrit\u012bsiet, ir \u013coti izdev\u012bgi. VARA T\u012aR\u012a\u0160ANAS L\u012aDZEK\u013bA...","og_url":"https:\/\/funclean.eu\/lv\/product\/medlitr\/","og_site_name":"Funclean","article_publisher":"https:\/\/www.facebook.com\/groups\/436887375433126\/","article_modified_time":"2026-04-07T16:35:15+00:00","og_image":[{"width":2252,"height":2252,"url":"https:\/\/funclean.eu\/wp-content\/uploads\/2020\/10\/var-b-1.jpg","type":"image\/jpeg"}],"twitter_card":"summary_large_image","twitter_misc":{"Est. reading time":"1 minute"},"schema":{"@context":"https:\/\/schema.org","@graph":[{"@type":"WebPage","@id":"https:\/\/funclean.eu\/lv\/product\/medlitr\/","url":"https:\/\/funclean.eu\/lv\/product\/medlitr\/","name":"Vara t\u012br\u012b\u0161anas l\u012bdzeklis - 1 litrs. - Funclean","isPartOf":{"@id":"https:\/\/funclean.eu\/#website"},"primaryImageOfPage":{"@id":"https:\/\/funclean.eu\/lv\/product\/medlitr\/#primaryimage"},"image":{"@id":"https:\/\/funclean.eu\/lv\/product\/medlitr\/#primaryimage"},"thumbnailUrl":"https:\/\/funclean.eu\/wp-content\/uploads\/2020\/10\/var-b-1.jpg","datePublished":"2024-05-18T19:44:32+00:00","dateModified":"2026-04-07T16:35:15+00:00","breadcrumb":{"@id":"https:\/\/funclean.eu\/lv\/product\/medlitr\/#breadcrumb"},"inLanguage":"lv-LV","potentialAction":[{"@type":"ReadAction","target":["https:\/\/funclean.eu\/lv\/product\/medlitr\/"]}]},{"@type":"ImageObject","inLanguage":"lv-LV","@id":"https:\/\/funclean.eu\/lv\/product\/medlitr\/#primaryimage","url":"https:\/\/funclean.eu\/wp-content\/uploads\/2020\/10\/var-b-1.jpg","contentUrl":"https:\/\/funclean.eu\/wp-content\/uploads\/2020\/10\/var-b-1.jpg","width":2252,"height":2252},{"@type":"BreadcrumbList","@id":"https:\/\/funclean.eu\/lv\/product\/medlitr\/#breadcrumb","itemListElement":[{"@type":"ListItem","position":1,"name":"\u0413\u043b\u0430\u0432\u043d\u0430\u044f \u0441\u0442\u0440\u0430\u043d\u0438\u0446\u0430","item":"https:\/\/funclean.eu\/lt\/"},{"@type":"ListItem","position":2,"name":"\u041a\u0430\u0442\u0430\u043b\u043e\u0433","item":"https:\/\/funclean.eu\/shop\/"},{"@type":"ListItem","position":3,"name":"Vara t\u012br\u012b\u0161anas l\u012bdzeklis &#8211; 1 litrs."}]},{"@type":"WebSite","@id":"https:\/\/funclean.eu\/#website","url":"https:\/\/funclean.eu\/","name":"FUNCLEAN.EU","description":"\u041e\u0447\u0438\u0441\u0442\u043a\u0430 \u0438 \u0445\u0440\u0430\u043d\u0435\u043d\u0438\u0435 \u043c\u043e\u043d\u0435\u0442. \u041a\u0430\u043a \u0447\u0438\u0441\u0442\u0438\u0442\u044c \u043c\u043e\u043d\u0435\u0442\u044b \u0438 \u043d\u0430\u0445\u043e\u0434\u043a\u0438.","potentialAction":[{"@type":"SearchAction","target":{"@type":"EntryPoint","urlTemplate":"https:\/\/funclean.eu\/?s={search_term_string}"},"query-input":{"@type":"PropertyValueSpecification","valueRequired":true,"valueName":"search_term_string"}}],"inLanguage":"lv-LV"}]}},"jetpack_sharing_enabled":true,"_links":{"self":[{"href":"https:\/\/funclean.eu\/lv\/wp-json\/wp\/v2\/product\/3937","targetHints":{"allow":["GET"]}}],"collection":[{"href":"https:\/\/funclean.eu\/lv\/wp-json\/wp\/v2\/product"}],"about":[{"href":"https:\/\/funclean.eu\/lv\/wp-json\/wp\/v2\/types\/product"}],"replies":[{"embeddable":true,"href":"https:\/\/funclean.eu\/lv\/wp-json\/wp\/v2\/comments?post=3937"}],"wp:featuredmedia":[{"embeddable":true,"href":"https:\/\/funclean.eu\/lv\/wp-json\/wp\/v2\/media\/3820"}],"wp:attachment":[{"href":"https:\/\/funclean.eu\/lv\/wp-json\/wp\/v2\/media?parent=3937"}],"wp:term":[{"taxonomy":"product_brand","embeddable":true,"href":"https:\/\/funclean.eu\/lv\/wp-json\/wp\/v2\/product_brand?post=3937"},{"taxonomy":"product_cat","embeddable":true,"href":"https:\/\/funclean.eu\/lv\/wp-json\/wp\/v2\/product_cat?post=3937"},{"taxonomy":"product_tag","embeddable":true,"href":"https:\/\/funclean.eu\/lv\/wp-json\/wp\/v2\/product_tag?post=3937"}],"curies":[{"name":"wp","href":"https:\/\/api.w.org\/{rel}","templated":true}]}}