{"id":3919,"date":"2024-05-18T19:24:05","date_gmt":"2024-05-18T19:24:05","guid":{"rendered":"https:\/\/funclean.eu\/product\/medkons\/"},"modified":"2026-04-07T16:35:46","modified_gmt":"2026-04-07T16:35:46","slug":"medkons","status":"publish","type":"product","link":"https:\/\/funclean.eu\/lv\/product\/medkons\/","title":{"rendered":"Komplekts. Vara t\u012br\u012b\u0161anas l\u012bdzeklis &#8211; 280 ml. + vara konservants &#8211; 20ml."},"content":{"rendered":"<p>Lab\u0101kais variants! P\u0113c tam, kad vara mon\u0113ta ir piln\u012bb\u0101 not\u012br\u012bta ar t\u012br\u012b\u0161anas l\u012bdzekli, to ieteicams saglab\u0101t. \u0160im nol\u016bkam ir pieejams pilns komplekts ar t\u012br\u012b\u0161anas l\u012bdzekli un konservantu.<\/p>\n<p>Vara t\u012br\u012b\u0161anas l\u012bdzeklis: univers\u0101ls t\u012br\u012b\u0161anas l\u012bdzeklis varam, bronzai un misi\u0146am. Netrauc\u0113 met\u0101la strukt\u016bru. Labi no\u0146em uzkr\u0101jumus un oks\u012bdus, vienlaikus ir saudz\u012bgs pret priek\u0161metiem. L\u012bdzeklis iedarbojas tikai uz nos\u0113dumiem un oks\u012bdiem, neietekm\u0113jot emalju, sudrabojumu un zelt\u012bjumu uz t\u012br\u0101majiem priek\u0161metiem. Produkts tiek p\u0101rdots sl\u0113gt\u0101 280 ml iepakojum\u0101. \u0160is produkts kalpos ilgu laiku, jo to var izmantot atk\u0101rtoti, kas, k\u0101 j\u016bs piekrit\u012bsiet, ir \u013coti izdev\u012bgi.<\/p>\n<p>Vara mon\u0113tu konserv\u0113\u0161anas l\u012bdzeklis: produkts ir paredz\u0113ts mon\u0113tu konserv\u0113\u0161anai. Izmanto, lai uz virsmas izveidotu aizsargpl\u0113vi. Pie\u0161\u0137ir mon\u0113t\u0101m sp\u012bdumu un spilgt\u0101ku reljefu. Ide\u0101li piem\u0113rots lieto\u0161anai p\u0113c vara t\u012br\u012b\u0161anas l\u012bdzek\u013ca.<\/p>\n<div style=\"width: 1080px;\" class=\"wp-video\"><!--[if lt IE 9]><script>document.createElement('video');<\/script><![endif]-->\n<video class=\"wp-video-shortcode\" id=\"video-3919-1\" width=\"1080\" height=\"1920\" preload=\"metadata\" controls=\"controls\"><source type=\"video\/mp4\" src=\"https:\/\/funclean.eu\/wp-content\/uploads\/2024\/06\/med.mp4?_=1\" \/><a href=\"https:\/\/funclean.eu\/wp-content\/uploads\/2024\/06\/med.mp4\">https:\/\/funclean.eu\/wp-content\/uploads\/2024\/06\/med.mp4<\/a><\/video><\/div>\n<p>VARA T\u012aR\u012a\u0160ANAS L\u012aDZEK\u013bA LIETO\u0160ANAS INSTRUKCIJAS:<\/p>\n<span class='mb-center maxbutton-1-center'><span class='maxbutton-1-container mb-container'><a class=\"maxbutton-1 maxbutton maxbutton-kak-patinirovat-smotrite-zdes\" href=\"https:\/\/funclean.eu\/lv\/ka-pareizi-tirit-vara-izstradajumus-ar-funclean\/\"><span class='mb-text'>LAS\u012aT<\/span><\/a><\/span><\/span>\n","protected":false},"excerpt":{"rendered":"<p>Lab\u0101kais variants! P\u0113c tam, kad vara mon\u0113ta ir piln\u012bb\u0101 not\u012br\u012bta ar t\u012br\u012b\u0161anas l\u012bdzekli, to ieteicams saglab\u0101t. \u0160im nol\u016bkam ir pieejams pilns komplekts ar t\u012br\u012b\u0161anas l\u012bdzekli un konservantu. Vara t\u012br\u012b\u0161anas l\u012bdzeklis: univers\u0101ls t\u012br\u012b\u0161anas l\u012bdzeklis varam, bronzai un misi\u0146am. Netrauc\u0113 met\u0101la strukt\u016bru. Labi no\u0146em uzkr\u0101jumus un oks\u012bdus, vienlaikus ir saudz\u012bgs pret priek\u0161metiem. L\u012bdzeklis iedarbojas tikai uz nos\u0113dumiem&#8230;<\/p>\n","protected":false},"featured_media":3775,"comment_status":"closed","ping_status":"closed","template":"","meta":{"_kad_post_transparent":"default","_kad_post_title":"","_kad_post_layout":"default","_kad_post_sidebar_id":"","_kad_post_content_style":"default","_kad_post_vertical_padding":"default","_kad_post_feature":"","_kad_post_feature_position":"","_kad_post_header":false,"_kad_post_footer":false},"product_brand":[],"product_cat":[37],"product_tag":[],"class_list":{"0":"post-3919","1":"product","2":"type-product","3":"status-publish","4":"has-post-thumbnail","6":"product_cat-tirisanasmonetas","8":"first","9":"instock","10":"shipping-taxable","11":"purchasable","12":"product-type-simple","13":"entry","14":"content-bg","15":"loop-entry"},"yoast_head":"<!-- This site is optimized with the Yoast SEO plugin v25.8 - https:\/\/yoast.com\/wordpress\/plugins\/seo\/ -->\n<title>Komplekts. Vara t\u012br\u012b\u0161anas l\u012bdzeklis - 280 ml. + vara konservants - 20ml. - Funclean<\/title>\n<meta name=\"robots\" content=\"index, follow, max-snippet:-1, max-image-preview:large, max-video-preview:-1\" \/>\n<link rel=\"canonical\" href=\"https:\/\/funclean.eu\/lv\/product\/medkons\/\" \/>\n<meta property=\"og:locale\" content=\"lv_LV\" \/>\n<meta property=\"og:type\" content=\"article\" \/>\n<meta property=\"og:title\" content=\"Komplekts. Vara t\u012br\u012b\u0161anas l\u012bdzeklis - 280 ml. + vara konservants - 20ml. - Funclean\" \/>\n<meta property=\"og:description\" content=\"Lab\u0101kais variants! P\u0113c tam, kad vara mon\u0113ta ir piln\u012bb\u0101 not\u012br\u012bta ar t\u012br\u012b\u0161anas l\u012bdzekli, to ieteicams saglab\u0101t. \u0160im nol\u016bkam ir pieejams pilns komplekts ar t\u012br\u012b\u0161anas l\u012bdzekli un konservantu. Vara t\u012br\u012b\u0161anas l\u012bdzeklis: univers\u0101ls t\u012br\u012b\u0161anas l\u012bdzeklis varam, bronzai un misi\u0146am. Netrauc\u0113 met\u0101la strukt\u016bru. Labi no\u0146em uzkr\u0101jumus un oks\u012bdus, vienlaikus ir saudz\u012bgs pret priek\u0161metiem. L\u012bdzeklis iedarbojas tikai uz nos\u0113dumiem...\" \/>\n<meta property=\"og:url\" content=\"https:\/\/funclean.eu\/lv\/product\/medkons\/\" \/>\n<meta property=\"og:site_name\" content=\"Funclean\" \/>\n<meta property=\"article:publisher\" content=\"https:\/\/www.facebook.com\/groups\/436887375433126\/\" \/>\n<meta property=\"article:modified_time\" content=\"2026-04-07T16:35:46+00:00\" \/>\n<meta property=\"og:image\" content=\"https:\/\/funclean.eu\/wp-content\/uploads\/2024\/05\/varcons-1.jpg\" \/>\n\t<meta property=\"og:image:width\" content=\"2252\" \/>\n\t<meta property=\"og:image:height\" content=\"2252\" \/>\n\t<meta property=\"og:image:type\" content=\"image\/jpeg\" \/>\n<meta name=\"twitter:card\" content=\"summary_large_image\" \/>\n<meta name=\"twitter:label1\" content=\"Est. reading time\" \/>\n\t<meta name=\"twitter:data1\" content=\"1 minute\" \/>\n<script type=\"application\/ld+json\" class=\"yoast-schema-graph\">{\"@context\":\"https:\/\/schema.org\",\"@graph\":[{\"@type\":\"WebPage\",\"@id\":\"https:\/\/funclean.eu\/lv\/product\/medkons\/\",\"url\":\"https:\/\/funclean.eu\/lv\/product\/medkons\/\",\"name\":\"Komplekts. Vara t\u012br\u012b\u0161anas l\u012bdzeklis - 280 ml. + vara konservants - 20ml. - Funclean\",\"isPartOf\":{\"@id\":\"https:\/\/funclean.eu\/#website\"},\"primaryImageOfPage\":{\"@id\":\"https:\/\/funclean.eu\/lv\/product\/medkons\/#primaryimage\"},\"image\":{\"@id\":\"https:\/\/funclean.eu\/lv\/product\/medkons\/#primaryimage\"},\"thumbnailUrl\":\"https:\/\/funclean.eu\/wp-content\/uploads\/2024\/05\/varcons-1.jpg\",\"datePublished\":\"2024-05-18T19:24:05+00:00\",\"dateModified\":\"2026-04-07T16:35:46+00:00\",\"breadcrumb\":{\"@id\":\"https:\/\/funclean.eu\/lv\/product\/medkons\/#breadcrumb\"},\"inLanguage\":\"lv-LV\",\"potentialAction\":[{\"@type\":\"ReadAction\",\"target\":[\"https:\/\/funclean.eu\/lv\/product\/medkons\/\"]}]},{\"@type\":\"ImageObject\",\"inLanguage\":\"lv-LV\",\"@id\":\"https:\/\/funclean.eu\/lv\/product\/medkons\/#primaryimage\",\"url\":\"https:\/\/funclean.eu\/wp-content\/uploads\/2024\/05\/varcons-1.jpg\",\"contentUrl\":\"https:\/\/funclean.eu\/wp-content\/uploads\/2024\/05\/varcons-1.jpg\",\"width\":2252,\"height\":2252},{\"@type\":\"BreadcrumbList\",\"@id\":\"https:\/\/funclean.eu\/lv\/product\/medkons\/#breadcrumb\",\"itemListElement\":[{\"@type\":\"ListItem\",\"position\":1,\"name\":\"\u0413\u043b\u0430\u0432\u043d\u0430\u044f \u0441\u0442\u0440\u0430\u043d\u0438\u0446\u0430\",\"item\":\"https:\/\/funclean.eu\/lt\/\"},{\"@type\":\"ListItem\",\"position\":2,\"name\":\"\u041a\u0430\u0442\u0430\u043b\u043e\u0433\",\"item\":\"https:\/\/funclean.eu\/shop\/\"},{\"@type\":\"ListItem\",\"position\":3,\"name\":\"Komplekts. Vara t\u012br\u012b\u0161anas l\u012bdzeklis &#8211; 280 ml. + vara konservants &#8211; 20ml.\"}]},{\"@type\":\"WebSite\",\"@id\":\"https:\/\/funclean.eu\/#website\",\"url\":\"https:\/\/funclean.eu\/\",\"name\":\"FUNCLEAN.EU\",\"description\":\"\u041e\u0447\u0438\u0441\u0442\u043a\u0430 \u0438 \u0445\u0440\u0430\u043d\u0435\u043d\u0438\u0435 \u043c\u043e\u043d\u0435\u0442. \u041a\u0430\u043a \u0447\u0438\u0441\u0442\u0438\u0442\u044c \u043c\u043e\u043d\u0435\u0442\u044b \u0438 \u043d\u0430\u0445\u043e\u0434\u043a\u0438.\",\"potentialAction\":[{\"@type\":\"SearchAction\",\"target\":{\"@type\":\"EntryPoint\",\"urlTemplate\":\"https:\/\/funclean.eu\/?s={search_term_string}\"},\"query-input\":{\"@type\":\"PropertyValueSpecification\",\"valueRequired\":true,\"valueName\":\"search_term_string\"}}],\"inLanguage\":\"lv-LV\"}]}<\/script>\n<!-- \/ Yoast SEO plugin. -->","yoast_head_json":{"title":"Komplekts. Vara t\u012br\u012b\u0161anas l\u012bdzeklis - 280 ml. + vara konservants - 20ml. - Funclean","robots":{"index":"index","follow":"follow","max-snippet":"max-snippet:-1","max-image-preview":"max-image-preview:large","max-video-preview":"max-video-preview:-1"},"canonical":"https:\/\/funclean.eu\/lv\/product\/medkons\/","og_locale":"lv_LV","og_type":"article","og_title":"Komplekts. Vara t\u012br\u012b\u0161anas l\u012bdzeklis - 280 ml. + vara konservants - 20ml. - Funclean","og_description":"Lab\u0101kais variants! P\u0113c tam, kad vara mon\u0113ta ir piln\u012bb\u0101 not\u012br\u012bta ar t\u012br\u012b\u0161anas l\u012bdzekli, to ieteicams saglab\u0101t. \u0160im nol\u016bkam ir pieejams pilns komplekts ar t\u012br\u012b\u0161anas l\u012bdzekli un konservantu. Vara t\u012br\u012b\u0161anas l\u012bdzeklis: univers\u0101ls t\u012br\u012b\u0161anas l\u012bdzeklis varam, bronzai un misi\u0146am. Netrauc\u0113 met\u0101la strukt\u016bru. Labi no\u0146em uzkr\u0101jumus un oks\u012bdus, vienlaikus ir saudz\u012bgs pret priek\u0161metiem. L\u012bdzeklis iedarbojas tikai uz nos\u0113dumiem...","og_url":"https:\/\/funclean.eu\/lv\/product\/medkons\/","og_site_name":"Funclean","article_publisher":"https:\/\/www.facebook.com\/groups\/436887375433126\/","article_modified_time":"2026-04-07T16:35:46+00:00","og_image":[{"width":2252,"height":2252,"url":"https:\/\/funclean.eu\/wp-content\/uploads\/2024\/05\/varcons-1.jpg","type":"image\/jpeg"}],"twitter_card":"summary_large_image","twitter_misc":{"Est. reading time":"1 minute"},"schema":{"@context":"https:\/\/schema.org","@graph":[{"@type":"WebPage","@id":"https:\/\/funclean.eu\/lv\/product\/medkons\/","url":"https:\/\/funclean.eu\/lv\/product\/medkons\/","name":"Komplekts. Vara t\u012br\u012b\u0161anas l\u012bdzeklis - 280 ml. + vara konservants - 20ml. - Funclean","isPartOf":{"@id":"https:\/\/funclean.eu\/#website"},"primaryImageOfPage":{"@id":"https:\/\/funclean.eu\/lv\/product\/medkons\/#primaryimage"},"image":{"@id":"https:\/\/funclean.eu\/lv\/product\/medkons\/#primaryimage"},"thumbnailUrl":"https:\/\/funclean.eu\/wp-content\/uploads\/2024\/05\/varcons-1.jpg","datePublished":"2024-05-18T19:24:05+00:00","dateModified":"2026-04-07T16:35:46+00:00","breadcrumb":{"@id":"https:\/\/funclean.eu\/lv\/product\/medkons\/#breadcrumb"},"inLanguage":"lv-LV","potentialAction":[{"@type":"ReadAction","target":["https:\/\/funclean.eu\/lv\/product\/medkons\/"]}]},{"@type":"ImageObject","inLanguage":"lv-LV","@id":"https:\/\/funclean.eu\/lv\/product\/medkons\/#primaryimage","url":"https:\/\/funclean.eu\/wp-content\/uploads\/2024\/05\/varcons-1.jpg","contentUrl":"https:\/\/funclean.eu\/wp-content\/uploads\/2024\/05\/varcons-1.jpg","width":2252,"height":2252},{"@type":"BreadcrumbList","@id":"https:\/\/funclean.eu\/lv\/product\/medkons\/#breadcrumb","itemListElement":[{"@type":"ListItem","position":1,"name":"\u0413\u043b\u0430\u0432\u043d\u0430\u044f \u0441\u0442\u0440\u0430\u043d\u0438\u0446\u0430","item":"https:\/\/funclean.eu\/lt\/"},{"@type":"ListItem","position":2,"name":"\u041a\u0430\u0442\u0430\u043b\u043e\u0433","item":"https:\/\/funclean.eu\/shop\/"},{"@type":"ListItem","position":3,"name":"Komplekts. Vara t\u012br\u012b\u0161anas l\u012bdzeklis &#8211; 280 ml. + vara konservants &#8211; 20ml."}]},{"@type":"WebSite","@id":"https:\/\/funclean.eu\/#website","url":"https:\/\/funclean.eu\/","name":"FUNCLEAN.EU","description":"\u041e\u0447\u0438\u0441\u0442\u043a\u0430 \u0438 \u0445\u0440\u0430\u043d\u0435\u043d\u0438\u0435 \u043c\u043e\u043d\u0435\u0442. \u041a\u0430\u043a \u0447\u0438\u0441\u0442\u0438\u0442\u044c \u043c\u043e\u043d\u0435\u0442\u044b \u0438 \u043d\u0430\u0445\u043e\u0434\u043a\u0438.","potentialAction":[{"@type":"SearchAction","target":{"@type":"EntryPoint","urlTemplate":"https:\/\/funclean.eu\/?s={search_term_string}"},"query-input":{"@type":"PropertyValueSpecification","valueRequired":true,"valueName":"search_term_string"}}],"inLanguage":"lv-LV"}]}},"jetpack_sharing_enabled":true,"_links":{"self":[{"href":"https:\/\/funclean.eu\/lv\/wp-json\/wp\/v2\/product\/3919","targetHints":{"allow":["GET"]}}],"collection":[{"href":"https:\/\/funclean.eu\/lv\/wp-json\/wp\/v2\/product"}],"about":[{"href":"https:\/\/funclean.eu\/lv\/wp-json\/wp\/v2\/types\/product"}],"replies":[{"embeddable":true,"href":"https:\/\/funclean.eu\/lv\/wp-json\/wp\/v2\/comments?post=3919"}],"wp:featuredmedia":[{"embeddable":true,"href":"https:\/\/funclean.eu\/lv\/wp-json\/wp\/v2\/media\/3775"}],"wp:attachment":[{"href":"https:\/\/funclean.eu\/lv\/wp-json\/wp\/v2\/media?parent=3919"}],"wp:term":[{"taxonomy":"product_brand","embeddable":true,"href":"https:\/\/funclean.eu\/lv\/wp-json\/wp\/v2\/product_brand?post=3919"},{"taxonomy":"product_cat","embeddable":true,"href":"https:\/\/funclean.eu\/lv\/wp-json\/wp\/v2\/product_cat?post=3919"},{"taxonomy":"product_tag","embeddable":true,"href":"https:\/\/funclean.eu\/lv\/wp-json\/wp\/v2\/product_tag?post=3919"}],"curies":[{"name":"wp","href":"https:\/\/api.w.org\/{rel}","templated":true}]}}