{"id":3915,"date":"2024-05-18T19:15:31","date_gmt":"2024-05-18T19:15:31","guid":{"rendered":"https:\/\/funclean.eu\/product\/alium\/"},"modified":"2026-04-07T15:02:11","modified_gmt":"2026-04-07T15:02:11","slug":"alium","status":"publish","type":"product","link":"https:\/\/funclean.eu\/lv\/product\/alium\/","title":{"rendered":"T\u012br\u012bt\u0101js alum\u012bnijam. bronzas &#8211; 280 ml. + misi\u0146a birste."},"content":{"rendered":"<p>Univers\u0101ls alum\u012bnija bronzas mon\u0113tu t\u012br\u012b\u0161anas l\u012bdzeklis ar misi\u0146a birst\u012bti. Lieliski piem\u0113rots 1926.-1957. gada padomju mon\u0113tu, kuru nomin\u0101lv\u0113rt\u012bba ir 1, 2, 3 un 5 kapeikas, un 1925. gada Lietuvas Smetonovas mon\u0113tu, kuru nomin\u0101lv\u0113rt\u012bba ir 1, 5, 10, 20 un 50 centu, t\u012br\u012b\u0161anai. Lieliski not\u012bra net\u012brumus, oks\u012bdus un nos\u0113dumus. Mon\u0113tai ir pievienota pul\u0113\u0161anas birste, lai t\u0101 atg\u016btu s\u0101kotn\u0113jo sp\u012bdumu.<\/p>\n<div style=\"width: 1080px;\" class=\"wp-video\"><!--[if lt IE 9]><script>document.createElement('video');<\/script><![endif]-->\n<video class=\"wp-video-shortcode\" id=\"video-3915-1\" width=\"1080\" height=\"1920\" preload=\"metadata\" controls=\"controls\"><source type=\"video\/mp4\" src=\"https:\/\/funclean.eu\/wp-content\/uploads\/2024\/05\/\u0427\u0438\u0441\u0442\u043a\u0430-\u043c\u043e\u043d\u0435\u0442-\u0438\u0437-\u0430\u043b\u044e\u043c\u0438\u043d\u0438\u0435\u0432\u043e\u0439-\u0431\u0440\u043e\u043d\u0437\u044b.mp4?_=1\" \/><a href=\"https:\/\/funclean.eu\/wp-content\/uploads\/2024\/05\/\u0427\u0438\u0441\u0442\u043a\u0430-\u043c\u043e\u043d\u0435\u0442-\u0438\u0437-\u0430\u043b\u044e\u043c\u0438\u043d\u0438\u0435\u0432\u043e\u0439-\u0431\u0440\u043e\u043d\u0437\u044b.mp4\">https:\/\/funclean.eu\/wp-content\/uploads\/2024\/05\/\u0427\u0438\u0441\u0442\u043a\u0430-\u043c\u043e\u043d\u0435\u0442-\u0438\u0437-\u0430\u043b\u044e\u043c\u0438\u043d\u0438\u0435\u0432\u043e\u0439-\u0431\u0440\u043e\u043d\u0437\u044b.mp4<\/a><\/video><\/div>\n<p>&nbsp;<\/p>\n<p>&nbsp;<\/p>\n","protected":false},"excerpt":{"rendered":"<p>Univers\u0101ls alum\u012bnija bronzas mon\u0113tu t\u012br\u012b\u0161anas l\u012bdzeklis ar misi\u0146a birst\u012bti. Lieliski piem\u0113rots 1926.-1957. gada padomju mon\u0113tu, kuru nomin\u0101lv\u0113rt\u012bba ir 1, 2, 3 un 5 kapeikas, un 1925. gada Lietuvas Smetonovas mon\u0113tu, kuru nomin\u0101lv\u0113rt\u012bba ir 1, 5, 10, 20 un 50 centu, t\u012br\u012b\u0161anai.<\/p>\n","protected":false},"featured_media":5962,"comment_status":"closed","ping_status":"closed","template":"","meta":{"_kad_post_transparent":"","_kad_post_title":"","_kad_post_layout":"","_kad_post_sidebar_id":"","_kad_post_content_style":"","_kad_post_vertical_padding":"","_kad_post_feature":"","_kad_post_feature_position":"","_kad_post_header":false,"_kad_post_footer":false},"product_brand":[],"product_cat":[37],"product_tag":[],"class_list":{"0":"post-3915","1":"product","2":"type-product","3":"status-publish","4":"has-post-thumbnail","6":"product_cat-tirisanasmonetas","8":"first","9":"instock","10":"featured","11":"shipping-taxable","12":"purchasable","13":"product-type-simple","14":"entry","15":"content-bg","16":"loop-entry"},"yoast_head":"<!-- This site is optimized with the Yoast SEO plugin v25.8 - https:\/\/yoast.com\/wordpress\/plugins\/seo\/ -->\n<title>T\u012br\u012bt\u0101js alum\u012bnijam. bronzas - 280 ml. + misi\u0146a birste. - Funclean<\/title>\n<meta name=\"robots\" content=\"index, follow, max-snippet:-1, max-image-preview:large, max-video-preview:-1\" \/>\n<link rel=\"canonical\" href=\"https:\/\/funclean.eu\/lv\/product\/alium\/\" \/>\n<meta property=\"og:locale\" content=\"lv_LV\" \/>\n<meta property=\"og:type\" content=\"article\" \/>\n<meta property=\"og:title\" content=\"T\u012br\u012bt\u0101js alum\u012bnijam. bronzas - 280 ml. + misi\u0146a birste. - Funclean\" \/>\n<meta property=\"og:description\" content=\"Univers\u0101ls alum\u012bnija bronzas mon\u0113tu t\u012br\u012b\u0161anas l\u012bdzeklis ar misi\u0146a birst\u012bti. Lieliski piem\u0113rots 1926.-1957. gada padomju mon\u0113tu, kuru nomin\u0101lv\u0113rt\u012bba ir 1, 2, 3 un 5 kapeikas, un 1925. gada Lietuvas Smetonovas mon\u0113tu, kuru nomin\u0101lv\u0113rt\u012bba ir 1, 5, 10, 20 un 50 centu, t\u012br\u012b\u0161anai.\" \/>\n<meta property=\"og:url\" content=\"https:\/\/funclean.eu\/lv\/product\/alium\/\" \/>\n<meta property=\"og:site_name\" content=\"Funclean\" \/>\n<meta property=\"article:publisher\" content=\"https:\/\/www.facebook.com\/groups\/436887375433126\/\" \/>\n<meta property=\"article:modified_time\" content=\"2026-04-07T15:02:11+00:00\" \/>\n<meta property=\"og:image\" content=\"https:\/\/funclean.eu\/wp-content\/uploads\/2024\/05\/al-3-1.jpg\" \/>\n\t<meta property=\"og:image:width\" content=\"2252\" \/>\n\t<meta property=\"og:image:height\" content=\"2252\" \/>\n\t<meta property=\"og:image:type\" content=\"image\/jpeg\" \/>\n<meta name=\"twitter:card\" content=\"summary_large_image\" \/>\n<script type=\"application\/ld+json\" class=\"yoast-schema-graph\">{\"@context\":\"https:\/\/schema.org\",\"@graph\":[{\"@type\":\"WebPage\",\"@id\":\"https:\/\/funclean.eu\/lv\/product\/alium\/\",\"url\":\"https:\/\/funclean.eu\/lv\/product\/alium\/\",\"name\":\"T\u012br\u012bt\u0101js alum\u012bnijam. bronzas - 280 ml. + misi\u0146a birste. - Funclean\",\"isPartOf\":{\"@id\":\"https:\/\/funclean.eu\/#website\"},\"primaryImageOfPage\":{\"@id\":\"https:\/\/funclean.eu\/lv\/product\/alium\/#primaryimage\"},\"image\":{\"@id\":\"https:\/\/funclean.eu\/lv\/product\/alium\/#primaryimage\"},\"thumbnailUrl\":\"https:\/\/funclean.eu\/wp-content\/uploads\/2024\/05\/al-3-1.jpg\",\"datePublished\":\"2024-05-18T19:15:31+00:00\",\"dateModified\":\"2026-04-07T15:02:11+00:00\",\"breadcrumb\":{\"@id\":\"https:\/\/funclean.eu\/lv\/product\/alium\/#breadcrumb\"},\"inLanguage\":\"lv-LV\",\"potentialAction\":[{\"@type\":\"ReadAction\",\"target\":[\"https:\/\/funclean.eu\/lv\/product\/alium\/\"]}]},{\"@type\":\"ImageObject\",\"inLanguage\":\"lv-LV\",\"@id\":\"https:\/\/funclean.eu\/lv\/product\/alium\/#primaryimage\",\"url\":\"https:\/\/funclean.eu\/wp-content\/uploads\/2024\/05\/al-3-1.jpg\",\"contentUrl\":\"https:\/\/funclean.eu\/wp-content\/uploads\/2024\/05\/al-3-1.jpg\",\"width\":2252,\"height\":2252},{\"@type\":\"BreadcrumbList\",\"@id\":\"https:\/\/funclean.eu\/lv\/product\/alium\/#breadcrumb\",\"itemListElement\":[{\"@type\":\"ListItem\",\"position\":1,\"name\":\"\u0413\u043b\u0430\u0432\u043d\u0430\u044f \u0441\u0442\u0440\u0430\u043d\u0438\u0446\u0430\",\"item\":\"https:\/\/funclean.eu\/lt\/\"},{\"@type\":\"ListItem\",\"position\":2,\"name\":\"\u041a\u0430\u0442\u0430\u043b\u043e\u0433\",\"item\":\"https:\/\/funclean.eu\/shop\/\"},{\"@type\":\"ListItem\",\"position\":3,\"name\":\"T\u012br\u012bt\u0101js alum\u012bnijam. bronzas &#8211; 280 ml. + misi\u0146a birste.\"}]},{\"@type\":\"WebSite\",\"@id\":\"https:\/\/funclean.eu\/#website\",\"url\":\"https:\/\/funclean.eu\/\",\"name\":\"FUNCLEAN.EU\",\"description\":\"\u041e\u0447\u0438\u0441\u0442\u043a\u0430 \u0438 \u0445\u0440\u0430\u043d\u0435\u043d\u0438\u0435 \u043c\u043e\u043d\u0435\u0442. \u041a\u0430\u043a \u0447\u0438\u0441\u0442\u0438\u0442\u044c \u043c\u043e\u043d\u0435\u0442\u044b \u0438 \u043d\u0430\u0445\u043e\u0434\u043a\u0438.\",\"potentialAction\":[{\"@type\":\"SearchAction\",\"target\":{\"@type\":\"EntryPoint\",\"urlTemplate\":\"https:\/\/funclean.eu\/?s={search_term_string}\"},\"query-input\":{\"@type\":\"PropertyValueSpecification\",\"valueRequired\":true,\"valueName\":\"search_term_string\"}}],\"inLanguage\":\"lv-LV\"}]}<\/script>\n<!-- \/ Yoast SEO plugin. -->","yoast_head_json":{"title":"T\u012br\u012bt\u0101js alum\u012bnijam. bronzas - 280 ml. + misi\u0146a birste. - Funclean","robots":{"index":"index","follow":"follow","max-snippet":"max-snippet:-1","max-image-preview":"max-image-preview:large","max-video-preview":"max-video-preview:-1"},"canonical":"https:\/\/funclean.eu\/lv\/product\/alium\/","og_locale":"lv_LV","og_type":"article","og_title":"T\u012br\u012bt\u0101js alum\u012bnijam. bronzas - 280 ml. + misi\u0146a birste. - Funclean","og_description":"Univers\u0101ls alum\u012bnija bronzas mon\u0113tu t\u012br\u012b\u0161anas l\u012bdzeklis ar misi\u0146a birst\u012bti. Lieliski piem\u0113rots 1926.-1957. gada padomju mon\u0113tu, kuru nomin\u0101lv\u0113rt\u012bba ir 1, 2, 3 un 5 kapeikas, un 1925. gada Lietuvas Smetonovas mon\u0113tu, kuru nomin\u0101lv\u0113rt\u012bba ir 1, 5, 10, 20 un 50 centu, t\u012br\u012b\u0161anai.","og_url":"https:\/\/funclean.eu\/lv\/product\/alium\/","og_site_name":"Funclean","article_publisher":"https:\/\/www.facebook.com\/groups\/436887375433126\/","article_modified_time":"2026-04-07T15:02:11+00:00","og_image":[{"width":2252,"height":2252,"url":"https:\/\/funclean.eu\/wp-content\/uploads\/2024\/05\/al-3-1.jpg","type":"image\/jpeg"}],"twitter_card":"summary_large_image","schema":{"@context":"https:\/\/schema.org","@graph":[{"@type":"WebPage","@id":"https:\/\/funclean.eu\/lv\/product\/alium\/","url":"https:\/\/funclean.eu\/lv\/product\/alium\/","name":"T\u012br\u012bt\u0101js alum\u012bnijam. bronzas - 280 ml. + misi\u0146a birste. - Funclean","isPartOf":{"@id":"https:\/\/funclean.eu\/#website"},"primaryImageOfPage":{"@id":"https:\/\/funclean.eu\/lv\/product\/alium\/#primaryimage"},"image":{"@id":"https:\/\/funclean.eu\/lv\/product\/alium\/#primaryimage"},"thumbnailUrl":"https:\/\/funclean.eu\/wp-content\/uploads\/2024\/05\/al-3-1.jpg","datePublished":"2024-05-18T19:15:31+00:00","dateModified":"2026-04-07T15:02:11+00:00","breadcrumb":{"@id":"https:\/\/funclean.eu\/lv\/product\/alium\/#breadcrumb"},"inLanguage":"lv-LV","potentialAction":[{"@type":"ReadAction","target":["https:\/\/funclean.eu\/lv\/product\/alium\/"]}]},{"@type":"ImageObject","inLanguage":"lv-LV","@id":"https:\/\/funclean.eu\/lv\/product\/alium\/#primaryimage","url":"https:\/\/funclean.eu\/wp-content\/uploads\/2024\/05\/al-3-1.jpg","contentUrl":"https:\/\/funclean.eu\/wp-content\/uploads\/2024\/05\/al-3-1.jpg","width":2252,"height":2252},{"@type":"BreadcrumbList","@id":"https:\/\/funclean.eu\/lv\/product\/alium\/#breadcrumb","itemListElement":[{"@type":"ListItem","position":1,"name":"\u0413\u043b\u0430\u0432\u043d\u0430\u044f \u0441\u0442\u0440\u0430\u043d\u0438\u0446\u0430","item":"https:\/\/funclean.eu\/lt\/"},{"@type":"ListItem","position":2,"name":"\u041a\u0430\u0442\u0430\u043b\u043e\u0433","item":"https:\/\/funclean.eu\/shop\/"},{"@type":"ListItem","position":3,"name":"T\u012br\u012bt\u0101js alum\u012bnijam. bronzas &#8211; 280 ml. + misi\u0146a birste."}]},{"@type":"WebSite","@id":"https:\/\/funclean.eu\/#website","url":"https:\/\/funclean.eu\/","name":"FUNCLEAN.EU","description":"\u041e\u0447\u0438\u0441\u0442\u043a\u0430 \u0438 \u0445\u0440\u0430\u043d\u0435\u043d\u0438\u0435 \u043c\u043e\u043d\u0435\u0442. \u041a\u0430\u043a \u0447\u0438\u0441\u0442\u0438\u0442\u044c \u043c\u043e\u043d\u0435\u0442\u044b \u0438 \u043d\u0430\u0445\u043e\u0434\u043a\u0438.","potentialAction":[{"@type":"SearchAction","target":{"@type":"EntryPoint","urlTemplate":"https:\/\/funclean.eu\/?s={search_term_string}"},"query-input":{"@type":"PropertyValueSpecification","valueRequired":true,"valueName":"search_term_string"}}],"inLanguage":"lv-LV"}]}},"jetpack_sharing_enabled":true,"_links":{"self":[{"href":"https:\/\/funclean.eu\/lv\/wp-json\/wp\/v2\/product\/3915","targetHints":{"allow":["GET"]}}],"collection":[{"href":"https:\/\/funclean.eu\/lv\/wp-json\/wp\/v2\/product"}],"about":[{"href":"https:\/\/funclean.eu\/lv\/wp-json\/wp\/v2\/types\/product"}],"replies":[{"embeddable":true,"href":"https:\/\/funclean.eu\/lv\/wp-json\/wp\/v2\/comments?post=3915"}],"wp:featuredmedia":[{"embeddable":true,"href":"https:\/\/funclean.eu\/lv\/wp-json\/wp\/v2\/media\/5962"}],"wp:attachment":[{"href":"https:\/\/funclean.eu\/lv\/wp-json\/wp\/v2\/media?parent=3915"}],"wp:term":[{"taxonomy":"product_brand","embeddable":true,"href":"https:\/\/funclean.eu\/lv\/wp-json\/wp\/v2\/product_brand?post=3915"},{"taxonomy":"product_cat","embeddable":true,"href":"https:\/\/funclean.eu\/lv\/wp-json\/wp\/v2\/product_cat?post=3915"},{"taxonomy":"product_tag","embeddable":true,"href":"https:\/\/funclean.eu\/lv\/wp-json\/wp\/v2\/product_tag?post=3915"}],"curies":[{"name":"wp","href":"https:\/\/api.w.org\/{rel}","templated":true}]}}