{"id":6298,"date":"2025-02-24T13:12:17","date_gmt":"2025-02-24T13:12:17","guid":{"rendered":"https:\/\/funclean.eu\/ka-cistit\/"},"modified":"2025-02-24T13:37:11","modified_gmt":"2025-02-24T13:37:11","slug":"ka-cistit","status":"publish","type":"page","link":"https:\/\/funclean.eu\/lv\/ka-cistit\/","title":{"rendered":"K\u0101 t\u012br\u012bt"},"content":{"rendered":"\n<p><strong>K\u0101 t\u012br\u012bt alum\u012bnija bronzas mon\u0113tas:<\/strong><\/p>\n\n\n<div class=\"wp-block-image\">\n<figure class=\"aligncenter size-full\"><img decoding=\"async\" width=\"200\" height=\"200\" src=\"https:\/\/funclean.eu\/wp-content\/uploads\/2025\/02\/ikonka-al.jpg\" alt=\"\" class=\"wp-image-6235\" srcset=\"https:\/\/funclean.eu\/wp-content\/uploads\/2025\/02\/ikonka-al.jpg 200w, https:\/\/funclean.eu\/wp-content\/uploads\/2025\/02\/ikonka-al-150x150.jpg 150w, https:\/\/funclean.eu\/wp-content\/uploads\/2025\/02\/ikonka-al-100x100.jpg 100w\" sizes=\"(max-width: 200px) 100vw, 200px\" \/><\/figure><\/div>\n\n<span class='mb-center maxbutton-1-center'><span class='maxbutton-1-container mb-container'><a class=\"maxbutton-1 maxbutton maxbutton-kak-patinirovat-smotrite-zdes\" href=\"https:\/\/funclean.eu\/lv\/ka-pareizi-tirit-aluminija-bronzas-monetas\/\"><span class='mb-text'>LAS\u012aT<\/span><\/a><\/span><\/span>\n\n\n\n<p><\/p>\n\n\n\n<p><strong>K\u0101 t\u012br\u012bt vara mon\u0113tas un citus vara priek\u0161metus:<\/strong><\/p>\n\n\n<div class=\"wp-block-image\">\n<figure class=\"aligncenter size-full\"><img decoding=\"async\" width=\"200\" height=\"200\" src=\"https:\/\/funclean.eu\/wp-content\/uploads\/2025\/02\/ikonka-med.jpg\" alt=\"\" class=\"wp-image-6228\" srcset=\"https:\/\/funclean.eu\/wp-content\/uploads\/2025\/02\/ikonka-med.jpg 200w, https:\/\/funclean.eu\/wp-content\/uploads\/2025\/02\/ikonka-med-150x150.jpg 150w, https:\/\/funclean.eu\/wp-content\/uploads\/2025\/02\/ikonka-med-100x100.jpg 100w\" sizes=\"(max-width: 200px) 100vw, 200px\" \/><\/figure><\/div>\n\n<span class='mb-center maxbutton-1-center'><span class='maxbutton-1-container mb-container'><a class=\"maxbutton-1 maxbutton maxbutton-kak-patinirovat-smotrite-zdes\" href=\"https:\/\/funclean.eu\/lv\/ka-pareizi-tirit-vara-izstradajumus-ar-funclean\/\"><span class='mb-text'>LAS\u012aT<\/span><\/a><\/span><\/span>\n\n\n\n<p><\/p>\n\n\n\n<p><strong>K\u0101 t\u012br\u012bt sudrabu:<\/strong><\/p>\n\n\n<div class=\"wp-block-image\">\n<figure class=\"aligncenter size-full\"><img decoding=\"async\" width=\"200\" height=\"200\" src=\"https:\/\/funclean.eu\/wp-content\/uploads\/2025\/02\/ikonka-ser.jpg\" alt=\"\" class=\"wp-image-6239\" srcset=\"https:\/\/funclean.eu\/wp-content\/uploads\/2025\/02\/ikonka-ser.jpg 200w, https:\/\/funclean.eu\/wp-content\/uploads\/2025\/02\/ikonka-ser-150x150.jpg 150w, https:\/\/funclean.eu\/wp-content\/uploads\/2025\/02\/ikonka-ser-100x100.jpg 100w\" sizes=\"(max-width: 200px) 100vw, 200px\" \/><\/figure><\/div>\n\n<span class='mb-center maxbutton-1-center'><span class='maxbutton-1-container mb-container'><a class=\"maxbutton-1 maxbutton maxbutton-kak-patinirovat-smotrite-zdes\" href=\"https:\/\/funclean.eu\/lv\/ka-pareizi-tirit-sudrabu-ar-funclean\/\"><span class='mb-text'>LAS\u012aT<\/span><\/a><\/span><\/span>\n\n\n\n<p><\/p>\n\n\n\n<p><strong>K\u0101 patin\u0113t varu:<\/strong><\/p>\n\n\n<div class=\"wp-block-image\">\n<figure class=\"aligncenter size-full\"><img loading=\"lazy\" decoding=\"async\" width=\"200\" height=\"200\" src=\"https:\/\/funclean.eu\/wp-content\/uploads\/2025\/02\/ikonka-pat.jpg\" alt=\"\" class=\"wp-image-6244\" srcset=\"https:\/\/funclean.eu\/wp-content\/uploads\/2025\/02\/ikonka-pat.jpg 200w, https:\/\/funclean.eu\/wp-content\/uploads\/2025\/02\/ikonka-pat-150x150.jpg 150w, https:\/\/funclean.eu\/wp-content\/uploads\/2025\/02\/ikonka-pat-100x100.jpg 100w\" sizes=\"(max-width: 200px) 100vw, 200px\" \/><\/figure><\/div>\n\n<span class='mb-center maxbutton-1-center'><span class='maxbutton-1-container mb-container'><a class=\"maxbutton-1 maxbutton maxbutton-kak-patinirovat-smotrite-zdes\" href=\"https:\/\/funclean.eu\/lv\/ka-pareizi-patinet-vara-prieksmetus-ar-funclean-patinesanas-lidzekli-2\/\"><span class='mb-text'>LAS\u012aT<\/span><\/a><\/span><\/span>\n\n\n\n<p><\/p>\n\n\n\n<p><strong>K\u0101 t\u012br\u012bt vara-ni\u0137e\u013ca mon\u0113tas:<\/strong><\/p>\n\n\n<div class=\"wp-block-image\">\n<figure class=\"aligncenter size-full\"><img loading=\"lazy\" decoding=\"async\" width=\"200\" height=\"200\" src=\"https:\/\/funclean.eu\/wp-content\/uploads\/2025\/02\/ikonka-nikel-4.jpg\" alt=\"\" class=\"wp-image-6264\" srcset=\"https:\/\/funclean.eu\/wp-content\/uploads\/2025\/02\/ikonka-nikel-4.jpg 200w, https:\/\/funclean.eu\/wp-content\/uploads\/2025\/02\/ikonka-nikel-4-150x150.jpg 150w, https:\/\/funclean.eu\/wp-content\/uploads\/2025\/02\/ikonka-nikel-4-100x100.jpg 100w\" sizes=\"(max-width: 200px) 100vw, 200px\" \/><\/figure><\/div>\n\n<span class='mb-center maxbutton-1-center'><span class='maxbutton-1-container mb-container'><a class=\"maxbutton-1 maxbutton maxbutton-kak-patinirovat-smotrite-zdes\" href=\"https:\/\/funclean.eu\/lv\/medno-nikelevye\/\"><span class='mb-text'>LAS\u012aT<\/span><\/a><\/span><\/span>\n\n\n\n<p><\/p>\n","protected":false},"excerpt":{"rendered":"<p>K\u0101 t\u012br\u012bt alum\u012bnija bronzas mon\u0113tas: K\u0101 t\u012br\u012bt vara mon\u0113tas un citus vara priek\u0161metus: K\u0101 t\u012br\u012bt sudrabu: K\u0101 patin\u0113t varu: K\u0101 t\u012br\u012bt vara-ni\u0137e\u013ca mon\u0113tas:<\/p>\n","protected":false},"author":1,"featured_media":0,"parent":0,"menu_order":0,"comment_status":"closed","ping_status":"closed","template":"","meta":{"_kad_post_transparent":"","_kad_post_title":"","_kad_post_layout":"","_kad_post_sidebar_id":"","_kad_post_content_style":"","_kad_post_vertical_padding":"","_kad_post_feature":"","_kad_post_feature_position":"","_kad_post_header":false,"_kad_post_footer":false,"footnotes":""},"class_list":["post-6298","page","type-page","status-publish","hentry"],"yoast_head":"<!-- This site is optimized with the Yoast SEO plugin v25.8 - https:\/\/yoast.com\/wordpress\/plugins\/seo\/ -->\n<title>K\u0101 t\u012br\u012bt - Funclean<\/title>\n<meta name=\"robots\" content=\"index, follow, max-snippet:-1, max-image-preview:large, max-video-preview:-1\" \/>\n<link rel=\"canonical\" href=\"https:\/\/funclean.eu\/kak-chistit\/\" \/>\n<meta property=\"og:locale\" content=\"lv_LV\" \/>\n<meta property=\"og:type\" content=\"article\" \/>\n<meta property=\"og:title\" content=\"K\u0101 t\u012br\u012bt - Funclean\" \/>\n<meta property=\"og:description\" content=\"K\u0101 t\u012br\u012bt alum\u012bnija bronzas mon\u0113tas: K\u0101 t\u012br\u012bt vara mon\u0113tas un citus vara priek\u0161metus: K\u0101 t\u012br\u012bt sudrabu: K\u0101 patin\u0113t varu: K\u0101 t\u012br\u012bt vara-ni\u0137e\u013ca mon\u0113tas:\" \/>\n<meta property=\"og:url\" content=\"https:\/\/funclean.eu\/kak-chistit\/\" \/>\n<meta property=\"og:site_name\" content=\"Funclean\" \/>\n<meta property=\"article:publisher\" content=\"https:\/\/www.facebook.com\/groups\/436887375433126\/\" \/>\n<meta property=\"article:modified_time\" content=\"2025-02-24T13:37:11+00:00\" \/>\n<meta property=\"og:image\" content=\"https:\/\/funclean.eu\/wp-content\/uploads\/2025\/02\/ikonka-al.jpg\" \/>\n<meta name=\"twitter:card\" content=\"summary_large_image\" \/>\n<script type=\"application\/ld+json\" class=\"yoast-schema-graph\">{\"@context\":\"https:\/\/schema.org\",\"@graph\":[{\"@type\":\"WebPage\",\"@id\":\"https:\/\/funclean.eu\/kak-chistit\/\",\"url\":\"https:\/\/funclean.eu\/kak-chistit\/\",\"name\":\"K\u0101 t\u012br\u012bt - Funclean\",\"isPartOf\":{\"@id\":\"https:\/\/funclean.eu\/#website\"},\"primaryImageOfPage\":{\"@id\":\"https:\/\/funclean.eu\/kak-chistit\/#primaryimage\"},\"image\":{\"@id\":\"https:\/\/funclean.eu\/kak-chistit\/#primaryimage\"},\"thumbnailUrl\":\"https:\/\/funclean.eu\/wp-content\/uploads\/2025\/02\/ikonka-al.jpg\",\"datePublished\":\"2025-02-24T13:12:17+00:00\",\"dateModified\":\"2025-02-24T13:37:11+00:00\",\"breadcrumb\":{\"@id\":\"https:\/\/funclean.eu\/kak-chistit\/#breadcrumb\"},\"inLanguage\":\"lv-LV\",\"potentialAction\":[{\"@type\":\"ReadAction\",\"target\":[\"https:\/\/funclean.eu\/kak-chistit\/\"]}]},{\"@type\":\"ImageObject\",\"inLanguage\":\"lv-LV\",\"@id\":\"https:\/\/funclean.eu\/kak-chistit\/#primaryimage\",\"url\":\"https:\/\/funclean.eu\/wp-content\/uploads\/2025\/02\/ikonka-al.jpg\",\"contentUrl\":\"https:\/\/funclean.eu\/wp-content\/uploads\/2025\/02\/ikonka-al.jpg\"},{\"@type\":\"BreadcrumbList\",\"@id\":\"https:\/\/funclean.eu\/kak-chistit\/#breadcrumb\",\"itemListElement\":[{\"@type\":\"ListItem\",\"position\":1,\"name\":\"\u0413\u043b\u0430\u0432\u043d\u0430\u044f \u0441\u0442\u0440\u0430\u043d\u0438\u0446\u0430\",\"item\":\"https:\/\/funclean.eu\/lt\/\"},{\"@type\":\"ListItem\",\"position\":2,\"name\":\"K\u0101 t\u012br\u012bt\"}]},{\"@type\":\"WebSite\",\"@id\":\"https:\/\/funclean.eu\/#website\",\"url\":\"https:\/\/funclean.eu\/\",\"name\":\"FUNCLEAN.EU\",\"description\":\"\u041e\u0447\u0438\u0441\u0442\u043a\u0430 \u0438 \u0445\u0440\u0430\u043d\u0435\u043d\u0438\u0435 \u043c\u043e\u043d\u0435\u0442. \u041a\u0430\u043a \u0447\u0438\u0441\u0442\u0438\u0442\u044c \u043c\u043e\u043d\u0435\u0442\u044b \u0438 \u043d\u0430\u0445\u043e\u0434\u043a\u0438.\",\"potentialAction\":[{\"@type\":\"SearchAction\",\"target\":{\"@type\":\"EntryPoint\",\"urlTemplate\":\"https:\/\/funclean.eu\/?s={search_term_string}\"},\"query-input\":{\"@type\":\"PropertyValueSpecification\",\"valueRequired\":true,\"valueName\":\"search_term_string\"}}],\"inLanguage\":\"lv-LV\"}]}<\/script>\n<!-- \/ Yoast SEO plugin. -->","yoast_head_json":{"title":"K\u0101 t\u012br\u012bt - Funclean","robots":{"index":"index","follow":"follow","max-snippet":"max-snippet:-1","max-image-preview":"max-image-preview:large","max-video-preview":"max-video-preview:-1"},"canonical":"https:\/\/funclean.eu\/kak-chistit\/","og_locale":"lv_LV","og_type":"article","og_title":"K\u0101 t\u012br\u012bt - Funclean","og_description":"K\u0101 t\u012br\u012bt alum\u012bnija bronzas mon\u0113tas: K\u0101 t\u012br\u012bt vara mon\u0113tas un citus vara priek\u0161metus: K\u0101 t\u012br\u012bt sudrabu: K\u0101 patin\u0113t varu: K\u0101 t\u012br\u012bt vara-ni\u0137e\u013ca mon\u0113tas:","og_url":"https:\/\/funclean.eu\/kak-chistit\/","og_site_name":"Funclean","article_publisher":"https:\/\/www.facebook.com\/groups\/436887375433126\/","article_modified_time":"2025-02-24T13:37:11+00:00","og_image":[{"url":"https:\/\/funclean.eu\/wp-content\/uploads\/2025\/02\/ikonka-al.jpg","type":"","width":"","height":""}],"twitter_card":"summary_large_image","schema":{"@context":"https:\/\/schema.org","@graph":[{"@type":"WebPage","@id":"https:\/\/funclean.eu\/kak-chistit\/","url":"https:\/\/funclean.eu\/kak-chistit\/","name":"K\u0101 t\u012br\u012bt - Funclean","isPartOf":{"@id":"https:\/\/funclean.eu\/#website"},"primaryImageOfPage":{"@id":"https:\/\/funclean.eu\/kak-chistit\/#primaryimage"},"image":{"@id":"https:\/\/funclean.eu\/kak-chistit\/#primaryimage"},"thumbnailUrl":"https:\/\/funclean.eu\/wp-content\/uploads\/2025\/02\/ikonka-al.jpg","datePublished":"2025-02-24T13:12:17+00:00","dateModified":"2025-02-24T13:37:11+00:00","breadcrumb":{"@id":"https:\/\/funclean.eu\/kak-chistit\/#breadcrumb"},"inLanguage":"lv-LV","potentialAction":[{"@type":"ReadAction","target":["https:\/\/funclean.eu\/kak-chistit\/"]}]},{"@type":"ImageObject","inLanguage":"lv-LV","@id":"https:\/\/funclean.eu\/kak-chistit\/#primaryimage","url":"https:\/\/funclean.eu\/wp-content\/uploads\/2025\/02\/ikonka-al.jpg","contentUrl":"https:\/\/funclean.eu\/wp-content\/uploads\/2025\/02\/ikonka-al.jpg"},{"@type":"BreadcrumbList","@id":"https:\/\/funclean.eu\/kak-chistit\/#breadcrumb","itemListElement":[{"@type":"ListItem","position":1,"name":"\u0413\u043b\u0430\u0432\u043d\u0430\u044f \u0441\u0442\u0440\u0430\u043d\u0438\u0446\u0430","item":"https:\/\/funclean.eu\/lt\/"},{"@type":"ListItem","position":2,"name":"K\u0101 t\u012br\u012bt"}]},{"@type":"WebSite","@id":"https:\/\/funclean.eu\/#website","url":"https:\/\/funclean.eu\/","name":"FUNCLEAN.EU","description":"\u041e\u0447\u0438\u0441\u0442\u043a\u0430 \u0438 \u0445\u0440\u0430\u043d\u0435\u043d\u0438\u0435 \u043c\u043e\u043d\u0435\u0442. \u041a\u0430\u043a \u0447\u0438\u0441\u0442\u0438\u0442\u044c \u043c\u043e\u043d\u0435\u0442\u044b \u0438 \u043d\u0430\u0445\u043e\u0434\u043a\u0438.","potentialAction":[{"@type":"SearchAction","target":{"@type":"EntryPoint","urlTemplate":"https:\/\/funclean.eu\/?s={search_term_string}"},"query-input":{"@type":"PropertyValueSpecification","valueRequired":true,"valueName":"search_term_string"}}],"inLanguage":"lv-LV"}]}},"jetpack_sharing_enabled":true,"_links":{"self":[{"href":"https:\/\/funclean.eu\/lv\/wp-json\/wp\/v2\/pages\/6298","targetHints":{"allow":["GET"]}}],"collection":[{"href":"https:\/\/funclean.eu\/lv\/wp-json\/wp\/v2\/pages"}],"about":[{"href":"https:\/\/funclean.eu\/lv\/wp-json\/wp\/v2\/types\/page"}],"author":[{"embeddable":true,"href":"https:\/\/funclean.eu\/lv\/wp-json\/wp\/v2\/users\/1"}],"replies":[{"embeddable":true,"href":"https:\/\/funclean.eu\/lv\/wp-json\/wp\/v2\/comments?post=6298"}],"version-history":[{"count":8,"href":"https:\/\/funclean.eu\/lv\/wp-json\/wp\/v2\/pages\/6298\/revisions"}],"predecessor-version":[{"id":6335,"href":"https:\/\/funclean.eu\/lv\/wp-json\/wp\/v2\/pages\/6298\/revisions\/6335"}],"wp:attachment":[{"href":"https:\/\/funclean.eu\/lv\/wp-json\/wp\/v2\/media?parent=6298"}],"curies":[{"name":"wp","href":"https:\/\/api.w.org\/{rel}","templated":true}]}}