{"id":6188,"date":"2025-02-24T10:33:18","date_gmt":"2025-02-24T10:33:18","guid":{"rendered":"https:\/\/funclean.eu\/medno-nikelevye\/"},"modified":"2025-02-24T11:25:56","modified_gmt":"2025-02-24T11:25:56","slug":"medno-nikelevye","status":"publish","type":"page","link":"https:\/\/funclean.eu\/lv\/medno-nikelevye\/","title":{"rendered":"K\u0101 t\u012br\u012bt vara-ni\u0137e\u013ca mon\u0113tas"},"content":{"rendered":"\n<p>LIETOT CIMDUS, AIZSARGBRILLES UN RESPIRATORU.<\/p>\n<div class=\"wp-block-image\">\n<figure class=\"aligncenter size-full\"><img fetchpriority=\"high\" decoding=\"async\" width=\"800\" height=\"280\" src=\"https:\/\/funclean.eu\/wp-content\/uploads\/2024\/04\/ochki-perchatki-respiratory.webp\" alt=\"\" class=\"wp-image-3077\" srcset=\"https:\/\/funclean.eu\/wp-content\/uploads\/2024\/04\/ochki-perchatki-respiratory.webp 800w, https:\/\/funclean.eu\/wp-content\/uploads\/2024\/04\/ochki-perchatki-respiratory-300x105.webp 300w, https:\/\/funclean.eu\/wp-content\/uploads\/2024\/04\/ochki-perchatki-respiratory-768x269.webp 768w, https:\/\/funclean.eu\/wp-content\/uploads\/2024\/04\/ochki-perchatki-respiratory-700x245.webp 700w\" sizes=\"(max-width: 800px) 100vw, 800px\" \/><\/figure><\/div>\n<p><strong>PIETEIKUMS:  <\/strong><\/p>\n\n<ol class=\"wp-block-list\">\n<li>  Da\u013cu \u0161\u0137\u012bduma ielej trauk\u0101 un uz da\u017e\u0101m sekund\u0113m (30-60 sekund\u0113m) ievieto taj\u0101 mon\u0113tu.<\/li>\n<\/ol>\n<div class=\"wp-block-image\">\n<figure class=\"aligncenter size-large\"><img decoding=\"async\" width=\"1024\" height=\"455\" src=\"https:\/\/funclean.eu\/wp-content\/uploads\/2025\/02\/md1-1024x455.jpg\" alt=\"\" class=\"wp-image-6183\" srcset=\"https:\/\/funclean.eu\/wp-content\/uploads\/2025\/02\/md1-1024x455.jpg 1024w, https:\/\/funclean.eu\/wp-content\/uploads\/2025\/02\/md1-300x133.jpg 300w, https:\/\/funclean.eu\/wp-content\/uploads\/2025\/02\/md1-768x341.jpg 768w, https:\/\/funclean.eu\/wp-content\/uploads\/2025\/02\/md1-1536x683.jpg 1536w, https:\/\/funclean.eu\/wp-content\/uploads\/2025\/02\/md1-2048x910.jpg 2048w, https:\/\/funclean.eu\/wp-content\/uploads\/2025\/02\/md1-700x311.jpg 700w\" sizes=\"(max-width: 1024px) 100vw, 1024px\" \/><\/figure><\/div>\n<p>  2. PERIODISKI MEST MON\u0112TU.  <\/p>\n\n<p>  3. IZVILKT UN APSTR\u0100D\u0100T AR MISI\u0145A SUKU.<\/p>\n<div class=\"wp-block-image\">\n<figure class=\"aligncenter size-large\"><img decoding=\"async\" width=\"1024\" height=\"455\" src=\"https:\/\/funclean.eu\/wp-content\/uploads\/2025\/02\/md2-1024x455.jpg\" alt=\"\" class=\"wp-image-6198\" srcset=\"https:\/\/funclean.eu\/wp-content\/uploads\/2025\/02\/md2-1024x455.jpg 1024w, https:\/\/funclean.eu\/wp-content\/uploads\/2025\/02\/md2-300x133.jpg 300w, https:\/\/funclean.eu\/wp-content\/uploads\/2025\/02\/md2-768x341.jpg 768w, https:\/\/funclean.eu\/wp-content\/uploads\/2025\/02\/md2-1536x683.jpg 1536w, https:\/\/funclean.eu\/wp-content\/uploads\/2025\/02\/md2-2048x910.jpg 2048w, https:\/\/funclean.eu\/wp-content\/uploads\/2025\/02\/md2-700x311.jpg 700w\" sizes=\"(max-width: 1024px) 100vw, 1024px\" \/><\/figure><\/div>\n<p>  4. PROCED\u016aRU VAR ATK\u0100RTOT, L\u012aDZ TIEK SASNIEGTS V\u0112LAMAIS REZULT\u0100TS.  <\/p>\n\n<p>  5. P\u0112C APSTR\u0100DES MON\u0112TA LABI J\u0100NOSKALO AR \u016aDENI UN J\u0100NOSUSINA.<\/p>\n\n<figure class=\"wp-block-gallery aligncenter has-nested-images columns-default is-cropped wp-block-gallery-1 is-layout-flex wp-block-gallery-is-layout-flex\">\n<figure class=\"wp-block-image size-large\"><img loading=\"lazy\" decoding=\"async\" width=\"1024\" height=\"455\" data-id=\"6209\" src=\"https:\/\/funclean.eu\/wp-content\/uploads\/2025\/02\/md3-1024x455.jpg\" alt=\"\" class=\"wp-image-6209\" srcset=\"https:\/\/funclean.eu\/wp-content\/uploads\/2025\/02\/md3-1024x455.jpg 1024w, https:\/\/funclean.eu\/wp-content\/uploads\/2025\/02\/md3-300x133.jpg 300w, https:\/\/funclean.eu\/wp-content\/uploads\/2025\/02\/md3-768x341.jpg 768w, https:\/\/funclean.eu\/wp-content\/uploads\/2025\/02\/md3-1536x683.jpg 1536w, https:\/\/funclean.eu\/wp-content\/uploads\/2025\/02\/md3-2048x910.jpg 2048w, https:\/\/funclean.eu\/wp-content\/uploads\/2025\/02\/md3-700x311.jpg 700w\" sizes=\"(max-width: 1024px) 100vw, 1024px\" \/><\/figure>\n<\/figure>\n\n<p><\/p>\n\n<p><strong>PABEIGTS!!! BAUDIET REZULT\u0100TU!<\/strong><\/p>\n\n<figure class=\"wp-block-gallery has-nested-images columns-default is-cropped wp-block-gallery-2 is-layout-flex wp-block-gallery-is-layout-flex\"><div class=\"wp-block-image\">\n<figure class=\"aligncenter size-large\"><img loading=\"lazy\" decoding=\"async\" width=\"1024\" height=\"455\" data-id=\"6212\" src=\"https:\/\/funclean.eu\/wp-content\/uploads\/2025\/02\/md4-1024x455.jpg\" alt=\"\" class=\"wp-image-6212\" srcset=\"https:\/\/funclean.eu\/wp-content\/uploads\/2025\/02\/md4-1024x455.jpg 1024w, https:\/\/funclean.eu\/wp-content\/uploads\/2025\/02\/md4-300x133.jpg 300w, https:\/\/funclean.eu\/wp-content\/uploads\/2025\/02\/md4-768x341.jpg 768w, https:\/\/funclean.eu\/wp-content\/uploads\/2025\/02\/md4-1536x683.jpg 1536w, https:\/\/funclean.eu\/wp-content\/uploads\/2025\/02\/md4-2048x910.jpg 2048w, https:\/\/funclean.eu\/wp-content\/uploads\/2025\/02\/md4-700x311.jpg 700w\" sizes=\"(max-width: 1024px) 100vw, 1024px\" \/><\/figure><\/div><\/figure>\n","protected":false},"excerpt":{"rendered":"<p>LIETOT CIMDUS, AIZSARGBRILLES UN RESPIRATORU. PIETEIKUMS: 2. PERIODISKI MEST MON\u0112TU. 3. IZVILKT UN APSTR\u0100D\u0100T AR MISI\u0145A SUKU. 4. PROCED\u016aRU VAR ATK\u0100RTOT, L\u012aDZ TIEK SASNIEGTS V\u0112LAMAIS REZULT\u0100TS. 5. P\u0112C APSTR\u0100DES MON\u0112TA LABI J\u0100NOSKALO AR \u016aDENI UN J\u0100NOSUSINA. PABEIGTS!!! BAUDIET REZULT\u0100TU!<\/p>\n","protected":false},"author":1,"featured_media":0,"parent":0,"menu_order":0,"comment_status":"closed","ping_status":"closed","template":"","meta":{"_kad_post_transparent":"","_kad_post_title":"","_kad_post_layout":"","_kad_post_sidebar_id":"","_kad_post_content_style":"","_kad_post_vertical_padding":"","_kad_post_feature":"","_kad_post_feature_position":"","_kad_post_header":false,"_kad_post_footer":false,"footnotes":""},"class_list":["post-6188","page","type-page","status-publish","hentry"],"yoast_head":"<!-- This site is optimized with the Yoast SEO plugin v25.8 - https:\/\/yoast.com\/wordpress\/plugins\/seo\/ -->\n<title>K\u0101 t\u012br\u012bt vara-ni\u0137e\u013ca mon\u0113tas - Funclean<\/title>\n<meta name=\"robots\" content=\"index, follow, max-snippet:-1, max-image-preview:large, max-video-preview:-1\" \/>\n<link rel=\"canonical\" href=\"https:\/\/funclean.eu\/medno-nikelevye\/\" \/>\n<meta property=\"og:locale\" content=\"lv_LV\" \/>\n<meta property=\"og:type\" content=\"article\" \/>\n<meta property=\"og:title\" content=\"K\u0101 t\u012br\u012bt vara-ni\u0137e\u013ca mon\u0113tas - Funclean\" \/>\n<meta property=\"og:description\" content=\"LIETOT CIMDUS, AIZSARGBRILLES UN RESPIRATORU. PIETEIKUMS: 2. PERIODISKI MEST MON\u0112TU. 3. IZVILKT UN APSTR\u0100D\u0100T AR MISI\u0145A SUKU. 4. PROCED\u016aRU VAR ATK\u0100RTOT, L\u012aDZ TIEK SASNIEGTS V\u0112LAMAIS REZULT\u0100TS. 5. P\u0112C APSTR\u0100DES MON\u0112TA LABI J\u0100NOSKALO AR \u016aDENI UN J\u0100NOSUSINA. PABEIGTS!!! BAUDIET REZULT\u0100TU!\" \/>\n<meta property=\"og:url\" content=\"https:\/\/funclean.eu\/medno-nikelevye\/\" \/>\n<meta property=\"og:site_name\" content=\"Funclean\" \/>\n<meta property=\"article:publisher\" content=\"https:\/\/www.facebook.com\/groups\/436887375433126\/\" \/>\n<meta property=\"article:modified_time\" content=\"2025-02-24T11:25:56+00:00\" \/>\n<meta property=\"og:image\" content=\"https:\/\/funclean.eu\/wp-content\/uploads\/2024\/04\/ochki-perchatki-respiratory.webp\" \/>\n<meta name=\"twitter:card\" content=\"summary_large_image\" \/>\n<script type=\"application\/ld+json\" class=\"yoast-schema-graph\">{\"@context\":\"https:\/\/schema.org\",\"@graph\":[{\"@type\":\"WebPage\",\"@id\":\"https:\/\/funclean.eu\/medno-nikelevye\/\",\"url\":\"https:\/\/funclean.eu\/medno-nikelevye\/\",\"name\":\"K\u0101 t\u012br\u012bt vara-ni\u0137e\u013ca mon\u0113tas - Funclean\",\"isPartOf\":{\"@id\":\"https:\/\/funclean.eu\/#website\"},\"primaryImageOfPage\":{\"@id\":\"https:\/\/funclean.eu\/medno-nikelevye\/#primaryimage\"},\"image\":{\"@id\":\"https:\/\/funclean.eu\/medno-nikelevye\/#primaryimage\"},\"thumbnailUrl\":\"https:\/\/funclean.eu\/wp-content\/uploads\/2024\/04\/ochki-perchatki-respiratory.webp\",\"datePublished\":\"2025-02-24T10:33:18+00:00\",\"dateModified\":\"2025-02-24T11:25:56+00:00\",\"breadcrumb\":{\"@id\":\"https:\/\/funclean.eu\/medno-nikelevye\/#breadcrumb\"},\"inLanguage\":\"lv-LV\",\"potentialAction\":[{\"@type\":\"ReadAction\",\"target\":[\"https:\/\/funclean.eu\/medno-nikelevye\/\"]}]},{\"@type\":\"ImageObject\",\"inLanguage\":\"lv-LV\",\"@id\":\"https:\/\/funclean.eu\/medno-nikelevye\/#primaryimage\",\"url\":\"https:\/\/funclean.eu\/wp-content\/uploads\/2024\/04\/ochki-perchatki-respiratory.webp\",\"contentUrl\":\"https:\/\/funclean.eu\/wp-content\/uploads\/2024\/04\/ochki-perchatki-respiratory.webp\"},{\"@type\":\"BreadcrumbList\",\"@id\":\"https:\/\/funclean.eu\/medno-nikelevye\/#breadcrumb\",\"itemListElement\":[{\"@type\":\"ListItem\",\"position\":1,\"name\":\"\u0413\u043b\u0430\u0432\u043d\u0430\u044f \u0441\u0442\u0440\u0430\u043d\u0438\u0446\u0430\",\"item\":\"https:\/\/funclean.eu\/lt\/\"},{\"@type\":\"ListItem\",\"position\":2,\"name\":\"K\u0101 t\u012br\u012bt vara-ni\u0137e\u013ca mon\u0113tas\"}]},{\"@type\":\"WebSite\",\"@id\":\"https:\/\/funclean.eu\/#website\",\"url\":\"https:\/\/funclean.eu\/\",\"name\":\"FUNCLEAN.EU\",\"description\":\"\u041e\u0447\u0438\u0441\u0442\u043a\u0430 \u0438 \u0445\u0440\u0430\u043d\u0435\u043d\u0438\u0435 \u043c\u043e\u043d\u0435\u0442. \u041a\u0430\u043a \u0447\u0438\u0441\u0442\u0438\u0442\u044c \u043c\u043e\u043d\u0435\u0442\u044b \u0438 \u043d\u0430\u0445\u043e\u0434\u043a\u0438.\",\"potentialAction\":[{\"@type\":\"SearchAction\",\"target\":{\"@type\":\"EntryPoint\",\"urlTemplate\":\"https:\/\/funclean.eu\/?s={search_term_string}\"},\"query-input\":{\"@type\":\"PropertyValueSpecification\",\"valueRequired\":true,\"valueName\":\"search_term_string\"}}],\"inLanguage\":\"lv-LV\"}]}<\/script>\n<!-- \/ Yoast SEO plugin. -->","yoast_head_json":{"title":"K\u0101 t\u012br\u012bt vara-ni\u0137e\u013ca mon\u0113tas - Funclean","robots":{"index":"index","follow":"follow","max-snippet":"max-snippet:-1","max-image-preview":"max-image-preview:large","max-video-preview":"max-video-preview:-1"},"canonical":"https:\/\/funclean.eu\/medno-nikelevye\/","og_locale":"lv_LV","og_type":"article","og_title":"K\u0101 t\u012br\u012bt vara-ni\u0137e\u013ca mon\u0113tas - Funclean","og_description":"LIETOT CIMDUS, AIZSARGBRILLES UN RESPIRATORU. PIETEIKUMS: 2. PERIODISKI MEST MON\u0112TU. 3. IZVILKT UN APSTR\u0100D\u0100T AR MISI\u0145A SUKU. 4. PROCED\u016aRU VAR ATK\u0100RTOT, L\u012aDZ TIEK SASNIEGTS V\u0112LAMAIS REZULT\u0100TS. 5. P\u0112C APSTR\u0100DES MON\u0112TA LABI J\u0100NOSKALO AR \u016aDENI UN J\u0100NOSUSINA. PABEIGTS!!! BAUDIET REZULT\u0100TU!","og_url":"https:\/\/funclean.eu\/medno-nikelevye\/","og_site_name":"Funclean","article_publisher":"https:\/\/www.facebook.com\/groups\/436887375433126\/","article_modified_time":"2025-02-24T11:25:56+00:00","og_image":[{"url":"https:\/\/funclean.eu\/wp-content\/uploads\/2024\/04\/ochki-perchatki-respiratory.webp","type":"","width":"","height":""}],"twitter_card":"summary_large_image","schema":{"@context":"https:\/\/schema.org","@graph":[{"@type":"WebPage","@id":"https:\/\/funclean.eu\/medno-nikelevye\/","url":"https:\/\/funclean.eu\/medno-nikelevye\/","name":"K\u0101 t\u012br\u012bt vara-ni\u0137e\u013ca mon\u0113tas - Funclean","isPartOf":{"@id":"https:\/\/funclean.eu\/#website"},"primaryImageOfPage":{"@id":"https:\/\/funclean.eu\/medno-nikelevye\/#primaryimage"},"image":{"@id":"https:\/\/funclean.eu\/medno-nikelevye\/#primaryimage"},"thumbnailUrl":"https:\/\/funclean.eu\/wp-content\/uploads\/2024\/04\/ochki-perchatki-respiratory.webp","datePublished":"2025-02-24T10:33:18+00:00","dateModified":"2025-02-24T11:25:56+00:00","breadcrumb":{"@id":"https:\/\/funclean.eu\/medno-nikelevye\/#breadcrumb"},"inLanguage":"lv-LV","potentialAction":[{"@type":"ReadAction","target":["https:\/\/funclean.eu\/medno-nikelevye\/"]}]},{"@type":"ImageObject","inLanguage":"lv-LV","@id":"https:\/\/funclean.eu\/medno-nikelevye\/#primaryimage","url":"https:\/\/funclean.eu\/wp-content\/uploads\/2024\/04\/ochki-perchatki-respiratory.webp","contentUrl":"https:\/\/funclean.eu\/wp-content\/uploads\/2024\/04\/ochki-perchatki-respiratory.webp"},{"@type":"BreadcrumbList","@id":"https:\/\/funclean.eu\/medno-nikelevye\/#breadcrumb","itemListElement":[{"@type":"ListItem","position":1,"name":"\u0413\u043b\u0430\u0432\u043d\u0430\u044f \u0441\u0442\u0440\u0430\u043d\u0438\u0446\u0430","item":"https:\/\/funclean.eu\/lt\/"},{"@type":"ListItem","position":2,"name":"K\u0101 t\u012br\u012bt vara-ni\u0137e\u013ca mon\u0113tas"}]},{"@type":"WebSite","@id":"https:\/\/funclean.eu\/#website","url":"https:\/\/funclean.eu\/","name":"FUNCLEAN.EU","description":"\u041e\u0447\u0438\u0441\u0442\u043a\u0430 \u0438 \u0445\u0440\u0430\u043d\u0435\u043d\u0438\u0435 \u043c\u043e\u043d\u0435\u0442. \u041a\u0430\u043a \u0447\u0438\u0441\u0442\u0438\u0442\u044c \u043c\u043e\u043d\u0435\u0442\u044b \u0438 \u043d\u0430\u0445\u043e\u0434\u043a\u0438.","potentialAction":[{"@type":"SearchAction","target":{"@type":"EntryPoint","urlTemplate":"https:\/\/funclean.eu\/?s={search_term_string}"},"query-input":{"@type":"PropertyValueSpecification","valueRequired":true,"valueName":"search_term_string"}}],"inLanguage":"lv-LV"}]}},"jetpack_sharing_enabled":true,"_links":{"self":[{"href":"https:\/\/funclean.eu\/lv\/wp-json\/wp\/v2\/pages\/6188","targetHints":{"allow":["GET"]}}],"collection":[{"href":"https:\/\/funclean.eu\/lv\/wp-json\/wp\/v2\/pages"}],"about":[{"href":"https:\/\/funclean.eu\/lv\/wp-json\/wp\/v2\/types\/page"}],"author":[{"embeddable":true,"href":"https:\/\/funclean.eu\/lv\/wp-json\/wp\/v2\/users\/1"}],"replies":[{"embeddable":true,"href":"https:\/\/funclean.eu\/lv\/wp-json\/wp\/v2\/comments?post=6188"}],"version-history":[{"count":10,"href":"https:\/\/funclean.eu\/lv\/wp-json\/wp\/v2\/pages\/6188\/revisions"}],"predecessor-version":[{"id":6233,"href":"https:\/\/funclean.eu\/lv\/wp-json\/wp\/v2\/pages\/6188\/revisions\/6233"}],"wp:attachment":[{"href":"https:\/\/funclean.eu\/lv\/wp-json\/wp\/v2\/media?parent=6188"}],"curies":[{"name":"wp","href":"https:\/\/api.w.org\/{rel}","templated":true}]}}