{"id":5119,"date":"2024-06-03T12:37:49","date_gmt":"2024-06-03T12:37:49","guid":{"rendered":"https:\/\/funclean.eu\/ka-pareizi-tirit-sarusejusu-dzelzi-ar-funclean\/"},"modified":"2024-06-03T12:37:58","modified_gmt":"2024-06-03T12:37:58","slug":"ka-pareizi-tirit-sarusejusu-dzelzi-ar-funclean","status":"publish","type":"page","link":"https:\/\/funclean.eu\/lv\/ka-pareizi-tirit-sarusejusu-dzelzi-ar-funclean\/","title":{"rendered":"K\u0101 pareizi t\u012br\u012bt sar\u016bs\u0113ju\u0161u dzelzi ar Funclean."},"content":{"rendered":"\n<p><strong>SVAR\u012aGI!  <\/strong>Stipri sar\u016bs\u0113ju\u0161u dzelzi \u0161\u0137\u012bdum\u0101 var m\u0113rc\u0113t vair\u0101kas dienas! L\u012bdz ned\u0113\u013cai (168 stundas).<\/p>\n\n<p>Darba laik\u0101 valk\u0101jiet gumijas cimdus, respiratoru un aizsargbrilles.<\/p>\n\n<p>Iepriek\u0161 apstr\u0101d\u0101jiet sar\u016bs\u0113ju\u0161o izstr\u0101d\u0101jumu ar met\u0101la suku (pieejama m\u016bsu katalog\u0101).<\/p>\n\n<figure class=\"wp-block-gallery has-nested-images columns-default is-cropped wp-block-gallery-1 is-layout-flex wp-block-gallery-is-layout-flex\">\n<figure class=\"wp-block-image size-large\"><img fetchpriority=\"high\" decoding=\"async\" width=\"1024\" height=\"1022\" data-id=\"5088\" src=\"https:\/\/funclean.eu\/wp-content\/uploads\/2024\/06\/1-1024x1022.jpg\" alt=\"\" class=\"wp-image-5088\" srcset=\"https:\/\/funclean.eu\/wp-content\/uploads\/2024\/06\/1-1024x1022.jpg 1024w, https:\/\/funclean.eu\/wp-content\/uploads\/2024\/06\/1-300x300.jpg 300w, https:\/\/funclean.eu\/wp-content\/uploads\/2024\/06\/1-150x150.jpg 150w, https:\/\/funclean.eu\/wp-content\/uploads\/2024\/06\/1-768x767.jpg 768w, https:\/\/funclean.eu\/wp-content\/uploads\/2024\/06\/1-700x699.jpg 700w, https:\/\/funclean.eu\/wp-content\/uploads\/2024\/06\/1-100x100.jpg 100w, https:\/\/funclean.eu\/wp-content\/uploads\/2024\/06\/1.jpg 1080w\" sizes=\"(max-width: 1024px) 100vw, 1024px\" \/><\/figure>\n\n\n\n<figure class=\"wp-block-image size-large\"><img decoding=\"async\" width=\"1080\" height=\"1078\" data-id=\"5084\" src=\"https:\/\/funclean.eu\/wp-content\/uploads\/2024\/06\/2-1024x1022.jpg\" alt=\"\" class=\"wp-image-5084\" srcset=\"https:\/\/funclean.eu\/wp-content\/uploads\/2024\/06\/2-1024x1022.jpg 1024w, https:\/\/funclean.eu\/wp-content\/uploads\/2024\/06\/2-300x300.jpg 300w, https:\/\/funclean.eu\/wp-content\/uploads\/2024\/06\/2-150x150.jpg 150w, https:\/\/funclean.eu\/wp-content\/uploads\/2024\/06\/2-768x767.jpg 768w, https:\/\/funclean.eu\/wp-content\/uploads\/2024\/06\/2-800x800.jpg 800w, https:\/\/funclean.eu\/wp-content\/uploads\/2024\/06\/2-700x699.jpg 700w, https:\/\/funclean.eu\/wp-content\/uploads\/2024\/06\/2-100x100.jpg 100w, https:\/\/funclean.eu\/wp-content\/uploads\/2024\/06\/2.jpg 1080w\" sizes=\"(max-width: 1080px) 100vw, 1080px\" \/><\/figure>\n<\/figure>\n\n<p>Ievietojiet sar\u016bs\u0113ju\u0161o gludekli trauk\u0101 un piepildiet to ar Funclean t\u012br\u012b\u0161anas \u0161\u0137\u012bdumu t\u0101, lai tas b\u016btu piln\u012bb\u0101 iegremd\u0113ts \u0161\u0137idrum\u0101.<\/p>\n\n<p>Periodiski iz\u0146emiet l\u012bdzekli no t\u012br\u012b\u0161anas l\u012bdzek\u013ca un iestr\u0101d\u0101jiet to ar met\u0101la suku. \u0160im nol\u016bkam izmantojiet silta \u016bdens vannu.<\/p>\n\n<p>T\u012br\u012b\u0161anas \u0101trums ir atkar\u012bgs no met\u0101la korozijas pak\u0101pes. Da\u017ereiz var paiet da\u017eas dienas, l\u012bdz tas tiek piln\u012bb\u0101 izt\u012br\u012bts.<\/p>\n\n<p>Produkts tikai no\u0146em r\u016bsu, bet neno\u0146em kr\u0101su un citus p\u0101rkl\u0101jumus no met\u0101la, ja t\u0101di ir.<\/p>\n\n<figure class=\"wp-block-gallery has-nested-images columns-default is-cropped wp-block-gallery-2 is-layout-flex wp-block-gallery-is-layout-flex\">\n<figure class=\"wp-block-image size-large\"><img decoding=\"async\" width=\"1024\" height=\"1022\" data-id=\"5093\" src=\"https:\/\/funclean.eu\/wp-content\/uploads\/2024\/06\/3-1024x1022.jpg\" alt=\"\" class=\"wp-image-5093\" srcset=\"https:\/\/funclean.eu\/wp-content\/uploads\/2024\/06\/3-1024x1022.jpg 1024w, https:\/\/funclean.eu\/wp-content\/uploads\/2024\/06\/3-300x300.jpg 300w, https:\/\/funclean.eu\/wp-content\/uploads\/2024\/06\/3-150x150.jpg 150w, https:\/\/funclean.eu\/wp-content\/uploads\/2024\/06\/3-768x767.jpg 768w, https:\/\/funclean.eu\/wp-content\/uploads\/2024\/06\/3-700x699.jpg 700w, https:\/\/funclean.eu\/wp-content\/uploads\/2024\/06\/3-100x100.jpg 100w, https:\/\/funclean.eu\/wp-content\/uploads\/2024\/06\/3.jpg 1080w\" sizes=\"(max-width: 1024px) 100vw, 1024px\" \/><\/figure>\n\n\n\n<figure class=\"wp-block-image size-large\"><img loading=\"lazy\" decoding=\"async\" width=\"1024\" height=\"1022\" data-id=\"5098\" src=\"https:\/\/funclean.eu\/wp-content\/uploads\/2024\/06\/4-1024x1022.jpg\" alt=\"\" class=\"wp-image-5098\" srcset=\"https:\/\/funclean.eu\/wp-content\/uploads\/2024\/06\/4-1024x1022.jpg 1024w, https:\/\/funclean.eu\/wp-content\/uploads\/2024\/06\/4-300x300.jpg 300w, https:\/\/funclean.eu\/wp-content\/uploads\/2024\/06\/4-150x150.jpg 150w, https:\/\/funclean.eu\/wp-content\/uploads\/2024\/06\/4-768x767.jpg 768w, https:\/\/funclean.eu\/wp-content\/uploads\/2024\/06\/4-700x699.jpg 700w, https:\/\/funclean.eu\/wp-content\/uploads\/2024\/06\/4-100x100.jpg 100w, https:\/\/funclean.eu\/wp-content\/uploads\/2024\/06\/4.jpg 1080w\" sizes=\"(max-width: 1024px) 100vw, 1024px\" \/><\/figure>\n\n\n\n<figure class=\"wp-block-image size-large\"><img loading=\"lazy\" decoding=\"async\" width=\"1024\" height=\"1022\" data-id=\"5097\" src=\"https:\/\/funclean.eu\/wp-content\/uploads\/2024\/06\/5-1024x1022.jpg\" alt=\"\" class=\"wp-image-5097\" srcset=\"https:\/\/funclean.eu\/wp-content\/uploads\/2024\/06\/5-1024x1022.jpg 1024w, https:\/\/funclean.eu\/wp-content\/uploads\/2024\/06\/5-300x300.jpg 300w, https:\/\/funclean.eu\/wp-content\/uploads\/2024\/06\/5-150x150.jpg 150w, https:\/\/funclean.eu\/wp-content\/uploads\/2024\/06\/5-768x767.jpg 768w, https:\/\/funclean.eu\/wp-content\/uploads\/2024\/06\/5-700x699.jpg 700w, https:\/\/funclean.eu\/wp-content\/uploads\/2024\/06\/5-100x100.jpg 100w, https:\/\/funclean.eu\/wp-content\/uploads\/2024\/06\/5.jpg 1080w\" sizes=\"(max-width: 1024px) 100vw, 1024px\" \/><\/figure>\n\n\n\n<figure class=\"wp-block-image size-large\"><img loading=\"lazy\" decoding=\"async\" width=\"1024\" height=\"1022\" data-id=\"5092\" src=\"https:\/\/funclean.eu\/wp-content\/uploads\/2024\/06\/6-1024x1022.jpg\" alt=\"\" class=\"wp-image-5092\" srcset=\"https:\/\/funclean.eu\/wp-content\/uploads\/2024\/06\/6-1024x1022.jpg 1024w, https:\/\/funclean.eu\/wp-content\/uploads\/2024\/06\/6-300x300.jpg 300w, https:\/\/funclean.eu\/wp-content\/uploads\/2024\/06\/6-150x150.jpg 150w, https:\/\/funclean.eu\/wp-content\/uploads\/2024\/06\/6-768x767.jpg 768w, https:\/\/funclean.eu\/wp-content\/uploads\/2024\/06\/6-700x699.jpg 700w, https:\/\/funclean.eu\/wp-content\/uploads\/2024\/06\/6-100x100.jpg 100w, https:\/\/funclean.eu\/wp-content\/uploads\/2024\/06\/6.jpg 1080w\" sizes=\"(max-width: 1024px) 100vw, 1024px\" \/><\/figure>\n<\/figure>\n\n<p>Lai izt\u012br\u012btu pakavu, bija nepiecie\u0161amas aptuveni 60 stundas. Podkava bija stipri p\u0101rkl\u0101ta ar r\u016bsu.<\/p>\n\n<p>IZSTR\u0100D\u0100JUMS NER\u016aS\u0112 MET\u0100LU! Tas tikai no\u0146em r\u016bsu!<\/p>\n\n<p>P\u0113c 60 stund\u0101m (aptuveni) r\u016bsas no pakavas ir piln\u012bb\u0101 no\u0146emtas. Var redz\u0113t meln\u0101 p\u0101rkl\u0101juma paliekas, ko sl\u0113pa r\u016bsas.<\/p>\n\n<p>P\u0113c piln\u012bgas t\u012br\u012b\u0161anas izstr\u0101d\u0101jums j\u0101noslauka ar met\u0101la suku un j\u0101nosusina. Ieteicams produktu konserv\u0113t, to var izdar\u012bt ar \u012bpa\u0161iem prepar\u0101tiem vai v\u0101rot motore\u013c\u013c\u0101.<\/p>\n\n<figure class=\"wp-block-gallery has-nested-images columns-default is-cropped wp-block-gallery-3 is-layout-flex wp-block-gallery-is-layout-flex\">\n<figure class=\"wp-block-image size-large\"><img loading=\"lazy\" decoding=\"async\" width=\"1024\" height=\"1022\" data-id=\"5108\" src=\"https:\/\/funclean.eu\/wp-content\/uploads\/2024\/06\/7-1024x1022.jpg\" alt=\"\" class=\"wp-image-5108\" srcset=\"https:\/\/funclean.eu\/wp-content\/uploads\/2024\/06\/7-1024x1022.jpg 1024w, https:\/\/funclean.eu\/wp-content\/uploads\/2024\/06\/7-300x300.jpg 300w, https:\/\/funclean.eu\/wp-content\/uploads\/2024\/06\/7-150x150.jpg 150w, https:\/\/funclean.eu\/wp-content\/uploads\/2024\/06\/7-768x767.jpg 768w, https:\/\/funclean.eu\/wp-content\/uploads\/2024\/06\/7-700x699.jpg 700w, https:\/\/funclean.eu\/wp-content\/uploads\/2024\/06\/7-100x100.jpg 100w, https:\/\/funclean.eu\/wp-content\/uploads\/2024\/06\/7.jpg 1080w\" sizes=\"(max-width: 1024px) 100vw, 1024px\" \/><\/figure>\n\n\n\n<figure class=\"wp-block-image size-large\"><img loading=\"lazy\" decoding=\"async\" width=\"1024\" height=\"1022\" data-id=\"5109\" src=\"https:\/\/funclean.eu\/wp-content\/uploads\/2024\/06\/8-1024x1022.jpg\" alt=\"\" class=\"wp-image-5109\" srcset=\"https:\/\/funclean.eu\/wp-content\/uploads\/2024\/06\/8-1024x1022.jpg 1024w, https:\/\/funclean.eu\/wp-content\/uploads\/2024\/06\/8-300x300.jpg 300w, https:\/\/funclean.eu\/wp-content\/uploads\/2024\/06\/8-150x150.jpg 150w, https:\/\/funclean.eu\/wp-content\/uploads\/2024\/06\/8-768x767.jpg 768w, https:\/\/funclean.eu\/wp-content\/uploads\/2024\/06\/8-700x699.jpg 700w, https:\/\/funclean.eu\/wp-content\/uploads\/2024\/06\/8-100x100.jpg 100w, https:\/\/funclean.eu\/wp-content\/uploads\/2024\/06\/8.jpg 1080w\" sizes=\"(max-width: 1024px) 100vw, 1024px\" \/><\/figure>\n<\/figure>\n","protected":false},"excerpt":{"rendered":"<p>SVAR\u012aGI! Stipri sar\u016bs\u0113ju\u0161u dzelzi \u0161\u0137\u012bdum\u0101 var m\u0113rc\u0113t vair\u0101kas dienas! L\u012bdz ned\u0113\u013cai (168 stundas). Darba laik\u0101 valk\u0101jiet gumijas cimdus, respiratoru un aizsargbrilles. Iepriek\u0161 apstr\u0101d\u0101jiet sar\u016bs\u0113ju\u0161o izstr\u0101d\u0101jumu ar met\u0101la suku (pieejama m\u016bsu katalog\u0101). Ievietojiet sar\u016bs\u0113ju\u0161o gludekli trauk\u0101 un piepildiet to ar Funclean t\u012br\u012b\u0161anas \u0161\u0137\u012bdumu t\u0101, lai tas b\u016btu piln\u012bb\u0101 iegremd\u0113ts \u0161\u0137idrum\u0101. Periodiski iz\u0146emiet l\u012bdzekli no t\u012br\u012b\u0161anas l\u012bdzek\u013ca&#8230;<\/p>\n","protected":false},"author":1,"featured_media":0,"parent":0,"menu_order":0,"comment_status":"closed","ping_status":"closed","template":"","meta":{"_kadence_starter_templates_imported_post":false,"_kad_post_transparent":"","_kad_post_title":"","_kad_post_layout":"","_kad_post_sidebar_id":"","_kad_post_content_style":"","_kad_post_vertical_padding":"","_kad_post_feature":"","_kad_post_feature_position":"","_kad_post_header":false,"_kad_post_footer":false,"footnotes":""},"class_list":["post-5119","page","type-page","status-publish","hentry"],"jetpack_sharing_enabled":true,"_links":{"self":[{"href":"https:\/\/funclean.eu\/lv\/wp-json\/wp\/v2\/pages\/5119","targetHints":{"allow":["GET"]}}],"collection":[{"href":"https:\/\/funclean.eu\/lv\/wp-json\/wp\/v2\/pages"}],"about":[{"href":"https:\/\/funclean.eu\/lv\/wp-json\/wp\/v2\/types\/page"}],"author":[{"embeddable":true,"href":"https:\/\/funclean.eu\/lv\/wp-json\/wp\/v2\/users\/1"}],"replies":[{"embeddable":true,"href":"https:\/\/funclean.eu\/lv\/wp-json\/wp\/v2\/comments?post=5119"}],"version-history":[{"count":1,"href":"https:\/\/funclean.eu\/lv\/wp-json\/wp\/v2\/pages\/5119\/revisions"}],"predecessor-version":[{"id":5120,"href":"https:\/\/funclean.eu\/lv\/wp-json\/wp\/v2\/pages\/5119\/revisions\/5120"}],"wp:attachment":[{"href":"https:\/\/funclean.eu\/lv\/wp-json\/wp\/v2\/media?parent=5119"}],"curies":[{"name":"wp","href":"https:\/\/api.w.org\/{rel}","templated":true}]}}