{"id":4999,"date":"2024-05-28T18:41:04","date_gmt":"2024-05-28T18:41:04","guid":{"rendered":"https:\/\/funclean.eu\/ka-pareizi-patinet-vara-prieksmetus-ar-funclean-patinesanas-lidzekli-2\/"},"modified":"2024-05-28T18:49:20","modified_gmt":"2024-05-28T18:49:20","slug":"ka-pareizi-patinet-vara-prieksmetus-ar-funclean-patinesanas-lidzekli-2","status":"publish","type":"page","link":"https:\/\/funclean.eu\/lv\/ka-pareizi-patinet-vara-prieksmetus-ar-funclean-patinesanas-lidzekli-2\/","title":{"rendered":"K\u0101 pareizi patin\u0113t vara priek\u0161metus ar Funclean patin\u0113\u0161anas l\u012bdzekli."},"content":{"rendered":"\n<ol class=\"wp-block-list\">\n<li><strong>Funclean patin\u0113\u0161anas l\u012bdzeklis ir paredz\u0113ts vara mon\u0113tu, k\u0101 ar\u012b vara izstr\u0101d\u0101jumu patin\u0113\u0161anai. Pieejams 280 ml traukos. un 1 litrs.<\/strong><\/li>\n<\/ol>\n\n<figure class=\"wp-block-gallery has-nested-images columns-default is-cropped wp-block-gallery-1 is-layout-flex wp-block-gallery-is-layout-flex\">\n<figure class=\"wp-block-image size-large\"><img fetchpriority=\"high\" decoding=\"async\" width=\"1024\" height=\"1024\" data-id=\"3757\" src=\"https:\/\/funclean.eu\/wp-content\/uploads\/2020\/10\/pat-1-1024x1024.jpg\" alt=\"\" class=\"wp-image-3757\" srcset=\"https:\/\/funclean.eu\/wp-content\/uploads\/2020\/10\/pat-1-1024x1024.jpg 1024w, https:\/\/funclean.eu\/wp-content\/uploads\/2020\/10\/pat-1-300x300.jpg 300w, https:\/\/funclean.eu\/wp-content\/uploads\/2020\/10\/pat-1-150x150.jpg 150w, https:\/\/funclean.eu\/wp-content\/uploads\/2020\/10\/pat-1-768x768.jpg 768w, https:\/\/funclean.eu\/wp-content\/uploads\/2020\/10\/pat-1-1536x1536.jpg 1536w, https:\/\/funclean.eu\/wp-content\/uploads\/2020\/10\/pat-1-2048x2048.jpg 2048w, https:\/\/funclean.eu\/wp-content\/uploads\/2020\/10\/pat-1-800x800.jpg 800w, https:\/\/funclean.eu\/wp-content\/uploads\/2020\/10\/pat-1-700x700.jpg 700w, https:\/\/funclean.eu\/wp-content\/uploads\/2020\/10\/pat-1-100x100.jpg 100w\" sizes=\"(max-width: 1024px) 100vw, 1024px\" \/><\/figure>\n\n\n\n<figure class=\"wp-block-image size-large\"><img decoding=\"async\" width=\"1024\" height=\"1024\" data-id=\"3826\" src=\"https:\/\/funclean.eu\/wp-content\/uploads\/2020\/10\/pat-b-1-1024x1024.jpg\" alt=\"\" class=\"wp-image-3826\" srcset=\"https:\/\/funclean.eu\/wp-content\/uploads\/2020\/10\/pat-b-1-1024x1024.jpg 1024w, https:\/\/funclean.eu\/wp-content\/uploads\/2020\/10\/pat-b-1-300x300.jpg 300w, https:\/\/funclean.eu\/wp-content\/uploads\/2020\/10\/pat-b-1-150x150.jpg 150w, https:\/\/funclean.eu\/wp-content\/uploads\/2020\/10\/pat-b-1-768x768.jpg 768w, https:\/\/funclean.eu\/wp-content\/uploads\/2020\/10\/pat-b-1-1536x1536.jpg 1536w, https:\/\/funclean.eu\/wp-content\/uploads\/2020\/10\/pat-b-1-2048x2048.jpg 2048w, https:\/\/funclean.eu\/wp-content\/uploads\/2020\/10\/pat-b-1-800x800.jpg 800w, https:\/\/funclean.eu\/wp-content\/uploads\/2020\/10\/pat-b-1-700x700.jpg 700w, https:\/\/funclean.eu\/wp-content\/uploads\/2020\/10\/pat-b-1-100x100.jpg 100w\" sizes=\"(max-width: 1024px) 100vw, 1024px\" \/><\/figure>\n<\/figure>\n\n<p><strong>2. Mon\u0113ta vai cits vara priek\u0161mets ir piln\u012bb\u0101 j\u0101not\u012bra l\u012bdz met\u0101lam. To var izdar\u012bt ar misi\u0146a suku. Misi\u0146a birste nesaskr\u0101p\u0113 mon\u0113tu, t\u0101 to tikai pul\u0113!<\/strong><\/p>\n\n<figure class=\"wp-block-image\"><img decoding=\"async\" src=\"https:\/\/funclean.eu\/wp-content\/uploads\/2024\/02\/%D0%98%D0%B7%D0%BE%D0%B1%D1%80%D0%B0%D0%B6%D0%B5%D0%BD%D0%B8%D0%B53-%D0%BA%D0%BE%D0%BF%D0%B8%D1%8F-1024x576.jpg\" alt=\"\" class=\"wp-image-1968\"\/><\/figure>\n\n<p><strong>\u0160\u0101di izskat\u0101s izt\u012br\u012bta mon\u0113ta:<\/strong><\/p>\n\n<figure class=\"wp-block-image\"><img decoding=\"async\" src=\"https:\/\/funclean.eu\/wp-content\/uploads\/2024\/02\/%D0%98%D0%B7%D0%BE%D0%B1%D1%80%D0%B0%D0%B6%D0%B5%D0%BD%D0%B8%D0%B52-%D0%BA%D0%BE%D0%BF%D0%B8%D1%8F-1024x576.jpg\" alt=\"\" class=\"wp-image-1971\"\/><\/figure>\n\n<p><strong>3. Ielejiet \u016bdeni met\u0101la kr\u016bz\u0113.<\/strong> <strong>Ielejiet patin\u0101cijas l\u012bdzekli stikla b\u013cod\u0101.<\/strong><\/p>\n\n<figure class=\"wp-block-image\"><img decoding=\"async\" src=\"https:\/\/funclean.eu\/wp-content\/uploads\/2024\/02\/%D0%98%D0%B7%D0%BE%D0%B1%D1%80%D0%B0%D0%B6%D0%B5%D0%BD%D0%B8%D0%B510-1024x576.jpg\" alt=\"\" class=\"wp-image-2014\"\/><\/figure>\n\n<figure class=\"wp-block-image\"><img decoding=\"async\" width=\"1024\" height=\"576\" src=\"https:\/\/funclean.eu\/wp-content\/uploads\/2024\/02\/5-1024x576.jpg\" alt=\"\" class=\"wp-image-1982\" srcset=\"https:\/\/funclean.eu\/wp-content\/uploads\/2024\/02\/5-1024x576.jpg 1024w, https:\/\/funclean.eu\/wp-content\/uploads\/2024\/02\/5-300x169.jpg 300w, https:\/\/funclean.eu\/wp-content\/uploads\/2024\/02\/5-768x432.jpg 768w, https:\/\/funclean.eu\/wp-content\/uploads\/2024\/02\/5-1536x864.jpg 1536w, https:\/\/funclean.eu\/wp-content\/uploads\/2024\/02\/5-700x394.jpg 700w, https:\/\/funclean.eu\/wp-content\/uploads\/2024\/02\/5.jpg 1920w\" sizes=\"(max-width: 1024px) 100vw, 1024px\" \/><\/figure>\n\n<p><strong>4. Valk\u0101jiet respiratoru! (Tvaiki ir bez smar\u017eas un nav toksiski).<\/strong><\/p>\n\n<figure class=\"wp-block-image\"><img loading=\"lazy\" decoding=\"async\" width=\"1024\" height=\"853\" src=\"https:\/\/funclean.eu\/wp-content\/uploads\/2024\/02\/1200x1000-1024x853.jpg\" alt=\"\" class=\"wp-image-2060\" srcset=\"https:\/\/funclean.eu\/wp-content\/uploads\/2024\/02\/1200x1000-1024x853.jpg 1024w, https:\/\/funclean.eu\/wp-content\/uploads\/2024\/02\/1200x1000-300x250.jpg 300w, https:\/\/funclean.eu\/wp-content\/uploads\/2024\/02\/1200x1000-768x640.jpg 768w, https:\/\/funclean.eu\/wp-content\/uploads\/2024\/02\/1200x1000-700x583.jpg 700w, https:\/\/funclean.eu\/wp-content\/uploads\/2024\/02\/1200x1000.jpg 1200w\" sizes=\"(max-width: 1024px) 100vw, 1024px\" \/><\/figure>\n\n<p><strong>5. Iesl\u0113dziet elektrisko pl\u012bti vai g\u0101zes degli (p\u0113c saviem ieskatiem) un uzkars\u0113jiet \u016bdeni l\u012bdz v\u0101r\u012b\u0161an\u0101s temperat\u016brai. Pagaidiet da\u017eas min\u016btes, l\u012bdz patin\u0101cijas \u0161\u0137\u012bdums uzsilst l\u012bdz 80 gr\u0101diem.<\/strong><\/p>\n\n<figure class=\"wp-block-image\"><img decoding=\"async\" src=\"https:\/\/funclean.eu\/wp-content\/uploads\/2024\/02\/%D0%98%D0%B7%D0%BE%D0%B1%D1%80%D0%B0%D0%B6%D0%B5%D0%BD%D0%B8%D0%B57-1024x576.jpg\" alt=\"\" class=\"wp-image-1988\"\/><\/figure>\n\n<p><strong>6. Attauko mon\u0113tu vai citu vara priek\u0161metu ar spirtu.<\/strong><\/p>\n\n<figure class=\"wp-block-image\"><img decoding=\"async\" src=\"https:\/\/funclean.eu\/wp-content\/uploads\/2024\/02\/%D0%98%D0%B7%D0%BE%D0%B1%D1%80%D0%B0%D0%B6%D0%B5%D0%BD%D0%B8%D0%B56-1024x576.jpg\" alt=\"\" class=\"wp-image-1991\"\/><\/figure>\n\n<p><strong>7. Iegremd\u0113jiet mon\u0113tu vai vara priek\u0161metu patin\u0113\u0161anas \u0161\u0137\u012bdum\u0101. Patin\u0113\u0161anu var veikt no 1 min\u016btes l\u012bdz 30 min\u016bt\u0113m vai ilg\u0101k, atkar\u012bb\u0101 no t\u0101, k\u0101du patinas kr\u0101su v\u0113laties ieg\u016bt. Ieteicams periodiski apv\u0113rst izstr\u0101d\u0101jumu patin\u0113\u0161anas \u0161\u0137idrum\u0101. (Ide\u0101li ir zem izstr\u0101d\u0101juma izmantot adatveida nemet\u0101la spilventi\u0146u).<\/strong><\/p>\n\n<figure class=\"wp-block-image\"><img decoding=\"async\" src=\"https:\/\/funclean.eu\/wp-content\/uploads\/2024\/02\/%D0%98%D0%B7%D0%BE%D0%B1%D1%80%D0%B0%D0%B6%D0%B5%D0%BD%D0%B8%D0%B511-1024x576.jpg\" alt=\"\" class=\"wp-image-2008\"\/><\/figure>\n\n<p><strong>Lai vienm\u0113r\u012bgi uzkl\u0101tu patinu<\/strong>, ir ieteicams <strong>izmantot nemet\u0101la adatu oder\u0113jumu<\/strong>:<\/p>\n\n<figure class=\"wp-block-image\"><img loading=\"lazy\" decoding=\"async\" width=\"1000\" height=\"1000\" src=\"https:\/\/funclean.eu\/wp-content\/uploads\/2024\/02\/2.jpg\" alt=\"\" class=\"wp-image-2011\" srcset=\"https:\/\/funclean.eu\/wp-content\/uploads\/2024\/02\/2.jpg 1000w, https:\/\/funclean.eu\/wp-content\/uploads\/2024\/02\/2-300x300.jpg 300w, https:\/\/funclean.eu\/wp-content\/uploads\/2024\/02\/2-150x150.jpg 150w, https:\/\/funclean.eu\/wp-content\/uploads\/2024\/02\/2-768x768.jpg 768w, https:\/\/funclean.eu\/wp-content\/uploads\/2024\/02\/2-800x800.jpg 800w, https:\/\/funclean.eu\/wp-content\/uploads\/2024\/02\/2-700x700.jpg 700w, https:\/\/funclean.eu\/wp-content\/uploads\/2024\/02\/2-100x100.jpg 100w\" sizes=\"(max-width: 1000px) 100vw, 1000px\" \/><\/figure>\n\n<p><strong>8. P\u0113c vajadz\u012bg\u0101 laika (no 1 min\u016btes l\u012bdz 30 min\u016bt\u0113m vai ilg\u0101k, atkar\u012bb\u0101 no patinas kr\u0101sas, ko v\u0113laties ieg\u016bt beig\u0101s) iz\u0146emiet mon\u0113tu vai citu vara priek\u0161metu un noskalojiet to silt\u0101 \u016bden\u012b. Noslaukiet ar dr\u0101nu un nosusiniet.<\/strong><\/p>\n\n<figure class=\"wp-block-image\"><img decoding=\"async\" src=\"https:\/\/funclean.eu\/wp-content\/uploads\/2024\/02\/%D0%98%D0%B7%D0%BE%D0%B1%D1%80%D0%B0%D0%B6%D0%B5%D0%BD%D0%B8%D0%B511-1-1024x576.jpg\" alt=\"\" class=\"wp-image-2017\"\/><\/figure>\n\n<figure class=\"wp-block-image\"><img decoding=\"async\" src=\"https:\/\/funclean.eu\/wp-content\/uploads\/2024\/02\/%D0%98%D0%B7%D0%BE%D0%B1%D1%80%D0%B0%D0%B6%D0%B5%D0%BD%D0%B8%D0%B513-1024x576.jpg\" alt=\"\" class=\"wp-image-2023\"\/><\/figure>\n\n<p><strong>9. Skat\u012bt rezult\u0101tu. Ja ir v\u0113lama tum\u0161\u0101ka patina, ievietojiet izstr\u0101d\u0101jumu patin\u0113\u0161anas l\u012bdzekl\u012b un pagaidiet v\u0113l da\u017eas min\u016btes.<\/strong><\/p>\n\n<figure class=\"wp-block-image\"><img decoding=\"async\" src=\"https:\/\/funclean.eu\/wp-content\/uploads\/2024\/02\/%D0%98%D0%B7%D0%BE%D0%B1%D1%80%D0%B0%D0%B6%D0%B5%D0%BD%D0%B8%D0%B515-1024x576.jpg\" alt=\"\" class=\"wp-image-2026\"\/><\/figure>\n\n<p><strong>10. Rezult\u0101ts<\/strong>.<\/p>\n\n<p><strong>1 min\u016bte:<\/strong><\/p>\n\n<figure class=\"wp-block-image\"><img decoding=\"async\" src=\"https:\/\/funclean.eu\/wp-content\/uploads\/2024\/02\/%D0%98%D0%B7%D0%BE%D0%B1%D1%80%D0%B0%D0%B6%D0%B5%D0%BD%D0%B8%D0%B530-1024x576.jpg\" alt=\"\" class=\"wp-image-2071\"\/><\/figure>\n\n<figure class=\"wp-block-image\"><img decoding=\"async\" src=\"https:\/\/funclean.eu\/wp-content\/uploads\/2024\/02\/%D0%98%D0%B7%D0%BE%D0%B1%D1%80%D0%B0%D0%B6%D0%B5%D0%BD%D0%B8%D0%B531-1024x576.jpg\" alt=\"\" class=\"wp-image-2074\"\/><\/figure>\n\n<p><strong>10 min\u016btes:<\/strong><\/p>\n\n<figure class=\"wp-block-image\"><img decoding=\"async\" src=\"https:\/\/funclean.eu\/wp-content\/uploads\/2024\/02\/%D0%98%D0%B7%D0%BE%D0%B1%D1%80%D0%B0%D0%B6%D0%B5%D0%BD%D0%B8%D0%B521-1024x576.jpg\" alt=\"\" class=\"wp-image-2040\"\/><\/figure>\n\n<figure class=\"wp-block-image\"><img decoding=\"async\" src=\"https:\/\/funclean.eu\/wp-content\/uploads\/2024\/02\/%D0%98%D0%B7%D0%BE%D0%B1%D1%80%D0%B0%D0%B6%D0%B5%D0%BD%D0%B8%D0%B520-1024x576.jpg\" alt=\"\" class=\"wp-image-2043\"\/><\/figure>\n\n<p><strong>20 min\u016btes:<\/strong><\/p>\n\n<figure class=\"wp-block-image\"><img decoding=\"async\" src=\"https:\/\/funclean.eu\/wp-content\/uploads\/2024\/02\/%D0%98%D0%B7%D0%BE%D0%B1%D1%80%D0%B0%D0%B6%D0%B5%D0%BD%D0%B8%D0%B527-1024x576.jpg\" alt=\"\" class=\"wp-image-2046\"\/><\/figure>\n\n<figure class=\"wp-block-image\"><img decoding=\"async\" src=\"https:\/\/funclean.eu\/wp-content\/uploads\/2024\/02\/%D0%98%D0%B7%D0%BE%D0%B1%D1%80%D0%B0%D0%B6%D0%B5%D0%BD%D0%B8%D0%B526-%D0%BA%D0%BE%D0%BF%D0%B8%D1%8F-1024x576.jpg\" alt=\"\" class=\"wp-image-2049\"\/><\/figure>\n\n<figure class=\"wp-block-image\"><img decoding=\"async\" src=\"https:\/\/funclean.eu\/wp-content\/uploads\/2024\/02\/%D0%BF%D0%B0%D1%82%D0%B8%D0%BD%D0%B8%D1%80%D0%BE%D0%B2%D0%B0%D0%BD%D0%B8%D0%B55%D0%BA%D0%BE%D0%BF-1024x763.jpg\" alt=\"\" class=\"wp-image-2089\"\/><\/figure>\n","protected":false},"excerpt":{"rendered":"<p>2. Mon\u0113ta vai cits vara priek\u0161mets ir piln\u012bb\u0101 j\u0101not\u012bra l\u012bdz met\u0101lam. To var izdar\u012bt ar misi\u0146a suku. Misi\u0146a birste nesaskr\u0101p\u0113 mon\u0113tu, t\u0101 to tikai pul\u0113! \u0160\u0101di izskat\u0101s izt\u012br\u012bta mon\u0113ta: 3. Ielejiet \u016bdeni met\u0101la kr\u016bz\u0113. Ielejiet patin\u0101cijas l\u012bdzekli stikla b\u013cod\u0101. 4. Valk\u0101jiet respiratoru! (Tvaiki ir bez smar\u017eas un nav toksiski). 5. Iesl\u0113dziet elektrisko pl\u012bti vai g\u0101zes&#8230;<\/p>\n","protected":false},"author":1,"featured_media":0,"parent":0,"menu_order":0,"comment_status":"closed","ping_status":"closed","template":"","meta":{"_kad_post_transparent":"","_kad_post_title":"","_kad_post_layout":"","_kad_post_sidebar_id":"","_kad_post_content_style":"","_kad_post_vertical_padding":"","_kad_post_feature":"","_kad_post_feature_position":"","_kad_post_header":false,"_kad_post_footer":false,"footnotes":""},"class_list":["post-4999","page","type-page","status-publish","hentry"],"yoast_head":"<!-- This site is optimized with the Yoast SEO plugin v25.8 - https:\/\/yoast.com\/wordpress\/plugins\/seo\/ -->\n<title>K\u0101 pareizi patin\u0113t vara priek\u0161metus ar Funclean patin\u0113\u0161anas l\u012bdzekli. - Funclean<\/title>\n<meta name=\"robots\" content=\"index, follow, max-snippet:-1, max-image-preview:large, max-video-preview:-1\" \/>\n<link rel=\"canonical\" href=\"https:\/\/funclean.eu\/lv\/ka-pareizi-patinet-vara-prieksmetus-ar-funclean-patinesanas-lidzekli-2\/\" \/>\n<meta property=\"og:locale\" content=\"lv_LV\" \/>\n<meta property=\"og:type\" content=\"article\" \/>\n<meta property=\"og:title\" content=\"K\u0101 pareizi patin\u0113t vara priek\u0161metus ar Funclean patin\u0113\u0161anas l\u012bdzekli. - Funclean\" \/>\n<meta property=\"og:description\" content=\"2. Mon\u0113ta vai cits vara priek\u0161mets ir piln\u012bb\u0101 j\u0101not\u012bra l\u012bdz met\u0101lam. To var izdar\u012bt ar misi\u0146a suku. Misi\u0146a birste nesaskr\u0101p\u0113 mon\u0113tu, t\u0101 to tikai pul\u0113! \u0160\u0101di izskat\u0101s izt\u012br\u012bta mon\u0113ta: 3. Ielejiet \u016bdeni met\u0101la kr\u016bz\u0113. Ielejiet patin\u0101cijas l\u012bdzekli stikla b\u013cod\u0101. 4. Valk\u0101jiet respiratoru! (Tvaiki ir bez smar\u017eas un nav toksiski). 5. Iesl\u0113dziet elektrisko pl\u012bti vai g\u0101zes...\" \/>\n<meta property=\"og:url\" content=\"https:\/\/funclean.eu\/lv\/ka-pareizi-patinet-vara-prieksmetus-ar-funclean-patinesanas-lidzekli-2\/\" \/>\n<meta property=\"og:site_name\" content=\"Funclean\" \/>\n<meta property=\"article:publisher\" content=\"https:\/\/www.facebook.com\/groups\/436887375433126\/\" \/>\n<meta property=\"article:modified_time\" content=\"2024-05-28T18:49:20+00:00\" \/>\n<meta property=\"og:image\" content=\"https:\/\/funclean.eu\/wp-content\/uploads\/2020\/10\/pat-1-1024x1024.jpg\" \/>\n<meta name=\"twitter:card\" content=\"summary_large_image\" \/>\n<meta name=\"twitter:label1\" content=\"Est. reading time\" \/>\n\t<meta name=\"twitter:data1\" content=\"2 minutes\" \/>\n<script type=\"application\/ld+json\" class=\"yoast-schema-graph\">{\"@context\":\"https:\/\/schema.org\",\"@graph\":[{\"@type\":\"WebPage\",\"@id\":\"https:\/\/funclean.eu\/lv\/ka-pareizi-patinet-vara-prieksmetus-ar-funclean-patinesanas-lidzekli-2\/\",\"url\":\"https:\/\/funclean.eu\/lv\/ka-pareizi-patinet-vara-prieksmetus-ar-funclean-patinesanas-lidzekli-2\/\",\"name\":\"K\u0101 pareizi patin\u0113t vara priek\u0161metus ar Funclean patin\u0113\u0161anas l\u012bdzekli. - Funclean\",\"isPartOf\":{\"@id\":\"https:\/\/funclean.eu\/#website\"},\"primaryImageOfPage\":{\"@id\":\"https:\/\/funclean.eu\/lv\/ka-pareizi-patinet-vara-prieksmetus-ar-funclean-patinesanas-lidzekli-2\/#primaryimage\"},\"image\":{\"@id\":\"https:\/\/funclean.eu\/lv\/ka-pareizi-patinet-vara-prieksmetus-ar-funclean-patinesanas-lidzekli-2\/#primaryimage\"},\"thumbnailUrl\":\"https:\/\/funclean.eu\/wp-content\/uploads\/2020\/10\/pat-1-1024x1024.jpg\",\"datePublished\":\"2024-05-28T18:41:04+00:00\",\"dateModified\":\"2024-05-28T18:49:20+00:00\",\"breadcrumb\":{\"@id\":\"https:\/\/funclean.eu\/lv\/ka-pareizi-patinet-vara-prieksmetus-ar-funclean-patinesanas-lidzekli-2\/#breadcrumb\"},\"inLanguage\":\"lv-LV\",\"potentialAction\":[{\"@type\":\"ReadAction\",\"target\":[\"https:\/\/funclean.eu\/lv\/ka-pareizi-patinet-vara-prieksmetus-ar-funclean-patinesanas-lidzekli-2\/\"]}]},{\"@type\":\"ImageObject\",\"inLanguage\":\"lv-LV\",\"@id\":\"https:\/\/funclean.eu\/lv\/ka-pareizi-patinet-vara-prieksmetus-ar-funclean-patinesanas-lidzekli-2\/#primaryimage\",\"url\":\"https:\/\/funclean.eu\/wp-content\/uploads\/2020\/10\/pat-1-1024x1024.jpg\",\"contentUrl\":\"https:\/\/funclean.eu\/wp-content\/uploads\/2020\/10\/pat-1-1024x1024.jpg\"},{\"@type\":\"BreadcrumbList\",\"@id\":\"https:\/\/funclean.eu\/lv\/ka-pareizi-patinet-vara-prieksmetus-ar-funclean-patinesanas-lidzekli-2\/#breadcrumb\",\"itemListElement\":[{\"@type\":\"ListItem\",\"position\":1,\"name\":\"\u0413\u043b\u0430\u0432\u043d\u0430\u044f \u0441\u0442\u0440\u0430\u043d\u0438\u0446\u0430\",\"item\":\"https:\/\/funclean.eu\/lt\/\"},{\"@type\":\"ListItem\",\"position\":2,\"name\":\"K\u0101 pareizi patin\u0113t vara priek\u0161metus ar Funclean patin\u0113\u0161anas l\u012bdzekli.\"}]},{\"@type\":\"WebSite\",\"@id\":\"https:\/\/funclean.eu\/#website\",\"url\":\"https:\/\/funclean.eu\/\",\"name\":\"FUNCLEAN.EU\",\"description\":\"\u041e\u0447\u0438\u0441\u0442\u043a\u0430 \u0438 \u0445\u0440\u0430\u043d\u0435\u043d\u0438\u0435 \u043c\u043e\u043d\u0435\u0442. \u041a\u0430\u043a \u0447\u0438\u0441\u0442\u0438\u0442\u044c \u043c\u043e\u043d\u0435\u0442\u044b \u0438 \u043d\u0430\u0445\u043e\u0434\u043a\u0438.\",\"potentialAction\":[{\"@type\":\"SearchAction\",\"target\":{\"@type\":\"EntryPoint\",\"urlTemplate\":\"https:\/\/funclean.eu\/?s={search_term_string}\"},\"query-input\":{\"@type\":\"PropertyValueSpecification\",\"valueRequired\":true,\"valueName\":\"search_term_string\"}}],\"inLanguage\":\"lv-LV\"}]}<\/script>\n<!-- \/ Yoast SEO plugin. -->","yoast_head_json":{"title":"K\u0101 pareizi patin\u0113t vara priek\u0161metus ar Funclean patin\u0113\u0161anas l\u012bdzekli. - Funclean","robots":{"index":"index","follow":"follow","max-snippet":"max-snippet:-1","max-image-preview":"max-image-preview:large","max-video-preview":"max-video-preview:-1"},"canonical":"https:\/\/funclean.eu\/lv\/ka-pareizi-patinet-vara-prieksmetus-ar-funclean-patinesanas-lidzekli-2\/","og_locale":"lv_LV","og_type":"article","og_title":"K\u0101 pareizi patin\u0113t vara priek\u0161metus ar Funclean patin\u0113\u0161anas l\u012bdzekli. - Funclean","og_description":"2. Mon\u0113ta vai cits vara priek\u0161mets ir piln\u012bb\u0101 j\u0101not\u012bra l\u012bdz met\u0101lam. To var izdar\u012bt ar misi\u0146a suku. Misi\u0146a birste nesaskr\u0101p\u0113 mon\u0113tu, t\u0101 to tikai pul\u0113! \u0160\u0101di izskat\u0101s izt\u012br\u012bta mon\u0113ta: 3. Ielejiet \u016bdeni met\u0101la kr\u016bz\u0113. Ielejiet patin\u0101cijas l\u012bdzekli stikla b\u013cod\u0101. 4. Valk\u0101jiet respiratoru! (Tvaiki ir bez smar\u017eas un nav toksiski). 5. Iesl\u0113dziet elektrisko pl\u012bti vai g\u0101zes...","og_url":"https:\/\/funclean.eu\/lv\/ka-pareizi-patinet-vara-prieksmetus-ar-funclean-patinesanas-lidzekli-2\/","og_site_name":"Funclean","article_publisher":"https:\/\/www.facebook.com\/groups\/436887375433126\/","article_modified_time":"2024-05-28T18:49:20+00:00","og_image":[{"url":"https:\/\/funclean.eu\/wp-content\/uploads\/2020\/10\/pat-1-1024x1024.jpg","type":"","width":"","height":""}],"twitter_card":"summary_large_image","twitter_misc":{"Est. reading time":"2 minutes"},"schema":{"@context":"https:\/\/schema.org","@graph":[{"@type":"WebPage","@id":"https:\/\/funclean.eu\/lv\/ka-pareizi-patinet-vara-prieksmetus-ar-funclean-patinesanas-lidzekli-2\/","url":"https:\/\/funclean.eu\/lv\/ka-pareizi-patinet-vara-prieksmetus-ar-funclean-patinesanas-lidzekli-2\/","name":"K\u0101 pareizi patin\u0113t vara priek\u0161metus ar Funclean patin\u0113\u0161anas l\u012bdzekli. - Funclean","isPartOf":{"@id":"https:\/\/funclean.eu\/#website"},"primaryImageOfPage":{"@id":"https:\/\/funclean.eu\/lv\/ka-pareizi-patinet-vara-prieksmetus-ar-funclean-patinesanas-lidzekli-2\/#primaryimage"},"image":{"@id":"https:\/\/funclean.eu\/lv\/ka-pareizi-patinet-vara-prieksmetus-ar-funclean-patinesanas-lidzekli-2\/#primaryimage"},"thumbnailUrl":"https:\/\/funclean.eu\/wp-content\/uploads\/2020\/10\/pat-1-1024x1024.jpg","datePublished":"2024-05-28T18:41:04+00:00","dateModified":"2024-05-28T18:49:20+00:00","breadcrumb":{"@id":"https:\/\/funclean.eu\/lv\/ka-pareizi-patinet-vara-prieksmetus-ar-funclean-patinesanas-lidzekli-2\/#breadcrumb"},"inLanguage":"lv-LV","potentialAction":[{"@type":"ReadAction","target":["https:\/\/funclean.eu\/lv\/ka-pareizi-patinet-vara-prieksmetus-ar-funclean-patinesanas-lidzekli-2\/"]}]},{"@type":"ImageObject","inLanguage":"lv-LV","@id":"https:\/\/funclean.eu\/lv\/ka-pareizi-patinet-vara-prieksmetus-ar-funclean-patinesanas-lidzekli-2\/#primaryimage","url":"https:\/\/funclean.eu\/wp-content\/uploads\/2020\/10\/pat-1-1024x1024.jpg","contentUrl":"https:\/\/funclean.eu\/wp-content\/uploads\/2020\/10\/pat-1-1024x1024.jpg"},{"@type":"BreadcrumbList","@id":"https:\/\/funclean.eu\/lv\/ka-pareizi-patinet-vara-prieksmetus-ar-funclean-patinesanas-lidzekli-2\/#breadcrumb","itemListElement":[{"@type":"ListItem","position":1,"name":"\u0413\u043b\u0430\u0432\u043d\u0430\u044f \u0441\u0442\u0440\u0430\u043d\u0438\u0446\u0430","item":"https:\/\/funclean.eu\/lt\/"},{"@type":"ListItem","position":2,"name":"K\u0101 pareizi patin\u0113t vara priek\u0161metus ar Funclean patin\u0113\u0161anas l\u012bdzekli."}]},{"@type":"WebSite","@id":"https:\/\/funclean.eu\/#website","url":"https:\/\/funclean.eu\/","name":"FUNCLEAN.EU","description":"\u041e\u0447\u0438\u0441\u0442\u043a\u0430 \u0438 \u0445\u0440\u0430\u043d\u0435\u043d\u0438\u0435 \u043c\u043e\u043d\u0435\u0442. \u041a\u0430\u043a \u0447\u0438\u0441\u0442\u0438\u0442\u044c \u043c\u043e\u043d\u0435\u0442\u044b \u0438 \u043d\u0430\u0445\u043e\u0434\u043a\u0438.","potentialAction":[{"@type":"SearchAction","target":{"@type":"EntryPoint","urlTemplate":"https:\/\/funclean.eu\/?s={search_term_string}"},"query-input":{"@type":"PropertyValueSpecification","valueRequired":true,"valueName":"search_term_string"}}],"inLanguage":"lv-LV"}]}},"jetpack_sharing_enabled":true,"_links":{"self":[{"href":"https:\/\/funclean.eu\/lv\/wp-json\/wp\/v2\/pages\/4999","targetHints":{"allow":["GET"]}}],"collection":[{"href":"https:\/\/funclean.eu\/lv\/wp-json\/wp\/v2\/pages"}],"about":[{"href":"https:\/\/funclean.eu\/lv\/wp-json\/wp\/v2\/types\/page"}],"author":[{"embeddable":true,"href":"https:\/\/funclean.eu\/lv\/wp-json\/wp\/v2\/users\/1"}],"replies":[{"embeddable":true,"href":"https:\/\/funclean.eu\/lv\/wp-json\/wp\/v2\/comments?post=4999"}],"version-history":[{"count":1,"href":"https:\/\/funclean.eu\/lv\/wp-json\/wp\/v2\/pages\/4999\/revisions"}],"predecessor-version":[{"id":5000,"href":"https:\/\/funclean.eu\/lv\/wp-json\/wp\/v2\/pages\/4999\/revisions\/5000"}],"wp:attachment":[{"href":"https:\/\/funclean.eu\/lv\/wp-json\/wp\/v2\/media?parent=4999"}],"curies":[{"name":"wp","href":"https:\/\/api.w.org\/{rel}","templated":true}]}}