{"id":4829,"date":"2023-12-26T14:45:12","date_gmt":"2023-12-26T14:45:12","guid":{"rendered":"https:\/\/funclean.eu\/pristatymo-informacija\/"},"modified":"2024-05-26T15:03:30","modified_gmt":"2024-05-26T15:03:30","slug":"pristatymo-informacija","status":"publish","type":"page","link":"https:\/\/funclean.eu\/lv\/pristatymo-informacija\/","title":{"rendered":"Pristatymo inform\u0101cija"},"content":{"rendered":"\n<p>Kliento pageidavimu prek\u0117s prezentomos \u0161ajos b\u016bdos:<\/p>\n\n<p>&#8220;Omniva&#8221; pa\u0161to d\u0117\u017eut\u0113s (tik i\u0161 iepriek\u0161 apmaks\u0101jot jau preces) klientas telefonu gaus atrakinimo kodu. Iesp\u0113jams iepaz\u012bties ar Lietuvu, Latviju un Igauniju.<\/p>\n\n<p>Mok\u0117jimo b\u016bdai:<\/p>\n\n<p>Pervedimu uz kortel\u0119 (preliminarus vieno\u0161an\u0101s telefonu +37062100240 jeb el. pa\u0161tu info@funclean.eu).<\/p>\n\n<p>Mok\u0117jimas par bank\u0101m. (Paysera)<\/p>\n\n<p>&#8220;PayPal.&#8221;<\/p>\n\n<p>Paprastai prek\u0117s prezentomos per 1-5 darbo dienas, (Latvija + 1\/2, Estija + 1\/3) ja t\u0101s ir sand\u0117lyje.<\/p>\n\n<p><strong>U\u017esak\u012bjumi veikti l\u012bdz 14val. ir prekei esant sand\u0117lyje, pas\u016btymas prezentomas sekan\u010di\u0105 darba dienu!<\/strong><\/p>\n\n<p>Ja pre\u010du sand\u0117lyje nav, par tai klientas infromuojamas ir saska\u0146inamas laiks atsevi\u0161\u0137i.<\/p>\n","protected":false},"excerpt":{"rendered":"<p>Kliento pageidavimu prek\u0117s prezentomos \u0161ajos b\u016bdos: &#8220;Omniva&#8221; pa\u0161to d\u0117\u017eut\u0113s (tik i\u0161 iepriek\u0161 apmaks\u0101jot jau preces) klientas telefonu gaus atrakinimo kodu. Iesp\u0113jams iepaz\u012bties ar Lietuvu, Latviju un Igauniju. Mok\u0117jimo b\u016bdai: Pervedimu uz kortel\u0119 (preliminarus vieno\u0161an\u0101s telefonu +37062100240 jeb el. pa\u0161tu info@funclean.eu). Mok\u0117jimas par bank\u0101m. (Paysera) &#8220;PayPal.&#8221; Paprastai prek\u0117s prezentomos per 1-5 darbo dienas, (Latvija + 1\/2,&#8230;<\/p>\n","protected":false},"author":1,"featured_media":0,"parent":0,"menu_order":0,"comment_status":"closed","ping_status":"closed","template":"","meta":{"_kad_post_transparent":"","_kad_post_title":"","_kad_post_layout":"","_kad_post_sidebar_id":"","_kad_post_content_style":"","_kad_post_vertical_padding":"","_kad_post_feature":"","_kad_post_feature_position":"","_kad_post_header":false,"_kad_post_footer":false,"footnotes":""},"class_list":["post-4829","page","type-page","status-publish","hentry"],"yoast_head":"<!-- This site is optimized with the Yoast SEO plugin v25.8 - https:\/\/yoast.com\/wordpress\/plugins\/seo\/ -->\n<title>Pristatymo inform\u0101cija - Funclean<\/title>\n<meta name=\"robots\" content=\"index, follow, max-snippet:-1, max-image-preview:large, max-video-preview:-1\" \/>\n<link rel=\"canonical\" href=\"https:\/\/funclean.eu\/dostavka\/\" \/>\n<meta property=\"og:locale\" content=\"lv_LV\" \/>\n<meta property=\"og:type\" content=\"article\" \/>\n<meta property=\"og:title\" content=\"Pristatymo inform\u0101cija - Funclean\" \/>\n<meta property=\"og:description\" content=\"Kliento pageidavimu prek\u0117s prezentomos \u0161ajos b\u016bdos: &#8220;Omniva&#8221; pa\u0161to d\u0117\u017eut\u0113s (tik i\u0161 iepriek\u0161 apmaks\u0101jot jau preces) klientas telefonu gaus atrakinimo kodu. Iesp\u0113jams iepaz\u012bties ar Lietuvu, Latviju un Igauniju. Mok\u0117jimo b\u016bdai: Pervedimu uz kortel\u0119 (preliminarus vieno\u0161an\u0101s telefonu +37062100240 jeb el. pa\u0161tu info@funclean.eu). Mok\u0117jimas par bank\u0101m. (Paysera) &#8220;PayPal.&#8221; Paprastai prek\u0117s prezentomos per 1-5 darbo dienas, (Latvija + 1\/2,...\" \/>\n<meta property=\"og:url\" content=\"https:\/\/funclean.eu\/dostavka\/\" \/>\n<meta property=\"og:site_name\" content=\"Funclean\" \/>\n<meta property=\"article:publisher\" content=\"https:\/\/www.facebook.com\/groups\/436887375433126\/\" \/>\n<meta property=\"article:modified_time\" content=\"2024-05-26T15:03:30+00:00\" \/>\n<meta name=\"twitter:card\" content=\"summary_large_image\" \/>\n<meta name=\"twitter:label1\" content=\"Est. reading time\" \/>\n\t<meta name=\"twitter:data1\" content=\"1 minute\" \/>\n<script type=\"application\/ld+json\" class=\"yoast-schema-graph\">{\"@context\":\"https:\/\/schema.org\",\"@graph\":[{\"@type\":\"WebPage\",\"@id\":\"https:\/\/funclean.eu\/dostavka\/\",\"url\":\"https:\/\/funclean.eu\/dostavka\/\",\"name\":\"Pristatymo inform\u0101cija - Funclean\",\"isPartOf\":{\"@id\":\"https:\/\/funclean.eu\/#website\"},\"datePublished\":\"2023-12-26T14:45:12+00:00\",\"dateModified\":\"2024-05-26T15:03:30+00:00\",\"breadcrumb\":{\"@id\":\"https:\/\/funclean.eu\/dostavka\/#breadcrumb\"},\"inLanguage\":\"lv-LV\",\"potentialAction\":[{\"@type\":\"ReadAction\",\"target\":[\"https:\/\/funclean.eu\/dostavka\/\"]}]},{\"@type\":\"BreadcrumbList\",\"@id\":\"https:\/\/funclean.eu\/dostavka\/#breadcrumb\",\"itemListElement\":[{\"@type\":\"ListItem\",\"position\":1,\"name\":\"\u0413\u043b\u0430\u0432\u043d\u0430\u044f \u0441\u0442\u0440\u0430\u043d\u0438\u0446\u0430\",\"item\":\"https:\/\/funclean.eu\/lt\/\"},{\"@type\":\"ListItem\",\"position\":2,\"name\":\"Pristatymo inform\u0101cija\"}]},{\"@type\":\"WebSite\",\"@id\":\"https:\/\/funclean.eu\/#website\",\"url\":\"https:\/\/funclean.eu\/\",\"name\":\"FUNCLEAN.EU\",\"description\":\"\u041e\u0447\u0438\u0441\u0442\u043a\u0430 \u0438 \u0445\u0440\u0430\u043d\u0435\u043d\u0438\u0435 \u043c\u043e\u043d\u0435\u0442. \u041a\u0430\u043a \u0447\u0438\u0441\u0442\u0438\u0442\u044c \u043c\u043e\u043d\u0435\u0442\u044b \u0438 \u043d\u0430\u0445\u043e\u0434\u043a\u0438.\",\"potentialAction\":[{\"@type\":\"SearchAction\",\"target\":{\"@type\":\"EntryPoint\",\"urlTemplate\":\"https:\/\/funclean.eu\/?s={search_term_string}\"},\"query-input\":{\"@type\":\"PropertyValueSpecification\",\"valueRequired\":true,\"valueName\":\"search_term_string\"}}],\"inLanguage\":\"lv-LV\"}]}<\/script>\n<!-- \/ Yoast SEO plugin. -->","yoast_head_json":{"title":"Pristatymo inform\u0101cija - Funclean","robots":{"index":"index","follow":"follow","max-snippet":"max-snippet:-1","max-image-preview":"max-image-preview:large","max-video-preview":"max-video-preview:-1"},"canonical":"https:\/\/funclean.eu\/dostavka\/","og_locale":"lv_LV","og_type":"article","og_title":"Pristatymo inform\u0101cija - Funclean","og_description":"Kliento pageidavimu prek\u0117s prezentomos \u0161ajos b\u016bdos: &#8220;Omniva&#8221; pa\u0161to d\u0117\u017eut\u0113s (tik i\u0161 iepriek\u0161 apmaks\u0101jot jau preces) klientas telefonu gaus atrakinimo kodu. Iesp\u0113jams iepaz\u012bties ar Lietuvu, Latviju un Igauniju. Mok\u0117jimo b\u016bdai: Pervedimu uz kortel\u0119 (preliminarus vieno\u0161an\u0101s telefonu +37062100240 jeb el. pa\u0161tu info@funclean.eu). Mok\u0117jimas par bank\u0101m. (Paysera) &#8220;PayPal.&#8221; Paprastai prek\u0117s prezentomos per 1-5 darbo dienas, (Latvija + 1\/2,...","og_url":"https:\/\/funclean.eu\/dostavka\/","og_site_name":"Funclean","article_publisher":"https:\/\/www.facebook.com\/groups\/436887375433126\/","article_modified_time":"2024-05-26T15:03:30+00:00","twitter_card":"summary_large_image","twitter_misc":{"Est. reading time":"1 minute"},"schema":{"@context":"https:\/\/schema.org","@graph":[{"@type":"WebPage","@id":"https:\/\/funclean.eu\/dostavka\/","url":"https:\/\/funclean.eu\/dostavka\/","name":"Pristatymo inform\u0101cija - Funclean","isPartOf":{"@id":"https:\/\/funclean.eu\/#website"},"datePublished":"2023-12-26T14:45:12+00:00","dateModified":"2024-05-26T15:03:30+00:00","breadcrumb":{"@id":"https:\/\/funclean.eu\/dostavka\/#breadcrumb"},"inLanguage":"lv-LV","potentialAction":[{"@type":"ReadAction","target":["https:\/\/funclean.eu\/dostavka\/"]}]},{"@type":"BreadcrumbList","@id":"https:\/\/funclean.eu\/dostavka\/#breadcrumb","itemListElement":[{"@type":"ListItem","position":1,"name":"\u0413\u043b\u0430\u0432\u043d\u0430\u044f \u0441\u0442\u0440\u0430\u043d\u0438\u0446\u0430","item":"https:\/\/funclean.eu\/lt\/"},{"@type":"ListItem","position":2,"name":"Pristatymo inform\u0101cija"}]},{"@type":"WebSite","@id":"https:\/\/funclean.eu\/#website","url":"https:\/\/funclean.eu\/","name":"FUNCLEAN.EU","description":"\u041e\u0447\u0438\u0441\u0442\u043a\u0430 \u0438 \u0445\u0440\u0430\u043d\u0435\u043d\u0438\u0435 \u043c\u043e\u043d\u0435\u0442. \u041a\u0430\u043a \u0447\u0438\u0441\u0442\u0438\u0442\u044c \u043c\u043e\u043d\u0435\u0442\u044b \u0438 \u043d\u0430\u0445\u043e\u0434\u043a\u0438.","potentialAction":[{"@type":"SearchAction","target":{"@type":"EntryPoint","urlTemplate":"https:\/\/funclean.eu\/?s={search_term_string}"},"query-input":{"@type":"PropertyValueSpecification","valueRequired":true,"valueName":"search_term_string"}}],"inLanguage":"lv-LV"}]}},"jetpack_sharing_enabled":true,"_links":{"self":[{"href":"https:\/\/funclean.eu\/lv\/wp-json\/wp\/v2\/pages\/4829","targetHints":{"allow":["GET"]}}],"collection":[{"href":"https:\/\/funclean.eu\/lv\/wp-json\/wp\/v2\/pages"}],"about":[{"href":"https:\/\/funclean.eu\/lv\/wp-json\/wp\/v2\/types\/page"}],"author":[{"embeddable":true,"href":"https:\/\/funclean.eu\/lv\/wp-json\/wp\/v2\/users\/1"}],"replies":[{"embeddable":true,"href":"https:\/\/funclean.eu\/lv\/wp-json\/wp\/v2\/comments?post=4829"}],"version-history":[{"count":1,"href":"https:\/\/funclean.eu\/lv\/wp-json\/wp\/v2\/pages\/4829\/revisions"}],"predecessor-version":[{"id":4831,"href":"https:\/\/funclean.eu\/lv\/wp-json\/wp\/v2\/pages\/4829\/revisions\/4831"}],"wp:attachment":[{"href":"https:\/\/funclean.eu\/lv\/wp-json\/wp\/v2\/media?parent=4829"}],"curies":[{"name":"wp","href":"https:\/\/api.w.org\/{rel}","templated":true}]}}