{"id":4780,"date":"2023-12-26T14:52:14","date_gmt":"2023-12-26T14:52:14","guid":{"rendered":"https:\/\/funclean.eu\/taisykles-ir-nosacijumi\/"},"modified":"2024-05-26T15:03:27","modified_gmt":"2024-05-26T15:03:27","slug":"taisykles-ir-nosacijumi","status":"publish","type":"page","link":"https:\/\/funclean.eu\/lv\/taisykles-ir-nosacijumi\/","title":{"rendered":"Taisykl\u0117s ir nosac\u012bjumi"},"content":{"rendered":"\n<p>FUNCLIEAN.EU &#8211; Naudojimo nosac\u012bjumi<\/p>\n\n<p>Patvirtindamas pas\u016bt\u012bjumu pirc\u0113js apstiprina, ka t\u0101 re\u0123istr\u0101cijas dati ir tiesingi un ka vi\u0146\u0161 var\u0113s sa\u0146emt preces nor\u0101d\u012btu laiku. Ja pas\u016btyt\u0173 pre\u010du nav m\u016bsu sand\u0117\u013cos, pristatymo laiks su klientu saska\u0146ot\u0101m atsevi\u0161\u0137\u0101m l\u012bgm\u0113m. Ja klients v\u0113las jau preces sa\u0146emt pieg\u0101des laik\u0101, patartina izv\u0113l\u0113ties tiksli\u0105 naudas summu &#8211; tik ietaup\u012bt un savu, un kurjerio laiku. Nesiun\u010diame pre\u010du neregistruotu pa\u0161tu &#8211; tai nesaugu. Nor\u0117dami atsiimt tiesiai no m\u016bsu, ne parduotuv\u0113, no iepriek\u0161 susitarkite par vietas ir laika.<\/p>\n\n<p>Atsi\u0173skite savus datus p\u0101rdo\u0161anas dokumentiem &#8211; vard\u0105, pavard\u0119, adresi, t\u0101lru\u0146a numuru, dokumentus bus sagatavot pirms tik\u0161an\u0101s.<\/p>\n\n<p>Produktu tiek nodro\u0161in\u0101ta garantija.<\/p>\n\n<p>I\u0161 m\u016bsu internetin\u0117s parduotuv\u0117s \u012fsigytas netinkamas preces varat gr\u0105\u017einti saska\u0146\u0101 ar \u012fstatymus. Prek\u0117s neturi b\u016bt izmantotas, sugadintos ar praradusios savu izskatu. Prek\u0117s turi b\u016bt ori\u0123in\u0101l\u0101s nepa\u017eeistoje pakuot\u0117je. Pakuot\u0117s plomb\u0173 p\u0101rk\u0101pimai nelaikomi defektu.<\/p>\n","protected":false},"excerpt":{"rendered":"<p>FUNCLIEAN.EU &#8211; Naudojimo nosac\u012bjumi Patvirtindamas pas\u016bt\u012bjumu pirc\u0113js apstiprina, ka t\u0101 re\u0123istr\u0101cijas dati ir tiesingi un ka vi\u0146\u0161 var\u0113s sa\u0146emt preces nor\u0101d\u012btu laiku. Ja pas\u016btyt\u0173 pre\u010du nav m\u016bsu sand\u0117\u013cos, pristatymo laiks su klientu saska\u0146ot\u0101m atsevi\u0161\u0137\u0101m l\u012bgm\u0113m. Ja klients v\u0113las jau preces sa\u0146emt pieg\u0101des laik\u0101, patartina izv\u0113l\u0113ties tiksli\u0105 naudas summu &#8211; tik ietaup\u012bt un savu, un kurjerio&#8230;<\/p>\n","protected":false},"author":1,"featured_media":0,"parent":0,"menu_order":0,"comment_status":"closed","ping_status":"closed","template":"","meta":{"_kad_post_transparent":"","_kad_post_title":"","_kad_post_layout":"","_kad_post_sidebar_id":"","_kad_post_content_style":"","_kad_post_vertical_padding":"","_kad_post_feature":"","_kad_post_feature_position":"","_kad_post_header":false,"_kad_post_footer":false,"footnotes":""},"class_list":["post-4780","page","type-page","status-publish","hentry"],"yoast_head":"<!-- This site is optimized with the Yoast SEO plugin v25.8 - https:\/\/yoast.com\/wordpress\/plugins\/seo\/ -->\n<title>Taisykl\u0117s ir nosac\u012bjumi - Funclean<\/title>\n<meta name=\"robots\" content=\"index, follow, max-snippet:-1, max-image-preview:large, max-video-preview:-1\" \/>\n<link rel=\"canonical\" href=\"https:\/\/funclean.eu\/lv\/taisykles-ir-nosacijumi\/\" \/>\n<meta property=\"og:locale\" content=\"lv_LV\" \/>\n<meta property=\"og:type\" content=\"article\" \/>\n<meta property=\"og:title\" content=\"Taisykl\u0117s ir nosac\u012bjumi - Funclean\" \/>\n<meta property=\"og:description\" content=\"FUNCLIEAN.EU &#8211; Naudojimo nosac\u012bjumi Patvirtindamas pas\u016bt\u012bjumu pirc\u0113js apstiprina, ka t\u0101 re\u0123istr\u0101cijas dati ir tiesingi un ka vi\u0146\u0161 var\u0113s sa\u0146emt preces nor\u0101d\u012btu laiku. Ja pas\u016btyt\u0173 pre\u010du nav m\u016bsu sand\u0117\u013cos, pristatymo laiks su klientu saska\u0146ot\u0101m atsevi\u0161\u0137\u0101m l\u012bgm\u0113m. Ja klients v\u0113las jau preces sa\u0146emt pieg\u0101des laik\u0101, patartina izv\u0113l\u0113ties tiksli\u0105 naudas summu &#8211; tik ietaup\u012bt un savu, un kurjerio...\" \/>\n<meta property=\"og:url\" content=\"https:\/\/funclean.eu\/lv\/taisykles-ir-nosacijumi\/\" \/>\n<meta property=\"og:site_name\" content=\"Funclean\" \/>\n<meta property=\"article:publisher\" content=\"https:\/\/www.facebook.com\/groups\/436887375433126\/\" \/>\n<meta property=\"article:modified_time\" content=\"2024-05-26T15:03:27+00:00\" \/>\n<meta name=\"twitter:card\" content=\"summary_large_image\" \/>\n<meta name=\"twitter:label1\" content=\"Est. reading time\" \/>\n\t<meta name=\"twitter:data1\" content=\"1 minute\" \/>\n<script type=\"application\/ld+json\" class=\"yoast-schema-graph\">{\"@context\":\"https:\/\/schema.org\",\"@graph\":[{\"@type\":\"WebPage\",\"@id\":\"https:\/\/funclean.eu\/lv\/taisykles-ir-nosacijumi\/\",\"url\":\"https:\/\/funclean.eu\/lv\/taisykles-ir-nosacijumi\/\",\"name\":\"Taisykl\u0117s ir nosac\u012bjumi - Funclean\",\"isPartOf\":{\"@id\":\"https:\/\/funclean.eu\/#website\"},\"datePublished\":\"2023-12-26T14:52:14+00:00\",\"dateModified\":\"2024-05-26T15:03:27+00:00\",\"breadcrumb\":{\"@id\":\"https:\/\/funclean.eu\/lv\/taisykles-ir-nosacijumi\/#breadcrumb\"},\"inLanguage\":\"lv-LV\",\"potentialAction\":[{\"@type\":\"ReadAction\",\"target\":[\"https:\/\/funclean.eu\/lv\/taisykles-ir-nosacijumi\/\"]}]},{\"@type\":\"BreadcrumbList\",\"@id\":\"https:\/\/funclean.eu\/lv\/taisykles-ir-nosacijumi\/#breadcrumb\",\"itemListElement\":[{\"@type\":\"ListItem\",\"position\":1,\"name\":\"\u0413\u043b\u0430\u0432\u043d\u0430\u044f \u0441\u0442\u0440\u0430\u043d\u0438\u0446\u0430\",\"item\":\"https:\/\/funclean.eu\/lt\/\"},{\"@type\":\"ListItem\",\"position\":2,\"name\":\"Taisykl\u0117s ir nosac\u012bjumi\"}]},{\"@type\":\"WebSite\",\"@id\":\"https:\/\/funclean.eu\/#website\",\"url\":\"https:\/\/funclean.eu\/\",\"name\":\"FUNCLEAN.EU\",\"description\":\"\u041e\u0447\u0438\u0441\u0442\u043a\u0430 \u0438 \u0445\u0440\u0430\u043d\u0435\u043d\u0438\u0435 \u043c\u043e\u043d\u0435\u0442. \u041a\u0430\u043a \u0447\u0438\u0441\u0442\u0438\u0442\u044c \u043c\u043e\u043d\u0435\u0442\u044b \u0438 \u043d\u0430\u0445\u043e\u0434\u043a\u0438.\",\"potentialAction\":[{\"@type\":\"SearchAction\",\"target\":{\"@type\":\"EntryPoint\",\"urlTemplate\":\"https:\/\/funclean.eu\/?s={search_term_string}\"},\"query-input\":{\"@type\":\"PropertyValueSpecification\",\"valueRequired\":true,\"valueName\":\"search_term_string\"}}],\"inLanguage\":\"lv-LV\"}]}<\/script>\n<!-- \/ Yoast SEO plugin. -->","yoast_head_json":{"title":"Taisykl\u0117s ir nosac\u012bjumi - Funclean","robots":{"index":"index","follow":"follow","max-snippet":"max-snippet:-1","max-image-preview":"max-image-preview:large","max-video-preview":"max-video-preview:-1"},"canonical":"https:\/\/funclean.eu\/lv\/taisykles-ir-nosacijumi\/","og_locale":"lv_LV","og_type":"article","og_title":"Taisykl\u0117s ir nosac\u012bjumi - Funclean","og_description":"FUNCLIEAN.EU &#8211; Naudojimo nosac\u012bjumi Patvirtindamas pas\u016bt\u012bjumu pirc\u0113js apstiprina, ka t\u0101 re\u0123istr\u0101cijas dati ir tiesingi un ka vi\u0146\u0161 var\u0113s sa\u0146emt preces nor\u0101d\u012btu laiku. Ja pas\u016btyt\u0173 pre\u010du nav m\u016bsu sand\u0117\u013cos, pristatymo laiks su klientu saska\u0146ot\u0101m atsevi\u0161\u0137\u0101m l\u012bgm\u0113m. Ja klients v\u0113las jau preces sa\u0146emt pieg\u0101des laik\u0101, patartina izv\u0113l\u0113ties tiksli\u0105 naudas summu &#8211; tik ietaup\u012bt un savu, un kurjerio...","og_url":"https:\/\/funclean.eu\/lv\/taisykles-ir-nosacijumi\/","og_site_name":"Funclean","article_publisher":"https:\/\/www.facebook.com\/groups\/436887375433126\/","article_modified_time":"2024-05-26T15:03:27+00:00","twitter_card":"summary_large_image","twitter_misc":{"Est. reading time":"1 minute"},"schema":{"@context":"https:\/\/schema.org","@graph":[{"@type":"WebPage","@id":"https:\/\/funclean.eu\/lv\/taisykles-ir-nosacijumi\/","url":"https:\/\/funclean.eu\/lv\/taisykles-ir-nosacijumi\/","name":"Taisykl\u0117s ir nosac\u012bjumi - Funclean","isPartOf":{"@id":"https:\/\/funclean.eu\/#website"},"datePublished":"2023-12-26T14:52:14+00:00","dateModified":"2024-05-26T15:03:27+00:00","breadcrumb":{"@id":"https:\/\/funclean.eu\/lv\/taisykles-ir-nosacijumi\/#breadcrumb"},"inLanguage":"lv-LV","potentialAction":[{"@type":"ReadAction","target":["https:\/\/funclean.eu\/lv\/taisykles-ir-nosacijumi\/"]}]},{"@type":"BreadcrumbList","@id":"https:\/\/funclean.eu\/lv\/taisykles-ir-nosacijumi\/#breadcrumb","itemListElement":[{"@type":"ListItem","position":1,"name":"\u0413\u043b\u0430\u0432\u043d\u0430\u044f \u0441\u0442\u0440\u0430\u043d\u0438\u0446\u0430","item":"https:\/\/funclean.eu\/lt\/"},{"@type":"ListItem","position":2,"name":"Taisykl\u0117s ir nosac\u012bjumi"}]},{"@type":"WebSite","@id":"https:\/\/funclean.eu\/#website","url":"https:\/\/funclean.eu\/","name":"FUNCLEAN.EU","description":"\u041e\u0447\u0438\u0441\u0442\u043a\u0430 \u0438 \u0445\u0440\u0430\u043d\u0435\u043d\u0438\u0435 \u043c\u043e\u043d\u0435\u0442. \u041a\u0430\u043a \u0447\u0438\u0441\u0442\u0438\u0442\u044c \u043c\u043e\u043d\u0435\u0442\u044b \u0438 \u043d\u0430\u0445\u043e\u0434\u043a\u0438.","potentialAction":[{"@type":"SearchAction","target":{"@type":"EntryPoint","urlTemplate":"https:\/\/funclean.eu\/?s={search_term_string}"},"query-input":{"@type":"PropertyValueSpecification","valueRequired":true,"valueName":"search_term_string"}}],"inLanguage":"lv-LV"}]}},"jetpack_sharing_enabled":true,"_links":{"self":[{"href":"https:\/\/funclean.eu\/lv\/wp-json\/wp\/v2\/pages\/4780","targetHints":{"allow":["GET"]}}],"collection":[{"href":"https:\/\/funclean.eu\/lv\/wp-json\/wp\/v2\/pages"}],"about":[{"href":"https:\/\/funclean.eu\/lv\/wp-json\/wp\/v2\/types\/page"}],"author":[{"embeddable":true,"href":"https:\/\/funclean.eu\/lv\/wp-json\/wp\/v2\/users\/1"}],"replies":[{"embeddable":true,"href":"https:\/\/funclean.eu\/lv\/wp-json\/wp\/v2\/comments?post=4780"}],"version-history":[{"count":1,"href":"https:\/\/funclean.eu\/lv\/wp-json\/wp\/v2\/pages\/4780\/revisions"}],"predecessor-version":[{"id":4787,"href":"https:\/\/funclean.eu\/lv\/wp-json\/wp\/v2\/pages\/4780\/revisions\/4787"}],"wp:attachment":[{"href":"https:\/\/funclean.eu\/lv\/wp-json\/wp\/v2\/media?parent=4780"}],"curies":[{"name":"wp","href":"https:\/\/api.w.org\/{rel}","templated":true}]}}