{"id":3694,"date":"2024-05-10T18:06:58","date_gmt":"2024-05-10T18:06:58","guid":{"rendered":"https:\/\/funclean.eu\/ka-pareizi-tirit-sudrabu-ar-funclean\/"},"modified":"2024-05-14T18:36:14","modified_gmt":"2024-05-14T18:36:14","slug":"ka-pareizi-tirit-sudrabu-ar-funclean","status":"publish","type":"page","link":"https:\/\/funclean.eu\/lv\/ka-pareizi-tirit-sudrabu-ar-funclean\/","title":{"rendered":"K\u0101 pareizi t\u012br\u012bt sudrabu ar Funclean."},"content":{"rendered":"\n<p>Funclean ir izstr\u0101d\u0101jis \u012bpa\u0161u l\u012bdzekli stipri oksid\u0113ta sudraba t\u012br\u012b\u0161anai. Nodarbojas ar \u013coti smagiem nos\u0113dumiem un oks\u012bdiem. Tam ir t\u016bl\u012bt\u0113js efekts.<\/p>\n\n<figure class=\"wp-block-image\"><img fetchpriority=\"high\" decoding=\"async\" width=\"1024\" height=\"512\" src=\"https:\/\/funclean.eu\/wp-content\/uploads\/2024\/04\/s1-1024x512.jpg\" alt=\"\" class=\"wp-image-3081\" srcset=\"https:\/\/funclean.eu\/wp-content\/uploads\/2024\/04\/s1-1024x512.jpg 1024w, https:\/\/funclean.eu\/wp-content\/uploads\/2024\/04\/s1-300x150.jpg 300w, https:\/\/funclean.eu\/wp-content\/uploads\/2024\/04\/s1-768x384.jpg 768w, https:\/\/funclean.eu\/wp-content\/uploads\/2024\/04\/s1-700x350.jpg 700w, https:\/\/funclean.eu\/wp-content\/uploads\/2024\/04\/s1.jpg 1200w\" sizes=\"(max-width: 1024px) 100vw, 1024px\" \/><\/figure>\n\n<p><strong>Piesardz\u012bbas pas\u0101kumi:<\/strong><\/p>\n\n<p><strong>Str\u0101d\u0101jot ar FUNCLEAN sudraba t\u012br\u012b\u0161anas l\u012bdzekli, vienm\u0113r j\u0101lieto cimdi, respirators un aizsargbrilles.<\/strong><\/p>\n\n<figure class=\"wp-block-image\"><img decoding=\"async\" width=\"800\" height=\"280\" src=\"https:\/\/funclean.eu\/wp-content\/uploads\/2024\/04\/ochki-perchatki-respiratory.webp\" alt=\"\" class=\"wp-image-3077\" srcset=\"https:\/\/funclean.eu\/wp-content\/uploads\/2024\/04\/ochki-perchatki-respiratory.webp 800w, https:\/\/funclean.eu\/wp-content\/uploads\/2024\/04\/ochki-perchatki-respiratory-300x105.webp 300w, https:\/\/funclean.eu\/wp-content\/uploads\/2024\/04\/ochki-perchatki-respiratory-768x269.webp 768w, https:\/\/funclean.eu\/wp-content\/uploads\/2024\/04\/ochki-perchatki-respiratory-700x245.webp 700w\" sizes=\"(max-width: 800px) 100vw, 800px\" \/><\/figure>\n\n<p>Darba sagatavo\u0161ana:<\/p>\n\n<p>Aizsardz\u012bbas l\u012bdzek\u013ci.<\/p>\n\n<p>Funclean sudraba t\u012br\u012b\u0161anas l\u012bdzeklis.<\/p>\n\n<p>Funclean \u0161\u0137idruma konteiners.<\/p>\n\n<p>Trauku ar siltu \u016bdeni.<\/p>\n\n<p>Pincete un birste.<\/p>\n\n<p>Chitika sudraba izstr\u0101d\u0101jumi.<\/p>\n\n<figure class=\"wp-block-image\"><img decoding=\"async\" width=\"625\" height=\"1024\" src=\"https:\/\/funclean.eu\/wp-content\/uploads\/2024\/05\/s1.jpg\" alt=\"\" class=\"wp-image-3552\" srcset=\"https:\/\/funclean.eu\/wp-content\/uploads\/2024\/05\/s1.jpg 625w, https:\/\/funclean.eu\/wp-content\/uploads\/2024\/05\/s1-183x300.jpg 183w\" sizes=\"(max-width: 625px) 100vw, 625px\" \/><\/figure>\n\n<figure class=\"wp-block-image\"><img loading=\"lazy\" decoding=\"async\" width=\"803\" height=\"1024\" src=\"https:\/\/funclean.eu\/wp-content\/uploads\/2024\/04\/s1-1-803x1024.jpg\" alt=\"\" class=\"wp-image-3085\" srcset=\"https:\/\/funclean.eu\/wp-content\/uploads\/2024\/04\/s1-1-803x1024.jpg 803w, https:\/\/funclean.eu\/wp-content\/uploads\/2024\/04\/s1-1-235x300.jpg 235w, https:\/\/funclean.eu\/wp-content\/uploads\/2024\/04\/s1-1-768x980.jpg 768w, https:\/\/funclean.eu\/wp-content\/uploads\/2024\/04\/s1-1-700x893.jpg 700w, https:\/\/funclean.eu\/wp-content\/uploads\/2024\/04\/s1-1.jpg 1080w\" sizes=\"(max-width: 803px) 100vw, 803px\" \/><\/figure>\n\n<p>Ielejiet sudraba t\u012br\u012b\u0161anas l\u012bdzekli trauk\u0101. Iegremd\u0113jiet mon\u0113tu vai citu sudraba trauku. P\u0101rliecinieties, ka objekts ir piln\u012bb\u0101 iegremd\u0113ts \u0161\u0137idrum\u0101. P\u0113c min\u016btes iz\u0146emiet sudrabu no \u0161\u0137idruma un noslaukiet ar salveti. Noskalojiet ar birsti silt\u0101 \u016bden\u012b.<\/p>\n\n<figure class=\"wp-block-image\"><img decoding=\"async\" src=\"https:\/\/funclean.eu\/wp-content\/uploads\/2024\/05\/%D0%98%D0%B7%D0%BE%D0%B1%D1%80%D0%B0%D0%B6%D0%B5%D0%BD%D0%B8%D0%B57-576x1024.jpg\" alt=\"\" class=\"wp-image-3561\"\/><\/figure>\n\n<p>Parasti piln\u012bgai t\u012br\u012b\u0161anai pietiek ar 1 min\u016bti. Ja sudrabs nav piln\u012bb\u0101 not\u012br\u012bts, atk\u0101rtojiet proced\u016bru.<\/p>\n\n<p>Neaizmirstiet lietot aizsardz\u012bbas l\u012bdzek\u013cus: aizsargbrilles un cimdus. Saskaroties ar \u0101du, var izrais\u012bt apdegumus. Saskaroties ar \u0101du, nekav\u0113joties noskalot ar \u016bdeni. Sarg\u0101t no b\u0113rniem!!!<\/p>\n\n<p>Rezult\u0101ts.<\/p>\n\n<p>PIRMS T\u012aR\u012a\u0160ANAS:<\/p>\n\n<figure class=\"wp-block-image\"><img loading=\"lazy\" decoding=\"async\" width=\"625\" height=\"1024\" src=\"https:\/\/funclean.eu\/wp-content\/uploads\/2024\/05\/s1-1.jpg\" alt=\"\" class=\"wp-image-3567\" srcset=\"https:\/\/funclean.eu\/wp-content\/uploads\/2024\/05\/s1-1.jpg 625w, https:\/\/funclean.eu\/wp-content\/uploads\/2024\/05\/s1-1-183x300.jpg 183w\" sizes=\"(max-width: 625px) 100vw, 625px\" \/><\/figure>\n\n<p>P\u0112C T\u012aR\u012a\u0160ANAS:<\/p>\n\n<figure class=\"wp-block-image\"><img loading=\"lazy\" decoding=\"async\" width=\"625\" height=\"1024\" src=\"https:\/\/funclean.eu\/wp-content\/uploads\/2024\/05\/s3.jpg\" alt=\"\" class=\"wp-image-3572\" srcset=\"https:\/\/funclean.eu\/wp-content\/uploads\/2024\/05\/s3.jpg 625w, https:\/\/funclean.eu\/wp-content\/uploads\/2024\/05\/s3-183x300.jpg 183w\" sizes=\"(max-width: 625px) 100vw, 625px\" \/><\/figure>\n","protected":false},"excerpt":{"rendered":"<p>Funclean ir izstr\u0101d\u0101jis \u012bpa\u0161u l\u012bdzekli stipri oksid\u0113ta sudraba t\u012br\u012b\u0161anai. Nodarbojas ar \u013coti smagiem nos\u0113dumiem un oks\u012bdiem. Tam ir t\u016bl\u012bt\u0113js efekts. Piesardz\u012bbas pas\u0101kumi: Str\u0101d\u0101jot ar FUNCLEAN sudraba t\u012br\u012b\u0161anas l\u012bdzekli, vienm\u0113r j\u0101lieto cimdi, respirators un aizsargbrilles. Darba sagatavo\u0161ana: Aizsardz\u012bbas l\u012bdzek\u013ci. Funclean sudraba t\u012br\u012b\u0161anas l\u012bdzeklis. Funclean \u0161\u0137idruma konteiners. Trauku ar siltu \u016bdeni. Pincete un birste. Chitika sudraba izstr\u0101d\u0101jumi&#8230;.<\/p>\n","protected":false},"author":1,"featured_media":0,"parent":0,"menu_order":0,"comment_status":"closed","ping_status":"closed","template":"","meta":{"_kad_post_transparent":"","_kad_post_title":"","_kad_post_layout":"","_kad_post_sidebar_id":"","_kad_post_content_style":"","_kad_post_vertical_padding":"","_kad_post_feature":"","_kad_post_feature_position":"","_kad_post_header":false,"_kad_post_footer":false,"footnotes":""},"class_list":["post-3694","page","type-page","status-publish","hentry"],"yoast_head":"<!-- This site is optimized with the Yoast SEO plugin v25.8 - https:\/\/yoast.com\/wordpress\/plugins\/seo\/ -->\n<title>K\u0101 pareizi t\u012br\u012bt sudrabu ar Funclean. - Funclean<\/title>\n<meta name=\"robots\" content=\"index, follow, max-snippet:-1, max-image-preview:large, max-video-preview:-1\" \/>\n<link rel=\"canonical\" href=\"https:\/\/funclean.eu\/serebrochistka\/\" \/>\n<meta property=\"og:locale\" content=\"lv_LV\" \/>\n<meta property=\"og:type\" content=\"article\" \/>\n<meta property=\"og:title\" content=\"K\u0101 pareizi t\u012br\u012bt sudrabu ar Funclean. - Funclean\" \/>\n<meta property=\"og:description\" content=\"Funclean ir izstr\u0101d\u0101jis \u012bpa\u0161u l\u012bdzekli stipri oksid\u0113ta sudraba t\u012br\u012b\u0161anai. Nodarbojas ar \u013coti smagiem nos\u0113dumiem un oks\u012bdiem. Tam ir t\u016bl\u012bt\u0113js efekts. Piesardz\u012bbas pas\u0101kumi: Str\u0101d\u0101jot ar FUNCLEAN sudraba t\u012br\u012b\u0161anas l\u012bdzekli, vienm\u0113r j\u0101lieto cimdi, respirators un aizsargbrilles. Darba sagatavo\u0161ana: Aizsardz\u012bbas l\u012bdzek\u013ci. Funclean sudraba t\u012br\u012b\u0161anas l\u012bdzeklis. Funclean \u0161\u0137idruma konteiners. Trauku ar siltu \u016bdeni. Pincete un birste. Chitika sudraba izstr\u0101d\u0101jumi....\" \/>\n<meta property=\"og:url\" content=\"https:\/\/funclean.eu\/serebrochistka\/\" \/>\n<meta property=\"og:site_name\" content=\"Funclean\" \/>\n<meta property=\"article:publisher\" content=\"https:\/\/www.facebook.com\/groups\/436887375433126\/\" \/>\n<meta property=\"article:modified_time\" content=\"2024-05-14T18:36:14+00:00\" \/>\n<meta property=\"og:image\" content=\"https:\/\/funclean.eu\/wp-content\/uploads\/2024\/04\/s1-1024x512.jpg\" \/>\n<meta name=\"twitter:card\" content=\"summary_large_image\" \/>\n<meta name=\"twitter:label1\" content=\"Est. reading time\" \/>\n\t<meta name=\"twitter:data1\" content=\"1 minute\" \/>\n<script type=\"application\/ld+json\" class=\"yoast-schema-graph\">{\"@context\":\"https:\/\/schema.org\",\"@graph\":[{\"@type\":\"WebPage\",\"@id\":\"https:\/\/funclean.eu\/serebrochistka\/\",\"url\":\"https:\/\/funclean.eu\/serebrochistka\/\",\"name\":\"K\u0101 pareizi t\u012br\u012bt sudrabu ar Funclean. - Funclean\",\"isPartOf\":{\"@id\":\"https:\/\/funclean.eu\/#website\"},\"primaryImageOfPage\":{\"@id\":\"https:\/\/funclean.eu\/serebrochistka\/#primaryimage\"},\"image\":{\"@id\":\"https:\/\/funclean.eu\/serebrochistka\/#primaryimage\"},\"thumbnailUrl\":\"https:\/\/funclean.eu\/wp-content\/uploads\/2024\/04\/s1-1024x512.jpg\",\"datePublished\":\"2024-05-10T18:06:58+00:00\",\"dateModified\":\"2024-05-14T18:36:14+00:00\",\"breadcrumb\":{\"@id\":\"https:\/\/funclean.eu\/serebrochistka\/#breadcrumb\"},\"inLanguage\":\"lv-LV\",\"potentialAction\":[{\"@type\":\"ReadAction\",\"target\":[\"https:\/\/funclean.eu\/serebrochistka\/\"]}]},{\"@type\":\"ImageObject\",\"inLanguage\":\"lv-LV\",\"@id\":\"https:\/\/funclean.eu\/serebrochistka\/#primaryimage\",\"url\":\"https:\/\/funclean.eu\/wp-content\/uploads\/2024\/04\/s1-1024x512.jpg\",\"contentUrl\":\"https:\/\/funclean.eu\/wp-content\/uploads\/2024\/04\/s1-1024x512.jpg\"},{\"@type\":\"BreadcrumbList\",\"@id\":\"https:\/\/funclean.eu\/serebrochistka\/#breadcrumb\",\"itemListElement\":[{\"@type\":\"ListItem\",\"position\":1,\"name\":\"\u0413\u043b\u0430\u0432\u043d\u0430\u044f \u0441\u0442\u0440\u0430\u043d\u0438\u0446\u0430\",\"item\":\"https:\/\/funclean.eu\/lt\/\"},{\"@type\":\"ListItem\",\"position\":2,\"name\":\"K\u0101 pareizi t\u012br\u012bt sudrabu ar Funclean.\"}]},{\"@type\":\"WebSite\",\"@id\":\"https:\/\/funclean.eu\/#website\",\"url\":\"https:\/\/funclean.eu\/\",\"name\":\"FUNCLEAN.EU\",\"description\":\"\u041e\u0447\u0438\u0441\u0442\u043a\u0430 \u0438 \u0445\u0440\u0430\u043d\u0435\u043d\u0438\u0435 \u043c\u043e\u043d\u0435\u0442. \u041a\u0430\u043a \u0447\u0438\u0441\u0442\u0438\u0442\u044c \u043c\u043e\u043d\u0435\u0442\u044b \u0438 \u043d\u0430\u0445\u043e\u0434\u043a\u0438.\",\"potentialAction\":[{\"@type\":\"SearchAction\",\"target\":{\"@type\":\"EntryPoint\",\"urlTemplate\":\"https:\/\/funclean.eu\/?s={search_term_string}\"},\"query-input\":{\"@type\":\"PropertyValueSpecification\",\"valueRequired\":true,\"valueName\":\"search_term_string\"}}],\"inLanguage\":\"lv-LV\"}]}<\/script>\n<!-- \/ Yoast SEO plugin. -->","yoast_head_json":{"title":"K\u0101 pareizi t\u012br\u012bt sudrabu ar Funclean. - Funclean","robots":{"index":"index","follow":"follow","max-snippet":"max-snippet:-1","max-image-preview":"max-image-preview:large","max-video-preview":"max-video-preview:-1"},"canonical":"https:\/\/funclean.eu\/serebrochistka\/","og_locale":"lv_LV","og_type":"article","og_title":"K\u0101 pareizi t\u012br\u012bt sudrabu ar Funclean. - Funclean","og_description":"Funclean ir izstr\u0101d\u0101jis \u012bpa\u0161u l\u012bdzekli stipri oksid\u0113ta sudraba t\u012br\u012b\u0161anai. Nodarbojas ar \u013coti smagiem nos\u0113dumiem un oks\u012bdiem. Tam ir t\u016bl\u012bt\u0113js efekts. Piesardz\u012bbas pas\u0101kumi: Str\u0101d\u0101jot ar FUNCLEAN sudraba t\u012br\u012b\u0161anas l\u012bdzekli, vienm\u0113r j\u0101lieto cimdi, respirators un aizsargbrilles. Darba sagatavo\u0161ana: Aizsardz\u012bbas l\u012bdzek\u013ci. Funclean sudraba t\u012br\u012b\u0161anas l\u012bdzeklis. Funclean \u0161\u0137idruma konteiners. Trauku ar siltu \u016bdeni. Pincete un birste. Chitika sudraba izstr\u0101d\u0101jumi....","og_url":"https:\/\/funclean.eu\/serebrochistka\/","og_site_name":"Funclean","article_publisher":"https:\/\/www.facebook.com\/groups\/436887375433126\/","article_modified_time":"2024-05-14T18:36:14+00:00","og_image":[{"url":"https:\/\/funclean.eu\/wp-content\/uploads\/2024\/04\/s1-1024x512.jpg","type":"","width":"","height":""}],"twitter_card":"summary_large_image","twitter_misc":{"Est. reading time":"1 minute"},"schema":{"@context":"https:\/\/schema.org","@graph":[{"@type":"WebPage","@id":"https:\/\/funclean.eu\/serebrochistka\/","url":"https:\/\/funclean.eu\/serebrochistka\/","name":"K\u0101 pareizi t\u012br\u012bt sudrabu ar Funclean. - Funclean","isPartOf":{"@id":"https:\/\/funclean.eu\/#website"},"primaryImageOfPage":{"@id":"https:\/\/funclean.eu\/serebrochistka\/#primaryimage"},"image":{"@id":"https:\/\/funclean.eu\/serebrochistka\/#primaryimage"},"thumbnailUrl":"https:\/\/funclean.eu\/wp-content\/uploads\/2024\/04\/s1-1024x512.jpg","datePublished":"2024-05-10T18:06:58+00:00","dateModified":"2024-05-14T18:36:14+00:00","breadcrumb":{"@id":"https:\/\/funclean.eu\/serebrochistka\/#breadcrumb"},"inLanguage":"lv-LV","potentialAction":[{"@type":"ReadAction","target":["https:\/\/funclean.eu\/serebrochistka\/"]}]},{"@type":"ImageObject","inLanguage":"lv-LV","@id":"https:\/\/funclean.eu\/serebrochistka\/#primaryimage","url":"https:\/\/funclean.eu\/wp-content\/uploads\/2024\/04\/s1-1024x512.jpg","contentUrl":"https:\/\/funclean.eu\/wp-content\/uploads\/2024\/04\/s1-1024x512.jpg"},{"@type":"BreadcrumbList","@id":"https:\/\/funclean.eu\/serebrochistka\/#breadcrumb","itemListElement":[{"@type":"ListItem","position":1,"name":"\u0413\u043b\u0430\u0432\u043d\u0430\u044f \u0441\u0442\u0440\u0430\u043d\u0438\u0446\u0430","item":"https:\/\/funclean.eu\/lt\/"},{"@type":"ListItem","position":2,"name":"K\u0101 pareizi t\u012br\u012bt sudrabu ar Funclean."}]},{"@type":"WebSite","@id":"https:\/\/funclean.eu\/#website","url":"https:\/\/funclean.eu\/","name":"FUNCLEAN.EU","description":"\u041e\u0447\u0438\u0441\u0442\u043a\u0430 \u0438 \u0445\u0440\u0430\u043d\u0435\u043d\u0438\u0435 \u043c\u043e\u043d\u0435\u0442. \u041a\u0430\u043a \u0447\u0438\u0441\u0442\u0438\u0442\u044c \u043c\u043e\u043d\u0435\u0442\u044b \u0438 \u043d\u0430\u0445\u043e\u0434\u043a\u0438.","potentialAction":[{"@type":"SearchAction","target":{"@type":"EntryPoint","urlTemplate":"https:\/\/funclean.eu\/?s={search_term_string}"},"query-input":{"@type":"PropertyValueSpecification","valueRequired":true,"valueName":"search_term_string"}}],"inLanguage":"lv-LV"}]}},"jetpack_sharing_enabled":true,"_links":{"self":[{"href":"https:\/\/funclean.eu\/lv\/wp-json\/wp\/v2\/pages\/3694","targetHints":{"allow":["GET"]}}],"collection":[{"href":"https:\/\/funclean.eu\/lv\/wp-json\/wp\/v2\/pages"}],"about":[{"href":"https:\/\/funclean.eu\/lv\/wp-json\/wp\/v2\/types\/page"}],"author":[{"embeddable":true,"href":"https:\/\/funclean.eu\/lv\/wp-json\/wp\/v2\/users\/1"}],"replies":[{"embeddable":true,"href":"https:\/\/funclean.eu\/lv\/wp-json\/wp\/v2\/comments?post=3694"}],"version-history":[{"count":1,"href":"https:\/\/funclean.eu\/lv\/wp-json\/wp\/v2\/pages\/3694\/revisions"}],"predecessor-version":[{"id":3696,"href":"https:\/\/funclean.eu\/lv\/wp-json\/wp\/v2\/pages\/3694\/revisions\/3696"}],"wp:attachment":[{"href":"https:\/\/funclean.eu\/lv\/wp-json\/wp\/v2\/media?parent=3694"}],"curies":[{"name":"wp","href":"https:\/\/api.w.org\/{rel}","templated":true}]}}