{"id":3691,"date":"2024-05-08T06:47:32","date_gmt":"2024-05-08T06:47:32","guid":{"rendered":"https:\/\/funclean.eu\/funclean-produktu-lietosanas-instrukcija\/"},"modified":"2024-08-10T15:16:34","modified_gmt":"2024-08-10T15:16:34","slug":"funclean-produktu-lietosanas-instrukcija","status":"publish","type":"page","link":"https:\/\/funclean.eu\/lv\/funclean-produktu-lietosanas-instrukcija\/","title":{"rendered":"T\u012br\u012b\u0161anas instrukcijas"},"content":{"rendered":"\n<p><strong>K\u0101 t\u012br\u012bt alum\u012bnija bronzas mon\u0113tas:<\/strong><\/p>\n\n\n<span class='mb-center maxbutton-1-center'><span class='maxbutton-1-container mb-container'><a class=\"maxbutton-1 maxbutton maxbutton-kak-patinirovat-smotrite-zdes\" href=\"https:\/\/funclean.eu\/lv\/ka-pareizi-tirit-aluminija-bronzas-monetas\/\"><span class='mb-text'>SKAT\u012aT NOR\u0100D\u012aJUMUS<\/span><\/a><\/span><\/span>\n\n\n\n<p><\/p>\n\n\n\n<p><strong>K\u0101 t\u012br\u012bt vara mon\u0113tas un citus vara priek\u0161metus:<\/strong><\/p>\n\n\n<span class='mb-center maxbutton-1-center'><span class='maxbutton-1-container mb-container'><a class=\"maxbutton-1 maxbutton maxbutton-kak-patinirovat-smotrite-zdes\" href=\"https:\/\/funclean.eu\/lv\/ka-pareizi-tirit-vara-izstradajumus-ar-funclean\/\"><span class='mb-text'>SKAT\u012aT NOR\u0100D\u012aJUMUS<\/span><\/a><\/span><\/span>\n\n\n\n<p><\/p>\n\n\n\n<p><strong>K\u0101 t\u012br\u012bt sudrabu:<\/strong><\/p>\n\n\n<span class='mb-center maxbutton-1-center'><span class='maxbutton-1-container mb-container'><a class=\"maxbutton-1 maxbutton maxbutton-kak-patinirovat-smotrite-zdes\" href=\"https:\/\/funclean.eu\/lv\/ka-pareizi-tirit-sudrabu-ar-funclean\/\"><span class='mb-text'>SKAT\u012aT NOR\u0100D\u012aJUMUS\u041e<\/span><\/a><\/span><\/span>\n\n\n\n<p><\/p>\n\n\n\n<p><strong>K\u0101 patin\u0113t varu:<\/strong><\/p>\n\n\n<span class='mb-center maxbutton-1-center'><span class='maxbutton-1-container mb-container'><a class=\"maxbutton-1 maxbutton maxbutton-kak-patinirovat-smotrite-zdes\" href=\"https:\/\/funclean.eu\/lv\/ka-pareizi-patinet-vara-prieksmetus-ar-funclean-patinesanas-lidzekli-2\/\"><span class='mb-text'>SKAT\u012aT NOR\u0100D\u012aJUMUS<\/span><\/a><\/span><\/span>\n\n\n\n<p><\/p>\n\n\n\n<p><\/p>\n","protected":false},"excerpt":{"rendered":"<p>K\u0101 t\u012br\u012bt alum\u012bnija bronzas mon\u0113tas: K\u0101 t\u012br\u012bt vara mon\u0113tas un citus vara priek\u0161metus: K\u0101 t\u012br\u012bt sudrabu: K\u0101 patin\u0113t varu:<\/p>\n","protected":false},"author":1,"featured_media":0,"parent":0,"menu_order":0,"comment_status":"closed","ping_status":"closed","template":"","meta":{"_kadence_starter_templates_imported_post":false,"_kad_post_transparent":"","_kad_post_title":"","_kad_post_layout":"","_kad_post_sidebar_id":"","_kad_post_content_style":"","_kad_post_vertical_padding":"","_kad_post_feature":"","_kad_post_feature_position":"","_kad_post_header":false,"_kad_post_footer":false,"footnotes":""},"class_list":["post-3691","page","type-page","status-publish","hentry"],"jetpack_sharing_enabled":true,"_links":{"self":[{"href":"https:\/\/funclean.eu\/lv\/wp-json\/wp\/v2\/pages\/3691","targetHints":{"allow":["GET"]}}],"collection":[{"href":"https:\/\/funclean.eu\/lv\/wp-json\/wp\/v2\/pages"}],"about":[{"href":"https:\/\/funclean.eu\/lv\/wp-json\/wp\/v2\/types\/page"}],"author":[{"embeddable":true,"href":"https:\/\/funclean.eu\/lv\/wp-json\/wp\/v2\/users\/1"}],"replies":[{"embeddable":true,"href":"https:\/\/funclean.eu\/lv\/wp-json\/wp\/v2\/comments?post=3691"}],"version-history":[{"count":9,"href":"https:\/\/funclean.eu\/lv\/wp-json\/wp\/v2\/pages\/3691\/revisions"}],"predecessor-version":[{"id":5372,"href":"https:\/\/funclean.eu\/lv\/wp-json\/wp\/v2\/pages\/3691\/revisions\/5372"}],"wp:attachment":[{"href":"https:\/\/funclean.eu\/lv\/wp-json\/wp\/v2\/media?parent=3691"}],"curies":[{"name":"wp","href":"https:\/\/api.w.org\/{rel}","templated":true}]}}