{"id":6631,"date":"2026-04-09T16:06:39","date_gmt":"2026-04-09T16:06:39","guid":{"rendered":"https:\/\/funclean.eu\/product\/paraloid-b72-derva-5-ir-10-g\/"},"modified":"2026-04-09T16:25:54","modified_gmt":"2026-04-09T16:25:54","slug":"paraloid-b72-derva-5-ir-10-g","status":"publish","type":"product","link":"https:\/\/funclean.eu\/lt\/produktas\/paraloid-b72-derva-5-ir-10-g\/","title":{"rendered":"Paraloidas B72, akrilo derva 5 ir 10 gram\u0173."},"content":{"rendered":"<p>Savyb\u0117s:<\/p>\n<ul>\n<li>vidutinio kietumo;<\/li>\n<li>termoplastinis grynas akrilatas;<\/li>\n<li>stikl\u0117jimo temperat\u016bra &#8211; 40 laipsni\u0173 pagal Celsij\u0173;<\/li>\n<li>atsparus blukimui ir sen\u0117jimui;<\/li>\n<li>nesuma\u017e\u0117ja.<\/li>\n<\/ul>\n<p>Paraloid-B72 rekomenduojama naudoti:<\/p>\n<ul>\n<li>monet\u0173 ir kit\u0173 metalo radini\u0173 konservavimas (1-15 %);<\/li>\n<li>sien\u0173 tapybos restauravimas (1-5 %);<\/li>\n<li>aliejini\u0173 paveiksl\u0173 pagrindo arba spalvotam sluoksniui sustiprinti (5-10 % toluene arba izopropanolyje);<\/li>\n<li>sutvirtinti sul\u016b\u017eusi\u0105 bald\u0173 ar polichromuot\u0173 skulpt\u016br\u0173 medien\u0105 ir pan. (5-20 %);<\/li>\n<li>kartu su u\u017epildu &#8211; vabzd\u017ei\u0173 skyl\u0117ms mediniuose daiktuose u\u017esandarinti (30 %);<\/li>\n<li>tinkui stiprinti (du kartus impregnuojant 15 % koncentracijos tirpalu arba vien\u0105 kart\u0105 25 % koncentracijos tirpalu);<\/li>\n<li>kaip fiksatorius pie\u0161tuku, kreida, anglimi tapytiems paveikslams restauruoti (2-4 % tirpalas toluene arba izopropanolyje);<\/li>\n<li>stiklui ir keramikai klijuoti (tirpalas acetone);<\/li>\n<li>kaip fiksuojamasis lakas, skirtas apsaugoti vandenyje suyran\u010dius ra\u0161alus ir da\u017eus restauruojant rankra\u0161\u010dius ar akvareles;<\/li>\n<li>\u012fvairiems u\u017era\u0161ams ar \u017eymenims ant taikomosios dail\u0117s objekt\u0173 i\u0161saugoti (20 % acetono tirpalo).<\/li>\n<\/ul>\n","protected":false},"excerpt":{"rendered":"<p><strong>&#8220;Paraloid B72&#8221; restauravimo derva yra labai populiari tarp monet\u0173 restauratori\u0173 ir kolekcinink\u0173.<\/strong><\/p>\n<p>Jis taip pat pla\u010diai naudojamas sieniniams ir aliejiniams paveikslams impregnuoti, sustiprinti ir sutvirtinti. Paraloidas B72 naudojamas kaip gruntas ir lakas dangoms dengti, kaip ri\u0161amoji med\u017eiaga nuostoli\u0173 taisymo kompozicijose, kaip apsaugin\u0117 metalo gamini\u0173 danga, kaip grafikos, kreidos, anglies pie\u0161ini\u0173, pastel\u0117s fiksatorius, kaip klijai stiklui ir keramikai, medienai konservuoti ir klijuoti.<\/p>\n","protected":false},"featured_media":6627,"comment_status":"open","ping_status":"closed","template":"","meta":{"_kad_post_transparent":"default","_kad_post_title":"","_kad_post_layout":"default","_kad_post_sidebar_id":"","_kad_post_content_style":"default","_kad_post_vertical_padding":"default","_kad_post_feature":"","_kad_post_feature_position":"","_kad_post_header":false,"_kad_post_footer":false},"product_brand":[],"product_cat":[61,33],"product_tag":[],"class_list":{"0":"post-6631","1":"product","2":"type-product","3":"status-publish","4":"has-post-thumbnail","6":"product_cat-monetu-saugojimas","7":"product_cat-monetuvalymas","9":"first","10":"instock","11":"shipping-taxable","12":"purchasable","13":"product-type-variable","14":"entry","15":"content-bg","16":"loop-entry"},"yoast_head":"<!-- This site is optimized with the Yoast SEO plugin v25.8 - https:\/\/yoast.com\/wordpress\/plugins\/seo\/ -->\n<title>Paraloidas B72, akrilo derva 5 ir 10 gram\u0173. - Funclean<\/title>\n<meta name=\"robots\" content=\"index, follow, max-snippet:-1, max-image-preview:large, max-video-preview:-1\" \/>\n<link rel=\"canonical\" href=\"https:\/\/funclean.eu\/lt\/produktas\/paraloid-b72-derva-5-ir-10-g\/\" \/>\n<meta property=\"og:locale\" content=\"lt_LT\" \/>\n<meta property=\"og:type\" content=\"article\" \/>\n<meta property=\"og:title\" content=\"Paraloidas B72, akrilo derva 5 ir 10 gram\u0173. - Funclean\" \/>\n<meta property=\"og:description\" content=\"&quot;Paraloid B72&quot; restauravimo derva yra labai populiari tarp monet\u0173 restauratori\u0173 ir kolekcinink\u0173.  Jis taip pat pla\u010diai naudojamas sieniniams ir aliejiniams paveikslams impregnuoti, sustiprinti ir sutvirtinti. Paraloidas B72 naudojamas kaip gruntas ir lakas dangoms dengti, kaip ri\u0161amoji med\u017eiaga nuostoli\u0173 taisymo kompozicijose, kaip apsaugin\u0117 metalo gamini\u0173 danga, kaip grafikos, kreidos, anglies pie\u0161ini\u0173, pastel\u0117s fiksatorius, kaip klijai stiklui ir keramikai, medienai konservuoti ir klijuoti.\" \/>\n<meta property=\"og:url\" content=\"https:\/\/funclean.eu\/lt\/produktas\/paraloid-b72-derva-5-ir-10-g\/\" \/>\n<meta property=\"og:site_name\" content=\"Funclean\" \/>\n<meta property=\"article:publisher\" content=\"https:\/\/www.facebook.com\/groups\/436887375433126\/\" \/>\n<meta property=\"article:modified_time\" content=\"2026-04-09T16:25:54+00:00\" \/>\n<meta property=\"og:image\" content=\"https:\/\/funclean.eu\/wp-content\/uploads\/2026\/04\/72b-1.jpg\" \/>\n\t<meta property=\"og:image:width\" content=\"800\" \/>\n\t<meta property=\"og:image:height\" content=\"800\" \/>\n\t<meta property=\"og:image:type\" content=\"image\/jpeg\" \/>\n<meta name=\"twitter:card\" content=\"summary_large_image\" \/>\n<meta name=\"twitter:label1\" content=\"Est. reading time\" \/>\n\t<meta name=\"twitter:data1\" content=\"1 minut\u0117\" \/>\n<script type=\"application\/ld+json\" class=\"yoast-schema-graph\">{\"@context\":\"https:\/\/schema.org\",\"@graph\":[{\"@type\":\"WebPage\",\"@id\":\"https:\/\/funclean.eu\/lt\/produktas\/paraloid-b72-derva-5-ir-10-g\/\",\"url\":\"https:\/\/funclean.eu\/lt\/produktas\/paraloid-b72-derva-5-ir-10-g\/\",\"name\":\"Paraloidas B72, akrilo derva 5 ir 10 gram\u0173. - Funclean\",\"isPartOf\":{\"@id\":\"https:\/\/funclean.eu\/#website\"},\"primaryImageOfPage\":{\"@id\":\"https:\/\/funclean.eu\/lt\/produktas\/paraloid-b72-derva-5-ir-10-g\/#primaryimage\"},\"image\":{\"@id\":\"https:\/\/funclean.eu\/lt\/produktas\/paraloid-b72-derva-5-ir-10-g\/#primaryimage\"},\"thumbnailUrl\":\"https:\/\/funclean.eu\/wp-content\/uploads\/2026\/04\/72b-1.jpg\",\"datePublished\":\"2026-04-09T16:06:39+00:00\",\"dateModified\":\"2026-04-09T16:25:54+00:00\",\"breadcrumb\":{\"@id\":\"https:\/\/funclean.eu\/lt\/produktas\/paraloid-b72-derva-5-ir-10-g\/#breadcrumb\"},\"inLanguage\":\"lt-LT\",\"potentialAction\":[{\"@type\":\"ReadAction\",\"target\":[\"https:\/\/funclean.eu\/lt\/produktas\/paraloid-b72-derva-5-ir-10-g\/\"]}]},{\"@type\":\"ImageObject\",\"inLanguage\":\"lt-LT\",\"@id\":\"https:\/\/funclean.eu\/lt\/produktas\/paraloid-b72-derva-5-ir-10-g\/#primaryimage\",\"url\":\"https:\/\/funclean.eu\/wp-content\/uploads\/2026\/04\/72b-1.jpg\",\"contentUrl\":\"https:\/\/funclean.eu\/wp-content\/uploads\/2026\/04\/72b-1.jpg\",\"width\":800,\"height\":800},{\"@type\":\"BreadcrumbList\",\"@id\":\"https:\/\/funclean.eu\/lt\/produktas\/paraloid-b72-derva-5-ir-10-g\/#breadcrumb\",\"itemListElement\":[{\"@type\":\"ListItem\",\"position\":1,\"name\":\"\u0413\u043b\u0430\u0432\u043d\u0430\u044f \u0441\u0442\u0440\u0430\u043d\u0438\u0446\u0430\",\"item\":\"https:\/\/funclean.eu\/lt\/\"},{\"@type\":\"ListItem\",\"position\":2,\"name\":\"\u041a\u0430\u0442\u0430\u043b\u043e\u0433\",\"item\":\"https:\/\/funclean.eu\/shop\/\"},{\"@type\":\"ListItem\",\"position\":3,\"name\":\"Paraloidas B72, akrilo derva 5 ir 10 gram\u0173.\"}]},{\"@type\":\"WebSite\",\"@id\":\"https:\/\/funclean.eu\/#website\",\"url\":\"https:\/\/funclean.eu\/\",\"name\":\"FUNCLEAN.EU\",\"description\":\"\u041e\u0447\u0438\u0441\u0442\u043a\u0430 \u0438 \u0445\u0440\u0430\u043d\u0435\u043d\u0438\u0435 \u043c\u043e\u043d\u0435\u0442. \u041a\u0430\u043a \u0447\u0438\u0441\u0442\u0438\u0442\u044c \u043c\u043e\u043d\u0435\u0442\u044b \u0438 \u043d\u0430\u0445\u043e\u0434\u043a\u0438.\",\"potentialAction\":[{\"@type\":\"SearchAction\",\"target\":{\"@type\":\"EntryPoint\",\"urlTemplate\":\"https:\/\/funclean.eu\/?s={search_term_string}\"},\"query-input\":{\"@type\":\"PropertyValueSpecification\",\"valueRequired\":true,\"valueName\":\"search_term_string\"}}],\"inLanguage\":\"lt-LT\"}]}<\/script>\n<!-- \/ Yoast SEO plugin. -->","yoast_head_json":{"title":"Paraloidas B72, akrilo derva 5 ir 10 gram\u0173. - Funclean","robots":{"index":"index","follow":"follow","max-snippet":"max-snippet:-1","max-image-preview":"max-image-preview:large","max-video-preview":"max-video-preview:-1"},"canonical":"https:\/\/funclean.eu\/lt\/produktas\/paraloid-b72-derva-5-ir-10-g\/","og_locale":"lt_LT","og_type":"article","og_title":"Paraloidas B72, akrilo derva 5 ir 10 gram\u0173. - Funclean","og_description":"\"Paraloid B72\" restauravimo derva yra labai populiari tarp monet\u0173 restauratori\u0173 ir kolekcinink\u0173.  Jis taip pat pla\u010diai naudojamas sieniniams ir aliejiniams paveikslams impregnuoti, sustiprinti ir sutvirtinti. Paraloidas B72 naudojamas kaip gruntas ir lakas dangoms dengti, kaip ri\u0161amoji med\u017eiaga nuostoli\u0173 taisymo kompozicijose, kaip apsaugin\u0117 metalo gamini\u0173 danga, kaip grafikos, kreidos, anglies pie\u0161ini\u0173, pastel\u0117s fiksatorius, kaip klijai stiklui ir keramikai, medienai konservuoti ir klijuoti.","og_url":"https:\/\/funclean.eu\/lt\/produktas\/paraloid-b72-derva-5-ir-10-g\/","og_site_name":"Funclean","article_publisher":"https:\/\/www.facebook.com\/groups\/436887375433126\/","article_modified_time":"2026-04-09T16:25:54+00:00","og_image":[{"width":800,"height":800,"url":"https:\/\/funclean.eu\/wp-content\/uploads\/2026\/04\/72b-1.jpg","type":"image\/jpeg"}],"twitter_card":"summary_large_image","twitter_misc":{"Est. reading time":"1 minut\u0117"},"schema":{"@context":"https:\/\/schema.org","@graph":[{"@type":"WebPage","@id":"https:\/\/funclean.eu\/lt\/produktas\/paraloid-b72-derva-5-ir-10-g\/","url":"https:\/\/funclean.eu\/lt\/produktas\/paraloid-b72-derva-5-ir-10-g\/","name":"Paraloidas B72, akrilo derva 5 ir 10 gram\u0173. - Funclean","isPartOf":{"@id":"https:\/\/funclean.eu\/#website"},"primaryImageOfPage":{"@id":"https:\/\/funclean.eu\/lt\/produktas\/paraloid-b72-derva-5-ir-10-g\/#primaryimage"},"image":{"@id":"https:\/\/funclean.eu\/lt\/produktas\/paraloid-b72-derva-5-ir-10-g\/#primaryimage"},"thumbnailUrl":"https:\/\/funclean.eu\/wp-content\/uploads\/2026\/04\/72b-1.jpg","datePublished":"2026-04-09T16:06:39+00:00","dateModified":"2026-04-09T16:25:54+00:00","breadcrumb":{"@id":"https:\/\/funclean.eu\/lt\/produktas\/paraloid-b72-derva-5-ir-10-g\/#breadcrumb"},"inLanguage":"lt-LT","potentialAction":[{"@type":"ReadAction","target":["https:\/\/funclean.eu\/lt\/produktas\/paraloid-b72-derva-5-ir-10-g\/"]}]},{"@type":"ImageObject","inLanguage":"lt-LT","@id":"https:\/\/funclean.eu\/lt\/produktas\/paraloid-b72-derva-5-ir-10-g\/#primaryimage","url":"https:\/\/funclean.eu\/wp-content\/uploads\/2026\/04\/72b-1.jpg","contentUrl":"https:\/\/funclean.eu\/wp-content\/uploads\/2026\/04\/72b-1.jpg","width":800,"height":800},{"@type":"BreadcrumbList","@id":"https:\/\/funclean.eu\/lt\/produktas\/paraloid-b72-derva-5-ir-10-g\/#breadcrumb","itemListElement":[{"@type":"ListItem","position":1,"name":"\u0413\u043b\u0430\u0432\u043d\u0430\u044f \u0441\u0442\u0440\u0430\u043d\u0438\u0446\u0430","item":"https:\/\/funclean.eu\/lt\/"},{"@type":"ListItem","position":2,"name":"\u041a\u0430\u0442\u0430\u043b\u043e\u0433","item":"https:\/\/funclean.eu\/shop\/"},{"@type":"ListItem","position":3,"name":"Paraloidas B72, akrilo derva 5 ir 10 gram\u0173."}]},{"@type":"WebSite","@id":"https:\/\/funclean.eu\/#website","url":"https:\/\/funclean.eu\/","name":"FUNCLEAN.EU","description":"\u041e\u0447\u0438\u0441\u0442\u043a\u0430 \u0438 \u0445\u0440\u0430\u043d\u0435\u043d\u0438\u0435 \u043c\u043e\u043d\u0435\u0442. \u041a\u0430\u043a \u0447\u0438\u0441\u0442\u0438\u0442\u044c \u043c\u043e\u043d\u0435\u0442\u044b \u0438 \u043d\u0430\u0445\u043e\u0434\u043a\u0438.","potentialAction":[{"@type":"SearchAction","target":{"@type":"EntryPoint","urlTemplate":"https:\/\/funclean.eu\/?s={search_term_string}"},"query-input":{"@type":"PropertyValueSpecification","valueRequired":true,"valueName":"search_term_string"}}],"inLanguage":"lt-LT"}]}},"jetpack_sharing_enabled":true,"_links":{"self":[{"href":"https:\/\/funclean.eu\/lt\/wp-json\/wp\/v2\/product\/6631","targetHints":{"allow":["GET"]}}],"collection":[{"href":"https:\/\/funclean.eu\/lt\/wp-json\/wp\/v2\/product"}],"about":[{"href":"https:\/\/funclean.eu\/lt\/wp-json\/wp\/v2\/types\/product"}],"replies":[{"embeddable":true,"href":"https:\/\/funclean.eu\/lt\/wp-json\/wp\/v2\/comments?post=6631"}],"wp:featuredmedia":[{"embeddable":true,"href":"https:\/\/funclean.eu\/lt\/wp-json\/wp\/v2\/media\/6627"}],"wp:attachment":[{"href":"https:\/\/funclean.eu\/lt\/wp-json\/wp\/v2\/media?parent=6631"}],"wp:term":[{"taxonomy":"product_brand","embeddable":true,"href":"https:\/\/funclean.eu\/lt\/wp-json\/wp\/v2\/product_brand?post=6631"},{"taxonomy":"product_cat","embeddable":true,"href":"https:\/\/funclean.eu\/lt\/wp-json\/wp\/v2\/product_cat?post=6631"},{"taxonomy":"product_tag","embeddable":true,"href":"https:\/\/funclean.eu\/lt\/wp-json\/wp\/v2\/product_tag?post=6631"}],"curies":[{"name":"wp","href":"https:\/\/api.w.org\/{rel}","templated":true}]}}