{"id":6463,"date":"2025-05-25T20:42:30","date_gmt":"2025-05-25T20:42:30","guid":{"rendered":"https:\/\/funclean.eu\/product\/shiotka-dlia-zeleza\/"},"modified":"2025-05-25T20:56:49","modified_gmt":"2025-05-25T20:56:49","slug":"shiotka-dlia-zeleza","status":"publish","type":"product","link":"https:\/\/funclean.eu\/lt\/produktas\/shiotka-dlia-zeleza\/","title":{"rendered":"Metalinis \u0161epetys gele\u017eies valymui."},"content":{"rendered":"<p>Metalinis gele\u017eies valymo \u0161epetys tinka r\u016bd\u017ei\u0173 liku\u010diams nuo smulki\u0173 daikt\u0173 ir sunkiai pasiekiam\u0173 viet\u0173 \u0161alinti. Idealiai tinka po r\u016bd\u017ei\u0173 \u0161alinimo priemon\u0117s &#8211; <a href=\"https:\/\/funclean.eu\/product\/savelivaya-kislota\/\">Funclean<\/a> oksalo r\u016bg\u0161ties.<\/p>\n","protected":false},"excerpt":{"rendered":"<p>Metalinis gele\u017eies valymo \u0161epetys tinka r\u016bd\u017ei\u0173 liku\u010diams nuo smulki\u0173 daikt\u0173 ir sunkiai pasiekiam\u0173 viet\u0173 \u0161alinti. Idealiai tinka po r\u016bd\u017ei\u0173 \u0161alinimo priemon\u0117s &#8211; Funclean oksalo r\u016bg\u0161ties.<\/p>\n","protected":false},"featured_media":6449,"comment_status":"open","ping_status":"closed","template":"","meta":{"_kad_post_transparent":"default","_kad_post_title":"","_kad_post_layout":"default","_kad_post_sidebar_id":"","_kad_post_content_style":"default","_kad_post_vertical_padding":"default","_kad_post_feature":"","_kad_post_feature_position":"","_kad_post_header":false,"_kad_post_footer":false},"product_brand":[],"product_cat":[33],"product_tag":[],"class_list":{"0":"post-6463","1":"product","2":"type-product","3":"status-publish","4":"has-post-thumbnail","6":"product_cat-monetuvalymas","8":"first","9":"instock","10":"shipping-taxable","11":"purchasable","12":"product-type-simple","13":"entry","14":"content-bg","15":"loop-entry"},"yoast_head":"<!-- This site is optimized with the Yoast SEO plugin v25.8 - https:\/\/yoast.com\/wordpress\/plugins\/seo\/ -->\n<title>Metalinis \u0161epetys gele\u017eies valymui. - Funclean<\/title>\n<meta name=\"robots\" content=\"index, follow, max-snippet:-1, max-image-preview:large, max-video-preview:-1\" \/>\n<link rel=\"canonical\" href=\"https:\/\/funclean.eu\/produktas\/shiotka-dlia-zeleza\/\" \/>\n<meta property=\"og:locale\" content=\"lt_LT\" \/>\n<meta property=\"og:type\" content=\"article\" \/>\n<meta property=\"og:title\" content=\"Metalinis \u0161epetys gele\u017eies valymui. - Funclean\" \/>\n<meta property=\"og:description\" content=\"Metalinis gele\u017eies valymo \u0161epetys tinka r\u016bd\u017ei\u0173 liku\u010diams nuo smulki\u0173 daikt\u0173 ir sunkiai pasiekiam\u0173 viet\u0173 \u0161alinti. Idealiai tinka po r\u016bd\u017ei\u0173 \u0161alinimo priemon\u0117s &#8211; Funclean oksalo r\u016bg\u0161ties.\" \/>\n<meta property=\"og:url\" content=\"https:\/\/funclean.eu\/produktas\/shiotka-dlia-zeleza\/\" \/>\n<meta property=\"og:site_name\" content=\"Funclean\" \/>\n<meta property=\"article:publisher\" content=\"https:\/\/www.facebook.com\/groups\/436887375433126\/\" \/>\n<meta property=\"article:modified_time\" content=\"2025-05-25T20:56:49+00:00\" \/>\n<meta property=\"og:image\" content=\"https:\/\/funclean.eu\/wp-content\/uploads\/2025\/05\/sz-1.jpg\" \/>\n\t<meta property=\"og:image:width\" content=\"2252\" \/>\n\t<meta property=\"og:image:height\" content=\"2252\" \/>\n\t<meta property=\"og:image:type\" content=\"image\/jpeg\" \/>\n<meta name=\"twitter:card\" content=\"summary_large_image\" \/>\n<meta name=\"twitter:label1\" content=\"Est. reading time\" \/>\n\t<meta name=\"twitter:data1\" content=\"1 minut\u0117\" \/>\n<script type=\"application\/ld+json\" class=\"yoast-schema-graph\">{\"@context\":\"https:\/\/schema.org\",\"@graph\":[{\"@type\":\"WebPage\",\"@id\":\"https:\/\/funclean.eu\/produktas\/shiotka-dlia-zeleza\/\",\"url\":\"https:\/\/funclean.eu\/produktas\/shiotka-dlia-zeleza\/\",\"name\":\"Metalinis \u0161epetys gele\u017eies valymui. - Funclean\",\"isPartOf\":{\"@id\":\"https:\/\/funclean.eu\/#website\"},\"primaryImageOfPage\":{\"@id\":\"https:\/\/funclean.eu\/produktas\/shiotka-dlia-zeleza\/#primaryimage\"},\"image\":{\"@id\":\"https:\/\/funclean.eu\/produktas\/shiotka-dlia-zeleza\/#primaryimage\"},\"thumbnailUrl\":\"https:\/\/funclean.eu\/wp-content\/uploads\/2025\/05\/sz-1.jpg\",\"datePublished\":\"2025-05-25T20:42:30+00:00\",\"dateModified\":\"2025-05-25T20:56:49+00:00\",\"breadcrumb\":{\"@id\":\"https:\/\/funclean.eu\/produktas\/shiotka-dlia-zeleza\/#breadcrumb\"},\"inLanguage\":\"lt-LT\",\"potentialAction\":[{\"@type\":\"ReadAction\",\"target\":[\"https:\/\/funclean.eu\/produktas\/shiotka-dlia-zeleza\/\"]}]},{\"@type\":\"ImageObject\",\"inLanguage\":\"lt-LT\",\"@id\":\"https:\/\/funclean.eu\/produktas\/shiotka-dlia-zeleza\/#primaryimage\",\"url\":\"https:\/\/funclean.eu\/wp-content\/uploads\/2025\/05\/sz-1.jpg\",\"contentUrl\":\"https:\/\/funclean.eu\/wp-content\/uploads\/2025\/05\/sz-1.jpg\",\"width\":2252,\"height\":2252},{\"@type\":\"BreadcrumbList\",\"@id\":\"https:\/\/funclean.eu\/produktas\/shiotka-dlia-zeleza\/#breadcrumb\",\"itemListElement\":[{\"@type\":\"ListItem\",\"position\":1,\"name\":\"\u0413\u043b\u0430\u0432\u043d\u0430\u044f \u0441\u0442\u0440\u0430\u043d\u0438\u0446\u0430\",\"item\":\"https:\/\/funclean.eu\/lt\/\"},{\"@type\":\"ListItem\",\"position\":2,\"name\":\"\u041a\u0430\u0442\u0430\u043b\u043e\u0433\",\"item\":\"https:\/\/funclean.eu\/shop\/\"},{\"@type\":\"ListItem\",\"position\":3,\"name\":\"Metalinis \u0161epetys gele\u017eies valymui.\"}]},{\"@type\":\"WebSite\",\"@id\":\"https:\/\/funclean.eu\/#website\",\"url\":\"https:\/\/funclean.eu\/\",\"name\":\"FUNCLEAN.EU\",\"description\":\"\u041e\u0447\u0438\u0441\u0442\u043a\u0430 \u0438 \u0445\u0440\u0430\u043d\u0435\u043d\u0438\u0435 \u043c\u043e\u043d\u0435\u0442. \u041a\u0430\u043a \u0447\u0438\u0441\u0442\u0438\u0442\u044c \u043c\u043e\u043d\u0435\u0442\u044b \u0438 \u043d\u0430\u0445\u043e\u0434\u043a\u0438.\",\"potentialAction\":[{\"@type\":\"SearchAction\",\"target\":{\"@type\":\"EntryPoint\",\"urlTemplate\":\"https:\/\/funclean.eu\/?s={search_term_string}\"},\"query-input\":{\"@type\":\"PropertyValueSpecification\",\"valueRequired\":true,\"valueName\":\"search_term_string\"}}],\"inLanguage\":\"lt-LT\"}]}<\/script>\n<!-- \/ Yoast SEO plugin. -->","yoast_head_json":{"title":"Metalinis \u0161epetys gele\u017eies valymui. - Funclean","robots":{"index":"index","follow":"follow","max-snippet":"max-snippet:-1","max-image-preview":"max-image-preview:large","max-video-preview":"max-video-preview:-1"},"canonical":"https:\/\/funclean.eu\/produktas\/shiotka-dlia-zeleza\/","og_locale":"lt_LT","og_type":"article","og_title":"Metalinis \u0161epetys gele\u017eies valymui. - Funclean","og_description":"Metalinis gele\u017eies valymo \u0161epetys tinka r\u016bd\u017ei\u0173 liku\u010diams nuo smulki\u0173 daikt\u0173 ir sunkiai pasiekiam\u0173 viet\u0173 \u0161alinti. Idealiai tinka po r\u016bd\u017ei\u0173 \u0161alinimo priemon\u0117s &#8211; Funclean oksalo r\u016bg\u0161ties.","og_url":"https:\/\/funclean.eu\/produktas\/shiotka-dlia-zeleza\/","og_site_name":"Funclean","article_publisher":"https:\/\/www.facebook.com\/groups\/436887375433126\/","article_modified_time":"2025-05-25T20:56:49+00:00","og_image":[{"width":2252,"height":2252,"url":"https:\/\/funclean.eu\/wp-content\/uploads\/2025\/05\/sz-1.jpg","type":"image\/jpeg"}],"twitter_card":"summary_large_image","twitter_misc":{"Est. reading time":"1 minut\u0117"},"schema":{"@context":"https:\/\/schema.org","@graph":[{"@type":"WebPage","@id":"https:\/\/funclean.eu\/produktas\/shiotka-dlia-zeleza\/","url":"https:\/\/funclean.eu\/produktas\/shiotka-dlia-zeleza\/","name":"Metalinis \u0161epetys gele\u017eies valymui. - Funclean","isPartOf":{"@id":"https:\/\/funclean.eu\/#website"},"primaryImageOfPage":{"@id":"https:\/\/funclean.eu\/produktas\/shiotka-dlia-zeleza\/#primaryimage"},"image":{"@id":"https:\/\/funclean.eu\/produktas\/shiotka-dlia-zeleza\/#primaryimage"},"thumbnailUrl":"https:\/\/funclean.eu\/wp-content\/uploads\/2025\/05\/sz-1.jpg","datePublished":"2025-05-25T20:42:30+00:00","dateModified":"2025-05-25T20:56:49+00:00","breadcrumb":{"@id":"https:\/\/funclean.eu\/produktas\/shiotka-dlia-zeleza\/#breadcrumb"},"inLanguage":"lt-LT","potentialAction":[{"@type":"ReadAction","target":["https:\/\/funclean.eu\/produktas\/shiotka-dlia-zeleza\/"]}]},{"@type":"ImageObject","inLanguage":"lt-LT","@id":"https:\/\/funclean.eu\/produktas\/shiotka-dlia-zeleza\/#primaryimage","url":"https:\/\/funclean.eu\/wp-content\/uploads\/2025\/05\/sz-1.jpg","contentUrl":"https:\/\/funclean.eu\/wp-content\/uploads\/2025\/05\/sz-1.jpg","width":2252,"height":2252},{"@type":"BreadcrumbList","@id":"https:\/\/funclean.eu\/produktas\/shiotka-dlia-zeleza\/#breadcrumb","itemListElement":[{"@type":"ListItem","position":1,"name":"\u0413\u043b\u0430\u0432\u043d\u0430\u044f \u0441\u0442\u0440\u0430\u043d\u0438\u0446\u0430","item":"https:\/\/funclean.eu\/lt\/"},{"@type":"ListItem","position":2,"name":"\u041a\u0430\u0442\u0430\u043b\u043e\u0433","item":"https:\/\/funclean.eu\/shop\/"},{"@type":"ListItem","position":3,"name":"Metalinis \u0161epetys gele\u017eies valymui."}]},{"@type":"WebSite","@id":"https:\/\/funclean.eu\/#website","url":"https:\/\/funclean.eu\/","name":"FUNCLEAN.EU","description":"\u041e\u0447\u0438\u0441\u0442\u043a\u0430 \u0438 \u0445\u0440\u0430\u043d\u0435\u043d\u0438\u0435 \u043c\u043e\u043d\u0435\u0442. \u041a\u0430\u043a \u0447\u0438\u0441\u0442\u0438\u0442\u044c \u043c\u043e\u043d\u0435\u0442\u044b \u0438 \u043d\u0430\u0445\u043e\u0434\u043a\u0438.","potentialAction":[{"@type":"SearchAction","target":{"@type":"EntryPoint","urlTemplate":"https:\/\/funclean.eu\/?s={search_term_string}"},"query-input":{"@type":"PropertyValueSpecification","valueRequired":true,"valueName":"search_term_string"}}],"inLanguage":"lt-LT"}]}},"jetpack_sharing_enabled":true,"_links":{"self":[{"href":"https:\/\/funclean.eu\/lt\/wp-json\/wp\/v2\/product\/6463","targetHints":{"allow":["GET"]}}],"collection":[{"href":"https:\/\/funclean.eu\/lt\/wp-json\/wp\/v2\/product"}],"about":[{"href":"https:\/\/funclean.eu\/lt\/wp-json\/wp\/v2\/types\/product"}],"replies":[{"embeddable":true,"href":"https:\/\/funclean.eu\/lt\/wp-json\/wp\/v2\/comments?post=6463"}],"wp:featuredmedia":[{"embeddable":true,"href":"https:\/\/funclean.eu\/lt\/wp-json\/wp\/v2\/media\/6449"}],"wp:attachment":[{"href":"https:\/\/funclean.eu\/lt\/wp-json\/wp\/v2\/media?parent=6463"}],"wp:term":[{"taxonomy":"product_brand","embeddable":true,"href":"https:\/\/funclean.eu\/lt\/wp-json\/wp\/v2\/product_brand?post=6463"},{"taxonomy":"product_cat","embeddable":true,"href":"https:\/\/funclean.eu\/lt\/wp-json\/wp\/v2\/product_cat?post=6463"},{"taxonomy":"product_tag","embeddable":true,"href":"https:\/\/funclean.eu\/lt\/wp-json\/wp\/v2\/product_tag?post=6463"}],"curies":[{"name":"wp","href":"https:\/\/api.w.org\/{rel}","templated":true}]}}