{"id":6444,"date":"2025-05-25T20:18:51","date_gmt":"2025-05-25T20:18:51","guid":{"rendered":"https:\/\/funclean.eu\/product\/vata-polirovka-monetas\/"},"modified":"2025-05-25T20:34:36","modified_gmt":"2025-05-25T20:34:36","slug":"vata-polirovka-monetas","status":"publish","type":"product","link":"https:\/\/funclean.eu\/lt\/produktas\/vata-polirovka-monetas\/","title":{"rendered":"Plienin\u0117 vata monetoms poliruoti."},"content":{"rendered":"<p>Vata yra puiki ir kartais nepakei\u010diama priemon\u0117, skirta namuose i\u0161kastoms monetoms valyti.<\/p>\n<p><strong>D\u0117mesio!  <\/strong><\/p>\n<p>Naudokite atsargiai (kaip ir bet kur\u012f kit\u0105 skyst\u0105 ar saus\u0105 monet\u0173 valikl\u012f).<\/p>\n<div class=\"ordered-block__content\">\n<div class=\"ordered-block__text-wrap\">\n<div class=\"ordered-block__text show-collapsed-js _inited\">\n<p>Patarimas: pirmiausia naudokite bet koki\u0105 valymo priemon\u0119, \u012fskaitant plienin\u0119 vat\u0105, ma\u017eai vertingoms med\u017eiagoms valyti ir tik tada vertingesniems egzemplioriams valyti.<\/p>\n<\/div>\n<\/div>\n<\/div>\n","protected":false},"excerpt":{"rendered":"<p>Plienin\u0117 vata monetoms valyti.<br \/>\nTinka mechaniniam monet\u0173 valymui, apna\u0161\u0173, kai kuri\u0173 r\u016b\u0161i\u0173 oksid\u0173, nelygum\u0173, d\u0117mi\u0173 ir kt. pa\u0161alinimui.<br \/>\nNaudojamas sausai arba dr\u0117gnai poliruoti varines ir sidabrines monetas, taip pat bet kokius daiktus i\u0161 metal\u0173, stiklo, plastiko, med\u017eio, kaulo.<\/p>\n","protected":false},"featured_media":6433,"comment_status":"open","ping_status":"closed","template":"","meta":{"_kad_post_transparent":"","_kad_post_title":"","_kad_post_layout":"","_kad_post_sidebar_id":"","_kad_post_content_style":"","_kad_post_vertical_padding":"","_kad_post_feature":"","_kad_post_feature_position":"","_kad_post_header":false,"_kad_post_footer":false},"product_brand":[],"product_cat":[33],"product_tag":[],"class_list":{"0":"post-6444","1":"product","2":"type-product","3":"status-publish","4":"has-post-thumbnail","6":"product_cat-monetuvalymas","8":"first","9":"instock","10":"shipping-taxable","11":"purchasable","12":"product-type-simple","13":"entry","14":"content-bg","15":"loop-entry"},"yoast_head":"<!-- This site is optimized with the Yoast SEO plugin v25.8 - https:\/\/yoast.com\/wordpress\/plugins\/seo\/ -->\n<title>Plienin\u0117 vata monetoms poliruoti. - Funclean<\/title>\n<meta name=\"robots\" content=\"index, follow, max-snippet:-1, max-image-preview:large, max-video-preview:-1\" \/>\n<link rel=\"canonical\" href=\"https:\/\/funclean.eu\/produktas\/vata-polirovka-monet\/\" \/>\n<meta property=\"og:locale\" content=\"lt_LT\" \/>\n<meta property=\"og:type\" content=\"article\" \/>\n<meta property=\"og:title\" content=\"Plienin\u0117 vata monetoms poliruoti. - Funclean\" \/>\n<meta property=\"og:description\" content=\"Plienin\u0117 vata monetoms valyti. Tinka mechaniniam monet\u0173 valymui, apna\u0161\u0173, kai kuri\u0173 r\u016b\u0161i\u0173 oksid\u0173, nelygum\u0173, d\u0117mi\u0173 ir kt. pa\u0161alinimui. Naudojamas sausai arba dr\u0117gnai poliruoti varines ir sidabrines monetas, taip pat bet kokius daiktus i\u0161 metal\u0173, stiklo, plastiko, med\u017eio, kaulo.\" \/>\n<meta property=\"og:url\" content=\"https:\/\/funclean.eu\/produktas\/vata-polirovka-monet\/\" \/>\n<meta property=\"og:site_name\" content=\"Funclean\" \/>\n<meta property=\"article:publisher\" content=\"https:\/\/www.facebook.com\/groups\/436887375433126\/\" \/>\n<meta property=\"article:modified_time\" content=\"2025-05-25T20:34:36+00:00\" \/>\n<meta property=\"og:image\" content=\"https:\/\/funclean.eu\/wp-content\/uploads\/2025\/05\/vata-1.jpg\" \/>\n\t<meta property=\"og:image:width\" content=\"2252\" \/>\n\t<meta property=\"og:image:height\" content=\"2252\" \/>\n\t<meta property=\"og:image:type\" content=\"image\/jpeg\" \/>\n<meta name=\"twitter:card\" content=\"summary_large_image\" \/>\n<script type=\"application\/ld+json\" class=\"yoast-schema-graph\">{\"@context\":\"https:\/\/schema.org\",\"@graph\":[{\"@type\":\"WebPage\",\"@id\":\"https:\/\/funclean.eu\/produktas\/vata-polirovka-monet\/\",\"url\":\"https:\/\/funclean.eu\/produktas\/vata-polirovka-monet\/\",\"name\":\"Plienin\u0117 vata monetoms poliruoti. - Funclean\",\"isPartOf\":{\"@id\":\"https:\/\/funclean.eu\/#website\"},\"primaryImageOfPage\":{\"@id\":\"https:\/\/funclean.eu\/produktas\/vata-polirovka-monet\/#primaryimage\"},\"image\":{\"@id\":\"https:\/\/funclean.eu\/produktas\/vata-polirovka-monet\/#primaryimage\"},\"thumbnailUrl\":\"https:\/\/funclean.eu\/wp-content\/uploads\/2025\/05\/vata-1.jpg\",\"datePublished\":\"2025-05-25T20:18:51+00:00\",\"dateModified\":\"2025-05-25T20:34:36+00:00\",\"breadcrumb\":{\"@id\":\"https:\/\/funclean.eu\/produktas\/vata-polirovka-monet\/#breadcrumb\"},\"inLanguage\":\"lt-LT\",\"potentialAction\":[{\"@type\":\"ReadAction\",\"target\":[\"https:\/\/funclean.eu\/produktas\/vata-polirovka-monet\/\"]}]},{\"@type\":\"ImageObject\",\"inLanguage\":\"lt-LT\",\"@id\":\"https:\/\/funclean.eu\/produktas\/vata-polirovka-monet\/#primaryimage\",\"url\":\"https:\/\/funclean.eu\/wp-content\/uploads\/2025\/05\/vata-1.jpg\",\"contentUrl\":\"https:\/\/funclean.eu\/wp-content\/uploads\/2025\/05\/vata-1.jpg\",\"width\":2252,\"height\":2252},{\"@type\":\"BreadcrumbList\",\"@id\":\"https:\/\/funclean.eu\/produktas\/vata-polirovka-monet\/#breadcrumb\",\"itemListElement\":[{\"@type\":\"ListItem\",\"position\":1,\"name\":\"\u0413\u043b\u0430\u0432\u043d\u0430\u044f \u0441\u0442\u0440\u0430\u043d\u0438\u0446\u0430\",\"item\":\"https:\/\/funclean.eu\/lt\/\"},{\"@type\":\"ListItem\",\"position\":2,\"name\":\"\u041a\u0430\u0442\u0430\u043b\u043e\u0433\",\"item\":\"https:\/\/funclean.eu\/shop\/\"},{\"@type\":\"ListItem\",\"position\":3,\"name\":\"Plienin\u0117 vata monetoms poliruoti.\"}]},{\"@type\":\"WebSite\",\"@id\":\"https:\/\/funclean.eu\/#website\",\"url\":\"https:\/\/funclean.eu\/\",\"name\":\"FUNCLEAN.EU\",\"description\":\"\u041e\u0447\u0438\u0441\u0442\u043a\u0430 \u0438 \u0445\u0440\u0430\u043d\u0435\u043d\u0438\u0435 \u043c\u043e\u043d\u0435\u0442. \u041a\u0430\u043a \u0447\u0438\u0441\u0442\u0438\u0442\u044c \u043c\u043e\u043d\u0435\u0442\u044b \u0438 \u043d\u0430\u0445\u043e\u0434\u043a\u0438.\",\"potentialAction\":[{\"@type\":\"SearchAction\",\"target\":{\"@type\":\"EntryPoint\",\"urlTemplate\":\"https:\/\/funclean.eu\/?s={search_term_string}\"},\"query-input\":{\"@type\":\"PropertyValueSpecification\",\"valueRequired\":true,\"valueName\":\"search_term_string\"}}],\"inLanguage\":\"lt-LT\"}]}<\/script>\n<!-- \/ Yoast SEO plugin. -->","yoast_head_json":{"title":"Plienin\u0117 vata monetoms poliruoti. - Funclean","robots":{"index":"index","follow":"follow","max-snippet":"max-snippet:-1","max-image-preview":"max-image-preview:large","max-video-preview":"max-video-preview:-1"},"canonical":"https:\/\/funclean.eu\/produktas\/vata-polirovka-monet\/","og_locale":"lt_LT","og_type":"article","og_title":"Plienin\u0117 vata monetoms poliruoti. - Funclean","og_description":"Plienin\u0117 vata monetoms valyti. Tinka mechaniniam monet\u0173 valymui, apna\u0161\u0173, kai kuri\u0173 r\u016b\u0161i\u0173 oksid\u0173, nelygum\u0173, d\u0117mi\u0173 ir kt. pa\u0161alinimui. Naudojamas sausai arba dr\u0117gnai poliruoti varines ir sidabrines monetas, taip pat bet kokius daiktus i\u0161 metal\u0173, stiklo, plastiko, med\u017eio, kaulo.","og_url":"https:\/\/funclean.eu\/produktas\/vata-polirovka-monet\/","og_site_name":"Funclean","article_publisher":"https:\/\/www.facebook.com\/groups\/436887375433126\/","article_modified_time":"2025-05-25T20:34:36+00:00","og_image":[{"width":2252,"height":2252,"url":"https:\/\/funclean.eu\/wp-content\/uploads\/2025\/05\/vata-1.jpg","type":"image\/jpeg"}],"twitter_card":"summary_large_image","schema":{"@context":"https:\/\/schema.org","@graph":[{"@type":"WebPage","@id":"https:\/\/funclean.eu\/produktas\/vata-polirovka-monet\/","url":"https:\/\/funclean.eu\/produktas\/vata-polirovka-monet\/","name":"Plienin\u0117 vata monetoms poliruoti. - Funclean","isPartOf":{"@id":"https:\/\/funclean.eu\/#website"},"primaryImageOfPage":{"@id":"https:\/\/funclean.eu\/produktas\/vata-polirovka-monet\/#primaryimage"},"image":{"@id":"https:\/\/funclean.eu\/produktas\/vata-polirovka-monet\/#primaryimage"},"thumbnailUrl":"https:\/\/funclean.eu\/wp-content\/uploads\/2025\/05\/vata-1.jpg","datePublished":"2025-05-25T20:18:51+00:00","dateModified":"2025-05-25T20:34:36+00:00","breadcrumb":{"@id":"https:\/\/funclean.eu\/produktas\/vata-polirovka-monet\/#breadcrumb"},"inLanguage":"lt-LT","potentialAction":[{"@type":"ReadAction","target":["https:\/\/funclean.eu\/produktas\/vata-polirovka-monet\/"]}]},{"@type":"ImageObject","inLanguage":"lt-LT","@id":"https:\/\/funclean.eu\/produktas\/vata-polirovka-monet\/#primaryimage","url":"https:\/\/funclean.eu\/wp-content\/uploads\/2025\/05\/vata-1.jpg","contentUrl":"https:\/\/funclean.eu\/wp-content\/uploads\/2025\/05\/vata-1.jpg","width":2252,"height":2252},{"@type":"BreadcrumbList","@id":"https:\/\/funclean.eu\/produktas\/vata-polirovka-monet\/#breadcrumb","itemListElement":[{"@type":"ListItem","position":1,"name":"\u0413\u043b\u0430\u0432\u043d\u0430\u044f \u0441\u0442\u0440\u0430\u043d\u0438\u0446\u0430","item":"https:\/\/funclean.eu\/lt\/"},{"@type":"ListItem","position":2,"name":"\u041a\u0430\u0442\u0430\u043b\u043e\u0433","item":"https:\/\/funclean.eu\/shop\/"},{"@type":"ListItem","position":3,"name":"Plienin\u0117 vata monetoms poliruoti."}]},{"@type":"WebSite","@id":"https:\/\/funclean.eu\/#website","url":"https:\/\/funclean.eu\/","name":"FUNCLEAN.EU","description":"\u041e\u0447\u0438\u0441\u0442\u043a\u0430 \u0438 \u0445\u0440\u0430\u043d\u0435\u043d\u0438\u0435 \u043c\u043e\u043d\u0435\u0442. \u041a\u0430\u043a \u0447\u0438\u0441\u0442\u0438\u0442\u044c \u043c\u043e\u043d\u0435\u0442\u044b \u0438 \u043d\u0430\u0445\u043e\u0434\u043a\u0438.","potentialAction":[{"@type":"SearchAction","target":{"@type":"EntryPoint","urlTemplate":"https:\/\/funclean.eu\/?s={search_term_string}"},"query-input":{"@type":"PropertyValueSpecification","valueRequired":true,"valueName":"search_term_string"}}],"inLanguage":"lt-LT"}]}},"jetpack_sharing_enabled":true,"_links":{"self":[{"href":"https:\/\/funclean.eu\/lt\/wp-json\/wp\/v2\/product\/6444","targetHints":{"allow":["GET"]}}],"collection":[{"href":"https:\/\/funclean.eu\/lt\/wp-json\/wp\/v2\/product"}],"about":[{"href":"https:\/\/funclean.eu\/lt\/wp-json\/wp\/v2\/types\/product"}],"replies":[{"embeddable":true,"href":"https:\/\/funclean.eu\/lt\/wp-json\/wp\/v2\/comments?post=6444"}],"wp:featuredmedia":[{"embeddable":true,"href":"https:\/\/funclean.eu\/lt\/wp-json\/wp\/v2\/media\/6433"}],"wp:attachment":[{"href":"https:\/\/funclean.eu\/lt\/wp-json\/wp\/v2\/media?parent=6444"}],"wp:term":[{"taxonomy":"product_brand","embeddable":true,"href":"https:\/\/funclean.eu\/lt\/wp-json\/wp\/v2\/product_brand?post=6444"},{"taxonomy":"product_cat","embeddable":true,"href":"https:\/\/funclean.eu\/lt\/wp-json\/wp\/v2\/product_cat?post=6444"},{"taxonomy":"product_tag","embeddable":true,"href":"https:\/\/funclean.eu\/lt\/wp-json\/wp\/v2\/product_tag?post=6444"}],"curies":[{"name":"wp","href":"https:\/\/api.w.org\/{rel}","templated":true}]}}