{"id":6425,"date":"2025-04-02T20:37:27","date_gmt":"2025-04-02T20:37:27","guid":{"rendered":"https:\/\/funclean.eu\/product\/petri-lekstele-60-mm-konteineris-monetoms-valyti\/"},"modified":"2025-04-02T20:40:06","modified_gmt":"2025-04-02T20:40:06","slug":"petri-lekstele-60-mm-konteineris-monetoms-valyti","status":"publish","type":"product","link":"https:\/\/funclean.eu\/lt\/produktas\/petri-lekstele-60-mm-konteineris-monetoms-valyti\/","title":{"rendered":"Petri l\u0117k\u0161tel\u0117 &#8211; 60 mm. Monet\u0173 valymo konteineris."},"content":{"rendered":"<p>Petri l\u0117k\u0161tel\u0117 (dar vadinama Petri l\u0117k\u0161tele) &#8211; tai laboratorinis prietaisas, kuris yra negilus permatomas duben\u0117lis su dangteliu, \u017eemas indas, paprastai cilindro formos.<\/p>\n<p>Puikiai tinka kaip &#8220;Funclean&#8221; valymo skys\u010di\u0173 talpykla. Vienu metu \u012f Petri l\u0117k\u0161tel\u0119 galima \u012fd\u0117ti kelias monetas. Panaudojus puodel\u012f galima lengvai i\u0161plauti \u0161iltame vandenyje ir pakartotinai naudoti valymui neribot\u0105 skai\u010di\u0173 kart\u0173. Tinka visiems &#8220;Funclean&#8221; valymo skys\u010diams.<\/p>\n","protected":false},"excerpt":{"rendered":"<p>Petri l\u0117k\u0161tel\u0117, pagaminta i\u0161 polimero. Atsparus r\u016bg\u0161tims.<\/p>\n<p>Skersmuo &#8211; 60 mm, o auk\u0161tis &#8211; 13,1 mm.<\/p>\n<p>Idealiai tinka kaip &#8220;Funclean&#8221; valymo skys\u010di\u0173 asortimento talpykla.<\/p>\n","protected":false},"featured_media":6414,"comment_status":"open","ping_status":"closed","template":"","meta":{"_kad_post_transparent":"default","_kad_post_title":"","_kad_post_layout":"default","_kad_post_sidebar_id":"","_kad_post_content_style":"default","_kad_post_vertical_padding":"default","_kad_post_feature":"","_kad_post_feature_position":"","_kad_post_header":false,"_kad_post_footer":false},"product_brand":[],"product_cat":[33],"product_tag":[],"class_list":{"0":"post-6425","1":"product","2":"type-product","3":"status-publish","4":"has-post-thumbnail","6":"product_cat-monetuvalymas","8":"first","9":"instock","10":"shipping-taxable","11":"purchasable","12":"product-type-simple","13":"entry","14":"content-bg","15":"loop-entry"},"yoast_head":"<!-- This site is optimized with the Yoast SEO plugin v25.8 - https:\/\/yoast.com\/wordpress\/plugins\/seo\/ -->\n<title>Petri l\u0117k\u0161tel\u0117 - 60 mm. Monet\u0173 valymo konteineris. - Funclean<\/title>\n<meta name=\"description\" content=\"Puikiai tinka kaip &quot;Funclean&quot; valymo skys\u010di\u0173 talpykla. Vienu metu \u012f Petri l\u0117k\u0161tel\u0119 galima \u012fd\u0117ti kelias monetas. Panaudojus puodel\u012f galima lengvai i\u0161plauti \u0161iltu vandeniu ir pakartotinai naudoti valymui neribot\u0105 skai\u010di\u0173 kart\u0173. Tinka visiems &quot;Funclean&quot; valymo skys\u010diams.\" \/>\n<meta name=\"robots\" content=\"index, follow, max-snippet:-1, max-image-preview:large, max-video-preview:-1\" \/>\n<link rel=\"canonical\" href=\"https:\/\/funclean.eu\/lt\/produktas\/petri-lekstele-60-mm-konteineris-monetoms-valyti\/\" \/>\n<meta property=\"og:locale\" content=\"lt_LT\" \/>\n<meta property=\"og:type\" content=\"article\" \/>\n<meta property=\"og:title\" content=\"Petri l\u0117k\u0161tel\u0117 - 60 mm. Monet\u0173 valymo konteineris. - Funclean\" \/>\n<meta property=\"og:description\" content=\"Puikiai tinka kaip &quot;Funclean&quot; valymo skys\u010di\u0173 talpykla. Vienu metu \u012f Petri l\u0117k\u0161tel\u0119 galima \u012fd\u0117ti kelias monetas. Panaudojus puodel\u012f galima lengvai i\u0161plauti \u0161iltu vandeniu ir pakartotinai naudoti valymui neribot\u0105 skai\u010di\u0173 kart\u0173. Tinka visiems &quot;Funclean&quot; valymo skys\u010diams.\" \/>\n<meta property=\"og:url\" content=\"https:\/\/funclean.eu\/lt\/produktas\/petri-lekstele-60-mm-konteineris-monetoms-valyti\/\" \/>\n<meta property=\"og:site_name\" content=\"Funclean\" \/>\n<meta property=\"article:publisher\" content=\"https:\/\/www.facebook.com\/groups\/436887375433126\/\" \/>\n<meta property=\"article:modified_time\" content=\"2025-04-02T20:40:06+00:00\" \/>\n<meta property=\"og:image\" content=\"https:\/\/funclean.eu\/wp-content\/uploads\/2025\/04\/petri-1.jpg\" \/>\n\t<meta property=\"og:image:width\" content=\"2252\" \/>\n\t<meta property=\"og:image:height\" content=\"2252\" \/>\n\t<meta property=\"og:image:type\" content=\"image\/jpeg\" \/>\n<meta name=\"twitter:card\" content=\"summary_large_image\" \/>\n<meta name=\"twitter:label1\" content=\"Est. reading time\" \/>\n\t<meta name=\"twitter:data1\" content=\"1 minut\u0117\" \/>\n<script type=\"application\/ld+json\" class=\"yoast-schema-graph\">{\"@context\":\"https:\/\/schema.org\",\"@graph\":[{\"@type\":\"WebPage\",\"@id\":\"https:\/\/funclean.eu\/lt\/produktas\/petri-lekstele-60-mm-konteineris-monetoms-valyti\/\",\"url\":\"https:\/\/funclean.eu\/lt\/produktas\/petri-lekstele-60-mm-konteineris-monetoms-valyti\/\",\"name\":\"Petri l\u0117k\u0161tel\u0117 - 60 mm. Monet\u0173 valymo konteineris. - Funclean\",\"isPartOf\":{\"@id\":\"https:\/\/funclean.eu\/#website\"},\"primaryImageOfPage\":{\"@id\":\"https:\/\/funclean.eu\/lt\/produktas\/petri-lekstele-60-mm-konteineris-monetoms-valyti\/#primaryimage\"},\"image\":{\"@id\":\"https:\/\/funclean.eu\/lt\/produktas\/petri-lekstele-60-mm-konteineris-monetoms-valyti\/#primaryimage\"},\"thumbnailUrl\":\"https:\/\/funclean.eu\/wp-content\/uploads\/2025\/04\/petri-1.jpg\",\"datePublished\":\"2025-04-02T20:37:27+00:00\",\"dateModified\":\"2025-04-02T20:40:06+00:00\",\"description\":\"Puikiai tinka kaip \\\"Funclean\\\" valymo skys\u010di\u0173 talpykla. Vienu metu \u012f Petri l\u0117k\u0161tel\u0119 galima \u012fd\u0117ti kelias monetas. Panaudojus puodel\u012f galima lengvai i\u0161plauti \u0161iltu vandeniu ir pakartotinai naudoti valymui neribot\u0105 skai\u010di\u0173 kart\u0173. Tinka visiems \\\"Funclean\\\" valymo skys\u010diams.\",\"breadcrumb\":{\"@id\":\"https:\/\/funclean.eu\/lt\/produktas\/petri-lekstele-60-mm-konteineris-monetoms-valyti\/#breadcrumb\"},\"inLanguage\":\"lt-LT\",\"potentialAction\":[{\"@type\":\"ReadAction\",\"target\":[\"https:\/\/funclean.eu\/lt\/produktas\/petri-lekstele-60-mm-konteineris-monetoms-valyti\/\"]}]},{\"@type\":\"ImageObject\",\"inLanguage\":\"lt-LT\",\"@id\":\"https:\/\/funclean.eu\/lt\/produktas\/petri-lekstele-60-mm-konteineris-monetoms-valyti\/#primaryimage\",\"url\":\"https:\/\/funclean.eu\/wp-content\/uploads\/2025\/04\/petri-1.jpg\",\"contentUrl\":\"https:\/\/funclean.eu\/wp-content\/uploads\/2025\/04\/petri-1.jpg\",\"width\":2252,\"height\":2252,\"caption\":\"Petri\"},{\"@type\":\"BreadcrumbList\",\"@id\":\"https:\/\/funclean.eu\/lt\/produktas\/petri-lekstele-60-mm-konteineris-monetoms-valyti\/#breadcrumb\",\"itemListElement\":[{\"@type\":\"ListItem\",\"position\":1,\"name\":\"\u0413\u043b\u0430\u0432\u043d\u0430\u044f \u0441\u0442\u0440\u0430\u043d\u0438\u0446\u0430\",\"item\":\"https:\/\/funclean.eu\/lt\/\"},{\"@type\":\"ListItem\",\"position\":2,\"name\":\"\u041a\u0430\u0442\u0430\u043b\u043e\u0433\",\"item\":\"https:\/\/funclean.eu\/shop\/\"},{\"@type\":\"ListItem\",\"position\":3,\"name\":\"Petri l\u0117k\u0161tel\u0117 &#8211; 60 mm. Monet\u0173 valymo konteineris.\"}]},{\"@type\":\"WebSite\",\"@id\":\"https:\/\/funclean.eu\/#website\",\"url\":\"https:\/\/funclean.eu\/\",\"name\":\"FUNCLEAN.EU\",\"description\":\"\u041e\u0447\u0438\u0441\u0442\u043a\u0430 \u0438 \u0445\u0440\u0430\u043d\u0435\u043d\u0438\u0435 \u043c\u043e\u043d\u0435\u0442. \u041a\u0430\u043a \u0447\u0438\u0441\u0442\u0438\u0442\u044c \u043c\u043e\u043d\u0435\u0442\u044b \u0438 \u043d\u0430\u0445\u043e\u0434\u043a\u0438.\",\"potentialAction\":[{\"@type\":\"SearchAction\",\"target\":{\"@type\":\"EntryPoint\",\"urlTemplate\":\"https:\/\/funclean.eu\/?s={search_term_string}\"},\"query-input\":{\"@type\":\"PropertyValueSpecification\",\"valueRequired\":true,\"valueName\":\"search_term_string\"}}],\"inLanguage\":\"lt-LT\"}]}<\/script>\n<!-- \/ Yoast SEO plugin. -->","yoast_head_json":{"title":"Petri l\u0117k\u0161tel\u0117 - 60 mm. Monet\u0173 valymo konteineris. - Funclean","description":"Puikiai tinka kaip \"Funclean\" valymo skys\u010di\u0173 talpykla. Vienu metu \u012f Petri l\u0117k\u0161tel\u0119 galima \u012fd\u0117ti kelias monetas. Panaudojus puodel\u012f galima lengvai i\u0161plauti \u0161iltu vandeniu ir pakartotinai naudoti valymui neribot\u0105 skai\u010di\u0173 kart\u0173. Tinka visiems \"Funclean\" valymo skys\u010diams.","robots":{"index":"index","follow":"follow","max-snippet":"max-snippet:-1","max-image-preview":"max-image-preview:large","max-video-preview":"max-video-preview:-1"},"canonical":"https:\/\/funclean.eu\/lt\/produktas\/petri-lekstele-60-mm-konteineris-monetoms-valyti\/","og_locale":"lt_LT","og_type":"article","og_title":"Petri l\u0117k\u0161tel\u0117 - 60 mm. Monet\u0173 valymo konteineris. - Funclean","og_description":"Puikiai tinka kaip \"Funclean\" valymo skys\u010di\u0173 talpykla. Vienu metu \u012f Petri l\u0117k\u0161tel\u0119 galima \u012fd\u0117ti kelias monetas. Panaudojus puodel\u012f galima lengvai i\u0161plauti \u0161iltu vandeniu ir pakartotinai naudoti valymui neribot\u0105 skai\u010di\u0173 kart\u0173. Tinka visiems \"Funclean\" valymo skys\u010diams.","og_url":"https:\/\/funclean.eu\/lt\/produktas\/petri-lekstele-60-mm-konteineris-monetoms-valyti\/","og_site_name":"Funclean","article_publisher":"https:\/\/www.facebook.com\/groups\/436887375433126\/","article_modified_time":"2025-04-02T20:40:06+00:00","og_image":[{"width":2252,"height":2252,"url":"https:\/\/funclean.eu\/wp-content\/uploads\/2025\/04\/petri-1.jpg","type":"image\/jpeg"}],"twitter_card":"summary_large_image","twitter_misc":{"Est. reading time":"1 minut\u0117"},"schema":{"@context":"https:\/\/schema.org","@graph":[{"@type":"WebPage","@id":"https:\/\/funclean.eu\/lt\/produktas\/petri-lekstele-60-mm-konteineris-monetoms-valyti\/","url":"https:\/\/funclean.eu\/lt\/produktas\/petri-lekstele-60-mm-konteineris-monetoms-valyti\/","name":"Petri l\u0117k\u0161tel\u0117 - 60 mm. Monet\u0173 valymo konteineris. - Funclean","isPartOf":{"@id":"https:\/\/funclean.eu\/#website"},"primaryImageOfPage":{"@id":"https:\/\/funclean.eu\/lt\/produktas\/petri-lekstele-60-mm-konteineris-monetoms-valyti\/#primaryimage"},"image":{"@id":"https:\/\/funclean.eu\/lt\/produktas\/petri-lekstele-60-mm-konteineris-monetoms-valyti\/#primaryimage"},"thumbnailUrl":"https:\/\/funclean.eu\/wp-content\/uploads\/2025\/04\/petri-1.jpg","datePublished":"2025-04-02T20:37:27+00:00","dateModified":"2025-04-02T20:40:06+00:00","description":"Puikiai tinka kaip \"Funclean\" valymo skys\u010di\u0173 talpykla. Vienu metu \u012f Petri l\u0117k\u0161tel\u0119 galima \u012fd\u0117ti kelias monetas. Panaudojus puodel\u012f galima lengvai i\u0161plauti \u0161iltu vandeniu ir pakartotinai naudoti valymui neribot\u0105 skai\u010di\u0173 kart\u0173. Tinka visiems \"Funclean\" valymo skys\u010diams.","breadcrumb":{"@id":"https:\/\/funclean.eu\/lt\/produktas\/petri-lekstele-60-mm-konteineris-monetoms-valyti\/#breadcrumb"},"inLanguage":"lt-LT","potentialAction":[{"@type":"ReadAction","target":["https:\/\/funclean.eu\/lt\/produktas\/petri-lekstele-60-mm-konteineris-monetoms-valyti\/"]}]},{"@type":"ImageObject","inLanguage":"lt-LT","@id":"https:\/\/funclean.eu\/lt\/produktas\/petri-lekstele-60-mm-konteineris-monetoms-valyti\/#primaryimage","url":"https:\/\/funclean.eu\/wp-content\/uploads\/2025\/04\/petri-1.jpg","contentUrl":"https:\/\/funclean.eu\/wp-content\/uploads\/2025\/04\/petri-1.jpg","width":2252,"height":2252,"caption":"Petri"},{"@type":"BreadcrumbList","@id":"https:\/\/funclean.eu\/lt\/produktas\/petri-lekstele-60-mm-konteineris-monetoms-valyti\/#breadcrumb","itemListElement":[{"@type":"ListItem","position":1,"name":"\u0413\u043b\u0430\u0432\u043d\u0430\u044f \u0441\u0442\u0440\u0430\u043d\u0438\u0446\u0430","item":"https:\/\/funclean.eu\/lt\/"},{"@type":"ListItem","position":2,"name":"\u041a\u0430\u0442\u0430\u043b\u043e\u0433","item":"https:\/\/funclean.eu\/shop\/"},{"@type":"ListItem","position":3,"name":"Petri l\u0117k\u0161tel\u0117 &#8211; 60 mm. Monet\u0173 valymo konteineris."}]},{"@type":"WebSite","@id":"https:\/\/funclean.eu\/#website","url":"https:\/\/funclean.eu\/","name":"FUNCLEAN.EU","description":"\u041e\u0447\u0438\u0441\u0442\u043a\u0430 \u0438 \u0445\u0440\u0430\u043d\u0435\u043d\u0438\u0435 \u043c\u043e\u043d\u0435\u0442. \u041a\u0430\u043a \u0447\u0438\u0441\u0442\u0438\u0442\u044c \u043c\u043e\u043d\u0435\u0442\u044b \u0438 \u043d\u0430\u0445\u043e\u0434\u043a\u0438.","potentialAction":[{"@type":"SearchAction","target":{"@type":"EntryPoint","urlTemplate":"https:\/\/funclean.eu\/?s={search_term_string}"},"query-input":{"@type":"PropertyValueSpecification","valueRequired":true,"valueName":"search_term_string"}}],"inLanguage":"lt-LT"}]}},"jetpack_sharing_enabled":true,"_links":{"self":[{"href":"https:\/\/funclean.eu\/lt\/wp-json\/wp\/v2\/product\/6425","targetHints":{"allow":["GET"]}}],"collection":[{"href":"https:\/\/funclean.eu\/lt\/wp-json\/wp\/v2\/product"}],"about":[{"href":"https:\/\/funclean.eu\/lt\/wp-json\/wp\/v2\/types\/product"}],"replies":[{"embeddable":true,"href":"https:\/\/funclean.eu\/lt\/wp-json\/wp\/v2\/comments?post=6425"}],"wp:featuredmedia":[{"embeddable":true,"href":"https:\/\/funclean.eu\/lt\/wp-json\/wp\/v2\/media\/6414"}],"wp:attachment":[{"href":"https:\/\/funclean.eu\/lt\/wp-json\/wp\/v2\/media?parent=6425"}],"wp:term":[{"taxonomy":"product_brand","embeddable":true,"href":"https:\/\/funclean.eu\/lt\/wp-json\/wp\/v2\/product_brand?post=6425"},{"taxonomy":"product_cat","embeddable":true,"href":"https:\/\/funclean.eu\/lt\/wp-json\/wp\/v2\/product_cat?post=6425"},{"taxonomy":"product_tag","embeddable":true,"href":"https:\/\/funclean.eu\/lt\/wp-json\/wp\/v2\/product_tag?post=6425"}],"curies":[{"name":"wp","href":"https:\/\/api.w.org\/{rel}","templated":true}]}}