{"id":6181,"date":"2025-02-23T19:37:44","date_gmt":"2025-02-23T19:37:44","guid":{"rendered":"https:\/\/funclean.eu\/product\/irankiu-rinkinys-skirtas-profesionaliam-monetu-ir-archeologiniu-objektu-restauravimui-16-vnt\/"},"modified":"2025-12-14T14:12:59","modified_gmt":"2025-12-14T14:12:59","slug":"irankiu-rinkinys-skirtas-profesionaliam-monetu-ir-archeologiniu-objektu-restauravimui-16-vnt","status":"publish","type":"product","link":"https:\/\/funclean.eu\/lt\/produktas\/irankiu-rinkinys-skirtas-profesionaliam-monetu-ir-archeologiniu-objektu-restauravimui-16-vnt\/","title":{"rendered":"\u012eranki\u0173 rinkinys, skirtas profesionaliam monet\u0173 ir archeologini\u0173 objekt\u0173 restauravimui. (16 vnt.)"},"content":{"rendered":"<h3><strong>Rinkin\u012f sudaro:<\/strong><\/h3>\n<p><em><strong>Skruzd\u0117lynai:<\/strong><\/em><\/p>\n<p><strong>*Pobedito skreperiai &#8211; kie\u010diausi skreperiai, naudojami pradiniam valymui, lauko lyginimui. Trikampio formos a\u0161trinimo. 5 vnt.  <\/strong><\/p>\n<p><strong>* Volframo karbido grandikliai. \u0160ie grem\u017etukai naudojami \u0161iurk\u0161\u010diam ra\u0161to valymui, nes yra tvirtesni ir nepraranda a\u0161trumo. Ta\u010diau tokiais grandikliais negalima padaryti visi\u0161kai lygaus lauko ir i\u0161valyti smulki\u0173 monet\u0173 ra\u0161to detali\u0173. 1 vnt.    <\/strong><\/p>\n<p><strong>*Kiauli\u0173 grandikliai. Tai universaliausi monet\u0173 valymo grandikliai, naudojami monet\u0173 apdailai ir smulkioms detal\u0117ms i\u0161valyti. Trikampio formos gal\u0105stuvai 3 vnt.  <\/strong><\/p>\n<p><em><strong>Pagalbiniai \u012frankiai:<\/strong><\/em><\/p>\n<p><em><strong>&#8211; Dvipusis spaustuvas su dviem griebtuvais 4 tvirtinimo detal\u0117ms, 0-3,2 mm skersmens. Padeda pritvirtinti vis\u0173 r\u016b\u0161i\u0173 skreperius j\u0173 naudojimui. 1 vnt. + vienas 1,2 mm skersmens grandiklis su deimantiniu antgaliu.  <\/strong><\/em><\/p>\n<p><strong>&#8211; K\u016bgio formos gele\u017eis (rutulys). Naudojamas juostel\u0117ms nuo grandiklio i\u0161lyginti. 1 vnt.  <\/strong><\/p>\n<p><strong>&#8211; Dvigubas grandiklis &#8211; adata i\u0161 1 mm viktorito. Dirbant su \u0161iuo grandikliu jis juda pirmyn ir atgal. Grem\u017etukas nupjauna ypa\u010d tvirtas ataugas ir oksid\u0173 frakcijas.  <\/strong><\/p>\n<p><strong>&#8211; Volframo karbido gydytojas (K-40). Skersmuo 1,5 mm. Jis turi \u0161iek tiek didesn\u012f darbin\u012f plot\u0105, labai kietas, n\u0117ra trapus.  <\/strong><\/p>\n<div><em><strong>Kita:<\/strong><\/em><\/div>\n<div><\/div>\n<div><strong>&#8211; Deginto stiklo pluo\u0161to lazdel\u0117 (\u0161epet\u0117lis). Seniai \u017einomas ir ie\u0161komas daiktas bet kokiame restauravimo etape. Priklausomai nuo nustatyto standumo, j\u0105 galima naudoti ir monetos laukui valyti, ir poliruoti. 1 vnt.   <\/strong><\/div>\n<div><\/div>\n<div><strong>-5 mm mink\u0161tas stiklo pluo\u0161to \u0161epet\u0117lis, skirtas restauracijos liku\u010diams pa\u0161alinti i\u0161 darbo zonos. <\/strong><\/div>\n","protected":false},"excerpt":{"rendered":"<p>Rinkin\u012f sudaro: Skruzd\u0117lynai: *Pobedito skreperiai &#8211; kie\u010diausi skreperiai, naudojami pradiniam valymui, lauko lyginimui. Trikampio formos a\u0161trinimo. 5 vnt. * Volframo karbido grandikliai. \u0160ie grem\u017etukai naudojami \u0161iurk\u0161\u010diam ra\u0161to valymui, nes yra tvirtesni ir nepraranda a\u0161trumo. Ta\u010diau tokiais grandikliais negalima padaryti visi\u0161kai lygaus lauko ir i\u0161valyti smulki\u0173 monet\u0173 ra\u0161to detali\u0173. 1 vnt. *Kiauli\u0173 grandikliai. Tai universaliausi monet\u0173&#8230;<\/p>\n","protected":false},"featured_media":6083,"comment_status":"open","ping_status":"closed","template":"","meta":{"_kad_post_transparent":"","_kad_post_title":"","_kad_post_layout":"","_kad_post_sidebar_id":"","_kad_post_content_style":"","_kad_post_vertical_padding":"","_kad_post_feature":"","_kad_post_feature_position":"","_kad_post_header":false,"_kad_post_footer":false},"product_brand":[],"product_cat":[33],"product_tag":[],"class_list":{"0":"post-6181","1":"product","2":"type-product","3":"status-publish","4":"has-post-thumbnail","6":"product_cat-monetuvalymas","8":"first","9":"instock","10":"shipping-taxable","11":"purchasable","12":"product-type-simple","13":"entry","14":"content-bg","15":"loop-entry"},"yoast_head":"<!-- This site is optimized with the Yoast SEO plugin v25.8 - https:\/\/yoast.com\/wordpress\/plugins\/seo\/ -->\n<title>\u012eranki\u0173 rinkinys, skirtas profesionaliam monet\u0173 ir archeologini\u0173 objekt\u0173 restauravimui. (16 vnt.) - Funclean<\/title>\n<meta name=\"robots\" content=\"index, follow, max-snippet:-1, max-image-preview:large, max-video-preview:-1\" \/>\n<link rel=\"canonical\" href=\"https:\/\/funclean.eu\/produktas\/sabery-nabor-16\/\" \/>\n<meta property=\"og:locale\" content=\"lt_LT\" \/>\n<meta property=\"og:type\" content=\"article\" \/>\n<meta property=\"og:title\" content=\"\u012eranki\u0173 rinkinys, skirtas profesionaliam monet\u0173 ir archeologini\u0173 objekt\u0173 restauravimui. (16 vnt.) - Funclean\" \/>\n<meta property=\"og:description\" content=\"Rinkin\u012f sudaro: Skruzd\u0117lynai: *Pobedito skreperiai &#8211; kie\u010diausi skreperiai, naudojami pradiniam valymui, lauko lyginimui. Trikampio formos a\u0161trinimo. 5 vnt. * Volframo karbido grandikliai. \u0160ie grem\u017etukai naudojami \u0161iurk\u0161\u010diam ra\u0161to valymui, nes yra tvirtesni ir nepraranda a\u0161trumo. Ta\u010diau tokiais grandikliais negalima padaryti visi\u0161kai lygaus lauko ir i\u0161valyti smulki\u0173 monet\u0173 ra\u0161to detali\u0173. 1 vnt. *Kiauli\u0173 grandikliai. Tai universaliausi monet\u0173...\" \/>\n<meta property=\"og:url\" content=\"https:\/\/funclean.eu\/produktas\/sabery-nabor-16\/\" \/>\n<meta property=\"og:site_name\" content=\"Funclean\" \/>\n<meta property=\"article:publisher\" content=\"https:\/\/www.facebook.com\/groups\/436887375433126\/\" \/>\n<meta property=\"article:modified_time\" content=\"2025-12-14T14:12:59+00:00\" \/>\n<meta property=\"og:image\" content=\"https:\/\/funclean.eu\/wp-content\/uploads\/2025\/02\/S2-1.jpg\" \/>\n\t<meta property=\"og:image:width\" content=\"2252\" \/>\n\t<meta property=\"og:image:height\" content=\"2252\" \/>\n\t<meta property=\"og:image:type\" content=\"image\/jpeg\" \/>\n<meta name=\"twitter:card\" content=\"summary_large_image\" \/>\n<meta name=\"twitter:label1\" content=\"Est. reading time\" \/>\n\t<meta name=\"twitter:data1\" content=\"1 minut\u0117\" \/>\n<script type=\"application\/ld+json\" class=\"yoast-schema-graph\">{\"@context\":\"https:\/\/schema.org\",\"@graph\":[{\"@type\":\"WebPage\",\"@id\":\"https:\/\/funclean.eu\/produktas\/sabery-nabor-16\/\",\"url\":\"https:\/\/funclean.eu\/produktas\/sabery-nabor-16\/\",\"name\":\"\u012eranki\u0173 rinkinys, skirtas profesionaliam monet\u0173 ir archeologini\u0173 objekt\u0173 restauravimui. (16 vnt.) - Funclean\",\"isPartOf\":{\"@id\":\"https:\/\/funclean.eu\/#website\"},\"primaryImageOfPage\":{\"@id\":\"https:\/\/funclean.eu\/produktas\/sabery-nabor-16\/#primaryimage\"},\"image\":{\"@id\":\"https:\/\/funclean.eu\/produktas\/sabery-nabor-16\/#primaryimage\"},\"thumbnailUrl\":\"https:\/\/funclean.eu\/wp-content\/uploads\/2025\/02\/S2-1.jpg\",\"datePublished\":\"2025-02-23T19:37:44+00:00\",\"dateModified\":\"2025-12-14T14:12:59+00:00\",\"breadcrumb\":{\"@id\":\"https:\/\/funclean.eu\/produktas\/sabery-nabor-16\/#breadcrumb\"},\"inLanguage\":\"lt-LT\",\"potentialAction\":[{\"@type\":\"ReadAction\",\"target\":[\"https:\/\/funclean.eu\/produktas\/sabery-nabor-16\/\"]}]},{\"@type\":\"ImageObject\",\"inLanguage\":\"lt-LT\",\"@id\":\"https:\/\/funclean.eu\/produktas\/sabery-nabor-16\/#primaryimage\",\"url\":\"https:\/\/funclean.eu\/wp-content\/uploads\/2025\/02\/S2-1.jpg\",\"contentUrl\":\"https:\/\/funclean.eu\/wp-content\/uploads\/2025\/02\/S2-1.jpg\",\"width\":2252,\"height\":2252},{\"@type\":\"BreadcrumbList\",\"@id\":\"https:\/\/funclean.eu\/produktas\/sabery-nabor-16\/#breadcrumb\",\"itemListElement\":[{\"@type\":\"ListItem\",\"position\":1,\"name\":\"\u0413\u043b\u0430\u0432\u043d\u0430\u044f \u0441\u0442\u0440\u0430\u043d\u0438\u0446\u0430\",\"item\":\"https:\/\/funclean.eu\/lt\/\"},{\"@type\":\"ListItem\",\"position\":2,\"name\":\"\u041a\u0430\u0442\u0430\u043b\u043e\u0433\",\"item\":\"https:\/\/funclean.eu\/shop\/\"},{\"@type\":\"ListItem\",\"position\":3,\"name\":\"\u012eranki\u0173 rinkinys, skirtas profesionaliam monet\u0173 ir archeologini\u0173 objekt\u0173 restauravimui. (16 vnt.)\"}]},{\"@type\":\"WebSite\",\"@id\":\"https:\/\/funclean.eu\/#website\",\"url\":\"https:\/\/funclean.eu\/\",\"name\":\"FUNCLEAN.EU\",\"description\":\"\u041e\u0447\u0438\u0441\u0442\u043a\u0430 \u0438 \u0445\u0440\u0430\u043d\u0435\u043d\u0438\u0435 \u043c\u043e\u043d\u0435\u0442. \u041a\u0430\u043a \u0447\u0438\u0441\u0442\u0438\u0442\u044c \u043c\u043e\u043d\u0435\u0442\u044b \u0438 \u043d\u0430\u0445\u043e\u0434\u043a\u0438.\",\"potentialAction\":[{\"@type\":\"SearchAction\",\"target\":{\"@type\":\"EntryPoint\",\"urlTemplate\":\"https:\/\/funclean.eu\/?s={search_term_string}\"},\"query-input\":{\"@type\":\"PropertyValueSpecification\",\"valueRequired\":true,\"valueName\":\"search_term_string\"}}],\"inLanguage\":\"lt-LT\"}]}<\/script>\n<!-- \/ Yoast SEO plugin. -->","yoast_head_json":{"title":"\u012eranki\u0173 rinkinys, skirtas profesionaliam monet\u0173 ir archeologini\u0173 objekt\u0173 restauravimui. (16 vnt.) - Funclean","robots":{"index":"index","follow":"follow","max-snippet":"max-snippet:-1","max-image-preview":"max-image-preview:large","max-video-preview":"max-video-preview:-1"},"canonical":"https:\/\/funclean.eu\/produktas\/sabery-nabor-16\/","og_locale":"lt_LT","og_type":"article","og_title":"\u012eranki\u0173 rinkinys, skirtas profesionaliam monet\u0173 ir archeologini\u0173 objekt\u0173 restauravimui. (16 vnt.) - Funclean","og_description":"Rinkin\u012f sudaro: Skruzd\u0117lynai: *Pobedito skreperiai &#8211; kie\u010diausi skreperiai, naudojami pradiniam valymui, lauko lyginimui. Trikampio formos a\u0161trinimo. 5 vnt. * Volframo karbido grandikliai. \u0160ie grem\u017etukai naudojami \u0161iurk\u0161\u010diam ra\u0161to valymui, nes yra tvirtesni ir nepraranda a\u0161trumo. Ta\u010diau tokiais grandikliais negalima padaryti visi\u0161kai lygaus lauko ir i\u0161valyti smulki\u0173 monet\u0173 ra\u0161to detali\u0173. 1 vnt. *Kiauli\u0173 grandikliai. Tai universaliausi monet\u0173...","og_url":"https:\/\/funclean.eu\/produktas\/sabery-nabor-16\/","og_site_name":"Funclean","article_publisher":"https:\/\/www.facebook.com\/groups\/436887375433126\/","article_modified_time":"2025-12-14T14:12:59+00:00","og_image":[{"width":2252,"height":2252,"url":"https:\/\/funclean.eu\/wp-content\/uploads\/2025\/02\/S2-1.jpg","type":"image\/jpeg"}],"twitter_card":"summary_large_image","twitter_misc":{"Est. reading time":"1 minut\u0117"},"schema":{"@context":"https:\/\/schema.org","@graph":[{"@type":"WebPage","@id":"https:\/\/funclean.eu\/produktas\/sabery-nabor-16\/","url":"https:\/\/funclean.eu\/produktas\/sabery-nabor-16\/","name":"\u012eranki\u0173 rinkinys, skirtas profesionaliam monet\u0173 ir archeologini\u0173 objekt\u0173 restauravimui. (16 vnt.) - Funclean","isPartOf":{"@id":"https:\/\/funclean.eu\/#website"},"primaryImageOfPage":{"@id":"https:\/\/funclean.eu\/produktas\/sabery-nabor-16\/#primaryimage"},"image":{"@id":"https:\/\/funclean.eu\/produktas\/sabery-nabor-16\/#primaryimage"},"thumbnailUrl":"https:\/\/funclean.eu\/wp-content\/uploads\/2025\/02\/S2-1.jpg","datePublished":"2025-02-23T19:37:44+00:00","dateModified":"2025-12-14T14:12:59+00:00","breadcrumb":{"@id":"https:\/\/funclean.eu\/produktas\/sabery-nabor-16\/#breadcrumb"},"inLanguage":"lt-LT","potentialAction":[{"@type":"ReadAction","target":["https:\/\/funclean.eu\/produktas\/sabery-nabor-16\/"]}]},{"@type":"ImageObject","inLanguage":"lt-LT","@id":"https:\/\/funclean.eu\/produktas\/sabery-nabor-16\/#primaryimage","url":"https:\/\/funclean.eu\/wp-content\/uploads\/2025\/02\/S2-1.jpg","contentUrl":"https:\/\/funclean.eu\/wp-content\/uploads\/2025\/02\/S2-1.jpg","width":2252,"height":2252},{"@type":"BreadcrumbList","@id":"https:\/\/funclean.eu\/produktas\/sabery-nabor-16\/#breadcrumb","itemListElement":[{"@type":"ListItem","position":1,"name":"\u0413\u043b\u0430\u0432\u043d\u0430\u044f \u0441\u0442\u0440\u0430\u043d\u0438\u0446\u0430","item":"https:\/\/funclean.eu\/lt\/"},{"@type":"ListItem","position":2,"name":"\u041a\u0430\u0442\u0430\u043b\u043e\u0433","item":"https:\/\/funclean.eu\/shop\/"},{"@type":"ListItem","position":3,"name":"\u012eranki\u0173 rinkinys, skirtas profesionaliam monet\u0173 ir archeologini\u0173 objekt\u0173 restauravimui. (16 vnt.)"}]},{"@type":"WebSite","@id":"https:\/\/funclean.eu\/#website","url":"https:\/\/funclean.eu\/","name":"FUNCLEAN.EU","description":"\u041e\u0447\u0438\u0441\u0442\u043a\u0430 \u0438 \u0445\u0440\u0430\u043d\u0435\u043d\u0438\u0435 \u043c\u043e\u043d\u0435\u0442. \u041a\u0430\u043a \u0447\u0438\u0441\u0442\u0438\u0442\u044c \u043c\u043e\u043d\u0435\u0442\u044b \u0438 \u043d\u0430\u0445\u043e\u0434\u043a\u0438.","potentialAction":[{"@type":"SearchAction","target":{"@type":"EntryPoint","urlTemplate":"https:\/\/funclean.eu\/?s={search_term_string}"},"query-input":{"@type":"PropertyValueSpecification","valueRequired":true,"valueName":"search_term_string"}}],"inLanguage":"lt-LT"}]}},"jetpack_sharing_enabled":true,"_links":{"self":[{"href":"https:\/\/funclean.eu\/lt\/wp-json\/wp\/v2\/product\/6181","targetHints":{"allow":["GET"]}}],"collection":[{"href":"https:\/\/funclean.eu\/lt\/wp-json\/wp\/v2\/product"}],"about":[{"href":"https:\/\/funclean.eu\/lt\/wp-json\/wp\/v2\/types\/product"}],"replies":[{"embeddable":true,"href":"https:\/\/funclean.eu\/lt\/wp-json\/wp\/v2\/comments?post=6181"}],"wp:featuredmedia":[{"embeddable":true,"href":"https:\/\/funclean.eu\/lt\/wp-json\/wp\/v2\/media\/6083"}],"wp:attachment":[{"href":"https:\/\/funclean.eu\/lt\/wp-json\/wp\/v2\/media?parent=6181"}],"wp:term":[{"taxonomy":"product_brand","embeddable":true,"href":"https:\/\/funclean.eu\/lt\/wp-json\/wp\/v2\/product_brand?post=6181"},{"taxonomy":"product_cat","embeddable":true,"href":"https:\/\/funclean.eu\/lt\/wp-json\/wp\/v2\/product_cat?post=6181"},{"taxonomy":"product_tag","embeddable":true,"href":"https:\/\/funclean.eu\/lt\/wp-json\/wp\/v2\/product_tag?post=6181"}],"curies":[{"name":"wp","href":"https:\/\/api.w.org\/{rel}","templated":true}]}}