{"id":6177,"date":"2025-02-23T19:25:57","date_gmt":"2025-02-23T19:25:57","guid":{"rendered":"https:\/\/funclean.eu\/product\/oksalo-rugstis-metalo-oksido-valiklis\/"},"modified":"2026-01-15T08:24:17","modified_gmt":"2026-01-15T08:24:17","slug":"oksalo-rugstis-metalo-oksido-valiklis","status":"publish","type":"product","link":"https:\/\/funclean.eu\/lt\/produktas\/oksalo-rugstis-metalo-oksido-valiklis\/","title":{"rendered":"Oksalo r\u016bg\u0161tis. R\u016bd\u017ei\u0173 \u0161alinimo priemon\u0117. 100 g."},"content":{"rendered":"<p><span class=\"RA-g3 RA-g7 RA-h0 RA-h8 RA-g2 RA-c4\">Metalo r\u016bd\u017ei\u0173 valiklis &#8211; druskos r\u016bg\u0161tis. <\/span><span class=\"RA-g3 RA-g5 RA-h0 RA-h8\">Pa\u0161alina r\u016bdis nuo gele\u017eies, oksidus nuo vario ir kit\u0173 metal\u0173.<\/span><\/p>\n<p>Naudojimas: suma\u0161ykite 50 -100 g. oksalo r\u016bg\u0161ties su 1 litru \u0161ilto vandens. Gaut\u0105 tirpal\u0105 \u012fpilkite \u012f plastikin\u012f ar stiklin\u012f ind\u0105. \u012ed\u0117kite gele\u017ein\u012f daikt\u0105 \u012f ind\u0105 su tirpalu taip, kad jis b\u016bt\u0173 visi\u0161kai panardintas. Periodi\u0161kai i\u0161imkite daikt\u0105 ir pa\u0161alinkite r\u016bdis su plieniniu arba \u017ealvariniu \u0161epe\u010diu. Kartokite proces\u0105 tol, kol daiktas bus visi\u0161kai nuvalytas nuo r\u016bd\u017ei\u0173. Baig\u0119 proced\u016br\u0105, nuplaukite daikt\u0105<br \/>\n\u0160iltu vandeniu ir i\u0161d\u017eiovinkite.<\/p>\n","protected":false},"excerpt":{"rendered":"<p>Metalo r\u016bd\u017ei\u0173 valiklis &#8211; druskos r\u016bg\u0161tis. Pa\u0161alina r\u016bdis nuo gele\u017eies, oksidus nuo vario ir kit\u0173 metal\u0173. Naudojimas: suma\u0161ykite 50 -100 g. oksalo r\u016bg\u0161ties su 1 litru \u0161ilto vandens. Gaut\u0105 tirpal\u0105 \u012fpilkite \u012f plastikin\u012f ar stiklin\u012f ind\u0105. \u012ed\u0117kite gele\u017ein\u012f daikt\u0105 \u012f ind\u0105 su tirpalu taip, kad jis b\u016bt\u0173 visi\u0161kai panardintas. Periodi\u0161kai i\u0161imkite daikt\u0105 ir pa\u0161alinkite r\u016bdis&#8230;<\/p>\n","protected":false},"featured_media":6172,"comment_status":"open","ping_status":"closed","template":"","meta":{"_kad_post_transparent":"default","_kad_post_title":"","_kad_post_layout":"default","_kad_post_sidebar_id":"","_kad_post_content_style":"default","_kad_post_vertical_padding":"default","_kad_post_feature":"","_kad_post_feature_position":"","_kad_post_header":false,"_kad_post_footer":false},"product_brand":[],"product_cat":[33],"product_tag":[],"class_list":{"0":"post-6177","1":"product","2":"type-product","3":"status-publish","4":"has-post-thumbnail","6":"product_cat-monetuvalymas","8":"first","9":"instock","10":"shipping-taxable","11":"purchasable","12":"product-type-simple","13":"entry","14":"content-bg","15":"loop-entry"},"yoast_head":"<!-- This site is optimized with the Yoast SEO plugin v25.8 - https:\/\/yoast.com\/wordpress\/plugins\/seo\/ -->\n<title>Oksalo r\u016bg\u0161tis. R\u016bd\u017ei\u0173 \u0161alinimo priemon\u0117. 100 g. - Funclean<\/title>\n<meta name=\"robots\" content=\"index, follow, max-snippet:-1, max-image-preview:large, max-video-preview:-1\" \/>\n<link rel=\"canonical\" href=\"https:\/\/funclean.eu\/lt\/produktas\/oksalo-rugstis-metalo-oksido-valiklis\/\" \/>\n<meta property=\"og:locale\" content=\"lt_LT\" \/>\n<meta property=\"og:type\" content=\"article\" \/>\n<meta property=\"og:title\" content=\"Oksalo r\u016bg\u0161tis. R\u016bd\u017ei\u0173 \u0161alinimo priemon\u0117. 100 g. - Funclean\" \/>\n<meta property=\"og:description\" content=\"Metalo r\u016bd\u017ei\u0173 valiklis &#8211; druskos r\u016bg\u0161tis. Pa\u0161alina r\u016bdis nuo gele\u017eies, oksidus nuo vario ir kit\u0173 metal\u0173. Naudojimas: suma\u0161ykite 50 -100 g. oksalo r\u016bg\u0161ties su 1 litru \u0161ilto vandens. Gaut\u0105 tirpal\u0105 \u012fpilkite \u012f plastikin\u012f ar stiklin\u012f ind\u0105. \u012ed\u0117kite gele\u017ein\u012f daikt\u0105 \u012f ind\u0105 su tirpalu taip, kad jis b\u016bt\u0173 visi\u0161kai panardintas. Periodi\u0161kai i\u0161imkite daikt\u0105 ir pa\u0161alinkite r\u016bdis...\" \/>\n<meta property=\"og:url\" content=\"https:\/\/funclean.eu\/lt\/produktas\/oksalo-rugstis-metalo-oksido-valiklis\/\" \/>\n<meta property=\"og:site_name\" content=\"Funclean\" \/>\n<meta property=\"article:publisher\" content=\"https:\/\/www.facebook.com\/groups\/436887375433126\/\" \/>\n<meta property=\"article:modified_time\" content=\"2026-01-15T08:24:17+00:00\" \/>\n<meta property=\"og:image\" content=\"https:\/\/funclean.eu\/wp-content\/uploads\/2025\/02\/OKS-1.jpg\" \/>\n\t<meta property=\"og:image:width\" content=\"2252\" \/>\n\t<meta property=\"og:image:height\" content=\"2252\" \/>\n\t<meta property=\"og:image:type\" content=\"image\/jpeg\" \/>\n<meta name=\"twitter:card\" content=\"summary_large_image\" \/>\n<meta name=\"twitter:label1\" content=\"Est. reading time\" \/>\n\t<meta name=\"twitter:data1\" content=\"1 minut\u0117\" \/>\n<script type=\"application\/ld+json\" class=\"yoast-schema-graph\">{\"@context\":\"https:\/\/schema.org\",\"@graph\":[{\"@type\":\"WebPage\",\"@id\":\"https:\/\/funclean.eu\/lt\/produktas\/oksalo-rugstis-metalo-oksido-valiklis\/\",\"url\":\"https:\/\/funclean.eu\/lt\/produktas\/oksalo-rugstis-metalo-oksido-valiklis\/\",\"name\":\"Oksalo r\u016bg\u0161tis. R\u016bd\u017ei\u0173 \u0161alinimo priemon\u0117. 100 g. - Funclean\",\"isPartOf\":{\"@id\":\"https:\/\/funclean.eu\/#website\"},\"primaryImageOfPage\":{\"@id\":\"https:\/\/funclean.eu\/lt\/produktas\/oksalo-rugstis-metalo-oksido-valiklis\/#primaryimage\"},\"image\":{\"@id\":\"https:\/\/funclean.eu\/lt\/produktas\/oksalo-rugstis-metalo-oksido-valiklis\/#primaryimage\"},\"thumbnailUrl\":\"https:\/\/funclean.eu\/wp-content\/uploads\/2025\/02\/OKS-1.jpg\",\"datePublished\":\"2025-02-23T19:25:57+00:00\",\"dateModified\":\"2026-01-15T08:24:17+00:00\",\"breadcrumb\":{\"@id\":\"https:\/\/funclean.eu\/lt\/produktas\/oksalo-rugstis-metalo-oksido-valiklis\/#breadcrumb\"},\"inLanguage\":\"lt-LT\",\"potentialAction\":[{\"@type\":\"ReadAction\",\"target\":[\"https:\/\/funclean.eu\/lt\/produktas\/oksalo-rugstis-metalo-oksido-valiklis\/\"]}]},{\"@type\":\"ImageObject\",\"inLanguage\":\"lt-LT\",\"@id\":\"https:\/\/funclean.eu\/lt\/produktas\/oksalo-rugstis-metalo-oksido-valiklis\/#primaryimage\",\"url\":\"https:\/\/funclean.eu\/wp-content\/uploads\/2025\/02\/OKS-1.jpg\",\"contentUrl\":\"https:\/\/funclean.eu\/wp-content\/uploads\/2025\/02\/OKS-1.jpg\",\"width\":2252,\"height\":2252},{\"@type\":\"BreadcrumbList\",\"@id\":\"https:\/\/funclean.eu\/lt\/produktas\/oksalo-rugstis-metalo-oksido-valiklis\/#breadcrumb\",\"itemListElement\":[{\"@type\":\"ListItem\",\"position\":1,\"name\":\"\u0413\u043b\u0430\u0432\u043d\u0430\u044f \u0441\u0442\u0440\u0430\u043d\u0438\u0446\u0430\",\"item\":\"https:\/\/funclean.eu\/lt\/\"},{\"@type\":\"ListItem\",\"position\":2,\"name\":\"\u041a\u0430\u0442\u0430\u043b\u043e\u0433\",\"item\":\"https:\/\/funclean.eu\/shop\/\"},{\"@type\":\"ListItem\",\"position\":3,\"name\":\"Oksalo r\u016bg\u0161tis. R\u016bd\u017ei\u0173 \u0161alinimo priemon\u0117. 100 g.\"}]},{\"@type\":\"WebSite\",\"@id\":\"https:\/\/funclean.eu\/#website\",\"url\":\"https:\/\/funclean.eu\/\",\"name\":\"FUNCLEAN.EU\",\"description\":\"\u041e\u0447\u0438\u0441\u0442\u043a\u0430 \u0438 \u0445\u0440\u0430\u043d\u0435\u043d\u0438\u0435 \u043c\u043e\u043d\u0435\u0442. \u041a\u0430\u043a \u0447\u0438\u0441\u0442\u0438\u0442\u044c \u043c\u043e\u043d\u0435\u0442\u044b \u0438 \u043d\u0430\u0445\u043e\u0434\u043a\u0438.\",\"potentialAction\":[{\"@type\":\"SearchAction\",\"target\":{\"@type\":\"EntryPoint\",\"urlTemplate\":\"https:\/\/funclean.eu\/?s={search_term_string}\"},\"query-input\":{\"@type\":\"PropertyValueSpecification\",\"valueRequired\":true,\"valueName\":\"search_term_string\"}}],\"inLanguage\":\"lt-LT\"}]}<\/script>\n<!-- \/ Yoast SEO plugin. -->","yoast_head_json":{"title":"Oksalo r\u016bg\u0161tis. R\u016bd\u017ei\u0173 \u0161alinimo priemon\u0117. 100 g. - Funclean","robots":{"index":"index","follow":"follow","max-snippet":"max-snippet:-1","max-image-preview":"max-image-preview:large","max-video-preview":"max-video-preview:-1"},"canonical":"https:\/\/funclean.eu\/lt\/produktas\/oksalo-rugstis-metalo-oksido-valiklis\/","og_locale":"lt_LT","og_type":"article","og_title":"Oksalo r\u016bg\u0161tis. R\u016bd\u017ei\u0173 \u0161alinimo priemon\u0117. 100 g. - Funclean","og_description":"Metalo r\u016bd\u017ei\u0173 valiklis &#8211; druskos r\u016bg\u0161tis. Pa\u0161alina r\u016bdis nuo gele\u017eies, oksidus nuo vario ir kit\u0173 metal\u0173. Naudojimas: suma\u0161ykite 50 -100 g. oksalo r\u016bg\u0161ties su 1 litru \u0161ilto vandens. Gaut\u0105 tirpal\u0105 \u012fpilkite \u012f plastikin\u012f ar stiklin\u012f ind\u0105. \u012ed\u0117kite gele\u017ein\u012f daikt\u0105 \u012f ind\u0105 su tirpalu taip, kad jis b\u016bt\u0173 visi\u0161kai panardintas. Periodi\u0161kai i\u0161imkite daikt\u0105 ir pa\u0161alinkite r\u016bdis...","og_url":"https:\/\/funclean.eu\/lt\/produktas\/oksalo-rugstis-metalo-oksido-valiklis\/","og_site_name":"Funclean","article_publisher":"https:\/\/www.facebook.com\/groups\/436887375433126\/","article_modified_time":"2026-01-15T08:24:17+00:00","og_image":[{"width":2252,"height":2252,"url":"https:\/\/funclean.eu\/wp-content\/uploads\/2025\/02\/OKS-1.jpg","type":"image\/jpeg"}],"twitter_card":"summary_large_image","twitter_misc":{"Est. reading time":"1 minut\u0117"},"schema":{"@context":"https:\/\/schema.org","@graph":[{"@type":"WebPage","@id":"https:\/\/funclean.eu\/lt\/produktas\/oksalo-rugstis-metalo-oksido-valiklis\/","url":"https:\/\/funclean.eu\/lt\/produktas\/oksalo-rugstis-metalo-oksido-valiklis\/","name":"Oksalo r\u016bg\u0161tis. R\u016bd\u017ei\u0173 \u0161alinimo priemon\u0117. 100 g. - Funclean","isPartOf":{"@id":"https:\/\/funclean.eu\/#website"},"primaryImageOfPage":{"@id":"https:\/\/funclean.eu\/lt\/produktas\/oksalo-rugstis-metalo-oksido-valiklis\/#primaryimage"},"image":{"@id":"https:\/\/funclean.eu\/lt\/produktas\/oksalo-rugstis-metalo-oksido-valiklis\/#primaryimage"},"thumbnailUrl":"https:\/\/funclean.eu\/wp-content\/uploads\/2025\/02\/OKS-1.jpg","datePublished":"2025-02-23T19:25:57+00:00","dateModified":"2026-01-15T08:24:17+00:00","breadcrumb":{"@id":"https:\/\/funclean.eu\/lt\/produktas\/oksalo-rugstis-metalo-oksido-valiklis\/#breadcrumb"},"inLanguage":"lt-LT","potentialAction":[{"@type":"ReadAction","target":["https:\/\/funclean.eu\/lt\/produktas\/oksalo-rugstis-metalo-oksido-valiklis\/"]}]},{"@type":"ImageObject","inLanguage":"lt-LT","@id":"https:\/\/funclean.eu\/lt\/produktas\/oksalo-rugstis-metalo-oksido-valiklis\/#primaryimage","url":"https:\/\/funclean.eu\/wp-content\/uploads\/2025\/02\/OKS-1.jpg","contentUrl":"https:\/\/funclean.eu\/wp-content\/uploads\/2025\/02\/OKS-1.jpg","width":2252,"height":2252},{"@type":"BreadcrumbList","@id":"https:\/\/funclean.eu\/lt\/produktas\/oksalo-rugstis-metalo-oksido-valiklis\/#breadcrumb","itemListElement":[{"@type":"ListItem","position":1,"name":"\u0413\u043b\u0430\u0432\u043d\u0430\u044f \u0441\u0442\u0440\u0430\u043d\u0438\u0446\u0430","item":"https:\/\/funclean.eu\/lt\/"},{"@type":"ListItem","position":2,"name":"\u041a\u0430\u0442\u0430\u043b\u043e\u0433","item":"https:\/\/funclean.eu\/shop\/"},{"@type":"ListItem","position":3,"name":"Oksalo r\u016bg\u0161tis. R\u016bd\u017ei\u0173 \u0161alinimo priemon\u0117. 100 g."}]},{"@type":"WebSite","@id":"https:\/\/funclean.eu\/#website","url":"https:\/\/funclean.eu\/","name":"FUNCLEAN.EU","description":"\u041e\u0447\u0438\u0441\u0442\u043a\u0430 \u0438 \u0445\u0440\u0430\u043d\u0435\u043d\u0438\u0435 \u043c\u043e\u043d\u0435\u0442. \u041a\u0430\u043a \u0447\u0438\u0441\u0442\u0438\u0442\u044c \u043c\u043e\u043d\u0435\u0442\u044b \u0438 \u043d\u0430\u0445\u043e\u0434\u043a\u0438.","potentialAction":[{"@type":"SearchAction","target":{"@type":"EntryPoint","urlTemplate":"https:\/\/funclean.eu\/?s={search_term_string}"},"query-input":{"@type":"PropertyValueSpecification","valueRequired":true,"valueName":"search_term_string"}}],"inLanguage":"lt-LT"}]}},"jetpack_sharing_enabled":true,"_links":{"self":[{"href":"https:\/\/funclean.eu\/lt\/wp-json\/wp\/v2\/product\/6177","targetHints":{"allow":["GET"]}}],"collection":[{"href":"https:\/\/funclean.eu\/lt\/wp-json\/wp\/v2\/product"}],"about":[{"href":"https:\/\/funclean.eu\/lt\/wp-json\/wp\/v2\/types\/product"}],"replies":[{"embeddable":true,"href":"https:\/\/funclean.eu\/lt\/wp-json\/wp\/v2\/comments?post=6177"}],"wp:featuredmedia":[{"embeddable":true,"href":"https:\/\/funclean.eu\/lt\/wp-json\/wp\/v2\/media\/6172"}],"wp:attachment":[{"href":"https:\/\/funclean.eu\/lt\/wp-json\/wp\/v2\/media?parent=6177"}],"wp:term":[{"taxonomy":"product_brand","embeddable":true,"href":"https:\/\/funclean.eu\/lt\/wp-json\/wp\/v2\/product_brand?post=6177"},{"taxonomy":"product_cat","embeddable":true,"href":"https:\/\/funclean.eu\/lt\/wp-json\/wp\/v2\/product_cat?post=6177"},{"taxonomy":"product_tag","embeddable":true,"href":"https:\/\/funclean.eu\/lt\/wp-json\/wp\/v2\/product_tag?post=6177"}],"curies":[{"name":"wp","href":"https:\/\/api.w.org\/{rel}","templated":true}]}}