{"id":6155,"date":"2025-02-23T17:54:14","date_gmt":"2025-02-23T17:54:14","guid":{"rendered":"https:\/\/funclean.eu\/product\/paraloid-b72-restauracinis-lakas-5\/"},"modified":"2025-02-23T17:59:23","modified_gmt":"2025-02-23T17:59:23","slug":"paraloid-b72-restauracinis-lakas-5","status":"publish","type":"product","link":"https:\/\/funclean.eu\/lt\/produktas\/paraloid-b72-restauracinis-lakas-5\/","title":{"rendered":"Paraloid B72, Restauravimo lakas &#8211; 5%"},"content":{"rendered":"<p>Paraloid B72, restauravimo lakas (5 %), skirtas monetoms, metalui, medienai, kaului, kaului, keramikai, plastikui ir kitoms med\u017eiagoms restauruoti ir konservuoti. Skiedinys u\u017epildo visas nematomas ertmes ir \u012ftr\u016bkimus bei sutvirtina pur\u0173 pavir\u0161i\u0173. Jis naudojamas po restauravimo arba kai jis yra nepriimtinas, kad b\u016bt\u0173 i\u0161saugotas produktas.<\/p>\n<p>Naudojimas: padenkite gamin\u012f 1-2 lako sluoksniais naudojant mink\u0161t\u0105 \u0161epet\u0117l\u012f. Palikite 24 val. d\u017ei\u016bti.<\/p>\n","protected":false},"excerpt":{"rendered":"<p>Paraloid B72, restauravimo lakas (5 %), skirtas monetoms, metalui, medienai, kaului, kaului, keramikai, plastikui ir kitoms med\u017eiagoms restauruoti ir konservuoti. Skiedinys u\u017epildo visas nematomas ertmes ir \u012ftr\u016bkimus bei sutvirtina pur\u0173 pavir\u0161i\u0173. Jis naudojamas po restauravimo arba kai jis yra nepriimtinas, kad b\u016bt\u0173 i\u0161saugotas produktas. Naudojimas: padenkite gamin\u012f 1-2 lako sluoksniais naudojant mink\u0161t\u0105 \u0161epet\u0117l\u012f. Palikite 24&#8230;<\/p>\n","protected":false},"featured_media":6153,"comment_status":"open","ping_status":"closed","template":"","meta":{"_kad_post_transparent":"default","_kad_post_title":"","_kad_post_layout":"default","_kad_post_sidebar_id":"","_kad_post_content_style":"default","_kad_post_vertical_padding":"default","_kad_post_feature":"","_kad_post_feature_position":"","_kad_post_header":false,"_kad_post_footer":false},"product_brand":[],"product_cat":[33],"product_tag":[],"class_list":{"0":"post-6155","1":"product","2":"type-product","3":"status-publish","4":"has-post-thumbnail","6":"product_cat-monetuvalymas","8":"first","9":"instock","10":"shipping-taxable","11":"purchasable","12":"product-type-simple","13":"entry","14":"content-bg","15":"loop-entry"},"yoast_head":"<!-- This site is optimized with the Yoast SEO plugin v25.8 - https:\/\/yoast.com\/wordpress\/plugins\/seo\/ -->\n<title>Paraloid B72, Restauravimo lakas - 5% - Funclean<\/title>\n<meta name=\"robots\" content=\"index, follow, max-snippet:-1, max-image-preview:large, max-video-preview:-1\" \/>\n<link rel=\"canonical\" href=\"https:\/\/funclean.eu\/lt\/produktas\/paraloid-b72-restauracinis-lakas-5\/\" \/>\n<meta property=\"og:locale\" content=\"lt_LT\" \/>\n<meta property=\"og:type\" content=\"article\" \/>\n<meta property=\"og:title\" content=\"Paraloid B72, Restauravimo lakas - 5% - Funclean\" \/>\n<meta property=\"og:description\" content=\"Paraloid B72, restauravimo lakas (5 %), skirtas monetoms, metalui, medienai, kaului, kaului, keramikai, plastikui ir kitoms med\u017eiagoms restauruoti ir konservuoti. Skiedinys u\u017epildo visas nematomas ertmes ir \u012ftr\u016bkimus bei sutvirtina pur\u0173 pavir\u0161i\u0173. Jis naudojamas po restauravimo arba kai jis yra nepriimtinas, kad b\u016bt\u0173 i\u0161saugotas produktas. Naudojimas: padenkite gamin\u012f 1-2 lako sluoksniais naudojant mink\u0161t\u0105 \u0161epet\u0117l\u012f. Palikite 24...\" \/>\n<meta property=\"og:url\" content=\"https:\/\/funclean.eu\/lt\/produktas\/paraloid-b72-restauracinis-lakas-5\/\" \/>\n<meta property=\"og:site_name\" content=\"Funclean\" \/>\n<meta property=\"article:publisher\" content=\"https:\/\/www.facebook.com\/groups\/436887375433126\/\" \/>\n<meta property=\"article:modified_time\" content=\"2025-02-23T17:59:23+00:00\" \/>\n<meta property=\"og:image\" content=\"https:\/\/funclean.eu\/wp-content\/uploads\/2025\/02\/B72-3.jpg\" \/>\n\t<meta property=\"og:image:width\" content=\"2252\" \/>\n\t<meta property=\"og:image:height\" content=\"2252\" \/>\n\t<meta property=\"og:image:type\" content=\"image\/jpeg\" \/>\n<meta name=\"twitter:card\" content=\"summary_large_image\" \/>\n<script type=\"application\/ld+json\" class=\"yoast-schema-graph\">{\"@context\":\"https:\/\/schema.org\",\"@graph\":[{\"@type\":\"WebPage\",\"@id\":\"https:\/\/funclean.eu\/lt\/produktas\/paraloid-b72-restauracinis-lakas-5\/\",\"url\":\"https:\/\/funclean.eu\/lt\/produktas\/paraloid-b72-restauracinis-lakas-5\/\",\"name\":\"Paraloid B72, Restauravimo lakas - 5% - Funclean\",\"isPartOf\":{\"@id\":\"https:\/\/funclean.eu\/#website\"},\"primaryImageOfPage\":{\"@id\":\"https:\/\/funclean.eu\/lt\/produktas\/paraloid-b72-restauracinis-lakas-5\/#primaryimage\"},\"image\":{\"@id\":\"https:\/\/funclean.eu\/lt\/produktas\/paraloid-b72-restauracinis-lakas-5\/#primaryimage\"},\"thumbnailUrl\":\"https:\/\/funclean.eu\/wp-content\/uploads\/2025\/02\/B72-3.jpg\",\"datePublished\":\"2025-02-23T17:54:14+00:00\",\"dateModified\":\"2025-02-23T17:59:23+00:00\",\"breadcrumb\":{\"@id\":\"https:\/\/funclean.eu\/lt\/produktas\/paraloid-b72-restauracinis-lakas-5\/#breadcrumb\"},\"inLanguage\":\"lt-LT\",\"potentialAction\":[{\"@type\":\"ReadAction\",\"target\":[\"https:\/\/funclean.eu\/lt\/produktas\/paraloid-b72-restauracinis-lakas-5\/\"]}]},{\"@type\":\"ImageObject\",\"inLanguage\":\"lt-LT\",\"@id\":\"https:\/\/funclean.eu\/lt\/produktas\/paraloid-b72-restauracinis-lakas-5\/#primaryimage\",\"url\":\"https:\/\/funclean.eu\/wp-content\/uploads\/2025\/02\/B72-3.jpg\",\"contentUrl\":\"https:\/\/funclean.eu\/wp-content\/uploads\/2025\/02\/B72-3.jpg\",\"width\":2252,\"height\":2252,\"caption\":\"Paraloidas B 72\"},{\"@type\":\"BreadcrumbList\",\"@id\":\"https:\/\/funclean.eu\/lt\/produktas\/paraloid-b72-restauracinis-lakas-5\/#breadcrumb\",\"itemListElement\":[{\"@type\":\"ListItem\",\"position\":1,\"name\":\"\u0413\u043b\u0430\u0432\u043d\u0430\u044f \u0441\u0442\u0440\u0430\u043d\u0438\u0446\u0430\",\"item\":\"https:\/\/funclean.eu\/lt\/\"},{\"@type\":\"ListItem\",\"position\":2,\"name\":\"\u041a\u0430\u0442\u0430\u043b\u043e\u0433\",\"item\":\"https:\/\/funclean.eu\/shop\/\"},{\"@type\":\"ListItem\",\"position\":3,\"name\":\"Paraloid B72, Restauravimo lakas &#8211; 5%\"}]},{\"@type\":\"WebSite\",\"@id\":\"https:\/\/funclean.eu\/#website\",\"url\":\"https:\/\/funclean.eu\/\",\"name\":\"FUNCLEAN.EU\",\"description\":\"\u041e\u0447\u0438\u0441\u0442\u043a\u0430 \u0438 \u0445\u0440\u0430\u043d\u0435\u043d\u0438\u0435 \u043c\u043e\u043d\u0435\u0442. \u041a\u0430\u043a \u0447\u0438\u0441\u0442\u0438\u0442\u044c \u043c\u043e\u043d\u0435\u0442\u044b \u0438 \u043d\u0430\u0445\u043e\u0434\u043a\u0438.\",\"potentialAction\":[{\"@type\":\"SearchAction\",\"target\":{\"@type\":\"EntryPoint\",\"urlTemplate\":\"https:\/\/funclean.eu\/?s={search_term_string}\"},\"query-input\":{\"@type\":\"PropertyValueSpecification\",\"valueRequired\":true,\"valueName\":\"search_term_string\"}}],\"inLanguage\":\"lt-LT\"}]}<\/script>\n<!-- \/ Yoast SEO plugin. -->","yoast_head_json":{"title":"Paraloid B72, Restauravimo lakas - 5% - Funclean","robots":{"index":"index","follow":"follow","max-snippet":"max-snippet:-1","max-image-preview":"max-image-preview:large","max-video-preview":"max-video-preview:-1"},"canonical":"https:\/\/funclean.eu\/lt\/produktas\/paraloid-b72-restauracinis-lakas-5\/","og_locale":"lt_LT","og_type":"article","og_title":"Paraloid B72, Restauravimo lakas - 5% - Funclean","og_description":"Paraloid B72, restauravimo lakas (5 %), skirtas monetoms, metalui, medienai, kaului, kaului, keramikai, plastikui ir kitoms med\u017eiagoms restauruoti ir konservuoti. Skiedinys u\u017epildo visas nematomas ertmes ir \u012ftr\u016bkimus bei sutvirtina pur\u0173 pavir\u0161i\u0173. Jis naudojamas po restauravimo arba kai jis yra nepriimtinas, kad b\u016bt\u0173 i\u0161saugotas produktas. Naudojimas: padenkite gamin\u012f 1-2 lako sluoksniais naudojant mink\u0161t\u0105 \u0161epet\u0117l\u012f. Palikite 24...","og_url":"https:\/\/funclean.eu\/lt\/produktas\/paraloid-b72-restauracinis-lakas-5\/","og_site_name":"Funclean","article_publisher":"https:\/\/www.facebook.com\/groups\/436887375433126\/","article_modified_time":"2025-02-23T17:59:23+00:00","og_image":[{"width":2252,"height":2252,"url":"https:\/\/funclean.eu\/wp-content\/uploads\/2025\/02\/B72-3.jpg","type":"image\/jpeg"}],"twitter_card":"summary_large_image","schema":{"@context":"https:\/\/schema.org","@graph":[{"@type":"WebPage","@id":"https:\/\/funclean.eu\/lt\/produktas\/paraloid-b72-restauracinis-lakas-5\/","url":"https:\/\/funclean.eu\/lt\/produktas\/paraloid-b72-restauracinis-lakas-5\/","name":"Paraloid B72, Restauravimo lakas - 5% - Funclean","isPartOf":{"@id":"https:\/\/funclean.eu\/#website"},"primaryImageOfPage":{"@id":"https:\/\/funclean.eu\/lt\/produktas\/paraloid-b72-restauracinis-lakas-5\/#primaryimage"},"image":{"@id":"https:\/\/funclean.eu\/lt\/produktas\/paraloid-b72-restauracinis-lakas-5\/#primaryimage"},"thumbnailUrl":"https:\/\/funclean.eu\/wp-content\/uploads\/2025\/02\/B72-3.jpg","datePublished":"2025-02-23T17:54:14+00:00","dateModified":"2025-02-23T17:59:23+00:00","breadcrumb":{"@id":"https:\/\/funclean.eu\/lt\/produktas\/paraloid-b72-restauracinis-lakas-5\/#breadcrumb"},"inLanguage":"lt-LT","potentialAction":[{"@type":"ReadAction","target":["https:\/\/funclean.eu\/lt\/produktas\/paraloid-b72-restauracinis-lakas-5\/"]}]},{"@type":"ImageObject","inLanguage":"lt-LT","@id":"https:\/\/funclean.eu\/lt\/produktas\/paraloid-b72-restauracinis-lakas-5\/#primaryimage","url":"https:\/\/funclean.eu\/wp-content\/uploads\/2025\/02\/B72-3.jpg","contentUrl":"https:\/\/funclean.eu\/wp-content\/uploads\/2025\/02\/B72-3.jpg","width":2252,"height":2252,"caption":"Paraloidas B 72"},{"@type":"BreadcrumbList","@id":"https:\/\/funclean.eu\/lt\/produktas\/paraloid-b72-restauracinis-lakas-5\/#breadcrumb","itemListElement":[{"@type":"ListItem","position":1,"name":"\u0413\u043b\u0430\u0432\u043d\u0430\u044f \u0441\u0442\u0440\u0430\u043d\u0438\u0446\u0430","item":"https:\/\/funclean.eu\/lt\/"},{"@type":"ListItem","position":2,"name":"\u041a\u0430\u0442\u0430\u043b\u043e\u0433","item":"https:\/\/funclean.eu\/shop\/"},{"@type":"ListItem","position":3,"name":"Paraloid B72, Restauravimo lakas &#8211; 5%"}]},{"@type":"WebSite","@id":"https:\/\/funclean.eu\/#website","url":"https:\/\/funclean.eu\/","name":"FUNCLEAN.EU","description":"\u041e\u0447\u0438\u0441\u0442\u043a\u0430 \u0438 \u0445\u0440\u0430\u043d\u0435\u043d\u0438\u0435 \u043c\u043e\u043d\u0435\u0442. \u041a\u0430\u043a \u0447\u0438\u0441\u0442\u0438\u0442\u044c \u043c\u043e\u043d\u0435\u0442\u044b \u0438 \u043d\u0430\u0445\u043e\u0434\u043a\u0438.","potentialAction":[{"@type":"SearchAction","target":{"@type":"EntryPoint","urlTemplate":"https:\/\/funclean.eu\/?s={search_term_string}"},"query-input":{"@type":"PropertyValueSpecification","valueRequired":true,"valueName":"search_term_string"}}],"inLanguage":"lt-LT"}]}},"jetpack_sharing_enabled":true,"_links":{"self":[{"href":"https:\/\/funclean.eu\/lt\/wp-json\/wp\/v2\/product\/6155","targetHints":{"allow":["GET"]}}],"collection":[{"href":"https:\/\/funclean.eu\/lt\/wp-json\/wp\/v2\/product"}],"about":[{"href":"https:\/\/funclean.eu\/lt\/wp-json\/wp\/v2\/types\/product"}],"replies":[{"embeddable":true,"href":"https:\/\/funclean.eu\/lt\/wp-json\/wp\/v2\/comments?post=6155"}],"wp:featuredmedia":[{"embeddable":true,"href":"https:\/\/funclean.eu\/lt\/wp-json\/wp\/v2\/media\/6153"}],"wp:attachment":[{"href":"https:\/\/funclean.eu\/lt\/wp-json\/wp\/v2\/media?parent=6155"}],"wp:term":[{"taxonomy":"product_brand","embeddable":true,"href":"https:\/\/funclean.eu\/lt\/wp-json\/wp\/v2\/product_brand?post=6155"},{"taxonomy":"product_cat","embeddable":true,"href":"https:\/\/funclean.eu\/lt\/wp-json\/wp\/v2\/product_cat?post=6155"},{"taxonomy":"product_tag","embeddable":true,"href":"https:\/\/funclean.eu\/lt\/wp-json\/wp\/v2\/product_tag?post=6155"}],"curies":[{"name":"wp","href":"https:\/\/api.w.org\/{rel}","templated":true}]}}