{"id":6019,"date":"2025-02-22T17:05:07","date_gmt":"2025-02-22T17:05:07","guid":{"rendered":"https:\/\/funclean.eu\/product\/vario-ir-nikelio-monetu-valiklis-280-ml-zalvarinis-sepetelis\/"},"modified":"2026-04-07T17:13:16","modified_gmt":"2026-04-07T17:13:16","slug":"vario-ir-nikelio-monetu-valiklis-280-ml-zalvarinis-sepetelis","status":"publish","type":"product","link":"https:\/\/funclean.eu\/lt\/produktas\/vario-ir-nikelio-monetu-valiklis-280-ml-zalvarinis-sepetelis\/","title":{"rendered":"Vario-nikelio monet\u0173 valiklis \u2013 280 ml. + \u017ealvarinis \u0161epet\u0117lis."},"content":{"rendered":"<p>Priemon\u0117 puikiai tinka 1924-1958 met\u0173 TSRS (Taryb\u0173 S\u0105jungos) gamybos monet\u0173 valymui (nominalas 10, 15 ir 20 kapeikos).<\/p>\n<p>Naudojimas: d\u0117v\u0117kite pir\u0161tines, respirator\u012f ir apsauginius akinius. \u012epilkite dal\u012f tirpalo \u012f konteiner\u012f ir \u012fd\u0117kite monet\u0105 kelioms sekund\u0117ms. Periodi\u0161kai apverskite monet\u0105. I\u0161traukite ir nuvalykite monet\u0105 \u017ealvariniu \u0161epet\u0117liu. Proced\u016br\u0105 galima kartoti, kol bus pasiektas norimas rezultatas. U\u017ebaigus monet\u0105 i\u0161skalaukite su vandeniu ir i\u0161d\u017eiovinkite. Patekus and odos ar \u012f akis nedelsiant i\u0161skalaukite pa\u017e\u0117ist\u0105 viet\u0105 su dideliu vandens kiekiu. Tinkamumo laikas neribotas. Laikyti temperat\u016broje nuo +10 c\u00b0 iki +25 c\u00b0. Saugoti vaikams nepasiekiamoje vietoje.<\/p>\n<div style=\"width: 1080px;\" class=\"wp-video\"><!--[if lt IE 9]><script>document.createElement('video');<\/script><![endif]-->\n<video class=\"wp-video-shortcode\" id=\"video-6019-1\" width=\"1080\" height=\"1920\" preload=\"metadata\" controls=\"controls\"><source type=\"video\/mp4\" src=\"https:\/\/funclean.eu\/wp-content\/uploads\/2025\/02\/\u041d\u043e\u0432\u043e\u0435-\u0441\u0440\u0435\u0434\u0441\u0442\u0432\u043e-\u0434\u043b\u044f-\u0447\u0438\u0441\u0442\u043a\u0438-\u043c\u0435\u0434\u043d\u043e-\u043d\u0438\u043a\u0435\u043b\u0435\u0432\u044b\u0445-\u043c\u043e\u043d\u0435\u0442.mp4?_=1\" \/><a href=\"https:\/\/funclean.eu\/wp-content\/uploads\/2025\/02\/\u041d\u043e\u0432\u043e\u0435-\u0441\u0440\u0435\u0434\u0441\u0442\u0432\u043e-\u0434\u043b\u044f-\u0447\u0438\u0441\u0442\u043a\u0438-\u043c\u0435\u0434\u043d\u043e-\u043d\u0438\u043a\u0435\u043b\u0435\u0432\u044b\u0445-\u043c\u043e\u043d\u0435\u0442.mp4\">https:\/\/funclean.eu\/wp-content\/uploads\/2025\/02\/\u041d\u043e\u0432\u043e\u0435-\u0441\u0440\u0435\u0434\u0441\u0442\u0432\u043e-\u0434\u043b\u044f-\u0447\u0438\u0441\u0442\u043a\u0438-\u043c\u0435\u0434\u043d\u043e-\u043d\u0438\u043a\u0435\u043b\u0435\u0432\u044b\u0445-\u043c\u043e\u043d\u0435\u0442.mp4<\/a><\/video><\/div>\n<p><strong>Pridedama: naudojimo instrukcija su nuotraukomis.<\/strong><\/p>\n<span class='mb-center maxbutton-1-center'><span class='maxbutton-1-container mb-container'><a class=\"maxbutton-1 maxbutton maxbutton-kak-patinirovat-smotrite-zdes\" href=\"https:\/\/funclean.eu\/lt\/medno-nikelevye\/\"><span class='mb-text'>\u017dI\u016aR\u0116TI<\/span><\/a><\/span><\/span>\n<p>&nbsp;<\/p>\n","protected":false},"excerpt":{"rendered":"<p>Priemon\u0117 puikiai tinka 1924-1958 met\u0173 TSRS (Taryb\u0173 S\u0105jungos) gamybos monet\u0173 valymui (nominalas 10, 15 ir 20 kapeikos).<\/p>\n","protected":false},"featured_media":6006,"comment_status":"open","ping_status":"closed","template":"","meta":{"_kad_post_transparent":"default","_kad_post_title":"","_kad_post_layout":"default","_kad_post_sidebar_id":"","_kad_post_content_style":"default","_kad_post_vertical_padding":"default","_kad_post_feature":"","_kad_post_feature_position":"","_kad_post_header":false,"_kad_post_footer":false},"product_brand":[],"product_cat":[33],"product_tag":[],"class_list":{"0":"post-6019","1":"product","2":"type-product","3":"status-publish","4":"has-post-thumbnail","6":"product_cat-monetuvalymas","8":"first","9":"instock","10":"featured","11":"shipping-taxable","12":"purchasable","13":"product-type-simple","14":"entry","15":"content-bg","16":"loop-entry"},"yoast_head":"<!-- This site is optimized with the Yoast SEO plugin v25.8 - https:\/\/yoast.com\/wordpress\/plugins\/seo\/ -->\n<title>Vario-nikelio monet\u0173 valiklis \u2013 280 ml. + \u017ealvarinis \u0161epet\u0117lis. - Funclean<\/title>\n<meta name=\"robots\" content=\"index, follow, max-snippet:-1, max-image-preview:large, max-video-preview:-1\" \/>\n<link rel=\"canonical\" href=\"https:\/\/funclean.eu\/lt\/produktas\/vario-ir-nikelio-monetu-valiklis-280-ml-zalvarinis-sepetelis\/\" \/>\n<meta property=\"og:locale\" content=\"lt_LT\" \/>\n<meta property=\"og:type\" content=\"article\" \/>\n<meta property=\"og:title\" content=\"Vario-nikelio monet\u0173 valiklis \u2013 280 ml. + \u017ealvarinis \u0161epet\u0117lis. - Funclean\" \/>\n<meta property=\"og:description\" content=\"Priemon\u0117 puikiai tinka 1924-1958 met\u0173 TSRS (Taryb\u0173 S\u0105jungos) gamybos monet\u0173 valymui (nominalas 10, 15 ir 20 kapeikos).\" \/>\n<meta property=\"og:url\" content=\"https:\/\/funclean.eu\/lt\/produktas\/vario-ir-nikelio-monetu-valiklis-280-ml-zalvarinis-sepetelis\/\" \/>\n<meta property=\"og:site_name\" content=\"Funclean\" \/>\n<meta property=\"article:publisher\" content=\"https:\/\/www.facebook.com\/groups\/436887375433126\/\" \/>\n<meta property=\"article:modified_time\" content=\"2026-04-07T17:13:16+00:00\" \/>\n<meta property=\"og:image\" content=\"https:\/\/funclean.eu\/wp-content\/uploads\/2025\/02\/MD-1.jpg\" \/>\n\t<meta property=\"og:image:width\" content=\"2252\" \/>\n\t<meta property=\"og:image:height\" content=\"2252\" \/>\n\t<meta property=\"og:image:type\" content=\"image\/jpeg\" \/>\n<meta name=\"twitter:card\" content=\"summary_large_image\" \/>\n<meta name=\"twitter:label1\" content=\"Est. reading time\" \/>\n\t<meta name=\"twitter:data1\" content=\"1 minut\u0117\" \/>\n<script type=\"application\/ld+json\" class=\"yoast-schema-graph\">{\"@context\":\"https:\/\/schema.org\",\"@graph\":[{\"@type\":\"WebPage\",\"@id\":\"https:\/\/funclean.eu\/lt\/produktas\/vario-ir-nikelio-monetu-valiklis-280-ml-zalvarinis-sepetelis\/\",\"url\":\"https:\/\/funclean.eu\/lt\/produktas\/vario-ir-nikelio-monetu-valiklis-280-ml-zalvarinis-sepetelis\/\",\"name\":\"Vario-nikelio monet\u0173 valiklis \u2013 280 ml. + \u017ealvarinis \u0161epet\u0117lis. - Funclean\",\"isPartOf\":{\"@id\":\"https:\/\/funclean.eu\/#website\"},\"primaryImageOfPage\":{\"@id\":\"https:\/\/funclean.eu\/lt\/produktas\/vario-ir-nikelio-monetu-valiklis-280-ml-zalvarinis-sepetelis\/#primaryimage\"},\"image\":{\"@id\":\"https:\/\/funclean.eu\/lt\/produktas\/vario-ir-nikelio-monetu-valiklis-280-ml-zalvarinis-sepetelis\/#primaryimage\"},\"thumbnailUrl\":\"https:\/\/funclean.eu\/wp-content\/uploads\/2025\/02\/MD-1.jpg\",\"datePublished\":\"2025-02-22T17:05:07+00:00\",\"dateModified\":\"2026-04-07T17:13:16+00:00\",\"breadcrumb\":{\"@id\":\"https:\/\/funclean.eu\/lt\/produktas\/vario-ir-nikelio-monetu-valiklis-280-ml-zalvarinis-sepetelis\/#breadcrumb\"},\"inLanguage\":\"lt-LT\",\"potentialAction\":[{\"@type\":\"ReadAction\",\"target\":[\"https:\/\/funclean.eu\/lt\/produktas\/vario-ir-nikelio-monetu-valiklis-280-ml-zalvarinis-sepetelis\/\"]}]},{\"@type\":\"ImageObject\",\"inLanguage\":\"lt-LT\",\"@id\":\"https:\/\/funclean.eu\/lt\/produktas\/vario-ir-nikelio-monetu-valiklis-280-ml-zalvarinis-sepetelis\/#primaryimage\",\"url\":\"https:\/\/funclean.eu\/wp-content\/uploads\/2025\/02\/MD-1.jpg\",\"contentUrl\":\"https:\/\/funclean.eu\/wp-content\/uploads\/2025\/02\/MD-1.jpg\",\"width\":2252,\"height\":2252},{\"@type\":\"BreadcrumbList\",\"@id\":\"https:\/\/funclean.eu\/lt\/produktas\/vario-ir-nikelio-monetu-valiklis-280-ml-zalvarinis-sepetelis\/#breadcrumb\",\"itemListElement\":[{\"@type\":\"ListItem\",\"position\":1,\"name\":\"\u0413\u043b\u0430\u0432\u043d\u0430\u044f \u0441\u0442\u0440\u0430\u043d\u0438\u0446\u0430\",\"item\":\"https:\/\/funclean.eu\/lt\/\"},{\"@type\":\"ListItem\",\"position\":2,\"name\":\"\u041a\u0430\u0442\u0430\u043b\u043e\u0433\",\"item\":\"https:\/\/funclean.eu\/shop\/\"},{\"@type\":\"ListItem\",\"position\":3,\"name\":\"Vario-nikelio monet\u0173 valiklis \u2013 280 ml. + \u017ealvarinis \u0161epet\u0117lis.\"}]},{\"@type\":\"WebSite\",\"@id\":\"https:\/\/funclean.eu\/#website\",\"url\":\"https:\/\/funclean.eu\/\",\"name\":\"FUNCLEAN.EU\",\"description\":\"\u041e\u0447\u0438\u0441\u0442\u043a\u0430 \u0438 \u0445\u0440\u0430\u043d\u0435\u043d\u0438\u0435 \u043c\u043e\u043d\u0435\u0442. \u041a\u0430\u043a \u0447\u0438\u0441\u0442\u0438\u0442\u044c \u043c\u043e\u043d\u0435\u0442\u044b \u0438 \u043d\u0430\u0445\u043e\u0434\u043a\u0438.\",\"potentialAction\":[{\"@type\":\"SearchAction\",\"target\":{\"@type\":\"EntryPoint\",\"urlTemplate\":\"https:\/\/funclean.eu\/?s={search_term_string}\"},\"query-input\":{\"@type\":\"PropertyValueSpecification\",\"valueRequired\":true,\"valueName\":\"search_term_string\"}}],\"inLanguage\":\"lt-LT\"}]}<\/script>\n<!-- \/ Yoast SEO plugin. -->","yoast_head_json":{"title":"Vario-nikelio monet\u0173 valiklis \u2013 280 ml. + \u017ealvarinis \u0161epet\u0117lis. - Funclean","robots":{"index":"index","follow":"follow","max-snippet":"max-snippet:-1","max-image-preview":"max-image-preview:large","max-video-preview":"max-video-preview:-1"},"canonical":"https:\/\/funclean.eu\/lt\/produktas\/vario-ir-nikelio-monetu-valiklis-280-ml-zalvarinis-sepetelis\/","og_locale":"lt_LT","og_type":"article","og_title":"Vario-nikelio monet\u0173 valiklis \u2013 280 ml. + \u017ealvarinis \u0161epet\u0117lis. - Funclean","og_description":"Priemon\u0117 puikiai tinka 1924-1958 met\u0173 TSRS (Taryb\u0173 S\u0105jungos) gamybos monet\u0173 valymui (nominalas 10, 15 ir 20 kapeikos).","og_url":"https:\/\/funclean.eu\/lt\/produktas\/vario-ir-nikelio-monetu-valiklis-280-ml-zalvarinis-sepetelis\/","og_site_name":"Funclean","article_publisher":"https:\/\/www.facebook.com\/groups\/436887375433126\/","article_modified_time":"2026-04-07T17:13:16+00:00","og_image":[{"width":2252,"height":2252,"url":"https:\/\/funclean.eu\/wp-content\/uploads\/2025\/02\/MD-1.jpg","type":"image\/jpeg"}],"twitter_card":"summary_large_image","twitter_misc":{"Est. reading time":"1 minut\u0117"},"schema":{"@context":"https:\/\/schema.org","@graph":[{"@type":"WebPage","@id":"https:\/\/funclean.eu\/lt\/produktas\/vario-ir-nikelio-monetu-valiklis-280-ml-zalvarinis-sepetelis\/","url":"https:\/\/funclean.eu\/lt\/produktas\/vario-ir-nikelio-monetu-valiklis-280-ml-zalvarinis-sepetelis\/","name":"Vario-nikelio monet\u0173 valiklis \u2013 280 ml. + \u017ealvarinis \u0161epet\u0117lis. - Funclean","isPartOf":{"@id":"https:\/\/funclean.eu\/#website"},"primaryImageOfPage":{"@id":"https:\/\/funclean.eu\/lt\/produktas\/vario-ir-nikelio-monetu-valiklis-280-ml-zalvarinis-sepetelis\/#primaryimage"},"image":{"@id":"https:\/\/funclean.eu\/lt\/produktas\/vario-ir-nikelio-monetu-valiklis-280-ml-zalvarinis-sepetelis\/#primaryimage"},"thumbnailUrl":"https:\/\/funclean.eu\/wp-content\/uploads\/2025\/02\/MD-1.jpg","datePublished":"2025-02-22T17:05:07+00:00","dateModified":"2026-04-07T17:13:16+00:00","breadcrumb":{"@id":"https:\/\/funclean.eu\/lt\/produktas\/vario-ir-nikelio-monetu-valiklis-280-ml-zalvarinis-sepetelis\/#breadcrumb"},"inLanguage":"lt-LT","potentialAction":[{"@type":"ReadAction","target":["https:\/\/funclean.eu\/lt\/produktas\/vario-ir-nikelio-monetu-valiklis-280-ml-zalvarinis-sepetelis\/"]}]},{"@type":"ImageObject","inLanguage":"lt-LT","@id":"https:\/\/funclean.eu\/lt\/produktas\/vario-ir-nikelio-monetu-valiklis-280-ml-zalvarinis-sepetelis\/#primaryimage","url":"https:\/\/funclean.eu\/wp-content\/uploads\/2025\/02\/MD-1.jpg","contentUrl":"https:\/\/funclean.eu\/wp-content\/uploads\/2025\/02\/MD-1.jpg","width":2252,"height":2252},{"@type":"BreadcrumbList","@id":"https:\/\/funclean.eu\/lt\/produktas\/vario-ir-nikelio-monetu-valiklis-280-ml-zalvarinis-sepetelis\/#breadcrumb","itemListElement":[{"@type":"ListItem","position":1,"name":"\u0413\u043b\u0430\u0432\u043d\u0430\u044f \u0441\u0442\u0440\u0430\u043d\u0438\u0446\u0430","item":"https:\/\/funclean.eu\/lt\/"},{"@type":"ListItem","position":2,"name":"\u041a\u0430\u0442\u0430\u043b\u043e\u0433","item":"https:\/\/funclean.eu\/shop\/"},{"@type":"ListItem","position":3,"name":"Vario-nikelio monet\u0173 valiklis \u2013 280 ml. + \u017ealvarinis \u0161epet\u0117lis."}]},{"@type":"WebSite","@id":"https:\/\/funclean.eu\/#website","url":"https:\/\/funclean.eu\/","name":"FUNCLEAN.EU","description":"\u041e\u0447\u0438\u0441\u0442\u043a\u0430 \u0438 \u0445\u0440\u0430\u043d\u0435\u043d\u0438\u0435 \u043c\u043e\u043d\u0435\u0442. \u041a\u0430\u043a \u0447\u0438\u0441\u0442\u0438\u0442\u044c \u043c\u043e\u043d\u0435\u0442\u044b \u0438 \u043d\u0430\u0445\u043e\u0434\u043a\u0438.","potentialAction":[{"@type":"SearchAction","target":{"@type":"EntryPoint","urlTemplate":"https:\/\/funclean.eu\/?s={search_term_string}"},"query-input":{"@type":"PropertyValueSpecification","valueRequired":true,"valueName":"search_term_string"}}],"inLanguage":"lt-LT"}]}},"jetpack_sharing_enabled":true,"_links":{"self":[{"href":"https:\/\/funclean.eu\/lt\/wp-json\/wp\/v2\/product\/6019","targetHints":{"allow":["GET"]}}],"collection":[{"href":"https:\/\/funclean.eu\/lt\/wp-json\/wp\/v2\/product"}],"about":[{"href":"https:\/\/funclean.eu\/lt\/wp-json\/wp\/v2\/types\/product"}],"replies":[{"embeddable":true,"href":"https:\/\/funclean.eu\/lt\/wp-json\/wp\/v2\/comments?post=6019"}],"wp:featuredmedia":[{"embeddable":true,"href":"https:\/\/funclean.eu\/lt\/wp-json\/wp\/v2\/media\/6006"}],"wp:attachment":[{"href":"https:\/\/funclean.eu\/lt\/wp-json\/wp\/v2\/media?parent=6019"}],"wp:term":[{"taxonomy":"product_brand","embeddable":true,"href":"https:\/\/funclean.eu\/lt\/wp-json\/wp\/v2\/product_brand?post=6019"},{"taxonomy":"product_cat","embeddable":true,"href":"https:\/\/funclean.eu\/lt\/wp-json\/wp\/v2\/product_cat?post=6019"},{"taxonomy":"product_tag","embeddable":true,"href":"https:\/\/funclean.eu\/lt\/wp-json\/wp\/v2\/product_tag?post=6019"}],"curies":[{"name":"wp","href":"https:\/\/api.w.org\/{rel}","templated":true}]}}