{"id":5862,"date":"2024-12-19T20:24:18","date_gmt":"2024-12-19T20:24:18","guid":{"rendered":"https:\/\/funclean.eu\/product\/juvelyrines-elektronines-svarstykles-200g-001g\/"},"modified":"2025-07-01T15:16:58","modified_gmt":"2025-07-01T15:16:58","slug":"juvelyrines-elektronines-svarstykles-200g-001g","status":"publish","type":"product","link":"https:\/\/funclean.eu\/lt\/produktas\/juvelyrines-elektronines-svarstykles-200g-001g\/","title":{"rendered":"Juvelyrin\u0117s elektronin\u0117s svarstykl\u0117s 500g\/0,01g"},"content":{"rendered":"<p>Kompakti\u0161kos elektronin\u0117s skaitmenin\u0117s svarstykl\u0117s.<br \/>\nTinka sverti monetas, juvelyrinius dirbinius, chemikalus ir kt.<\/p>\n<p>Parametrai:<\/p>\n<p>Maksimalus svoris : 500 gr.<br \/>\nMinimalus svoris: 0.01 gr.<br \/>\n4 matavimo vienetai:g\/oz\/ozt\/dwtAp<br \/>\n\u0161vie\u010diamas LCD ekranas<br \/>\nBaterijos taupymo r\u0117\u017eimas<br \/>\nAutomatinis i\u0161jungimas nenaudojant.<br \/>\nVienet\u0173 skai\u010diavimo funkcija<br \/>\nAutomatinio kalibravimo funkcija<br \/>\nSvarstykli\u0173 svoris: 96 g<br \/>\nEnergijos \u0161altinis: 2 x AAA baterijos (nepridedamos)<br \/>\nKorpuso i\u0161matavimai: 117 x 63 x 20 mm.<br \/>\nPlatformos i\u0161matavimai: 57 x 51 mm.<\/p>\n<p>Komplekte:<\/p>\n<p>1 x Gramin\u0117s svarstykl\u0117s<br \/>\n2 x AAA baterijos<\/p>\n","protected":false},"excerpt":{"rendered":"<p>Kompakti\u0161kos elektronin\u0117s skaitmenin\u0117s svarstykl\u0117s. Tinka sverti monetas, juvelyrinius dirbinius, chemikalus ir kt. Parametrai: Maksimalus svoris : 500 gr. Minimalus svoris: 0.01 gr. 4 matavimo vienetai:g\/oz\/ozt\/dwtAp \u0161vie\u010diamas LCD ekranas Baterijos taupymo r\u0117\u017eimas Automatinis i\u0161jungimas nenaudojant. Vienet\u0173 skai\u010diavimo funkcija Automatinio kalibravimo funkcija Svarstykli\u0173 svoris: 96 g Energijos \u0161altinis: 2 x AAA baterijos (nepridedamos) Korpuso i\u0161matavimai: 117 x&#8230;<\/p>\n","protected":false},"featured_media":5827,"comment_status":"closed","ping_status":"closed","template":"","meta":{"_kad_post_transparent":"default","_kad_post_title":"","_kad_post_layout":"default","_kad_post_sidebar_id":"","_kad_post_content_style":"default","_kad_post_vertical_padding":"default","_kad_post_feature":"","_kad_post_feature_position":"","_kad_post_header":false,"_kad_post_footer":false},"product_brand":[],"product_cat":[61],"product_tag":[],"class_list":{"0":"post-5862","1":"product","2":"type-product","3":"status-publish","4":"has-post-thumbnail","6":"product_cat-monetu-saugojimas","8":"first","9":"instock","10":"sale","11":"shipping-taxable","12":"purchasable","13":"product-type-simple","14":"entry","15":"content-bg","16":"loop-entry"},"yoast_head":"<!-- This site is optimized with the Yoast SEO plugin v25.8 - https:\/\/yoast.com\/wordpress\/plugins\/seo\/ -->\n<title>Juvelyrin\u0117s elektronin\u0117s svarstykl\u0117s 500g\/0,01g - Funclean<\/title>\n<meta name=\"robots\" content=\"index, follow, max-snippet:-1, max-image-preview:large, max-video-preview:-1\" \/>\n<link rel=\"canonical\" href=\"https:\/\/funclean.eu\/produktas\/svarstykles\/\" \/>\n<meta property=\"og:locale\" content=\"lt_LT\" \/>\n<meta property=\"og:type\" content=\"article\" \/>\n<meta property=\"og:title\" content=\"Juvelyrin\u0117s elektronin\u0117s svarstykl\u0117s 500g\/0,01g - Funclean\" \/>\n<meta property=\"og:description\" content=\"Kompakti\u0161kos elektronin\u0117s skaitmenin\u0117s svarstykl\u0117s. Tinka sverti monetas, juvelyrinius dirbinius, chemikalus ir kt. Parametrai: Maksimalus svoris : 500 gr. Minimalus svoris: 0.01 gr. 4 matavimo vienetai:g\/oz\/ozt\/dwtAp \u0161vie\u010diamas LCD ekranas Baterijos taupymo r\u0117\u017eimas Automatinis i\u0161jungimas nenaudojant. Vienet\u0173 skai\u010diavimo funkcija Automatinio kalibravimo funkcija Svarstykli\u0173 svoris: 96 g Energijos \u0161altinis: 2 x AAA baterijos (nepridedamos) Korpuso i\u0161matavimai: 117 x...\" \/>\n<meta property=\"og:url\" content=\"https:\/\/funclean.eu\/produktas\/svarstykles\/\" \/>\n<meta property=\"og:site_name\" content=\"Funclean\" \/>\n<meta property=\"article:publisher\" content=\"https:\/\/www.facebook.com\/groups\/436887375433126\/\" \/>\n<meta property=\"article:modified_time\" content=\"2025-07-01T15:16:58+00:00\" \/>\n<meta property=\"og:image\" content=\"https:\/\/funclean.eu\/wp-content\/uploads\/2024\/12\/svorstikles1.jpg\" \/>\n\t<meta property=\"og:image:width\" content=\"2252\" \/>\n\t<meta property=\"og:image:height\" content=\"2252\" \/>\n\t<meta property=\"og:image:type\" content=\"image\/jpeg\" \/>\n<meta name=\"twitter:card\" content=\"summary_large_image\" \/>\n<meta name=\"twitter:label1\" content=\"Est. reading time\" \/>\n\t<meta name=\"twitter:data1\" content=\"1 minut\u0117\" \/>\n<script type=\"application\/ld+json\" class=\"yoast-schema-graph\">{\"@context\":\"https:\/\/schema.org\",\"@graph\":[{\"@type\":\"WebPage\",\"@id\":\"https:\/\/funclean.eu\/produktas\/svarstykles\/\",\"url\":\"https:\/\/funclean.eu\/produktas\/svarstykles\/\",\"name\":\"Juvelyrin\u0117s elektronin\u0117s svarstykl\u0117s 500g\/0,01g - Funclean\",\"isPartOf\":{\"@id\":\"https:\/\/funclean.eu\/#website\"},\"primaryImageOfPage\":{\"@id\":\"https:\/\/funclean.eu\/produktas\/svarstykles\/#primaryimage\"},\"image\":{\"@id\":\"https:\/\/funclean.eu\/produktas\/svarstykles\/#primaryimage\"},\"thumbnailUrl\":\"https:\/\/funclean.eu\/wp-content\/uploads\/2024\/12\/svorstikles1.jpg\",\"datePublished\":\"2024-12-19T20:24:18+00:00\",\"dateModified\":\"2025-07-01T15:16:58+00:00\",\"breadcrumb\":{\"@id\":\"https:\/\/funclean.eu\/produktas\/svarstykles\/#breadcrumb\"},\"inLanguage\":\"lt-LT\",\"potentialAction\":[{\"@type\":\"ReadAction\",\"target\":[\"https:\/\/funclean.eu\/produktas\/svarstykles\/\"]}]},{\"@type\":\"ImageObject\",\"inLanguage\":\"lt-LT\",\"@id\":\"https:\/\/funclean.eu\/produktas\/svarstykles\/#primaryimage\",\"url\":\"https:\/\/funclean.eu\/wp-content\/uploads\/2024\/12\/svorstikles1.jpg\",\"contentUrl\":\"https:\/\/funclean.eu\/wp-content\/uploads\/2024\/12\/svorstikles1.jpg\",\"width\":2252,\"height\":2252},{\"@type\":\"BreadcrumbList\",\"@id\":\"https:\/\/funclean.eu\/produktas\/svarstykles\/#breadcrumb\",\"itemListElement\":[{\"@type\":\"ListItem\",\"position\":1,\"name\":\"\u0413\u043b\u0430\u0432\u043d\u0430\u044f \u0441\u0442\u0440\u0430\u043d\u0438\u0446\u0430\",\"item\":\"https:\/\/funclean.eu\/lt\/\"},{\"@type\":\"ListItem\",\"position\":2,\"name\":\"\u041a\u0430\u0442\u0430\u043b\u043e\u0433\",\"item\":\"https:\/\/funclean.eu\/shop\/\"},{\"@type\":\"ListItem\",\"position\":3,\"name\":\"Juvelyrin\u0117s elektronin\u0117s svarstykl\u0117s 500g\/0,01g\"}]},{\"@type\":\"WebSite\",\"@id\":\"https:\/\/funclean.eu\/#website\",\"url\":\"https:\/\/funclean.eu\/\",\"name\":\"FUNCLEAN.EU\",\"description\":\"\u041e\u0447\u0438\u0441\u0442\u043a\u0430 \u0438 \u0445\u0440\u0430\u043d\u0435\u043d\u0438\u0435 \u043c\u043e\u043d\u0435\u0442. \u041a\u0430\u043a \u0447\u0438\u0441\u0442\u0438\u0442\u044c \u043c\u043e\u043d\u0435\u0442\u044b \u0438 \u043d\u0430\u0445\u043e\u0434\u043a\u0438.\",\"potentialAction\":[{\"@type\":\"SearchAction\",\"target\":{\"@type\":\"EntryPoint\",\"urlTemplate\":\"https:\/\/funclean.eu\/?s={search_term_string}\"},\"query-input\":{\"@type\":\"PropertyValueSpecification\",\"valueRequired\":true,\"valueName\":\"search_term_string\"}}],\"inLanguage\":\"lt-LT\"}]}<\/script>\n<!-- \/ Yoast SEO plugin. -->","yoast_head_json":{"title":"Juvelyrin\u0117s elektronin\u0117s svarstykl\u0117s 500g\/0,01g - Funclean","robots":{"index":"index","follow":"follow","max-snippet":"max-snippet:-1","max-image-preview":"max-image-preview:large","max-video-preview":"max-video-preview:-1"},"canonical":"https:\/\/funclean.eu\/produktas\/svarstykles\/","og_locale":"lt_LT","og_type":"article","og_title":"Juvelyrin\u0117s elektronin\u0117s svarstykl\u0117s 500g\/0,01g - Funclean","og_description":"Kompakti\u0161kos elektronin\u0117s skaitmenin\u0117s svarstykl\u0117s. Tinka sverti monetas, juvelyrinius dirbinius, chemikalus ir kt. Parametrai: Maksimalus svoris : 500 gr. Minimalus svoris: 0.01 gr. 4 matavimo vienetai:g\/oz\/ozt\/dwtAp \u0161vie\u010diamas LCD ekranas Baterijos taupymo r\u0117\u017eimas Automatinis i\u0161jungimas nenaudojant. Vienet\u0173 skai\u010diavimo funkcija Automatinio kalibravimo funkcija Svarstykli\u0173 svoris: 96 g Energijos \u0161altinis: 2 x AAA baterijos (nepridedamos) Korpuso i\u0161matavimai: 117 x...","og_url":"https:\/\/funclean.eu\/produktas\/svarstykles\/","og_site_name":"Funclean","article_publisher":"https:\/\/www.facebook.com\/groups\/436887375433126\/","article_modified_time":"2025-07-01T15:16:58+00:00","og_image":[{"width":2252,"height":2252,"url":"https:\/\/funclean.eu\/wp-content\/uploads\/2024\/12\/svorstikles1.jpg","type":"image\/jpeg"}],"twitter_card":"summary_large_image","twitter_misc":{"Est. reading time":"1 minut\u0117"},"schema":{"@context":"https:\/\/schema.org","@graph":[{"@type":"WebPage","@id":"https:\/\/funclean.eu\/produktas\/svarstykles\/","url":"https:\/\/funclean.eu\/produktas\/svarstykles\/","name":"Juvelyrin\u0117s elektronin\u0117s svarstykl\u0117s 500g\/0,01g - Funclean","isPartOf":{"@id":"https:\/\/funclean.eu\/#website"},"primaryImageOfPage":{"@id":"https:\/\/funclean.eu\/produktas\/svarstykles\/#primaryimage"},"image":{"@id":"https:\/\/funclean.eu\/produktas\/svarstykles\/#primaryimage"},"thumbnailUrl":"https:\/\/funclean.eu\/wp-content\/uploads\/2024\/12\/svorstikles1.jpg","datePublished":"2024-12-19T20:24:18+00:00","dateModified":"2025-07-01T15:16:58+00:00","breadcrumb":{"@id":"https:\/\/funclean.eu\/produktas\/svarstykles\/#breadcrumb"},"inLanguage":"lt-LT","potentialAction":[{"@type":"ReadAction","target":["https:\/\/funclean.eu\/produktas\/svarstykles\/"]}]},{"@type":"ImageObject","inLanguage":"lt-LT","@id":"https:\/\/funclean.eu\/produktas\/svarstykles\/#primaryimage","url":"https:\/\/funclean.eu\/wp-content\/uploads\/2024\/12\/svorstikles1.jpg","contentUrl":"https:\/\/funclean.eu\/wp-content\/uploads\/2024\/12\/svorstikles1.jpg","width":2252,"height":2252},{"@type":"BreadcrumbList","@id":"https:\/\/funclean.eu\/produktas\/svarstykles\/#breadcrumb","itemListElement":[{"@type":"ListItem","position":1,"name":"\u0413\u043b\u0430\u0432\u043d\u0430\u044f \u0441\u0442\u0440\u0430\u043d\u0438\u0446\u0430","item":"https:\/\/funclean.eu\/lt\/"},{"@type":"ListItem","position":2,"name":"\u041a\u0430\u0442\u0430\u043b\u043e\u0433","item":"https:\/\/funclean.eu\/shop\/"},{"@type":"ListItem","position":3,"name":"Juvelyrin\u0117s elektronin\u0117s svarstykl\u0117s 500g\/0,01g"}]},{"@type":"WebSite","@id":"https:\/\/funclean.eu\/#website","url":"https:\/\/funclean.eu\/","name":"FUNCLEAN.EU","description":"\u041e\u0447\u0438\u0441\u0442\u043a\u0430 \u0438 \u0445\u0440\u0430\u043d\u0435\u043d\u0438\u0435 \u043c\u043e\u043d\u0435\u0442. \u041a\u0430\u043a \u0447\u0438\u0441\u0442\u0438\u0442\u044c \u043c\u043e\u043d\u0435\u0442\u044b \u0438 \u043d\u0430\u0445\u043e\u0434\u043a\u0438.","potentialAction":[{"@type":"SearchAction","target":{"@type":"EntryPoint","urlTemplate":"https:\/\/funclean.eu\/?s={search_term_string}"},"query-input":{"@type":"PropertyValueSpecification","valueRequired":true,"valueName":"search_term_string"}}],"inLanguage":"lt-LT"}]}},"jetpack_sharing_enabled":true,"_links":{"self":[{"href":"https:\/\/funclean.eu\/lt\/wp-json\/wp\/v2\/product\/5862","targetHints":{"allow":["GET"]}}],"collection":[{"href":"https:\/\/funclean.eu\/lt\/wp-json\/wp\/v2\/product"}],"about":[{"href":"https:\/\/funclean.eu\/lt\/wp-json\/wp\/v2\/types\/product"}],"replies":[{"embeddable":true,"href":"https:\/\/funclean.eu\/lt\/wp-json\/wp\/v2\/comments?post=5862"}],"wp:featuredmedia":[{"embeddable":true,"href":"https:\/\/funclean.eu\/lt\/wp-json\/wp\/v2\/media\/5827"}],"wp:attachment":[{"href":"https:\/\/funclean.eu\/lt\/wp-json\/wp\/v2\/media?parent=5862"}],"wp:term":[{"taxonomy":"product_brand","embeddable":true,"href":"https:\/\/funclean.eu\/lt\/wp-json\/wp\/v2\/product_brand?post=5862"},{"taxonomy":"product_cat","embeddable":true,"href":"https:\/\/funclean.eu\/lt\/wp-json\/wp\/v2\/product_cat?post=5862"},{"taxonomy":"product_tag","embeddable":true,"href":"https:\/\/funclean.eu\/lt\/wp-json\/wp\/v2\/product_tag?post=5862"}],"curies":[{"name":"wp","href":"https:\/\/api.w.org\/{rel}","templated":true}]}}