{"id":5634,"date":"2024-12-15T18:10:23","date_gmt":"2024-12-15T18:10:23","guid":{"rendered":"https:\/\/funclean.eu\/product\/kapsules-monetoms-laikyti-19-33-mm\/"},"modified":"2026-02-20T09:02:45","modified_gmt":"2026-02-20T09:02:45","slug":"kapsules-monetoms-laikyti-19-33-mm","status":"publish","type":"product","link":"https:\/\/funclean.eu\/lt\/produktas\/kapsules-monetoms-laikyti-19-33-mm\/","title":{"rendered":"Kapsul\u0117s monetoms laikyti, 19-33 mm"},"content":{"rendered":"<p>Monetos, net ir kruop\u0161\u010diai saugomos, labai da\u017enai patiria \u017ealing\u0105 aplinkos poveik\u012f, tod\u0117l jas reikia saugoti. Patyr\u0119 kolekcininkai ragina tuos, kurie nerimauja d\u0117l savo monet\u0173 saugumo, laikyti jas specialiose kapsul\u0117se. Jie ne tik apsaugos monetas nuo pa\u017eeidim\u0173, bet ir gerokai supaprastins j\u0173 laikym\u0105, apskritai pad\u0117s sukurti reprezentatyvi\u0105 kolekcijos i\u0161vaizd\u0105. Ta\u010diau i\u0161sirinkti monetai tinkam\u0105 kapsul\u0119 n\u0117ra lengva u\u017eduotis, ypa\u010d pradedantiesiems numizmatams.<\/p>\n<p>Galimi 19, 21, 22, 23, 24, 25, 26, 27, 32 ir 33 milimetr\u0173 skersmens kapsul\u0117s.<\/p>\n","protected":false},"excerpt":{"rendered":"<p>Monetos, net ir kruop\u0161\u010diai saugomos, labai da\u017enai patiria \u017ealing\u0105 aplinkos poveik\u012f, tod\u0117l jas reikia saugoti. Patyr\u0119 kolekcininkai ragina tuos, kurie nerimauja d\u0117l savo monet\u0173 saugumo, laikyti jas specialiose kapsul\u0117se. Jie ne tik apsaugos monetas nuo pa\u017eeidim\u0173, bet ir gerokai supaprastins j\u0173 laikym\u0105, apskritai pad\u0117s sukurti reprezentatyvi\u0105 kolekcijos i\u0161vaizd\u0105. Ta\u010diau i\u0161sirinkti monetai tinkam\u0105 kapsul\u0119 n\u0117ra lengva&#8230;<\/p>\n","protected":false},"featured_media":5685,"comment_status":"closed","ping_status":"closed","template":"","meta":{"_kad_post_transparent":"","_kad_post_title":"","_kad_post_layout":"","_kad_post_sidebar_id":"","_kad_post_content_style":"","_kad_post_vertical_padding":"","_kad_post_feature":"","_kad_post_feature_position":"","_kad_post_header":false,"_kad_post_footer":false},"product_brand":[],"product_cat":[61],"product_tag":[],"class_list":{"0":"post-5634","1":"product","2":"type-product","3":"status-publish","4":"has-post-thumbnail","6":"product_cat-monetu-saugojimas","8":"first","9":"instock","10":"shipping-taxable","11":"product-type-simple","12":"entry","13":"content-bg","14":"loop-entry"},"yoast_head":"<!-- This site is optimized with the Yoast SEO plugin v25.8 - https:\/\/yoast.com\/wordpress\/plugins\/seo\/ -->\n<title>Kapsul\u0117s monetoms laikyti, 19-33 mm - Funclean<\/title>\n<meta name=\"robots\" content=\"index, follow, max-snippet:-1, max-image-preview:large, max-video-preview:-1\" \/>\n<link rel=\"canonical\" href=\"https:\/\/funclean.eu\/lt\/produktas\/kapsules-monetoms-laikyti-19-33-mm\/\" \/>\n<meta property=\"og:locale\" content=\"lt_LT\" \/>\n<meta property=\"og:type\" content=\"article\" \/>\n<meta property=\"og:title\" content=\"Kapsul\u0117s monetoms laikyti, 19-33 mm - Funclean\" \/>\n<meta property=\"og:description\" content=\"Monetos, net ir kruop\u0161\u010diai saugomos, labai da\u017enai patiria \u017ealing\u0105 aplinkos poveik\u012f, tod\u0117l jas reikia saugoti. Patyr\u0119 kolekcininkai ragina tuos, kurie nerimauja d\u0117l savo monet\u0173 saugumo, laikyti jas specialiose kapsul\u0117se. Jie ne tik apsaugos monetas nuo pa\u017eeidim\u0173, bet ir gerokai supaprastins j\u0173 laikym\u0105, apskritai pad\u0117s sukurti reprezentatyvi\u0105 kolekcijos i\u0161vaizd\u0105. Ta\u010diau i\u0161sirinkti monetai tinkam\u0105 kapsul\u0119 n\u0117ra lengva...\" \/>\n<meta property=\"og:url\" content=\"https:\/\/funclean.eu\/lt\/produktas\/kapsules-monetoms-laikyti-19-33-mm\/\" \/>\n<meta property=\"og:site_name\" content=\"Funclean\" \/>\n<meta property=\"article:publisher\" content=\"https:\/\/www.facebook.com\/groups\/436887375433126\/\" \/>\n<meta property=\"article:modified_time\" content=\"2026-02-20T09:02:45+00:00\" \/>\n<meta property=\"og:image\" content=\"https:\/\/funclean.eu\/wp-content\/uploads\/2024\/12\/kons19-33.jpg\" \/>\n\t<meta property=\"og:image:width\" content=\"2252\" \/>\n\t<meta property=\"og:image:height\" content=\"2252\" \/>\n\t<meta property=\"og:image:type\" content=\"image\/jpeg\" \/>\n<meta name=\"twitter:card\" content=\"summary_large_image\" \/>\n<script type=\"application\/ld+json\" class=\"yoast-schema-graph\">{\"@context\":\"https:\/\/schema.org\",\"@graph\":[{\"@type\":\"WebPage\",\"@id\":\"https:\/\/funclean.eu\/lt\/produktas\/kapsules-monetoms-laikyti-19-33-mm\/\",\"url\":\"https:\/\/funclean.eu\/lt\/produktas\/kapsules-monetoms-laikyti-19-33-mm\/\",\"name\":\"Kapsul\u0117s monetoms laikyti, 19-33 mm - Funclean\",\"isPartOf\":{\"@id\":\"https:\/\/funclean.eu\/#website\"},\"primaryImageOfPage\":{\"@id\":\"https:\/\/funclean.eu\/lt\/produktas\/kapsules-monetoms-laikyti-19-33-mm\/#primaryimage\"},\"image\":{\"@id\":\"https:\/\/funclean.eu\/lt\/produktas\/kapsules-monetoms-laikyti-19-33-mm\/#primaryimage\"},\"thumbnailUrl\":\"https:\/\/funclean.eu\/wp-content\/uploads\/2024\/12\/kons19-33.jpg\",\"datePublished\":\"2024-12-15T18:10:23+00:00\",\"dateModified\":\"2026-02-20T09:02:45+00:00\",\"breadcrumb\":{\"@id\":\"https:\/\/funclean.eu\/lt\/produktas\/kapsules-monetoms-laikyti-19-33-mm\/#breadcrumb\"},\"inLanguage\":\"lt-LT\",\"potentialAction\":[{\"@type\":\"ReadAction\",\"target\":[\"https:\/\/funclean.eu\/lt\/produktas\/kapsules-monetoms-laikyti-19-33-mm\/\"]}]},{\"@type\":\"ImageObject\",\"inLanguage\":\"lt-LT\",\"@id\":\"https:\/\/funclean.eu\/lt\/produktas\/kapsules-monetoms-laikyti-19-33-mm\/#primaryimage\",\"url\":\"https:\/\/funclean.eu\/wp-content\/uploads\/2024\/12\/kons19-33.jpg\",\"contentUrl\":\"https:\/\/funclean.eu\/wp-content\/uploads\/2024\/12\/kons19-33.jpg\",\"width\":2252,\"height\":2252},{\"@type\":\"BreadcrumbList\",\"@id\":\"https:\/\/funclean.eu\/lt\/produktas\/kapsules-monetoms-laikyti-19-33-mm\/#breadcrumb\",\"itemListElement\":[{\"@type\":\"ListItem\",\"position\":1,\"name\":\"\u0413\u043b\u0430\u0432\u043d\u0430\u044f \u0441\u0442\u0440\u0430\u043d\u0438\u0446\u0430\",\"item\":\"https:\/\/funclean.eu\/lt\/\"},{\"@type\":\"ListItem\",\"position\":2,\"name\":\"\u041a\u0430\u0442\u0430\u043b\u043e\u0433\",\"item\":\"https:\/\/funclean.eu\/shop\/\"},{\"@type\":\"ListItem\",\"position\":3,\"name\":\"Kapsul\u0117s monetoms laikyti, 19-33 mm\"}]},{\"@type\":\"WebSite\",\"@id\":\"https:\/\/funclean.eu\/#website\",\"url\":\"https:\/\/funclean.eu\/\",\"name\":\"FUNCLEAN.EU\",\"description\":\"\u041e\u0447\u0438\u0441\u0442\u043a\u0430 \u0438 \u0445\u0440\u0430\u043d\u0435\u043d\u0438\u0435 \u043c\u043e\u043d\u0435\u0442. \u041a\u0430\u043a \u0447\u0438\u0441\u0442\u0438\u0442\u044c \u043c\u043e\u043d\u0435\u0442\u044b \u0438 \u043d\u0430\u0445\u043e\u0434\u043a\u0438.\",\"potentialAction\":[{\"@type\":\"SearchAction\",\"target\":{\"@type\":\"EntryPoint\",\"urlTemplate\":\"https:\/\/funclean.eu\/?s={search_term_string}\"},\"query-input\":{\"@type\":\"PropertyValueSpecification\",\"valueRequired\":true,\"valueName\":\"search_term_string\"}}],\"inLanguage\":\"lt-LT\"}]}<\/script>\n<!-- \/ Yoast SEO plugin. -->","yoast_head_json":{"title":"Kapsul\u0117s monetoms laikyti, 19-33 mm - Funclean","robots":{"index":"index","follow":"follow","max-snippet":"max-snippet:-1","max-image-preview":"max-image-preview:large","max-video-preview":"max-video-preview:-1"},"canonical":"https:\/\/funclean.eu\/lt\/produktas\/kapsules-monetoms-laikyti-19-33-mm\/","og_locale":"lt_LT","og_type":"article","og_title":"Kapsul\u0117s monetoms laikyti, 19-33 mm - Funclean","og_description":"Monetos, net ir kruop\u0161\u010diai saugomos, labai da\u017enai patiria \u017ealing\u0105 aplinkos poveik\u012f, tod\u0117l jas reikia saugoti. Patyr\u0119 kolekcininkai ragina tuos, kurie nerimauja d\u0117l savo monet\u0173 saugumo, laikyti jas specialiose kapsul\u0117se. Jie ne tik apsaugos monetas nuo pa\u017eeidim\u0173, bet ir gerokai supaprastins j\u0173 laikym\u0105, apskritai pad\u0117s sukurti reprezentatyvi\u0105 kolekcijos i\u0161vaizd\u0105. Ta\u010diau i\u0161sirinkti monetai tinkam\u0105 kapsul\u0119 n\u0117ra lengva...","og_url":"https:\/\/funclean.eu\/lt\/produktas\/kapsules-monetoms-laikyti-19-33-mm\/","og_site_name":"Funclean","article_publisher":"https:\/\/www.facebook.com\/groups\/436887375433126\/","article_modified_time":"2026-02-20T09:02:45+00:00","og_image":[{"width":2252,"height":2252,"url":"https:\/\/funclean.eu\/wp-content\/uploads\/2024\/12\/kons19-33.jpg","type":"image\/jpeg"}],"twitter_card":"summary_large_image","schema":{"@context":"https:\/\/schema.org","@graph":[{"@type":"WebPage","@id":"https:\/\/funclean.eu\/lt\/produktas\/kapsules-monetoms-laikyti-19-33-mm\/","url":"https:\/\/funclean.eu\/lt\/produktas\/kapsules-monetoms-laikyti-19-33-mm\/","name":"Kapsul\u0117s monetoms laikyti, 19-33 mm - Funclean","isPartOf":{"@id":"https:\/\/funclean.eu\/#website"},"primaryImageOfPage":{"@id":"https:\/\/funclean.eu\/lt\/produktas\/kapsules-monetoms-laikyti-19-33-mm\/#primaryimage"},"image":{"@id":"https:\/\/funclean.eu\/lt\/produktas\/kapsules-monetoms-laikyti-19-33-mm\/#primaryimage"},"thumbnailUrl":"https:\/\/funclean.eu\/wp-content\/uploads\/2024\/12\/kons19-33.jpg","datePublished":"2024-12-15T18:10:23+00:00","dateModified":"2026-02-20T09:02:45+00:00","breadcrumb":{"@id":"https:\/\/funclean.eu\/lt\/produktas\/kapsules-monetoms-laikyti-19-33-mm\/#breadcrumb"},"inLanguage":"lt-LT","potentialAction":[{"@type":"ReadAction","target":["https:\/\/funclean.eu\/lt\/produktas\/kapsules-monetoms-laikyti-19-33-mm\/"]}]},{"@type":"ImageObject","inLanguage":"lt-LT","@id":"https:\/\/funclean.eu\/lt\/produktas\/kapsules-monetoms-laikyti-19-33-mm\/#primaryimage","url":"https:\/\/funclean.eu\/wp-content\/uploads\/2024\/12\/kons19-33.jpg","contentUrl":"https:\/\/funclean.eu\/wp-content\/uploads\/2024\/12\/kons19-33.jpg","width":2252,"height":2252},{"@type":"BreadcrumbList","@id":"https:\/\/funclean.eu\/lt\/produktas\/kapsules-monetoms-laikyti-19-33-mm\/#breadcrumb","itemListElement":[{"@type":"ListItem","position":1,"name":"\u0413\u043b\u0430\u0432\u043d\u0430\u044f \u0441\u0442\u0440\u0430\u043d\u0438\u0446\u0430","item":"https:\/\/funclean.eu\/lt\/"},{"@type":"ListItem","position":2,"name":"\u041a\u0430\u0442\u0430\u043b\u043e\u0433","item":"https:\/\/funclean.eu\/shop\/"},{"@type":"ListItem","position":3,"name":"Kapsul\u0117s monetoms laikyti, 19-33 mm"}]},{"@type":"WebSite","@id":"https:\/\/funclean.eu\/#website","url":"https:\/\/funclean.eu\/","name":"FUNCLEAN.EU","description":"\u041e\u0447\u0438\u0441\u0442\u043a\u0430 \u0438 \u0445\u0440\u0430\u043d\u0435\u043d\u0438\u0435 \u043c\u043e\u043d\u0435\u0442. \u041a\u0430\u043a \u0447\u0438\u0441\u0442\u0438\u0442\u044c \u043c\u043e\u043d\u0435\u0442\u044b \u0438 \u043d\u0430\u0445\u043e\u0434\u043a\u0438.","potentialAction":[{"@type":"SearchAction","target":{"@type":"EntryPoint","urlTemplate":"https:\/\/funclean.eu\/?s={search_term_string}"},"query-input":{"@type":"PropertyValueSpecification","valueRequired":true,"valueName":"search_term_string"}}],"inLanguage":"lt-LT"}]}},"jetpack_sharing_enabled":true,"_links":{"self":[{"href":"https:\/\/funclean.eu\/lt\/wp-json\/wp\/v2\/product\/5634","targetHints":{"allow":["GET"]}}],"collection":[{"href":"https:\/\/funclean.eu\/lt\/wp-json\/wp\/v2\/product"}],"about":[{"href":"https:\/\/funclean.eu\/lt\/wp-json\/wp\/v2\/types\/product"}],"replies":[{"embeddable":true,"href":"https:\/\/funclean.eu\/lt\/wp-json\/wp\/v2\/comments?post=5634"}],"wp:featuredmedia":[{"embeddable":true,"href":"https:\/\/funclean.eu\/lt\/wp-json\/wp\/v2\/media\/5685"}],"wp:attachment":[{"href":"https:\/\/funclean.eu\/lt\/wp-json\/wp\/v2\/media?parent=5634"}],"wp:term":[{"taxonomy":"product_brand","embeddable":true,"href":"https:\/\/funclean.eu\/lt\/wp-json\/wp\/v2\/product_brand?post=5634"},{"taxonomy":"product_cat","embeddable":true,"href":"https:\/\/funclean.eu\/lt\/wp-json\/wp\/v2\/product_cat?post=5634"},{"taxonomy":"product_tag","embeddable":true,"href":"https:\/\/funclean.eu\/lt\/wp-json\/wp\/v2\/product_tag?post=5634"}],"curies":[{"name":"wp","href":"https:\/\/api.w.org\/{rel}","templated":true}]}}