{"id":3946,"date":"2024-05-18T19:51:16","date_gmt":"2024-05-18T19:51:16","guid":{"rendered":"https:\/\/funclean.eu\/product\/sidabras\/"},"modified":"2026-04-07T16:53:51","modified_gmt":"2026-04-07T16:53:51","slug":"sidabras","status":"publish","type":"product","link":"https:\/\/funclean.eu\/lt\/produktas\/sidabras\/","title":{"rendered":"Sidabro valiklis &#8211; 280 ml."},"content":{"rendered":"<p>Sidabro valiklis pa\u0161alina sunkiausius oksidus ir nuos\u0117das nuo sidabro gamini\u0173. Labai greitas poveikis. Nepa\u017eeid\u017eia metalo strukt\u016bros.<\/p>\n<div style=\"width: 1080px;\" class=\"wp-video\"><!--[if lt IE 9]><script>document.createElement('video');<\/script><![endif]-->\n<video class=\"wp-video-shortcode\" id=\"video-3946-1\" width=\"1080\" height=\"1920\" preload=\"metadata\" controls=\"controls\"><source type=\"video\/mp4\" src=\"https:\/\/funclean.eu\/wp-content\/uploads\/2024\/05\/\u041c\u0433\u043d\u043e\u0432\u0435\u043d\u043d\u044b\u0439-\u044d\u0444\u0444\u0435\u043a\u0442-\u043f\u0440\u0438-\u0447\u0438\u0441\u0442\u043a\u0435-\u0441\u0435\u0440\u0435\u0431\u0440\u0430.mp4?_=1\" \/><a href=\"https:\/\/funclean.eu\/wp-content\/uploads\/2024\/05\/\u041c\u0433\u043d\u043e\u0432\u0435\u043d\u043d\u044b\u0439-\u044d\u0444\u0444\u0435\u043a\u0442-\u043f\u0440\u0438-\u0447\u0438\u0441\u0442\u043a\u0435-\u0441\u0435\u0440\u0435\u0431\u0440\u0430.mp4\">https:\/\/funclean.eu\/wp-content\/uploads\/2024\/05\/\u041c\u0433\u043d\u043e\u0432\u0435\u043d\u043d\u044b\u0439-\u044d\u0444\u0444\u0435\u043a\u0442-\u043f\u0440\u0438-\u0447\u0438\u0441\u0442\u043a\u0435-\u0441\u0435\u0440\u0435\u0431\u0440\u0430.mp4<\/a><\/video><\/div>\n<p><strong>Pridedama: naudojimo instrukcija su nuotraukomis:<\/strong><\/p>\n<span class='mb-center maxbutton-1-center'><span class='maxbutton-1-container mb-container'><a class=\"maxbutton-1 maxbutton maxbutton-kak-patinirovat-smotrite-zdes\" href=\"https:\/\/funclean.eu\/lt\/kaip-tinkamai-valyti-sidabra-su-funclean\/\"><span class='mb-text'>\u017dI\u016aR\u0116TI<\/span><\/a><\/span><\/span>\n<p><img fetchpriority=\"high\" decoding=\"async\" class=\"alignnone size-medium wp-image-4922\" src=\"https:\/\/funclean.eu\/wp-content\/uploads\/2024\/05\/1-1-300x212.jpg\" alt=\"\" width=\"300\" height=\"212\" srcset=\"https:\/\/funclean.eu\/wp-content\/uploads\/2024\/05\/1-1-300x212.jpg 300w, https:\/\/funclean.eu\/wp-content\/uploads\/2024\/05\/1-1-1024x724.jpg 1024w, https:\/\/funclean.eu\/wp-content\/uploads\/2024\/05\/1-1-768x543.jpg 768w, https:\/\/funclean.eu\/wp-content\/uploads\/2024\/05\/1-1-1536x1086.jpg 1536w, https:\/\/funclean.eu\/wp-content\/uploads\/2024\/05\/1-1-2048x1448.jpg 2048w, https:\/\/funclean.eu\/wp-content\/uploads\/2024\/05\/1-1-700x495.jpg 700w\" sizes=\"(max-width: 300px) 100vw, 300px\" \/><\/p>\n<p><img decoding=\"async\" class=\"alignnone size-medium wp-image-4926\" src=\"https:\/\/funclean.eu\/wp-content\/uploads\/2024\/05\/f3-245x300.jpg\" alt=\"\" width=\"245\" height=\"300\" srcset=\"https:\/\/funclean.eu\/wp-content\/uploads\/2024\/05\/f3-245x300.jpg 245w, https:\/\/funclean.eu\/wp-content\/uploads\/2024\/05\/f3-837x1024.jpg 837w, https:\/\/funclean.eu\/wp-content\/uploads\/2024\/05\/f3-768x939.jpg 768w, https:\/\/funclean.eu\/wp-content\/uploads\/2024\/05\/f3-1256x1536.jpg 1256w, https:\/\/funclean.eu\/wp-content\/uploads\/2024\/05\/f3-1675x2048.jpg 1675w, https:\/\/funclean.eu\/wp-content\/uploads\/2024\/05\/f3-700x856.jpg 700w\" sizes=\"(max-width: 245px) 100vw, 245px\" \/><\/p>\n<p><img decoding=\"async\" class=\"alignnone size-medium wp-image-4930\" src=\"https:\/\/funclean.eu\/wp-content\/uploads\/2024\/05\/f2-245x300.jpg\" alt=\"\" width=\"245\" height=\"300\" srcset=\"https:\/\/funclean.eu\/wp-content\/uploads\/2024\/05\/f2-245x300.jpg 245w, https:\/\/funclean.eu\/wp-content\/uploads\/2024\/05\/f2-837x1024.jpg 837w, https:\/\/funclean.eu\/wp-content\/uploads\/2024\/05\/f2-768x939.jpg 768w, https:\/\/funclean.eu\/wp-content\/uploads\/2024\/05\/f2-1256x1536.jpg 1256w, https:\/\/funclean.eu\/wp-content\/uploads\/2024\/05\/f2-1675x2048.jpg 1675w, https:\/\/funclean.eu\/wp-content\/uploads\/2024\/05\/f2-700x856.jpg 700w\" sizes=\"(max-width: 245px) 100vw, 245px\" \/><\/p>\n<p><img loading=\"lazy\" decoding=\"async\" class=\"alignnone size-medium wp-image-4917\" src=\"https:\/\/funclean.eu\/wp-content\/uploads\/2024\/05\/f1-245x300.jpg\" alt=\"\" width=\"245\" height=\"300\" srcset=\"https:\/\/funclean.eu\/wp-content\/uploads\/2024\/05\/f1-245x300.jpg 245w, https:\/\/funclean.eu\/wp-content\/uploads\/2024\/05\/f1-837x1024.jpg 837w, https:\/\/funclean.eu\/wp-content\/uploads\/2024\/05\/f1-768x939.jpg 768w, https:\/\/funclean.eu\/wp-content\/uploads\/2024\/05\/f1-1256x1536.jpg 1256w, https:\/\/funclean.eu\/wp-content\/uploads\/2024\/05\/f1-1675x2048.jpg 1675w, https:\/\/funclean.eu\/wp-content\/uploads\/2024\/05\/f1-700x856.jpg 700w\" sizes=\"(max-width: 245px) 100vw, 245px\" \/><\/p>\n<p><img loading=\"lazy\" decoding=\"async\" class=\"alignnone size-medium wp-image-4934\" src=\"https:\/\/funclean.eu\/wp-content\/uploads\/2024\/05\/f6-206x300.jpg\" alt=\"\" width=\"206\" height=\"300\" srcset=\"https:\/\/funclean.eu\/wp-content\/uploads\/2024\/05\/f6-206x300.jpg 206w, https:\/\/funclean.eu\/wp-content\/uploads\/2024\/05\/f6.jpg 326w\" sizes=\"(max-width: 206px) 100vw, 206px\" \/><\/p>\n","protected":false},"excerpt":{"rendered":"<p>Sidabro valiklis pa\u0161alina sunkiausius oksidus ir nuos\u0117das nuo sidabro gamini\u0173. Labai greitas poveikis. Nepa\u017eeid\u017eia metalo strukt\u016bros. Pridedama: naudojimo instrukcija su nuotraukomis:<\/p>\n","protected":false},"featured_media":3768,"comment_status":"closed","ping_status":"closed","template":"","meta":{"_kad_post_transparent":"default","_kad_post_title":"","_kad_post_layout":"default","_kad_post_sidebar_id":"","_kad_post_content_style":"default","_kad_post_vertical_padding":"default","_kad_post_feature":"","_kad_post_feature_position":"","_kad_post_header":false,"_kad_post_footer":false},"product_brand":[],"product_cat":[33],"product_tag":[],"class_list":{"0":"post-3946","1":"product","2":"type-product","3":"status-publish","4":"has-post-thumbnail","6":"product_cat-monetuvalymas","8":"first","9":"instock","10":"featured","11":"shipping-taxable","12":"purchasable","13":"product-type-simple","14":"entry","15":"content-bg","16":"loop-entry"},"yoast_head":"<!-- This site is optimized with the Yoast SEO plugin v25.8 - https:\/\/yoast.com\/wordpress\/plugins\/seo\/ -->\n<title>Sidabro valiklis - 280 ml. - Funclean<\/title>\n<meta name=\"robots\" content=\"index, follow, max-snippet:-1, max-image-preview:large, max-video-preview:-1\" \/>\n<link rel=\"canonical\" href=\"https:\/\/funclean.eu\/lt\/produktas\/sidabras\/\" \/>\n<meta property=\"og:locale\" content=\"lt_LT\" \/>\n<meta property=\"og:type\" content=\"article\" \/>\n<meta property=\"og:title\" content=\"Sidabro valiklis - 280 ml. - Funclean\" \/>\n<meta property=\"og:description\" content=\"Sidabro valiklis pa\u0161alina sunkiausius oksidus ir nuos\u0117das nuo sidabro gamini\u0173. Labai greitas poveikis. Nepa\u017eeid\u017eia metalo strukt\u016bros. Pridedama: naudojimo instrukcija su nuotraukomis:\" \/>\n<meta property=\"og:url\" content=\"https:\/\/funclean.eu\/lt\/produktas\/sidabras\/\" \/>\n<meta property=\"og:site_name\" content=\"Funclean\" \/>\n<meta property=\"article:publisher\" content=\"https:\/\/www.facebook.com\/groups\/436887375433126\/\" \/>\n<meta property=\"article:modified_time\" content=\"2026-04-07T16:53:51+00:00\" \/>\n<meta property=\"og:image\" content=\"https:\/\/funclean.eu\/wp-content\/uploads\/2020\/10\/ser-1.jpg\" \/>\n\t<meta property=\"og:image:width\" content=\"2252\" \/>\n\t<meta property=\"og:image:height\" content=\"2252\" \/>\n\t<meta property=\"og:image:type\" content=\"image\/jpeg\" \/>\n<meta name=\"twitter:card\" content=\"summary_large_image\" \/>\n<meta name=\"twitter:label1\" content=\"Est. reading time\" \/>\n\t<meta name=\"twitter:data1\" content=\"2 minut\u0117s\" \/>\n<script type=\"application\/ld+json\" class=\"yoast-schema-graph\">{\"@context\":\"https:\/\/schema.org\",\"@graph\":[{\"@type\":\"WebPage\",\"@id\":\"https:\/\/funclean.eu\/lt\/produktas\/sidabras\/\",\"url\":\"https:\/\/funclean.eu\/lt\/produktas\/sidabras\/\",\"name\":\"Sidabro valiklis - 280 ml. - Funclean\",\"isPartOf\":{\"@id\":\"https:\/\/funclean.eu\/#website\"},\"primaryImageOfPage\":{\"@id\":\"https:\/\/funclean.eu\/lt\/produktas\/sidabras\/#primaryimage\"},\"image\":{\"@id\":\"https:\/\/funclean.eu\/lt\/produktas\/sidabras\/#primaryimage\"},\"thumbnailUrl\":\"https:\/\/funclean.eu\/wp-content\/uploads\/2020\/10\/ser-1.jpg\",\"datePublished\":\"2024-05-18T19:51:16+00:00\",\"dateModified\":\"2026-04-07T16:53:51+00:00\",\"breadcrumb\":{\"@id\":\"https:\/\/funclean.eu\/lt\/produktas\/sidabras\/#breadcrumb\"},\"inLanguage\":\"lt-LT\",\"potentialAction\":[{\"@type\":\"ReadAction\",\"target\":[\"https:\/\/funclean.eu\/lt\/produktas\/sidabras\/\"]}]},{\"@type\":\"ImageObject\",\"inLanguage\":\"lt-LT\",\"@id\":\"https:\/\/funclean.eu\/lt\/produktas\/sidabras\/#primaryimage\",\"url\":\"https:\/\/funclean.eu\/wp-content\/uploads\/2020\/10\/ser-1.jpg\",\"contentUrl\":\"https:\/\/funclean.eu\/wp-content\/uploads\/2020\/10\/ser-1.jpg\",\"width\":2252,\"height\":2252},{\"@type\":\"BreadcrumbList\",\"@id\":\"https:\/\/funclean.eu\/lt\/produktas\/sidabras\/#breadcrumb\",\"itemListElement\":[{\"@type\":\"ListItem\",\"position\":1,\"name\":\"\u0413\u043b\u0430\u0432\u043d\u0430\u044f \u0441\u0442\u0440\u0430\u043d\u0438\u0446\u0430\",\"item\":\"https:\/\/funclean.eu\/lt\/\"},{\"@type\":\"ListItem\",\"position\":2,\"name\":\"\u041a\u0430\u0442\u0430\u043b\u043e\u0433\",\"item\":\"https:\/\/funclean.eu\/shop\/\"},{\"@type\":\"ListItem\",\"position\":3,\"name\":\"Sidabro valiklis &#8211; 280 ml.\"}]},{\"@type\":\"WebSite\",\"@id\":\"https:\/\/funclean.eu\/#website\",\"url\":\"https:\/\/funclean.eu\/\",\"name\":\"FUNCLEAN.EU\",\"description\":\"\u041e\u0447\u0438\u0441\u0442\u043a\u0430 \u0438 \u0445\u0440\u0430\u043d\u0435\u043d\u0438\u0435 \u043c\u043e\u043d\u0435\u0442. \u041a\u0430\u043a \u0447\u0438\u0441\u0442\u0438\u0442\u044c \u043c\u043e\u043d\u0435\u0442\u044b \u0438 \u043d\u0430\u0445\u043e\u0434\u043a\u0438.\",\"potentialAction\":[{\"@type\":\"SearchAction\",\"target\":{\"@type\":\"EntryPoint\",\"urlTemplate\":\"https:\/\/funclean.eu\/?s={search_term_string}\"},\"query-input\":{\"@type\":\"PropertyValueSpecification\",\"valueRequired\":true,\"valueName\":\"search_term_string\"}}],\"inLanguage\":\"lt-LT\"}]}<\/script>\n<!-- \/ Yoast SEO plugin. -->","yoast_head_json":{"title":"Sidabro valiklis - 280 ml. - Funclean","robots":{"index":"index","follow":"follow","max-snippet":"max-snippet:-1","max-image-preview":"max-image-preview:large","max-video-preview":"max-video-preview:-1"},"canonical":"https:\/\/funclean.eu\/lt\/produktas\/sidabras\/","og_locale":"lt_LT","og_type":"article","og_title":"Sidabro valiklis - 280 ml. - Funclean","og_description":"Sidabro valiklis pa\u0161alina sunkiausius oksidus ir nuos\u0117das nuo sidabro gamini\u0173. Labai greitas poveikis. Nepa\u017eeid\u017eia metalo strukt\u016bros. Pridedama: naudojimo instrukcija su nuotraukomis:","og_url":"https:\/\/funclean.eu\/lt\/produktas\/sidabras\/","og_site_name":"Funclean","article_publisher":"https:\/\/www.facebook.com\/groups\/436887375433126\/","article_modified_time":"2026-04-07T16:53:51+00:00","og_image":[{"width":2252,"height":2252,"url":"https:\/\/funclean.eu\/wp-content\/uploads\/2020\/10\/ser-1.jpg","type":"image\/jpeg"}],"twitter_card":"summary_large_image","twitter_misc":{"Est. reading time":"2 minut\u0117s"},"schema":{"@context":"https:\/\/schema.org","@graph":[{"@type":"WebPage","@id":"https:\/\/funclean.eu\/lt\/produktas\/sidabras\/","url":"https:\/\/funclean.eu\/lt\/produktas\/sidabras\/","name":"Sidabro valiklis - 280 ml. - Funclean","isPartOf":{"@id":"https:\/\/funclean.eu\/#website"},"primaryImageOfPage":{"@id":"https:\/\/funclean.eu\/lt\/produktas\/sidabras\/#primaryimage"},"image":{"@id":"https:\/\/funclean.eu\/lt\/produktas\/sidabras\/#primaryimage"},"thumbnailUrl":"https:\/\/funclean.eu\/wp-content\/uploads\/2020\/10\/ser-1.jpg","datePublished":"2024-05-18T19:51:16+00:00","dateModified":"2026-04-07T16:53:51+00:00","breadcrumb":{"@id":"https:\/\/funclean.eu\/lt\/produktas\/sidabras\/#breadcrumb"},"inLanguage":"lt-LT","potentialAction":[{"@type":"ReadAction","target":["https:\/\/funclean.eu\/lt\/produktas\/sidabras\/"]}]},{"@type":"ImageObject","inLanguage":"lt-LT","@id":"https:\/\/funclean.eu\/lt\/produktas\/sidabras\/#primaryimage","url":"https:\/\/funclean.eu\/wp-content\/uploads\/2020\/10\/ser-1.jpg","contentUrl":"https:\/\/funclean.eu\/wp-content\/uploads\/2020\/10\/ser-1.jpg","width":2252,"height":2252},{"@type":"BreadcrumbList","@id":"https:\/\/funclean.eu\/lt\/produktas\/sidabras\/#breadcrumb","itemListElement":[{"@type":"ListItem","position":1,"name":"\u0413\u043b\u0430\u0432\u043d\u0430\u044f \u0441\u0442\u0440\u0430\u043d\u0438\u0446\u0430","item":"https:\/\/funclean.eu\/lt\/"},{"@type":"ListItem","position":2,"name":"\u041a\u0430\u0442\u0430\u043b\u043e\u0433","item":"https:\/\/funclean.eu\/shop\/"},{"@type":"ListItem","position":3,"name":"Sidabro valiklis &#8211; 280 ml."}]},{"@type":"WebSite","@id":"https:\/\/funclean.eu\/#website","url":"https:\/\/funclean.eu\/","name":"FUNCLEAN.EU","description":"\u041e\u0447\u0438\u0441\u0442\u043a\u0430 \u0438 \u0445\u0440\u0430\u043d\u0435\u043d\u0438\u0435 \u043c\u043e\u043d\u0435\u0442. \u041a\u0430\u043a \u0447\u0438\u0441\u0442\u0438\u0442\u044c \u043c\u043e\u043d\u0435\u0442\u044b \u0438 \u043d\u0430\u0445\u043e\u0434\u043a\u0438.","potentialAction":[{"@type":"SearchAction","target":{"@type":"EntryPoint","urlTemplate":"https:\/\/funclean.eu\/?s={search_term_string}"},"query-input":{"@type":"PropertyValueSpecification","valueRequired":true,"valueName":"search_term_string"}}],"inLanguage":"lt-LT"}]}},"jetpack_sharing_enabled":true,"_links":{"self":[{"href":"https:\/\/funclean.eu\/lt\/wp-json\/wp\/v2\/product\/3946","targetHints":{"allow":["GET"]}}],"collection":[{"href":"https:\/\/funclean.eu\/lt\/wp-json\/wp\/v2\/product"}],"about":[{"href":"https:\/\/funclean.eu\/lt\/wp-json\/wp\/v2\/types\/product"}],"replies":[{"embeddable":true,"href":"https:\/\/funclean.eu\/lt\/wp-json\/wp\/v2\/comments?post=3946"}],"wp:featuredmedia":[{"embeddable":true,"href":"https:\/\/funclean.eu\/lt\/wp-json\/wp\/v2\/media\/3768"}],"wp:attachment":[{"href":"https:\/\/funclean.eu\/lt\/wp-json\/wp\/v2\/media?parent=3946"}],"wp:term":[{"taxonomy":"product_brand","embeddable":true,"href":"https:\/\/funclean.eu\/lt\/wp-json\/wp\/v2\/product_brand?post=3946"},{"taxonomy":"product_cat","embeddable":true,"href":"https:\/\/funclean.eu\/lt\/wp-json\/wp\/v2\/product_cat?post=3946"},{"taxonomy":"product_tag","embeddable":true,"href":"https:\/\/funclean.eu\/lt\/wp-json\/wp\/v2\/product_tag?post=3946"}],"curies":[{"name":"wp","href":"https:\/\/api.w.org\/{rel}","templated":true}]}}