{"id":3929,"date":"2024-05-18T19:33:30","date_gmt":"2024-05-18T19:33:30","guid":{"rendered":"https:\/\/funclean.eu\/product\/latsot\/"},"modified":"2024-08-23T08:58:10","modified_gmt":"2024-08-23T08:58:10","slug":"latsot","status":"publish","type":"product","link":"https:\/\/funclean.eu\/lt\/produktas\/latsot\/","title":{"rendered":"\u017dalvarinis monet\u0173 poliravimo \u0161epet\u0117lis."},"content":{"rendered":"<p>Dirbant su \u201cFunclean\u201d produktais patariame naudoti \u017ealvarinio \u0161epet\u0117lius. Toks \u0161epet\u0117lis puikiai tinka aliuminio bronzos monet\u0173 poliravimui po valymo su \u201cFunclean\u201d. Taip pat naudojamas varin\u0117ms monetoms bei gaminiams poliruoti parengiamuoju etapu prie\u0161 patinavim\u0105 su \u201cFunclean\u201d patinavimo priemone.<\/p>\n<p>1 variantas: \u017ealvarinis \u0161epet\u0117lis aliuminio bronzos monetoms poliruoti po valymo su &#8220;Funclean&#8221;, skirtu aliuminio bronzos monetoms.<\/p>\n<p><img fetchpriority=\"high\" decoding=\"async\" class=\"alignnone size-medium wp-image-3232\" src=\"https:\/\/funclean.eu\/wp-content\/uploads\/2024\/05\/%D0%98%D0%B7%D0%BE%D0%B1%D1%80%D0%B0%D0%B6%D0%B5%D0%BD%D0%B8%D0%B518-169x300.jpg\" alt=\"\" width=\"169\" height=\"300\" \/> <img decoding=\"async\" class=\"alignnone size-medium wp-image-3252\" src=\"https:\/\/funclean.eu\/wp-content\/uploads\/2024\/05\/5-300x300.jpg\" alt=\"\" width=\"300\" height=\"300\" srcset=\"https:\/\/funclean.eu\/wp-content\/uploads\/2024\/05\/5-300x300.jpg 300w, https:\/\/funclean.eu\/wp-content\/uploads\/2024\/05\/5-150x150.jpg 150w, https:\/\/funclean.eu\/wp-content\/uploads\/2024\/05\/5-100x100.jpg 100w, https:\/\/funclean.eu\/wp-content\/uploads\/2024\/05\/5.jpg 600w\" sizes=\"(max-width: 300px) 100vw, 300px\" \/> <img decoding=\"async\" class=\"alignnone size-medium wp-image-3235\" src=\"https:\/\/funclean.eu\/wp-content\/uploads\/2024\/05\/%D0%98%D0%B7%D0%BE%D0%B1%D1%80%D0%B0%D0%B6%D0%B5%D0%BD%D0%B8%D0%B520-169x300.jpg\" alt=\"\" width=\"169\" height=\"300\" \/><\/p>\n<p>2 variantas: \u017ealvarinis \u0161epet\u0117lis naudojamas varin\u0117ms monetoms poliruoti parengiamuoju etapu prie\u0161 patinavim\u0105 su &#8220;Funclean&#8221;.<\/p>\n<p><img loading=\"lazy\" decoding=\"async\" class=\"alignnone size-medium wp-image-1968\" src=\"https:\/\/funclean.eu\/wp-content\/uploads\/2024\/02\/%D0%98%D0%B7%D0%BE%D0%B1%D1%80%D0%B0%D0%B6%D0%B5%D0%BD%D0%B8%D0%B53-%D0%BA%D0%BE%D0%BF%D0%B8%D1%8F-300x169.jpg\" alt=\"\" width=\"300\" height=\"169\" \/> <img loading=\"lazy\" decoding=\"async\" class=\"alignnone size-medium wp-image-1956\" src=\"https:\/\/funclean.eu\/wp-content\/uploads\/2024\/02\/%D0%98%D0%B7%D0%BE%D0%B1%D1%80%D0%B0%D0%B6%D0%B5%D0%BD%D0%B8%D0%B51-300x169.jpg\" alt=\"\" width=\"300\" height=\"169\" \/><\/p>\n<p>&nbsp;<\/p>\n","protected":false},"excerpt":{"rendered":"<p>Dirbant su \u201cFunclean\u201d produktais patariame naudoti \u017ealvarinio \u0161epet\u0117lius. Toks \u0161epet\u0117lis puikiai tinka aliuminio bronzos monet\u0173 poliravimui po valymo su \u201cFunclean\u201d. Taip pat naudojamas varin\u0117ms monetoms bei gaminiams poliruoti parengiamuoju etapu prie\u0161 patinavim\u0105 su \u201cFunclean\u201d patinavimo priemone. 1 variantas: \u017ealvarinis \u0161epet\u0117lis aliuminio bronzos monetoms poliruoti po valymo su &#8220;Funclean&#8221;, skirtu aliuminio bronzos monetoms. 2 variantas: \u017ealvarinis&#8230;<\/p>\n","protected":false},"featured_media":3813,"comment_status":"closed","ping_status":"closed","template":"","meta":{"_kad_post_transparent":"default","_kad_post_title":"","_kad_post_layout":"default","_kad_post_sidebar_id":"","_kad_post_content_style":"default","_kad_post_vertical_padding":"default","_kad_post_feature":"","_kad_post_feature_position":"","_kad_post_header":false,"_kad_post_footer":false},"product_brand":[],"product_cat":[33],"product_tag":[],"class_list":{"0":"post-3929","1":"product","2":"type-product","3":"status-publish","4":"has-post-thumbnail","6":"product_cat-monetuvalymas","8":"first","9":"instock","10":"shipping-taxable","11":"purchasable","12":"product-type-simple","13":"entry","14":"content-bg","15":"loop-entry"},"yoast_head":"<!-- This site is optimized with the Yoast SEO plugin v25.8 - https:\/\/yoast.com\/wordpress\/plugins\/seo\/ -->\n<title>\u017dalvarinis monet\u0173 poliravimo \u0161epet\u0117lis. - Funclean<\/title>\n<meta name=\"robots\" content=\"index, follow, max-snippet:-1, max-image-preview:large, max-video-preview:-1\" \/>\n<link rel=\"canonical\" href=\"https:\/\/funclean.eu\/lt\/produktas\/latsot\/\" \/>\n<meta property=\"og:locale\" content=\"lt_LT\" \/>\n<meta property=\"og:type\" content=\"article\" \/>\n<meta property=\"og:title\" content=\"\u017dalvarinis monet\u0173 poliravimo \u0161epet\u0117lis. - Funclean\" \/>\n<meta property=\"og:description\" content=\"Dirbant su \u201cFunclean\u201d produktais patariame naudoti \u017ealvarinio \u0161epet\u0117lius. Toks \u0161epet\u0117lis puikiai tinka aliuminio bronzos monet\u0173 poliravimui po valymo su \u201cFunclean\u201d. Taip pat naudojamas varin\u0117ms monetoms bei gaminiams poliruoti parengiamuoju etapu prie\u0161 patinavim\u0105 su \u201cFunclean\u201d patinavimo priemone. 1 variantas: \u017ealvarinis \u0161epet\u0117lis aliuminio bronzos monetoms poliruoti po valymo su &#8220;Funclean&#8221;, skirtu aliuminio bronzos monetoms. 2 variantas: \u017ealvarinis...\" \/>\n<meta property=\"og:url\" content=\"https:\/\/funclean.eu\/lt\/produktas\/latsot\/\" \/>\n<meta property=\"og:site_name\" content=\"Funclean\" \/>\n<meta property=\"article:publisher\" content=\"https:\/\/www.facebook.com\/groups\/436887375433126\/\" \/>\n<meta property=\"article:modified_time\" content=\"2024-08-23T08:58:10+00:00\" \/>\n<meta property=\"og:image\" content=\"https:\/\/funclean.eu\/wp-content\/uploads\/2024\/05\/sot-1.jpg\" \/>\n\t<meta property=\"og:image:width\" content=\"2252\" \/>\n\t<meta property=\"og:image:height\" content=\"2252\" \/>\n\t<meta property=\"og:image:type\" content=\"image\/jpeg\" \/>\n<meta name=\"twitter:card\" content=\"summary_large_image\" \/>\n<script type=\"application\/ld+json\" class=\"yoast-schema-graph\">{\"@context\":\"https:\/\/schema.org\",\"@graph\":[{\"@type\":\"WebPage\",\"@id\":\"https:\/\/funclean.eu\/lt\/produktas\/latsot\/\",\"url\":\"https:\/\/funclean.eu\/lt\/produktas\/latsot\/\",\"name\":\"\u017dalvarinis monet\u0173 poliravimo \u0161epet\u0117lis. - Funclean\",\"isPartOf\":{\"@id\":\"https:\/\/funclean.eu\/#website\"},\"primaryImageOfPage\":{\"@id\":\"https:\/\/funclean.eu\/lt\/produktas\/latsot\/#primaryimage\"},\"image\":{\"@id\":\"https:\/\/funclean.eu\/lt\/produktas\/latsot\/#primaryimage\"},\"thumbnailUrl\":\"https:\/\/funclean.eu\/wp-content\/uploads\/2024\/05\/sot-1.jpg\",\"datePublished\":\"2024-05-18T19:33:30+00:00\",\"dateModified\":\"2024-08-23T08:58:10+00:00\",\"breadcrumb\":{\"@id\":\"https:\/\/funclean.eu\/lt\/produktas\/latsot\/#breadcrumb\"},\"inLanguage\":\"lt-LT\",\"potentialAction\":[{\"@type\":\"ReadAction\",\"target\":[\"https:\/\/funclean.eu\/lt\/produktas\/latsot\/\"]}]},{\"@type\":\"ImageObject\",\"inLanguage\":\"lt-LT\",\"@id\":\"https:\/\/funclean.eu\/lt\/produktas\/latsot\/#primaryimage\",\"url\":\"https:\/\/funclean.eu\/wp-content\/uploads\/2024\/05\/sot-1.jpg\",\"contentUrl\":\"https:\/\/funclean.eu\/wp-content\/uploads\/2024\/05\/sot-1.jpg\",\"width\":2252,\"height\":2252},{\"@type\":\"BreadcrumbList\",\"@id\":\"https:\/\/funclean.eu\/lt\/produktas\/latsot\/#breadcrumb\",\"itemListElement\":[{\"@type\":\"ListItem\",\"position\":1,\"name\":\"\u0413\u043b\u0430\u0432\u043d\u0430\u044f \u0441\u0442\u0440\u0430\u043d\u0438\u0446\u0430\",\"item\":\"https:\/\/funclean.eu\/lt\/\"},{\"@type\":\"ListItem\",\"position\":2,\"name\":\"\u041a\u0430\u0442\u0430\u043b\u043e\u0433\",\"item\":\"https:\/\/funclean.eu\/shop\/\"},{\"@type\":\"ListItem\",\"position\":3,\"name\":\"\u017dalvarinis monet\u0173 poliravimo \u0161epet\u0117lis.\"}]},{\"@type\":\"WebSite\",\"@id\":\"https:\/\/funclean.eu\/#website\",\"url\":\"https:\/\/funclean.eu\/\",\"name\":\"FUNCLEAN.EU\",\"description\":\"\u041e\u0447\u0438\u0441\u0442\u043a\u0430 \u0438 \u0445\u0440\u0430\u043d\u0435\u043d\u0438\u0435 \u043c\u043e\u043d\u0435\u0442. \u041a\u0430\u043a \u0447\u0438\u0441\u0442\u0438\u0442\u044c \u043c\u043e\u043d\u0435\u0442\u044b \u0438 \u043d\u0430\u0445\u043e\u0434\u043a\u0438.\",\"potentialAction\":[{\"@type\":\"SearchAction\",\"target\":{\"@type\":\"EntryPoint\",\"urlTemplate\":\"https:\/\/funclean.eu\/?s={search_term_string}\"},\"query-input\":{\"@type\":\"PropertyValueSpecification\",\"valueRequired\":true,\"valueName\":\"search_term_string\"}}],\"inLanguage\":\"lt-LT\"}]}<\/script>\n<!-- \/ Yoast SEO plugin. -->","yoast_head_json":{"title":"\u017dalvarinis monet\u0173 poliravimo \u0161epet\u0117lis. - Funclean","robots":{"index":"index","follow":"follow","max-snippet":"max-snippet:-1","max-image-preview":"max-image-preview:large","max-video-preview":"max-video-preview:-1"},"canonical":"https:\/\/funclean.eu\/lt\/produktas\/latsot\/","og_locale":"lt_LT","og_type":"article","og_title":"\u017dalvarinis monet\u0173 poliravimo \u0161epet\u0117lis. - Funclean","og_description":"Dirbant su \u201cFunclean\u201d produktais patariame naudoti \u017ealvarinio \u0161epet\u0117lius. Toks \u0161epet\u0117lis puikiai tinka aliuminio bronzos monet\u0173 poliravimui po valymo su \u201cFunclean\u201d. Taip pat naudojamas varin\u0117ms monetoms bei gaminiams poliruoti parengiamuoju etapu prie\u0161 patinavim\u0105 su \u201cFunclean\u201d patinavimo priemone. 1 variantas: \u017ealvarinis \u0161epet\u0117lis aliuminio bronzos monetoms poliruoti po valymo su &#8220;Funclean&#8221;, skirtu aliuminio bronzos monetoms. 2 variantas: \u017ealvarinis...","og_url":"https:\/\/funclean.eu\/lt\/produktas\/latsot\/","og_site_name":"Funclean","article_publisher":"https:\/\/www.facebook.com\/groups\/436887375433126\/","article_modified_time":"2024-08-23T08:58:10+00:00","og_image":[{"width":2252,"height":2252,"url":"https:\/\/funclean.eu\/wp-content\/uploads\/2024\/05\/sot-1.jpg","type":"image\/jpeg"}],"twitter_card":"summary_large_image","schema":{"@context":"https:\/\/schema.org","@graph":[{"@type":"WebPage","@id":"https:\/\/funclean.eu\/lt\/produktas\/latsot\/","url":"https:\/\/funclean.eu\/lt\/produktas\/latsot\/","name":"\u017dalvarinis monet\u0173 poliravimo \u0161epet\u0117lis. - Funclean","isPartOf":{"@id":"https:\/\/funclean.eu\/#website"},"primaryImageOfPage":{"@id":"https:\/\/funclean.eu\/lt\/produktas\/latsot\/#primaryimage"},"image":{"@id":"https:\/\/funclean.eu\/lt\/produktas\/latsot\/#primaryimage"},"thumbnailUrl":"https:\/\/funclean.eu\/wp-content\/uploads\/2024\/05\/sot-1.jpg","datePublished":"2024-05-18T19:33:30+00:00","dateModified":"2024-08-23T08:58:10+00:00","breadcrumb":{"@id":"https:\/\/funclean.eu\/lt\/produktas\/latsot\/#breadcrumb"},"inLanguage":"lt-LT","potentialAction":[{"@type":"ReadAction","target":["https:\/\/funclean.eu\/lt\/produktas\/latsot\/"]}]},{"@type":"ImageObject","inLanguage":"lt-LT","@id":"https:\/\/funclean.eu\/lt\/produktas\/latsot\/#primaryimage","url":"https:\/\/funclean.eu\/wp-content\/uploads\/2024\/05\/sot-1.jpg","contentUrl":"https:\/\/funclean.eu\/wp-content\/uploads\/2024\/05\/sot-1.jpg","width":2252,"height":2252},{"@type":"BreadcrumbList","@id":"https:\/\/funclean.eu\/lt\/produktas\/latsot\/#breadcrumb","itemListElement":[{"@type":"ListItem","position":1,"name":"\u0413\u043b\u0430\u0432\u043d\u0430\u044f \u0441\u0442\u0440\u0430\u043d\u0438\u0446\u0430","item":"https:\/\/funclean.eu\/lt\/"},{"@type":"ListItem","position":2,"name":"\u041a\u0430\u0442\u0430\u043b\u043e\u0433","item":"https:\/\/funclean.eu\/shop\/"},{"@type":"ListItem","position":3,"name":"\u017dalvarinis monet\u0173 poliravimo \u0161epet\u0117lis."}]},{"@type":"WebSite","@id":"https:\/\/funclean.eu\/#website","url":"https:\/\/funclean.eu\/","name":"FUNCLEAN.EU","description":"\u041e\u0447\u0438\u0441\u0442\u043a\u0430 \u0438 \u0445\u0440\u0430\u043d\u0435\u043d\u0438\u0435 \u043c\u043e\u043d\u0435\u0442. \u041a\u0430\u043a \u0447\u0438\u0441\u0442\u0438\u0442\u044c \u043c\u043e\u043d\u0435\u0442\u044b \u0438 \u043d\u0430\u0445\u043e\u0434\u043a\u0438.","potentialAction":[{"@type":"SearchAction","target":{"@type":"EntryPoint","urlTemplate":"https:\/\/funclean.eu\/?s={search_term_string}"},"query-input":{"@type":"PropertyValueSpecification","valueRequired":true,"valueName":"search_term_string"}}],"inLanguage":"lt-LT"}]}},"jetpack_sharing_enabled":true,"_links":{"self":[{"href":"https:\/\/funclean.eu\/lt\/wp-json\/wp\/v2\/product\/3929","targetHints":{"allow":["GET"]}}],"collection":[{"href":"https:\/\/funclean.eu\/lt\/wp-json\/wp\/v2\/product"}],"about":[{"href":"https:\/\/funclean.eu\/lt\/wp-json\/wp\/v2\/types\/product"}],"replies":[{"embeddable":true,"href":"https:\/\/funclean.eu\/lt\/wp-json\/wp\/v2\/comments?post=3929"}],"wp:featuredmedia":[{"embeddable":true,"href":"https:\/\/funclean.eu\/lt\/wp-json\/wp\/v2\/media\/3813"}],"wp:attachment":[{"href":"https:\/\/funclean.eu\/lt\/wp-json\/wp\/v2\/media?parent=3929"}],"wp:term":[{"taxonomy":"product_brand","embeddable":true,"href":"https:\/\/funclean.eu\/lt\/wp-json\/wp\/v2\/product_brand?post=3929"},{"taxonomy":"product_cat","embeddable":true,"href":"https:\/\/funclean.eu\/lt\/wp-json\/wp\/v2\/product_cat?post=3929"},{"taxonomy":"product_tag","embeddable":true,"href":"https:\/\/funclean.eu\/lt\/wp-json\/wp\/v2\/product_tag?post=3929"}],"curies":[{"name":"wp","href":"https:\/\/api.w.org\/{rel}","templated":true}]}}