{"id":3920,"date":"2024-05-18T19:24:05","date_gmt":"2024-05-18T19:24:05","guid":{"rendered":"https:\/\/funclean.eu\/product\/medkons\/"},"modified":"2026-04-07T15:23:45","modified_gmt":"2026-04-07T15:23:45","slug":"medkons","status":"publish","type":"product","link":"https:\/\/funclean.eu\/lt\/produktas\/medkons\/","title":{"rendered":"Rinkinys. Vario valiklis &#8211; 280 ml. + vario konservantas &#8211; 20 ml."},"content":{"rendered":"<h2>Vario valymo rinkinys.<\/h2>\n<h5><em>Rinkin\u012f sudaro:<\/em><\/h5>\n<p><strong>Varini\u0173 monet\u0173 bei gamini\u0173 i\u0161 vario valiklis.<\/strong>Priemon\u0117 \u0161alina susikaupusias nuos\u0117das ir oksidus. Nepa\u017eeid\u017eia metalo strukt\u016bros, valom\u0173 daikt\u0173 emalio, sidabro, aukso. Valiklis parduodamas sandariai u\u017edarytoje 280 ml. pakuot\u0117je. Priemon\u0119 galima naudoti pakartotinai.<\/p>\n<p><strong>Vario monet\u0173 konservantas. <\/strong>Konservantas skirtas monetoms saugoti. Sukuria apsaugin\u0119 pl\u0117vel\u0119 ant monetos pavir\u0161iaus, kuri apsaugo nuo aplinkos poveikio (dr\u0117gm\u0117s, saul\u0117s spinduli\u0173 ir pan.). Suteikia blizges\u012f ir pary\u0161kina monetos reljef\u0105.<\/p>\n<div style=\"width: 1080px;\" class=\"wp-video\"><!--[if lt IE 9]><script>document.createElement('video');<\/script><![endif]-->\n<video class=\"wp-video-shortcode\" id=\"video-3920-1\" width=\"1080\" height=\"1920\" preload=\"metadata\" controls=\"controls\"><source type=\"video\/mp4\" src=\"https:\/\/funclean.eu\/wp-content\/uploads\/2024\/06\/med.mp4?_=1\" \/><a href=\"https:\/\/funclean.eu\/wp-content\/uploads\/2024\/06\/med.mp4\">https:\/\/funclean.eu\/wp-content\/uploads\/2024\/06\/med.mp4<\/a><\/video><\/div>\n<p><strong>Pridedama: naudojimo instrukcija su nuotraukomis.<\/strong><\/p>\n<span class='mb-center maxbutton-1-center'><span class='maxbutton-1-container mb-container'><a class=\"maxbutton-1 maxbutton maxbutton-kak-patinirovat-smotrite-zdes\" href=\"https:\/\/funclean.eu\/lt\/valytivario\/\"><span class='mb-text'>\u017dI\u016aR\u0116TI<\/span><\/a><\/span><\/span>\n<p>&nbsp;<\/p>\n","protected":false},"excerpt":{"rendered":"<p>Vario valymo rinkinys. Rinkin\u012f sudaro: Varini\u0173 monet\u0173 bei gamini\u0173 i\u0161 vario valiklis.Priemon\u0117 \u0161alina susikaupusias nuos\u0117das ir oksidus. Nepa\u017eeid\u017eia metalo strukt\u016bros, valom\u0173 daikt\u0173 emalio, sidabro, aukso. Valiklis parduodamas sandariai u\u017edarytoje 280 ml. pakuot\u0117je. Priemon\u0119 galima naudoti pakartotinai. Vario monet\u0173 konservantas. Konservantas skirtas monetoms saugoti. Sukuria apsaugin\u0119 pl\u0117vel\u0119 ant monetos pavir\u0161iaus, kuri apsaugo nuo aplinkos poveikio (dr\u0117gm\u0117s,&#8230;<\/p>\n","protected":false},"featured_media":3776,"comment_status":"closed","ping_status":"closed","template":"","meta":{"_kad_post_transparent":"default","_kad_post_title":"","_kad_post_layout":"default","_kad_post_sidebar_id":"","_kad_post_content_style":"default","_kad_post_vertical_padding":"default","_kad_post_feature":"","_kad_post_feature_position":"","_kad_post_header":false,"_kad_post_footer":false},"product_brand":[],"product_cat":[33],"product_tag":[],"class_list":{"0":"post-3920","1":"product","2":"type-product","3":"status-publish","4":"has-post-thumbnail","6":"product_cat-monetuvalymas","8":"first","9":"instock","10":"shipping-taxable","11":"purchasable","12":"product-type-simple","13":"entry","14":"content-bg","15":"loop-entry"},"yoast_head":"<!-- This site is optimized with the Yoast SEO plugin v25.8 - https:\/\/yoast.com\/wordpress\/plugins\/seo\/ -->\n<title>Rinkinys. Vario valiklis - 280 ml. + vario konservantas - 20 ml. - Funclean<\/title>\n<meta name=\"robots\" content=\"index, follow, max-snippet:-1, max-image-preview:large, max-video-preview:-1\" \/>\n<link rel=\"canonical\" href=\"https:\/\/funclean.eu\/lt\/produktas\/medkons\/\" \/>\n<meta property=\"og:locale\" content=\"lt_LT\" \/>\n<meta property=\"og:type\" content=\"article\" \/>\n<meta property=\"og:title\" content=\"Rinkinys. Vario valiklis - 280 ml. + vario konservantas - 20 ml. - Funclean\" \/>\n<meta property=\"og:description\" content=\"Vario valymo rinkinys. Rinkin\u012f sudaro: Varini\u0173 monet\u0173 bei gamini\u0173 i\u0161 vario valiklis.Priemon\u0117 \u0161alina susikaupusias nuos\u0117das ir oksidus. Nepa\u017eeid\u017eia metalo strukt\u016bros, valom\u0173 daikt\u0173 emalio, sidabro, aukso. Valiklis parduodamas sandariai u\u017edarytoje 280 ml. pakuot\u0117je. Priemon\u0119 galima naudoti pakartotinai. Vario monet\u0173 konservantas. Konservantas skirtas monetoms saugoti. Sukuria apsaugin\u0119 pl\u0117vel\u0119 ant monetos pavir\u0161iaus, kuri apsaugo nuo aplinkos poveikio (dr\u0117gm\u0117s,...\" \/>\n<meta property=\"og:url\" content=\"https:\/\/funclean.eu\/lt\/produktas\/medkons\/\" \/>\n<meta property=\"og:site_name\" content=\"Funclean\" \/>\n<meta property=\"article:publisher\" content=\"https:\/\/www.facebook.com\/groups\/436887375433126\/\" \/>\n<meta property=\"article:modified_time\" content=\"2026-04-07T15:23:45+00:00\" \/>\n<meta property=\"og:image\" content=\"https:\/\/funclean.eu\/wp-content\/uploads\/2024\/05\/varcons-1.jpg\" \/>\n\t<meta property=\"og:image:width\" content=\"2252\" \/>\n\t<meta property=\"og:image:height\" content=\"2252\" \/>\n\t<meta property=\"og:image:type\" content=\"image\/jpeg\" \/>\n<meta name=\"twitter:card\" content=\"summary_large_image\" \/>\n<meta name=\"twitter:label1\" content=\"Est. reading time\" \/>\n\t<meta name=\"twitter:data1\" content=\"1 minut\u0117\" \/>\n<script type=\"application\/ld+json\" class=\"yoast-schema-graph\">{\"@context\":\"https:\/\/schema.org\",\"@graph\":[{\"@type\":\"WebPage\",\"@id\":\"https:\/\/funclean.eu\/lt\/produktas\/medkons\/\",\"url\":\"https:\/\/funclean.eu\/lt\/produktas\/medkons\/\",\"name\":\"Rinkinys. Vario valiklis - 280 ml. + vario konservantas - 20 ml. - Funclean\",\"isPartOf\":{\"@id\":\"https:\/\/funclean.eu\/#website\"},\"primaryImageOfPage\":{\"@id\":\"https:\/\/funclean.eu\/lt\/produktas\/medkons\/#primaryimage\"},\"image\":{\"@id\":\"https:\/\/funclean.eu\/lt\/produktas\/medkons\/#primaryimage\"},\"thumbnailUrl\":\"https:\/\/funclean.eu\/wp-content\/uploads\/2024\/05\/varcons-1.jpg\",\"datePublished\":\"2024-05-18T19:24:05+00:00\",\"dateModified\":\"2026-04-07T15:23:45+00:00\",\"breadcrumb\":{\"@id\":\"https:\/\/funclean.eu\/lt\/produktas\/medkons\/#breadcrumb\"},\"inLanguage\":\"lt-LT\",\"potentialAction\":[{\"@type\":\"ReadAction\",\"target\":[\"https:\/\/funclean.eu\/lt\/produktas\/medkons\/\"]}]},{\"@type\":\"ImageObject\",\"inLanguage\":\"lt-LT\",\"@id\":\"https:\/\/funclean.eu\/lt\/produktas\/medkons\/#primaryimage\",\"url\":\"https:\/\/funclean.eu\/wp-content\/uploads\/2024\/05\/varcons-1.jpg\",\"contentUrl\":\"https:\/\/funclean.eu\/wp-content\/uploads\/2024\/05\/varcons-1.jpg\",\"width\":2252,\"height\":2252},{\"@type\":\"BreadcrumbList\",\"@id\":\"https:\/\/funclean.eu\/lt\/produktas\/medkons\/#breadcrumb\",\"itemListElement\":[{\"@type\":\"ListItem\",\"position\":1,\"name\":\"\u0413\u043b\u0430\u0432\u043d\u0430\u044f \u0441\u0442\u0440\u0430\u043d\u0438\u0446\u0430\",\"item\":\"https:\/\/funclean.eu\/lt\/\"},{\"@type\":\"ListItem\",\"position\":2,\"name\":\"\u041a\u0430\u0442\u0430\u043b\u043e\u0433\",\"item\":\"https:\/\/funclean.eu\/shop\/\"},{\"@type\":\"ListItem\",\"position\":3,\"name\":\"Rinkinys. Vario valiklis &#8211; 280 ml. + vario konservantas &#8211; 20 ml.\"}]},{\"@type\":\"WebSite\",\"@id\":\"https:\/\/funclean.eu\/#website\",\"url\":\"https:\/\/funclean.eu\/\",\"name\":\"FUNCLEAN.EU\",\"description\":\"\u041e\u0447\u0438\u0441\u0442\u043a\u0430 \u0438 \u0445\u0440\u0430\u043d\u0435\u043d\u0438\u0435 \u043c\u043e\u043d\u0435\u0442. \u041a\u0430\u043a \u0447\u0438\u0441\u0442\u0438\u0442\u044c \u043c\u043e\u043d\u0435\u0442\u044b \u0438 \u043d\u0430\u0445\u043e\u0434\u043a\u0438.\",\"potentialAction\":[{\"@type\":\"SearchAction\",\"target\":{\"@type\":\"EntryPoint\",\"urlTemplate\":\"https:\/\/funclean.eu\/?s={search_term_string}\"},\"query-input\":{\"@type\":\"PropertyValueSpecification\",\"valueRequired\":true,\"valueName\":\"search_term_string\"}}],\"inLanguage\":\"lt-LT\"}]}<\/script>\n<!-- \/ Yoast SEO plugin. -->","yoast_head_json":{"title":"Rinkinys. Vario valiklis - 280 ml. + vario konservantas - 20 ml. - Funclean","robots":{"index":"index","follow":"follow","max-snippet":"max-snippet:-1","max-image-preview":"max-image-preview:large","max-video-preview":"max-video-preview:-1"},"canonical":"https:\/\/funclean.eu\/lt\/produktas\/medkons\/","og_locale":"lt_LT","og_type":"article","og_title":"Rinkinys. Vario valiklis - 280 ml. + vario konservantas - 20 ml. - Funclean","og_description":"Vario valymo rinkinys. Rinkin\u012f sudaro: Varini\u0173 monet\u0173 bei gamini\u0173 i\u0161 vario valiklis.Priemon\u0117 \u0161alina susikaupusias nuos\u0117das ir oksidus. Nepa\u017eeid\u017eia metalo strukt\u016bros, valom\u0173 daikt\u0173 emalio, sidabro, aukso. Valiklis parduodamas sandariai u\u017edarytoje 280 ml. pakuot\u0117je. Priemon\u0119 galima naudoti pakartotinai. Vario monet\u0173 konservantas. Konservantas skirtas monetoms saugoti. Sukuria apsaugin\u0119 pl\u0117vel\u0119 ant monetos pavir\u0161iaus, kuri apsaugo nuo aplinkos poveikio (dr\u0117gm\u0117s,...","og_url":"https:\/\/funclean.eu\/lt\/produktas\/medkons\/","og_site_name":"Funclean","article_publisher":"https:\/\/www.facebook.com\/groups\/436887375433126\/","article_modified_time":"2026-04-07T15:23:45+00:00","og_image":[{"width":2252,"height":2252,"url":"https:\/\/funclean.eu\/wp-content\/uploads\/2024\/05\/varcons-1.jpg","type":"image\/jpeg"}],"twitter_card":"summary_large_image","twitter_misc":{"Est. reading time":"1 minut\u0117"},"schema":{"@context":"https:\/\/schema.org","@graph":[{"@type":"WebPage","@id":"https:\/\/funclean.eu\/lt\/produktas\/medkons\/","url":"https:\/\/funclean.eu\/lt\/produktas\/medkons\/","name":"Rinkinys. Vario valiklis - 280 ml. + vario konservantas - 20 ml. - Funclean","isPartOf":{"@id":"https:\/\/funclean.eu\/#website"},"primaryImageOfPage":{"@id":"https:\/\/funclean.eu\/lt\/produktas\/medkons\/#primaryimage"},"image":{"@id":"https:\/\/funclean.eu\/lt\/produktas\/medkons\/#primaryimage"},"thumbnailUrl":"https:\/\/funclean.eu\/wp-content\/uploads\/2024\/05\/varcons-1.jpg","datePublished":"2024-05-18T19:24:05+00:00","dateModified":"2026-04-07T15:23:45+00:00","breadcrumb":{"@id":"https:\/\/funclean.eu\/lt\/produktas\/medkons\/#breadcrumb"},"inLanguage":"lt-LT","potentialAction":[{"@type":"ReadAction","target":["https:\/\/funclean.eu\/lt\/produktas\/medkons\/"]}]},{"@type":"ImageObject","inLanguage":"lt-LT","@id":"https:\/\/funclean.eu\/lt\/produktas\/medkons\/#primaryimage","url":"https:\/\/funclean.eu\/wp-content\/uploads\/2024\/05\/varcons-1.jpg","contentUrl":"https:\/\/funclean.eu\/wp-content\/uploads\/2024\/05\/varcons-1.jpg","width":2252,"height":2252},{"@type":"BreadcrumbList","@id":"https:\/\/funclean.eu\/lt\/produktas\/medkons\/#breadcrumb","itemListElement":[{"@type":"ListItem","position":1,"name":"\u0413\u043b\u0430\u0432\u043d\u0430\u044f \u0441\u0442\u0440\u0430\u043d\u0438\u0446\u0430","item":"https:\/\/funclean.eu\/lt\/"},{"@type":"ListItem","position":2,"name":"\u041a\u0430\u0442\u0430\u043b\u043e\u0433","item":"https:\/\/funclean.eu\/shop\/"},{"@type":"ListItem","position":3,"name":"Rinkinys. Vario valiklis &#8211; 280 ml. + vario konservantas &#8211; 20 ml."}]},{"@type":"WebSite","@id":"https:\/\/funclean.eu\/#website","url":"https:\/\/funclean.eu\/","name":"FUNCLEAN.EU","description":"\u041e\u0447\u0438\u0441\u0442\u043a\u0430 \u0438 \u0445\u0440\u0430\u043d\u0435\u043d\u0438\u0435 \u043c\u043e\u043d\u0435\u0442. \u041a\u0430\u043a \u0447\u0438\u0441\u0442\u0438\u0442\u044c \u043c\u043e\u043d\u0435\u0442\u044b \u0438 \u043d\u0430\u0445\u043e\u0434\u043a\u0438.","potentialAction":[{"@type":"SearchAction","target":{"@type":"EntryPoint","urlTemplate":"https:\/\/funclean.eu\/?s={search_term_string}"},"query-input":{"@type":"PropertyValueSpecification","valueRequired":true,"valueName":"search_term_string"}}],"inLanguage":"lt-LT"}]}},"jetpack_sharing_enabled":true,"_links":{"self":[{"href":"https:\/\/funclean.eu\/lt\/wp-json\/wp\/v2\/product\/3920","targetHints":{"allow":["GET"]}}],"collection":[{"href":"https:\/\/funclean.eu\/lt\/wp-json\/wp\/v2\/product"}],"about":[{"href":"https:\/\/funclean.eu\/lt\/wp-json\/wp\/v2\/types\/product"}],"replies":[{"embeddable":true,"href":"https:\/\/funclean.eu\/lt\/wp-json\/wp\/v2\/comments?post=3920"}],"wp:featuredmedia":[{"embeddable":true,"href":"https:\/\/funclean.eu\/lt\/wp-json\/wp\/v2\/media\/3776"}],"wp:attachment":[{"href":"https:\/\/funclean.eu\/lt\/wp-json\/wp\/v2\/media?parent=3920"}],"wp:term":[{"taxonomy":"product_brand","embeddable":true,"href":"https:\/\/funclean.eu\/lt\/wp-json\/wp\/v2\/product_brand?post=3920"},{"taxonomy":"product_cat","embeddable":true,"href":"https:\/\/funclean.eu\/lt\/wp-json\/wp\/v2\/product_cat?post=3920"},{"taxonomy":"product_tag","embeddable":true,"href":"https:\/\/funclean.eu\/lt\/wp-json\/wp\/v2\/product_tag?post=3920"}],"curies":[{"name":"wp","href":"https:\/\/api.w.org\/{rel}","templated":true}]}}