{"id":3911,"date":"2024-05-18T19:07:56","date_gmt":"2024-05-18T19:07:56","guid":{"rendered":"https:\/\/funclean.eu\/product\/konservatorius\/"},"modified":"2024-08-23T08:59:20","modified_gmt":"2024-08-23T08:59:20","slug":"konservatorius","status":"publish","type":"product","link":"https:\/\/funclean.eu\/lt\/produktas\/konservatorius\/","title":{"rendered":"Vario monet\u0173 konservantas. 20 ml."},"content":{"rendered":"<p>Konservantas skirtas monetoms saugoti. Sukuria apsaugin\u0119 pl\u0117vel\u0119 ant monetos pavir\u0161iaus, kuri apsaugo nuo aplinkos poveikio (dr\u0117gm\u0117s, saul\u0117s spinduli\u0173 ir pan.). Suteikia blizges\u012f ir pary\u0161kina monetos reljef\u0105.<\/p>\n<p><strong>Pridedama: naudojimo instrukcija su nuotraukomis.<\/strong><\/p>\n","protected":false},"excerpt":{"rendered":"<p>Konservantas skirtas monetoms saugoti. Sukuria apsaugin\u0119 pl\u0117vel\u0119 ant monetos pavir\u0161iaus, kuri apsaugo nuo aplinkos poveikio (dr\u0117gm\u0117s, saul\u0117s spinduli\u0173 ir pan.). Suteikia blizges\u012f ir pary\u0161kina monetos reljef\u0105. Pridedama: naudojimo instrukcija su nuotraukomis.<\/p>\n","protected":false},"featured_media":3809,"comment_status":"closed","ping_status":"closed","template":"","meta":{"_kad_post_transparent":"default","_kad_post_title":"","_kad_post_layout":"default","_kad_post_sidebar_id":"","_kad_post_content_style":"default","_kad_post_vertical_padding":"default","_kad_post_feature":"","_kad_post_feature_position":"","_kad_post_header":false,"_kad_post_footer":false},"product_brand":[],"product_cat":[33],"product_tag":[],"class_list":{"0":"post-3911","1":"product","2":"type-product","3":"status-publish","4":"has-post-thumbnail","6":"product_cat-monetuvalymas","8":"first","9":"instock","10":"featured","11":"shipping-taxable","12":"purchasable","13":"product-type-simple","14":"entry","15":"content-bg","16":"loop-entry"},"yoast_head":"<!-- This site is optimized with the Yoast SEO plugin v25.8 - https:\/\/yoast.com\/wordpress\/plugins\/seo\/ -->\n<title>Vario monet\u0173 konservantas. 20 ml. - Funclean<\/title>\n<meta name=\"robots\" content=\"index, follow, max-snippet:-1, max-image-preview:large, max-video-preview:-1\" \/>\n<link rel=\"canonical\" href=\"https:\/\/funclean.eu\/lt\/produktas\/konservatorius\/\" \/>\n<meta property=\"og:locale\" content=\"lt_LT\" \/>\n<meta property=\"og:type\" content=\"article\" \/>\n<meta property=\"og:title\" content=\"Vario monet\u0173 konservantas. 20 ml. - Funclean\" \/>\n<meta property=\"og:description\" content=\"Konservantas skirtas monetoms saugoti. Sukuria apsaugin\u0119 pl\u0117vel\u0119 ant monetos pavir\u0161iaus, kuri apsaugo nuo aplinkos poveikio (dr\u0117gm\u0117s, saul\u0117s spinduli\u0173 ir pan.). Suteikia blizges\u012f ir pary\u0161kina monetos reljef\u0105. Pridedama: naudojimo instrukcija su nuotraukomis.\" \/>\n<meta property=\"og:url\" content=\"https:\/\/funclean.eu\/lt\/produktas\/konservatorius\/\" \/>\n<meta property=\"og:site_name\" content=\"Funclean\" \/>\n<meta property=\"article:publisher\" content=\"https:\/\/www.facebook.com\/groups\/436887375433126\/\" \/>\n<meta property=\"article:modified_time\" content=\"2024-08-23T08:59:20+00:00\" \/>\n<meta property=\"og:image\" content=\"https:\/\/funclean.eu\/wp-content\/uploads\/2024\/05\/cons-1-2.jpg\" \/>\n\t<meta property=\"og:image:width\" content=\"2252\" \/>\n\t<meta property=\"og:image:height\" content=\"2252\" \/>\n\t<meta property=\"og:image:type\" content=\"image\/jpeg\" \/>\n<meta name=\"twitter:card\" content=\"summary_large_image\" \/>\n<script type=\"application\/ld+json\" class=\"yoast-schema-graph\">{\"@context\":\"https:\/\/schema.org\",\"@graph\":[{\"@type\":\"WebPage\",\"@id\":\"https:\/\/funclean.eu\/lt\/produktas\/konservatorius\/\",\"url\":\"https:\/\/funclean.eu\/lt\/produktas\/konservatorius\/\",\"name\":\"Vario monet\u0173 konservantas. 20 ml. - Funclean\",\"isPartOf\":{\"@id\":\"https:\/\/funclean.eu\/#website\"},\"primaryImageOfPage\":{\"@id\":\"https:\/\/funclean.eu\/lt\/produktas\/konservatorius\/#primaryimage\"},\"image\":{\"@id\":\"https:\/\/funclean.eu\/lt\/produktas\/konservatorius\/#primaryimage\"},\"thumbnailUrl\":\"https:\/\/funclean.eu\/wp-content\/uploads\/2024\/05\/cons-1-2.jpg\",\"datePublished\":\"2024-05-18T19:07:56+00:00\",\"dateModified\":\"2024-08-23T08:59:20+00:00\",\"breadcrumb\":{\"@id\":\"https:\/\/funclean.eu\/lt\/produktas\/konservatorius\/#breadcrumb\"},\"inLanguage\":\"lt-LT\",\"potentialAction\":[{\"@type\":\"ReadAction\",\"target\":[\"https:\/\/funclean.eu\/lt\/produktas\/konservatorius\/\"]}]},{\"@type\":\"ImageObject\",\"inLanguage\":\"lt-LT\",\"@id\":\"https:\/\/funclean.eu\/lt\/produktas\/konservatorius\/#primaryimage\",\"url\":\"https:\/\/funclean.eu\/wp-content\/uploads\/2024\/05\/cons-1-2.jpg\",\"contentUrl\":\"https:\/\/funclean.eu\/wp-content\/uploads\/2024\/05\/cons-1-2.jpg\",\"width\":2252,\"height\":2252},{\"@type\":\"BreadcrumbList\",\"@id\":\"https:\/\/funclean.eu\/lt\/produktas\/konservatorius\/#breadcrumb\",\"itemListElement\":[{\"@type\":\"ListItem\",\"position\":1,\"name\":\"\u0413\u043b\u0430\u0432\u043d\u0430\u044f \u0441\u0442\u0440\u0430\u043d\u0438\u0446\u0430\",\"item\":\"https:\/\/funclean.eu\/lt\/\"},{\"@type\":\"ListItem\",\"position\":2,\"name\":\"\u041a\u0430\u0442\u0430\u043b\u043e\u0433\",\"item\":\"https:\/\/funclean.eu\/shop\/\"},{\"@type\":\"ListItem\",\"position\":3,\"name\":\"Vario monet\u0173 konservantas. 20 ml.\"}]},{\"@type\":\"WebSite\",\"@id\":\"https:\/\/funclean.eu\/#website\",\"url\":\"https:\/\/funclean.eu\/\",\"name\":\"FUNCLEAN.EU\",\"description\":\"\u041e\u0447\u0438\u0441\u0442\u043a\u0430 \u0438 \u0445\u0440\u0430\u043d\u0435\u043d\u0438\u0435 \u043c\u043e\u043d\u0435\u0442. \u041a\u0430\u043a \u0447\u0438\u0441\u0442\u0438\u0442\u044c \u043c\u043e\u043d\u0435\u0442\u044b \u0438 \u043d\u0430\u0445\u043e\u0434\u043a\u0438.\",\"potentialAction\":[{\"@type\":\"SearchAction\",\"target\":{\"@type\":\"EntryPoint\",\"urlTemplate\":\"https:\/\/funclean.eu\/?s={search_term_string}\"},\"query-input\":{\"@type\":\"PropertyValueSpecification\",\"valueRequired\":true,\"valueName\":\"search_term_string\"}}],\"inLanguage\":\"lt-LT\"}]}<\/script>\n<!-- \/ Yoast SEO plugin. -->","yoast_head_json":{"title":"Vario monet\u0173 konservantas. 20 ml. - Funclean","robots":{"index":"index","follow":"follow","max-snippet":"max-snippet:-1","max-image-preview":"max-image-preview:large","max-video-preview":"max-video-preview:-1"},"canonical":"https:\/\/funclean.eu\/lt\/produktas\/konservatorius\/","og_locale":"lt_LT","og_type":"article","og_title":"Vario monet\u0173 konservantas. 20 ml. - Funclean","og_description":"Konservantas skirtas monetoms saugoti. Sukuria apsaugin\u0119 pl\u0117vel\u0119 ant monetos pavir\u0161iaus, kuri apsaugo nuo aplinkos poveikio (dr\u0117gm\u0117s, saul\u0117s spinduli\u0173 ir pan.). Suteikia blizges\u012f ir pary\u0161kina monetos reljef\u0105. Pridedama: naudojimo instrukcija su nuotraukomis.","og_url":"https:\/\/funclean.eu\/lt\/produktas\/konservatorius\/","og_site_name":"Funclean","article_publisher":"https:\/\/www.facebook.com\/groups\/436887375433126\/","article_modified_time":"2024-08-23T08:59:20+00:00","og_image":[{"width":2252,"height":2252,"url":"https:\/\/funclean.eu\/wp-content\/uploads\/2024\/05\/cons-1-2.jpg","type":"image\/jpeg"}],"twitter_card":"summary_large_image","schema":{"@context":"https:\/\/schema.org","@graph":[{"@type":"WebPage","@id":"https:\/\/funclean.eu\/lt\/produktas\/konservatorius\/","url":"https:\/\/funclean.eu\/lt\/produktas\/konservatorius\/","name":"Vario monet\u0173 konservantas. 20 ml. - Funclean","isPartOf":{"@id":"https:\/\/funclean.eu\/#website"},"primaryImageOfPage":{"@id":"https:\/\/funclean.eu\/lt\/produktas\/konservatorius\/#primaryimage"},"image":{"@id":"https:\/\/funclean.eu\/lt\/produktas\/konservatorius\/#primaryimage"},"thumbnailUrl":"https:\/\/funclean.eu\/wp-content\/uploads\/2024\/05\/cons-1-2.jpg","datePublished":"2024-05-18T19:07:56+00:00","dateModified":"2024-08-23T08:59:20+00:00","breadcrumb":{"@id":"https:\/\/funclean.eu\/lt\/produktas\/konservatorius\/#breadcrumb"},"inLanguage":"lt-LT","potentialAction":[{"@type":"ReadAction","target":["https:\/\/funclean.eu\/lt\/produktas\/konservatorius\/"]}]},{"@type":"ImageObject","inLanguage":"lt-LT","@id":"https:\/\/funclean.eu\/lt\/produktas\/konservatorius\/#primaryimage","url":"https:\/\/funclean.eu\/wp-content\/uploads\/2024\/05\/cons-1-2.jpg","contentUrl":"https:\/\/funclean.eu\/wp-content\/uploads\/2024\/05\/cons-1-2.jpg","width":2252,"height":2252},{"@type":"BreadcrumbList","@id":"https:\/\/funclean.eu\/lt\/produktas\/konservatorius\/#breadcrumb","itemListElement":[{"@type":"ListItem","position":1,"name":"\u0413\u043b\u0430\u0432\u043d\u0430\u044f \u0441\u0442\u0440\u0430\u043d\u0438\u0446\u0430","item":"https:\/\/funclean.eu\/lt\/"},{"@type":"ListItem","position":2,"name":"\u041a\u0430\u0442\u0430\u043b\u043e\u0433","item":"https:\/\/funclean.eu\/shop\/"},{"@type":"ListItem","position":3,"name":"Vario monet\u0173 konservantas. 20 ml."}]},{"@type":"WebSite","@id":"https:\/\/funclean.eu\/#website","url":"https:\/\/funclean.eu\/","name":"FUNCLEAN.EU","description":"\u041e\u0447\u0438\u0441\u0442\u043a\u0430 \u0438 \u0445\u0440\u0430\u043d\u0435\u043d\u0438\u0435 \u043c\u043e\u043d\u0435\u0442. \u041a\u0430\u043a \u0447\u0438\u0441\u0442\u0438\u0442\u044c \u043c\u043e\u043d\u0435\u0442\u044b \u0438 \u043d\u0430\u0445\u043e\u0434\u043a\u0438.","potentialAction":[{"@type":"SearchAction","target":{"@type":"EntryPoint","urlTemplate":"https:\/\/funclean.eu\/?s={search_term_string}"},"query-input":{"@type":"PropertyValueSpecification","valueRequired":true,"valueName":"search_term_string"}}],"inLanguage":"lt-LT"}]}},"jetpack_sharing_enabled":true,"_links":{"self":[{"href":"https:\/\/funclean.eu\/lt\/wp-json\/wp\/v2\/product\/3911","targetHints":{"allow":["GET"]}}],"collection":[{"href":"https:\/\/funclean.eu\/lt\/wp-json\/wp\/v2\/product"}],"about":[{"href":"https:\/\/funclean.eu\/lt\/wp-json\/wp\/v2\/types\/product"}],"replies":[{"embeddable":true,"href":"https:\/\/funclean.eu\/lt\/wp-json\/wp\/v2\/comments?post=3911"}],"wp:featuredmedia":[{"embeddable":true,"href":"https:\/\/funclean.eu\/lt\/wp-json\/wp\/v2\/media\/3809"}],"wp:attachment":[{"href":"https:\/\/funclean.eu\/lt\/wp-json\/wp\/v2\/media?parent=3911"}],"wp:term":[{"taxonomy":"product_brand","embeddable":true,"href":"https:\/\/funclean.eu\/lt\/wp-json\/wp\/v2\/product_brand?post=3911"},{"taxonomy":"product_cat","embeddable":true,"href":"https:\/\/funclean.eu\/lt\/wp-json\/wp\/v2\/product_cat?post=3911"},{"taxonomy":"product_tag","embeddable":true,"href":"https:\/\/funclean.eu\/lt\/wp-json\/wp\/v2\/product_tag?post=3911"}],"curies":[{"name":"wp","href":"https:\/\/api.w.org\/{rel}","templated":true}]}}