{"id":5121,"date":"2024-06-03T12:37:49","date_gmt":"2024-06-03T12:37:49","guid":{"rendered":"https:\/\/funclean.eu\/kaip-tinkamai-valyti-surudijusia-gelezi-su-funclean\/"},"modified":"2024-06-03T12:37:59","modified_gmt":"2024-06-03T12:37:59","slug":"kaip-tinkamai-valyti-surudijusia-gelezi-su-funclean","status":"publish","type":"page","link":"https:\/\/funclean.eu\/lt\/kaip-tinkamai-valyti-surudijusia-gelezi-su-funclean\/","title":{"rendered":"Kaip tinkamai valyti sur\u016bdijusi\u0105 gele\u017e\u012f su &#8222;Funclean&#8221;."},"content":{"rendered":"\n<p><strong>SVARBU!  <\/strong>Stipriai sur\u016bdijusi\u0105 gele\u017e\u012f galima mirkyti tirpale kelias dienas! Iki savait\u0117s (168 valand\u0173).<\/p>\n\n<p>Dirbdami d\u0117v\u0117kite gumines pir\u0161tines, respiratori\u0173 ir apsauginius akinius.<\/p>\n\n<p>Sur\u016bdijus\u012f gamin\u012f i\u0161 anksto apdorokite metaliniu \u0161epe\u010diu (rasite m\u016bs\u0173 kataloge).<\/p>\n\n<figure class=\"wp-block-gallery has-nested-images columns-default is-cropped wp-block-gallery-1 is-layout-flex wp-block-gallery-is-layout-flex\">\n<figure class=\"wp-block-image size-large\"><img fetchpriority=\"high\" decoding=\"async\" width=\"1024\" height=\"1022\" data-id=\"5088\" src=\"https:\/\/funclean.eu\/wp-content\/uploads\/2024\/06\/1-1024x1022.jpg\" alt=\"\" class=\"wp-image-5088\" srcset=\"https:\/\/funclean.eu\/wp-content\/uploads\/2024\/06\/1-1024x1022.jpg 1024w, https:\/\/funclean.eu\/wp-content\/uploads\/2024\/06\/1-300x300.jpg 300w, https:\/\/funclean.eu\/wp-content\/uploads\/2024\/06\/1-150x150.jpg 150w, https:\/\/funclean.eu\/wp-content\/uploads\/2024\/06\/1-768x767.jpg 768w, https:\/\/funclean.eu\/wp-content\/uploads\/2024\/06\/1-700x699.jpg 700w, https:\/\/funclean.eu\/wp-content\/uploads\/2024\/06\/1-100x100.jpg 100w, https:\/\/funclean.eu\/wp-content\/uploads\/2024\/06\/1.jpg 1080w\" sizes=\"(max-width: 1024px) 100vw, 1024px\" \/><\/figure>\n\n\n\n<figure class=\"wp-block-image size-large\"><img decoding=\"async\" width=\"1080\" height=\"1078\" data-id=\"5084\" src=\"https:\/\/funclean.eu\/wp-content\/uploads\/2024\/06\/2-1024x1022.jpg\" alt=\"\" class=\"wp-image-5084\" srcset=\"https:\/\/funclean.eu\/wp-content\/uploads\/2024\/06\/2-1024x1022.jpg 1024w, https:\/\/funclean.eu\/wp-content\/uploads\/2024\/06\/2-300x300.jpg 300w, https:\/\/funclean.eu\/wp-content\/uploads\/2024\/06\/2-150x150.jpg 150w, https:\/\/funclean.eu\/wp-content\/uploads\/2024\/06\/2-768x767.jpg 768w, https:\/\/funclean.eu\/wp-content\/uploads\/2024\/06\/2-800x800.jpg 800w, https:\/\/funclean.eu\/wp-content\/uploads\/2024\/06\/2-700x699.jpg 700w, https:\/\/funclean.eu\/wp-content\/uploads\/2024\/06\/2-100x100.jpg 100w, https:\/\/funclean.eu\/wp-content\/uploads\/2024\/06\/2.jpg 1080w\" sizes=\"(max-width: 1080px) 100vw, 1080px\" \/><\/figure>\n<\/figure>\n\n<p>\u012ed\u0117kite sur\u016bdijusi\u0105 gele\u017e\u012f \u012f ind\u0105 ir u\u017epilkite &#8222;Funclean&#8221; valymo tirpalu taip, kad ji b\u016bt\u0173 visi\u0161kai panardinta \u012f skyst\u012f.<\/p>\n\n<p>Periodi\u0161kai i\u0161traukite produkt\u0105 i\u0161 valiklio ir \u012ftrinkite j\u012f metaliniu \u0161epe\u010diu. Tam tikslui naudokite \u0161ilto vandens voni\u0105.<\/p>\n\n<p>Valymo greitis priklauso nuo metalo korozijos laipsnio. Kartais gali prireikti keli\u0173 dien\u0173, kad b\u016bt\u0173 visi\u0161kai i\u0161valytas.<\/p>\n\n<p>Produktas pa\u0161alina tik r\u016bdis, bet nepa\u0161alina nuo metalo da\u017e\u0173 ir kit\u0173 dang\u0173, jei toki\u0173 yra.<\/p>\n\n<figure class=\"wp-block-gallery has-nested-images columns-default is-cropped wp-block-gallery-2 is-layout-flex wp-block-gallery-is-layout-flex\">\n<figure class=\"wp-block-image size-large\"><img decoding=\"async\" width=\"1024\" height=\"1022\" data-id=\"5093\" src=\"https:\/\/funclean.eu\/wp-content\/uploads\/2024\/06\/3-1024x1022.jpg\" alt=\"\" class=\"wp-image-5093\" srcset=\"https:\/\/funclean.eu\/wp-content\/uploads\/2024\/06\/3-1024x1022.jpg 1024w, https:\/\/funclean.eu\/wp-content\/uploads\/2024\/06\/3-300x300.jpg 300w, https:\/\/funclean.eu\/wp-content\/uploads\/2024\/06\/3-150x150.jpg 150w, https:\/\/funclean.eu\/wp-content\/uploads\/2024\/06\/3-768x767.jpg 768w, https:\/\/funclean.eu\/wp-content\/uploads\/2024\/06\/3-700x699.jpg 700w, https:\/\/funclean.eu\/wp-content\/uploads\/2024\/06\/3-100x100.jpg 100w, https:\/\/funclean.eu\/wp-content\/uploads\/2024\/06\/3.jpg 1080w\" sizes=\"(max-width: 1024px) 100vw, 1024px\" \/><\/figure>\n\n\n\n<figure class=\"wp-block-image size-large\"><img loading=\"lazy\" decoding=\"async\" width=\"1024\" height=\"1022\" data-id=\"5098\" src=\"https:\/\/funclean.eu\/wp-content\/uploads\/2024\/06\/4-1024x1022.jpg\" alt=\"\" class=\"wp-image-5098\" srcset=\"https:\/\/funclean.eu\/wp-content\/uploads\/2024\/06\/4-1024x1022.jpg 1024w, https:\/\/funclean.eu\/wp-content\/uploads\/2024\/06\/4-300x300.jpg 300w, https:\/\/funclean.eu\/wp-content\/uploads\/2024\/06\/4-150x150.jpg 150w, https:\/\/funclean.eu\/wp-content\/uploads\/2024\/06\/4-768x767.jpg 768w, https:\/\/funclean.eu\/wp-content\/uploads\/2024\/06\/4-700x699.jpg 700w, https:\/\/funclean.eu\/wp-content\/uploads\/2024\/06\/4-100x100.jpg 100w, https:\/\/funclean.eu\/wp-content\/uploads\/2024\/06\/4.jpg 1080w\" sizes=\"(max-width: 1024px) 100vw, 1024px\" \/><\/figure>\n\n\n\n<figure class=\"wp-block-image size-large\"><img loading=\"lazy\" decoding=\"async\" width=\"1024\" height=\"1022\" data-id=\"5097\" src=\"https:\/\/funclean.eu\/wp-content\/uploads\/2024\/06\/5-1024x1022.jpg\" alt=\"\" class=\"wp-image-5097\" srcset=\"https:\/\/funclean.eu\/wp-content\/uploads\/2024\/06\/5-1024x1022.jpg 1024w, https:\/\/funclean.eu\/wp-content\/uploads\/2024\/06\/5-300x300.jpg 300w, https:\/\/funclean.eu\/wp-content\/uploads\/2024\/06\/5-150x150.jpg 150w, https:\/\/funclean.eu\/wp-content\/uploads\/2024\/06\/5-768x767.jpg 768w, https:\/\/funclean.eu\/wp-content\/uploads\/2024\/06\/5-700x699.jpg 700w, https:\/\/funclean.eu\/wp-content\/uploads\/2024\/06\/5-100x100.jpg 100w, https:\/\/funclean.eu\/wp-content\/uploads\/2024\/06\/5.jpg 1080w\" sizes=\"(max-width: 1024px) 100vw, 1024px\" \/><\/figure>\n\n\n\n<figure class=\"wp-block-image size-large\"><img loading=\"lazy\" decoding=\"async\" width=\"1024\" height=\"1022\" data-id=\"5092\" src=\"https:\/\/funclean.eu\/wp-content\/uploads\/2024\/06\/6-1024x1022.jpg\" alt=\"\" class=\"wp-image-5092\" srcset=\"https:\/\/funclean.eu\/wp-content\/uploads\/2024\/06\/6-1024x1022.jpg 1024w, https:\/\/funclean.eu\/wp-content\/uploads\/2024\/06\/6-300x300.jpg 300w, https:\/\/funclean.eu\/wp-content\/uploads\/2024\/06\/6-150x150.jpg 150w, https:\/\/funclean.eu\/wp-content\/uploads\/2024\/06\/6-768x767.jpg 768w, https:\/\/funclean.eu\/wp-content\/uploads\/2024\/06\/6-700x699.jpg 700w, https:\/\/funclean.eu\/wp-content\/uploads\/2024\/06\/6-100x100.jpg 100w, https:\/\/funclean.eu\/wp-content\/uploads\/2024\/06\/6.jpg 1080w\" sizes=\"(max-width: 1024px) 100vw, 1024px\" \/><\/figure>\n<\/figure>\n\n<p>Pasagai i\u0161valyti prireik\u0117 ma\u017edaug 60 valand\u0173. Pasaga buvo smarkiai padengta r\u016bdimis.<\/p>\n\n<p>GAMINYS NER\u016aDIJA METALO! Pa\u0161alina tik r\u016bdis!<\/p>\n\n<p>Po 60 valand\u0173 (apytiksliai) r\u016bdys nuo pasagos visi\u0161kai pa\u0161alintos. Matosi juodos dangos liku\u010diai, kuriuos sl\u0117p\u0117 r\u016bdys.<\/p>\n\n<p>Visi\u0161kai i\u0161valius gamin\u012f, j\u012f reikia nu\u0161veisti metaliniu \u0161epe\u010diu ir i\u0161d\u017eiovinti. Rekomenduojama produkt\u0105 konservuoti, tai galima padaryti naudojant specialius preparatus arba verdant variklin\u0117je alyvoje.<\/p>\n\n<figure class=\"wp-block-gallery has-nested-images columns-default is-cropped wp-block-gallery-3 is-layout-flex wp-block-gallery-is-layout-flex\">\n<figure class=\"wp-block-image size-large\"><img loading=\"lazy\" decoding=\"async\" width=\"1024\" height=\"1022\" data-id=\"5108\" src=\"https:\/\/funclean.eu\/wp-content\/uploads\/2024\/06\/7-1024x1022.jpg\" alt=\"\" class=\"wp-image-5108\" srcset=\"https:\/\/funclean.eu\/wp-content\/uploads\/2024\/06\/7-1024x1022.jpg 1024w, https:\/\/funclean.eu\/wp-content\/uploads\/2024\/06\/7-300x300.jpg 300w, https:\/\/funclean.eu\/wp-content\/uploads\/2024\/06\/7-150x150.jpg 150w, https:\/\/funclean.eu\/wp-content\/uploads\/2024\/06\/7-768x767.jpg 768w, https:\/\/funclean.eu\/wp-content\/uploads\/2024\/06\/7-700x699.jpg 700w, https:\/\/funclean.eu\/wp-content\/uploads\/2024\/06\/7-100x100.jpg 100w, https:\/\/funclean.eu\/wp-content\/uploads\/2024\/06\/7.jpg 1080w\" sizes=\"(max-width: 1024px) 100vw, 1024px\" \/><\/figure>\n\n\n\n<figure class=\"wp-block-image size-large\"><img loading=\"lazy\" decoding=\"async\" width=\"1024\" height=\"1022\" data-id=\"5109\" src=\"https:\/\/funclean.eu\/wp-content\/uploads\/2024\/06\/8-1024x1022.jpg\" alt=\"\" class=\"wp-image-5109\" srcset=\"https:\/\/funclean.eu\/wp-content\/uploads\/2024\/06\/8-1024x1022.jpg 1024w, https:\/\/funclean.eu\/wp-content\/uploads\/2024\/06\/8-300x300.jpg 300w, https:\/\/funclean.eu\/wp-content\/uploads\/2024\/06\/8-150x150.jpg 150w, https:\/\/funclean.eu\/wp-content\/uploads\/2024\/06\/8-768x767.jpg 768w, https:\/\/funclean.eu\/wp-content\/uploads\/2024\/06\/8-700x699.jpg 700w, https:\/\/funclean.eu\/wp-content\/uploads\/2024\/06\/8-100x100.jpg 100w, https:\/\/funclean.eu\/wp-content\/uploads\/2024\/06\/8.jpg 1080w\" sizes=\"(max-width: 1024px) 100vw, 1024px\" \/><\/figure>\n<\/figure>\n","protected":false},"excerpt":{"rendered":"<p>SVARBU! Stipriai sur\u016bdijusi\u0105 gele\u017e\u012f galima mirkyti tirpale kelias dienas! Iki savait\u0117s (168 valand\u0173). Dirbdami d\u0117v\u0117kite gumines pir\u0161tines, respiratori\u0173 ir apsauginius akinius. Sur\u016bdijus\u012f gamin\u012f i\u0161 anksto apdorokite metaliniu \u0161epe\u010diu (rasite m\u016bs\u0173 kataloge). \u012ed\u0117kite sur\u016bdijusi\u0105 gele\u017e\u012f \u012f ind\u0105 ir u\u017epilkite &#8222;Funclean&#8221; valymo tirpalu taip, kad ji b\u016bt\u0173 visi\u0161kai panardinta \u012f skyst\u012f. Periodi\u0161kai i\u0161traukite produkt\u0105 i\u0161 valiklio ir&#8230;<\/p>\n","protected":false},"author":1,"featured_media":0,"parent":0,"menu_order":0,"comment_status":"closed","ping_status":"closed","template":"","meta":{"_kadence_starter_templates_imported_post":false,"_kad_post_transparent":"","_kad_post_title":"","_kad_post_layout":"","_kad_post_sidebar_id":"","_kad_post_content_style":"","_kad_post_vertical_padding":"","_kad_post_feature":"","_kad_post_feature_position":"","_kad_post_header":false,"_kad_post_footer":false,"footnotes":""},"class_list":["post-5121","page","type-page","status-publish","hentry"],"jetpack_sharing_enabled":true,"_links":{"self":[{"href":"https:\/\/funclean.eu\/lt\/wp-json\/wp\/v2\/pages\/5121","targetHints":{"allow":["GET"]}}],"collection":[{"href":"https:\/\/funclean.eu\/lt\/wp-json\/wp\/v2\/pages"}],"about":[{"href":"https:\/\/funclean.eu\/lt\/wp-json\/wp\/v2\/types\/page"}],"author":[{"embeddable":true,"href":"https:\/\/funclean.eu\/lt\/wp-json\/wp\/v2\/users\/1"}],"replies":[{"embeddable":true,"href":"https:\/\/funclean.eu\/lt\/wp-json\/wp\/v2\/comments?post=5121"}],"version-history":[{"count":1,"href":"https:\/\/funclean.eu\/lt\/wp-json\/wp\/v2\/pages\/5121\/revisions"}],"predecessor-version":[{"id":5122,"href":"https:\/\/funclean.eu\/lt\/wp-json\/wp\/v2\/pages\/5121\/revisions\/5122"}],"wp:attachment":[{"href":"https:\/\/funclean.eu\/lt\/wp-json\/wp\/v2\/media?parent=5121"}],"curies":[{"name":"wp","href":"https:\/\/api.w.org\/{rel}","templated":true}]}}