{"id":4997,"date":"2024-05-28T18:41:04","date_gmt":"2024-05-28T18:41:04","guid":{"rendered":"https:\/\/funclean.eu\/kaip-tinkamai-patinuoti-varinius-daiktus-naudojant-funclean-patinavimo-priemone-2\/"},"modified":"2024-05-28T18:49:19","modified_gmt":"2024-05-28T18:49:19","slug":"kaip-tinkamai-patinuoti-varinius-daiktus-naudojant-funclean-patinavimo-priemone-2","status":"publish","type":"page","link":"https:\/\/funclean.eu\/lt\/kaip-tinkamai-patinuoti-varinius-daiktus-naudojant-funclean-patinavimo-priemone-2\/","title":{"rendered":"Kaip tinkamai patinuoti varinius daiktus naudojant &#8220;Funclean&#8221; patinavimo priemon\u0119."},"content":{"rendered":"\n<ol class=\"wp-block-list\">\n<li><strong>&#8220;Funclean&#8221; patinavimo priemon\u0117 skirta varin\u0117ms monetoms ir vario gaminiams patinuoti. Galima \u012fsigyti 280 ml talpyklose. ir 1 litr\u0105.<\/strong><\/li>\n<\/ol>\n\n<figure class=\"wp-block-gallery has-nested-images columns-default is-cropped wp-block-gallery-1 is-layout-flex wp-block-gallery-is-layout-flex\">\n<figure class=\"wp-block-image size-large\"><img fetchpriority=\"high\" decoding=\"async\" width=\"1024\" height=\"1024\" data-id=\"3757\" src=\"https:\/\/funclean.eu\/wp-content\/uploads\/2020\/10\/pat-1-1024x1024.jpg\" alt=\"\" class=\"wp-image-3757\" srcset=\"https:\/\/funclean.eu\/wp-content\/uploads\/2020\/10\/pat-1-1024x1024.jpg 1024w, https:\/\/funclean.eu\/wp-content\/uploads\/2020\/10\/pat-1-300x300.jpg 300w, https:\/\/funclean.eu\/wp-content\/uploads\/2020\/10\/pat-1-150x150.jpg 150w, https:\/\/funclean.eu\/wp-content\/uploads\/2020\/10\/pat-1-768x768.jpg 768w, https:\/\/funclean.eu\/wp-content\/uploads\/2020\/10\/pat-1-1536x1536.jpg 1536w, https:\/\/funclean.eu\/wp-content\/uploads\/2020\/10\/pat-1-2048x2048.jpg 2048w, https:\/\/funclean.eu\/wp-content\/uploads\/2020\/10\/pat-1-800x800.jpg 800w, https:\/\/funclean.eu\/wp-content\/uploads\/2020\/10\/pat-1-700x700.jpg 700w, https:\/\/funclean.eu\/wp-content\/uploads\/2020\/10\/pat-1-100x100.jpg 100w\" sizes=\"(max-width: 1024px) 100vw, 1024px\" \/><\/figure>\n\n\n\n<figure class=\"wp-block-image size-large\"><img decoding=\"async\" width=\"1024\" height=\"1024\" data-id=\"3826\" src=\"https:\/\/funclean.eu\/wp-content\/uploads\/2020\/10\/pat-b-1-1024x1024.jpg\" alt=\"\" class=\"wp-image-3826\" srcset=\"https:\/\/funclean.eu\/wp-content\/uploads\/2020\/10\/pat-b-1-1024x1024.jpg 1024w, https:\/\/funclean.eu\/wp-content\/uploads\/2020\/10\/pat-b-1-300x300.jpg 300w, https:\/\/funclean.eu\/wp-content\/uploads\/2020\/10\/pat-b-1-150x150.jpg 150w, https:\/\/funclean.eu\/wp-content\/uploads\/2020\/10\/pat-b-1-768x768.jpg 768w, https:\/\/funclean.eu\/wp-content\/uploads\/2020\/10\/pat-b-1-1536x1536.jpg 1536w, https:\/\/funclean.eu\/wp-content\/uploads\/2020\/10\/pat-b-1-2048x2048.jpg 2048w, https:\/\/funclean.eu\/wp-content\/uploads\/2020\/10\/pat-b-1-800x800.jpg 800w, https:\/\/funclean.eu\/wp-content\/uploads\/2020\/10\/pat-b-1-700x700.jpg 700w, https:\/\/funclean.eu\/wp-content\/uploads\/2020\/10\/pat-b-1-100x100.jpg 100w\" sizes=\"(max-width: 1024px) 100vw, 1024px\" \/><\/figure>\n<\/figure>\n\n<p><strong>2. Moneta ar kitas varinis daiktas turi b\u016bti visi\u0161kai nuvalytas iki metalo. Tai galima padaryti \u017ealvariniu \u0161epe\u010diu. \u017dalvarinis \u0161epet\u0117lis nesubrai\u017eo monetos, o tik j\u0105 nupoliruoja!<\/strong><\/p>\n\n<figure class=\"wp-block-image\"><img decoding=\"async\" src=\"https:\/\/funclean.eu\/wp-content\/uploads\/2024\/02\/%D0%98%D0%B7%D0%BE%D0%B1%D1%80%D0%B0%D0%B6%D0%B5%D0%BD%D0%B8%D0%B53-%D0%BA%D0%BE%D0%BF%D0%B8%D1%8F-1024x576.jpg\" alt=\"\" class=\"wp-image-1968\"\/><\/figure>\n\n<p><strong>Taip atrodo i\u0161valyta moneta:<\/strong><\/p>\n\n<figure class=\"wp-block-image\"><img decoding=\"async\" src=\"https:\/\/funclean.eu\/wp-content\/uploads\/2024\/02\/%D0%98%D0%B7%D0%BE%D0%B1%D1%80%D0%B0%D0%B6%D0%B5%D0%BD%D0%B8%D0%B52-%D0%BA%D0%BE%D0%BF%D0%B8%D1%8F-1024x576.jpg\" alt=\"\" class=\"wp-image-1971\"\/><\/figure>\n\n<p><strong>3. \u012e metalin\u012f puodel\u012f \u012fpilkite vandens.<\/strong> <strong>\u012e stiklin\u012f duben\u012f supilkite patinavimo priemon\u0119.<\/strong><\/p>\n\n<figure class=\"wp-block-image\"><img decoding=\"async\" src=\"https:\/\/funclean.eu\/wp-content\/uploads\/2024\/02\/%D0%98%D0%B7%D0%BE%D0%B1%D1%80%D0%B0%D0%B6%D0%B5%D0%BD%D0%B8%D0%B510-1024x576.jpg\" alt=\"\" class=\"wp-image-2014\"\/><\/figure>\n\n<figure class=\"wp-block-image\"><img decoding=\"async\" width=\"1024\" height=\"576\" src=\"https:\/\/funclean.eu\/wp-content\/uploads\/2024\/02\/5-1024x576.jpg\" alt=\"\" class=\"wp-image-1982\" srcset=\"https:\/\/funclean.eu\/wp-content\/uploads\/2024\/02\/5-1024x576.jpg 1024w, https:\/\/funclean.eu\/wp-content\/uploads\/2024\/02\/5-300x169.jpg 300w, https:\/\/funclean.eu\/wp-content\/uploads\/2024\/02\/5-768x432.jpg 768w, https:\/\/funclean.eu\/wp-content\/uploads\/2024\/02\/5-1536x864.jpg 1536w, https:\/\/funclean.eu\/wp-content\/uploads\/2024\/02\/5-700x394.jpg 700w, https:\/\/funclean.eu\/wp-content\/uploads\/2024\/02\/5.jpg 1920w\" sizes=\"(max-width: 1024px) 100vw, 1024px\" \/><\/figure>\n\n<p><strong>4. D\u0117v\u0117kite respiratori\u0173! (Garai yra bekvapiai ir netoksi\u0161ki).<\/strong><\/p>\n\n<figure class=\"wp-block-image\"><img loading=\"lazy\" decoding=\"async\" width=\"1024\" height=\"853\" src=\"https:\/\/funclean.eu\/wp-content\/uploads\/2024\/02\/1200x1000-1024x853.jpg\" alt=\"\" class=\"wp-image-2060\" srcset=\"https:\/\/funclean.eu\/wp-content\/uploads\/2024\/02\/1200x1000-1024x853.jpg 1024w, https:\/\/funclean.eu\/wp-content\/uploads\/2024\/02\/1200x1000-300x250.jpg 300w, https:\/\/funclean.eu\/wp-content\/uploads\/2024\/02\/1200x1000-768x640.jpg 768w, https:\/\/funclean.eu\/wp-content\/uploads\/2024\/02\/1200x1000-700x583.jpg 700w, https:\/\/funclean.eu\/wp-content\/uploads\/2024\/02\/1200x1000.jpg 1200w\" sizes=\"(max-width: 1024px) 100vw, 1024px\" \/><\/figure>\n\n<p><strong>5. \u012ejunkite elektrin\u0119 kaitlent\u0119 arba dujin\u012f degikl\u012f (savo nuo\u017ei\u016bra) ir u\u017evirinkite vanden\u012f. Palaukite kelias minutes, kol patinavimo tirpalas su\u0161ils iki 80 laipsni\u0173.<\/strong><\/p>\n\n<figure class=\"wp-block-image\"><img decoding=\"async\" src=\"https:\/\/funclean.eu\/wp-content\/uploads\/2024\/02\/%D0%98%D0%B7%D0%BE%D0%B1%D1%80%D0%B0%D0%B6%D0%B5%D0%BD%D0%B8%D0%B57-1024x576.jpg\" alt=\"\" class=\"wp-image-1988\"\/><\/figure>\n\n<p><strong>6. I\u0161tepkite monet\u0105 ar kit\u0105 varin\u012f daikt\u0105 alkoholiu.<\/strong><\/p>\n\n<figure class=\"wp-block-image\"><img decoding=\"async\" src=\"https:\/\/funclean.eu\/wp-content\/uploads\/2024\/02\/%D0%98%D0%B7%D0%BE%D0%B1%D1%80%D0%B0%D0%B6%D0%B5%D0%BD%D0%B8%D0%B56-1024x576.jpg\" alt=\"\" class=\"wp-image-1991\"\/><\/figure>\n\n<p><strong>7. Panardinkite monet\u0105 ar varin\u012f daikt\u0105 \u012f patinavimo tirpal\u0105. Patinuoti galima nuo 1 iki 30 minu\u010di\u0173 ar ilgiau, priklausomai nuo to, koki\u0105 patinos spalv\u0105 norite gauti. Rekomenduojama periodi\u0161kai apversti dirbin\u012f patinavimo skystyje. (Idealu po gaminiu naudoti adatin\u012f nemetalin\u012f pagalv\u0117l\u0119).<\/strong><\/p>\n\n<figure class=\"wp-block-image\"><img decoding=\"async\" src=\"https:\/\/funclean.eu\/wp-content\/uploads\/2024\/02\/%D0%98%D0%B7%D0%BE%D0%B1%D1%80%D0%B0%D0%B6%D0%B5%D0%BD%D0%B8%D0%B511-1024x576.jpg\" alt=\"\" class=\"wp-image-2008\"\/><\/figure>\n\n<p><strong>Norint tolygiai u\u017etepti patin\u0105<\/strong>, patartina <strong>naudoti nemetalin\u012f adatos \u012fd\u0117kl\u0105<\/strong>:<\/p>\n\n<figure class=\"wp-block-image\"><img loading=\"lazy\" decoding=\"async\" width=\"1000\" height=\"1000\" src=\"https:\/\/funclean.eu\/wp-content\/uploads\/2024\/02\/2.jpg\" alt=\"\" class=\"wp-image-2011\" srcset=\"https:\/\/funclean.eu\/wp-content\/uploads\/2024\/02\/2.jpg 1000w, https:\/\/funclean.eu\/wp-content\/uploads\/2024\/02\/2-300x300.jpg 300w, https:\/\/funclean.eu\/wp-content\/uploads\/2024\/02\/2-150x150.jpg 150w, https:\/\/funclean.eu\/wp-content\/uploads\/2024\/02\/2-768x768.jpg 768w, https:\/\/funclean.eu\/wp-content\/uploads\/2024\/02\/2-800x800.jpg 800w, https:\/\/funclean.eu\/wp-content\/uploads\/2024\/02\/2-700x700.jpg 700w, https:\/\/funclean.eu\/wp-content\/uploads\/2024\/02\/2-100x100.jpg 100w\" sizes=\"(max-width: 1000px) 100vw, 1000px\" \/><\/figure>\n\n<p><strong>8. Pra\u0117jus reikiamam laikui (nuo 1 minut\u0117s iki 30 ar daugiau minu\u010di\u0173, priklausomai nuo to, kokios spalvos patin\u0105 norite i\u0161gauti), i\u0161imkite monet\u0105 ar kit\u0105 varin\u012f daikt\u0105 ir nuplaukite j\u012f \u0161iltu vandeniu. Nuvalykite \u0161luoste ir i\u0161d\u017eiovinkite.<\/strong><\/p>\n\n<figure class=\"wp-block-image\"><img decoding=\"async\" src=\"https:\/\/funclean.eu\/wp-content\/uploads\/2024\/02\/%D0%98%D0%B7%D0%BE%D0%B1%D1%80%D0%B0%D0%B6%D0%B5%D0%BD%D0%B8%D0%B511-1-1024x576.jpg\" alt=\"\" class=\"wp-image-2017\"\/><\/figure>\n\n<figure class=\"wp-block-image\"><img decoding=\"async\" src=\"https:\/\/funclean.eu\/wp-content\/uploads\/2024\/02\/%D0%98%D0%B7%D0%BE%D0%B1%D1%80%D0%B0%D0%B6%D0%B5%D0%BD%D0%B8%D0%B513-1024x576.jpg\" alt=\"\" class=\"wp-image-2023\"\/><\/figure>\n\n<p><strong>9. \u017dr. rezultat\u0105. Jei norite tamsesn\u0117s patinos, \u012fd\u0117kite dirbin\u012f \u012f patinavimo priemon\u0119 ir palaukite dar kelias minutes.<\/strong><\/p>\n\n<figure class=\"wp-block-image\"><img decoding=\"async\" src=\"https:\/\/funclean.eu\/wp-content\/uploads\/2024\/02\/%D0%98%D0%B7%D0%BE%D0%B1%D1%80%D0%B0%D0%B6%D0%B5%D0%BD%D0%B8%D0%B515-1024x576.jpg\" alt=\"\" class=\"wp-image-2026\"\/><\/figure>\n\n<p><strong>10. Rezultatas<\/strong>.<\/p>\n\n<p><strong>1 minut\u0117:<\/strong><\/p>\n\n<figure class=\"wp-block-image\"><img decoding=\"async\" src=\"https:\/\/funclean.eu\/wp-content\/uploads\/2024\/02\/%D0%98%D0%B7%D0%BE%D0%B1%D1%80%D0%B0%D0%B6%D0%B5%D0%BD%D0%B8%D0%B530-1024x576.jpg\" alt=\"\" class=\"wp-image-2071\"\/><\/figure>\n\n<figure class=\"wp-block-image\"><img decoding=\"async\" src=\"https:\/\/funclean.eu\/wp-content\/uploads\/2024\/02\/%D0%98%D0%B7%D0%BE%D0%B1%D1%80%D0%B0%D0%B6%D0%B5%D0%BD%D0%B8%D0%B531-1024x576.jpg\" alt=\"\" class=\"wp-image-2074\"\/><\/figure>\n\n<p><strong>10 minu\u010di\u0173:<\/strong><\/p>\n\n<figure class=\"wp-block-image\"><img decoding=\"async\" src=\"https:\/\/funclean.eu\/wp-content\/uploads\/2024\/02\/%D0%98%D0%B7%D0%BE%D0%B1%D1%80%D0%B0%D0%B6%D0%B5%D0%BD%D0%B8%D0%B521-1024x576.jpg\" alt=\"\" class=\"wp-image-2040\"\/><\/figure>\n\n<figure class=\"wp-block-image\"><img decoding=\"async\" src=\"https:\/\/funclean.eu\/wp-content\/uploads\/2024\/02\/%D0%98%D0%B7%D0%BE%D0%B1%D1%80%D0%B0%D0%B6%D0%B5%D0%BD%D0%B8%D0%B520-1024x576.jpg\" alt=\"\" class=\"wp-image-2043\"\/><\/figure>\n\n<p><strong>20 minu\u010di\u0173:<\/strong><\/p>\n\n<figure class=\"wp-block-image\"><img decoding=\"async\" src=\"https:\/\/funclean.eu\/wp-content\/uploads\/2024\/02\/%D0%98%D0%B7%D0%BE%D0%B1%D1%80%D0%B0%D0%B6%D0%B5%D0%BD%D0%B8%D0%B527-1024x576.jpg\" alt=\"\" class=\"wp-image-2046\"\/><\/figure>\n\n<figure class=\"wp-block-image\"><img decoding=\"async\" src=\"https:\/\/funclean.eu\/wp-content\/uploads\/2024\/02\/%D0%98%D0%B7%D0%BE%D0%B1%D1%80%D0%B0%D0%B6%D0%B5%D0%BD%D0%B8%D0%B526-%D0%BA%D0%BE%D0%BF%D0%B8%D1%8F-1024x576.jpg\" alt=\"\" class=\"wp-image-2049\"\/><\/figure>\n\n<figure class=\"wp-block-image\"><img decoding=\"async\" src=\"https:\/\/funclean.eu\/wp-content\/uploads\/2024\/02\/%D0%BF%D0%B0%D1%82%D0%B8%D0%BD%D0%B8%D1%80%D0%BE%D0%B2%D0%B0%D0%BD%D0%B8%D0%B55%D0%BA%D0%BE%D0%BF-1024x763.jpg\" alt=\"\" class=\"wp-image-2089\"\/><\/figure>\n","protected":false},"excerpt":{"rendered":"<p>2. Moneta ar kitas varinis daiktas turi b\u016bti visi\u0161kai nuvalytas iki metalo. Tai galima padaryti \u017ealvariniu \u0161epe\u010diu. \u017dalvarinis \u0161epet\u0117lis nesubrai\u017eo monetos, o tik j\u0105 nupoliruoja! Taip atrodo i\u0161valyta moneta: 3. \u012e metalin\u012f puodel\u012f \u012fpilkite vandens. \u012e stiklin\u012f duben\u012f supilkite patinavimo priemon\u0119. 4. D\u0117v\u0117kite respiratori\u0173! (Garai yra bekvapiai ir netoksi\u0161ki). 5. \u012ejunkite elektrin\u0119 kaitlent\u0119 arba dujin\u012f&#8230;<\/p>\n","protected":false},"author":1,"featured_media":0,"parent":0,"menu_order":0,"comment_status":"closed","ping_status":"closed","template":"","meta":{"_kad_post_transparent":"","_kad_post_title":"","_kad_post_layout":"","_kad_post_sidebar_id":"","_kad_post_content_style":"","_kad_post_vertical_padding":"","_kad_post_feature":"","_kad_post_feature_position":"","_kad_post_header":false,"_kad_post_footer":false,"footnotes":""},"class_list":["post-4997","page","type-page","status-publish","hentry"],"yoast_head":"<!-- This site is optimized with the Yoast SEO plugin v25.8 - https:\/\/yoast.com\/wordpress\/plugins\/seo\/ -->\n<title>Kaip tinkamai patinuoti varinius daiktus naudojant &quot;Funclean&quot; patinavimo priemon\u0119. - Funclean<\/title>\n<meta name=\"robots\" content=\"index, follow, max-snippet:-1, max-image-preview:large, max-video-preview:-1\" \/>\n<link rel=\"canonical\" href=\"https:\/\/funclean.eu\/lt\/kaip-tinkamai-patinuoti-varinius-daiktus-naudojant-funclean-patinavimo-priemone-2\/\" \/>\n<meta property=\"og:locale\" content=\"lt_LT\" \/>\n<meta property=\"og:type\" content=\"article\" \/>\n<meta property=\"og:title\" content=\"Kaip tinkamai patinuoti varinius daiktus naudojant &quot;Funclean&quot; patinavimo priemon\u0119. - Funclean\" \/>\n<meta property=\"og:description\" content=\"2. Moneta ar kitas varinis daiktas turi b\u016bti visi\u0161kai nuvalytas iki metalo. Tai galima padaryti \u017ealvariniu \u0161epe\u010diu. \u017dalvarinis \u0161epet\u0117lis nesubrai\u017eo monetos, o tik j\u0105 nupoliruoja! Taip atrodo i\u0161valyta moneta: 3. \u012e metalin\u012f puodel\u012f \u012fpilkite vandens. \u012e stiklin\u012f duben\u012f supilkite patinavimo priemon\u0119. 4. D\u0117v\u0117kite respiratori\u0173! (Garai yra bekvapiai ir netoksi\u0161ki). 5. \u012ejunkite elektrin\u0119 kaitlent\u0119 arba dujin\u012f...\" \/>\n<meta property=\"og:url\" content=\"https:\/\/funclean.eu\/lt\/kaip-tinkamai-patinuoti-varinius-daiktus-naudojant-funclean-patinavimo-priemone-2\/\" \/>\n<meta property=\"og:site_name\" content=\"Funclean\" \/>\n<meta property=\"article:publisher\" content=\"https:\/\/www.facebook.com\/groups\/436887375433126\/\" \/>\n<meta property=\"article:modified_time\" content=\"2024-05-28T18:49:19+00:00\" \/>\n<meta property=\"og:image\" content=\"https:\/\/funclean.eu\/wp-content\/uploads\/2020\/10\/pat-1-1024x1024.jpg\" \/>\n<meta name=\"twitter:card\" content=\"summary_large_image\" \/>\n<meta name=\"twitter:label1\" content=\"Est. reading time\" \/>\n\t<meta name=\"twitter:data1\" content=\"1 minut\u0117\" \/>\n<script type=\"application\/ld+json\" class=\"yoast-schema-graph\">{\"@context\":\"https:\/\/schema.org\",\"@graph\":[{\"@type\":\"WebPage\",\"@id\":\"https:\/\/funclean.eu\/lt\/kaip-tinkamai-patinuoti-varinius-daiktus-naudojant-funclean-patinavimo-priemone-2\/\",\"url\":\"https:\/\/funclean.eu\/lt\/kaip-tinkamai-patinuoti-varinius-daiktus-naudojant-funclean-patinavimo-priemone-2\/\",\"name\":\"Kaip tinkamai patinuoti varinius daiktus naudojant \\\"Funclean\\\" patinavimo priemon\u0119. - Funclean\",\"isPartOf\":{\"@id\":\"https:\/\/funclean.eu\/#website\"},\"primaryImageOfPage\":{\"@id\":\"https:\/\/funclean.eu\/lt\/kaip-tinkamai-patinuoti-varinius-daiktus-naudojant-funclean-patinavimo-priemone-2\/#primaryimage\"},\"image\":{\"@id\":\"https:\/\/funclean.eu\/lt\/kaip-tinkamai-patinuoti-varinius-daiktus-naudojant-funclean-patinavimo-priemone-2\/#primaryimage\"},\"thumbnailUrl\":\"https:\/\/funclean.eu\/wp-content\/uploads\/2020\/10\/pat-1-1024x1024.jpg\",\"datePublished\":\"2024-05-28T18:41:04+00:00\",\"dateModified\":\"2024-05-28T18:49:19+00:00\",\"breadcrumb\":{\"@id\":\"https:\/\/funclean.eu\/lt\/kaip-tinkamai-patinuoti-varinius-daiktus-naudojant-funclean-patinavimo-priemone-2\/#breadcrumb\"},\"inLanguage\":\"lt-LT\",\"potentialAction\":[{\"@type\":\"ReadAction\",\"target\":[\"https:\/\/funclean.eu\/lt\/kaip-tinkamai-patinuoti-varinius-daiktus-naudojant-funclean-patinavimo-priemone-2\/\"]}]},{\"@type\":\"ImageObject\",\"inLanguage\":\"lt-LT\",\"@id\":\"https:\/\/funclean.eu\/lt\/kaip-tinkamai-patinuoti-varinius-daiktus-naudojant-funclean-patinavimo-priemone-2\/#primaryimage\",\"url\":\"https:\/\/funclean.eu\/wp-content\/uploads\/2020\/10\/pat-1-1024x1024.jpg\",\"contentUrl\":\"https:\/\/funclean.eu\/wp-content\/uploads\/2020\/10\/pat-1-1024x1024.jpg\"},{\"@type\":\"BreadcrumbList\",\"@id\":\"https:\/\/funclean.eu\/lt\/kaip-tinkamai-patinuoti-varinius-daiktus-naudojant-funclean-patinavimo-priemone-2\/#breadcrumb\",\"itemListElement\":[{\"@type\":\"ListItem\",\"position\":1,\"name\":\"\u0413\u043b\u0430\u0432\u043d\u0430\u044f \u0441\u0442\u0440\u0430\u043d\u0438\u0446\u0430\",\"item\":\"https:\/\/funclean.eu\/lt\/\"},{\"@type\":\"ListItem\",\"position\":2,\"name\":\"Kaip tinkamai patinuoti varinius daiktus naudojant &#8220;Funclean&#8221; patinavimo priemon\u0119.\"}]},{\"@type\":\"WebSite\",\"@id\":\"https:\/\/funclean.eu\/#website\",\"url\":\"https:\/\/funclean.eu\/\",\"name\":\"FUNCLEAN.EU\",\"description\":\"\u041e\u0447\u0438\u0441\u0442\u043a\u0430 \u0438 \u0445\u0440\u0430\u043d\u0435\u043d\u0438\u0435 \u043c\u043e\u043d\u0435\u0442. \u041a\u0430\u043a \u0447\u0438\u0441\u0442\u0438\u0442\u044c \u043c\u043e\u043d\u0435\u0442\u044b \u0438 \u043d\u0430\u0445\u043e\u0434\u043a\u0438.\",\"potentialAction\":[{\"@type\":\"SearchAction\",\"target\":{\"@type\":\"EntryPoint\",\"urlTemplate\":\"https:\/\/funclean.eu\/?s={search_term_string}\"},\"query-input\":{\"@type\":\"PropertyValueSpecification\",\"valueRequired\":true,\"valueName\":\"search_term_string\"}}],\"inLanguage\":\"lt-LT\"}]}<\/script>\n<!-- \/ Yoast SEO plugin. -->","yoast_head_json":{"title":"Kaip tinkamai patinuoti varinius daiktus naudojant \"Funclean\" patinavimo priemon\u0119. - Funclean","robots":{"index":"index","follow":"follow","max-snippet":"max-snippet:-1","max-image-preview":"max-image-preview:large","max-video-preview":"max-video-preview:-1"},"canonical":"https:\/\/funclean.eu\/lt\/kaip-tinkamai-patinuoti-varinius-daiktus-naudojant-funclean-patinavimo-priemone-2\/","og_locale":"lt_LT","og_type":"article","og_title":"Kaip tinkamai patinuoti varinius daiktus naudojant \"Funclean\" patinavimo priemon\u0119. - Funclean","og_description":"2. Moneta ar kitas varinis daiktas turi b\u016bti visi\u0161kai nuvalytas iki metalo. Tai galima padaryti \u017ealvariniu \u0161epe\u010diu. \u017dalvarinis \u0161epet\u0117lis nesubrai\u017eo monetos, o tik j\u0105 nupoliruoja! Taip atrodo i\u0161valyta moneta: 3. \u012e metalin\u012f puodel\u012f \u012fpilkite vandens. \u012e stiklin\u012f duben\u012f supilkite patinavimo priemon\u0119. 4. D\u0117v\u0117kite respiratori\u0173! (Garai yra bekvapiai ir netoksi\u0161ki). 5. \u012ejunkite elektrin\u0119 kaitlent\u0119 arba dujin\u012f...","og_url":"https:\/\/funclean.eu\/lt\/kaip-tinkamai-patinuoti-varinius-daiktus-naudojant-funclean-patinavimo-priemone-2\/","og_site_name":"Funclean","article_publisher":"https:\/\/www.facebook.com\/groups\/436887375433126\/","article_modified_time":"2024-05-28T18:49:19+00:00","og_image":[{"url":"https:\/\/funclean.eu\/wp-content\/uploads\/2020\/10\/pat-1-1024x1024.jpg","type":"","width":"","height":""}],"twitter_card":"summary_large_image","twitter_misc":{"Est. reading time":"1 minut\u0117"},"schema":{"@context":"https:\/\/schema.org","@graph":[{"@type":"WebPage","@id":"https:\/\/funclean.eu\/lt\/kaip-tinkamai-patinuoti-varinius-daiktus-naudojant-funclean-patinavimo-priemone-2\/","url":"https:\/\/funclean.eu\/lt\/kaip-tinkamai-patinuoti-varinius-daiktus-naudojant-funclean-patinavimo-priemone-2\/","name":"Kaip tinkamai patinuoti varinius daiktus naudojant \"Funclean\" patinavimo priemon\u0119. - Funclean","isPartOf":{"@id":"https:\/\/funclean.eu\/#website"},"primaryImageOfPage":{"@id":"https:\/\/funclean.eu\/lt\/kaip-tinkamai-patinuoti-varinius-daiktus-naudojant-funclean-patinavimo-priemone-2\/#primaryimage"},"image":{"@id":"https:\/\/funclean.eu\/lt\/kaip-tinkamai-patinuoti-varinius-daiktus-naudojant-funclean-patinavimo-priemone-2\/#primaryimage"},"thumbnailUrl":"https:\/\/funclean.eu\/wp-content\/uploads\/2020\/10\/pat-1-1024x1024.jpg","datePublished":"2024-05-28T18:41:04+00:00","dateModified":"2024-05-28T18:49:19+00:00","breadcrumb":{"@id":"https:\/\/funclean.eu\/lt\/kaip-tinkamai-patinuoti-varinius-daiktus-naudojant-funclean-patinavimo-priemone-2\/#breadcrumb"},"inLanguage":"lt-LT","potentialAction":[{"@type":"ReadAction","target":["https:\/\/funclean.eu\/lt\/kaip-tinkamai-patinuoti-varinius-daiktus-naudojant-funclean-patinavimo-priemone-2\/"]}]},{"@type":"ImageObject","inLanguage":"lt-LT","@id":"https:\/\/funclean.eu\/lt\/kaip-tinkamai-patinuoti-varinius-daiktus-naudojant-funclean-patinavimo-priemone-2\/#primaryimage","url":"https:\/\/funclean.eu\/wp-content\/uploads\/2020\/10\/pat-1-1024x1024.jpg","contentUrl":"https:\/\/funclean.eu\/wp-content\/uploads\/2020\/10\/pat-1-1024x1024.jpg"},{"@type":"BreadcrumbList","@id":"https:\/\/funclean.eu\/lt\/kaip-tinkamai-patinuoti-varinius-daiktus-naudojant-funclean-patinavimo-priemone-2\/#breadcrumb","itemListElement":[{"@type":"ListItem","position":1,"name":"\u0413\u043b\u0430\u0432\u043d\u0430\u044f \u0441\u0442\u0440\u0430\u043d\u0438\u0446\u0430","item":"https:\/\/funclean.eu\/lt\/"},{"@type":"ListItem","position":2,"name":"Kaip tinkamai patinuoti varinius daiktus naudojant &#8220;Funclean&#8221; patinavimo priemon\u0119."}]},{"@type":"WebSite","@id":"https:\/\/funclean.eu\/#website","url":"https:\/\/funclean.eu\/","name":"FUNCLEAN.EU","description":"\u041e\u0447\u0438\u0441\u0442\u043a\u0430 \u0438 \u0445\u0440\u0430\u043d\u0435\u043d\u0438\u0435 \u043c\u043e\u043d\u0435\u0442. \u041a\u0430\u043a \u0447\u0438\u0441\u0442\u0438\u0442\u044c \u043c\u043e\u043d\u0435\u0442\u044b \u0438 \u043d\u0430\u0445\u043e\u0434\u043a\u0438.","potentialAction":[{"@type":"SearchAction","target":{"@type":"EntryPoint","urlTemplate":"https:\/\/funclean.eu\/?s={search_term_string}"},"query-input":{"@type":"PropertyValueSpecification","valueRequired":true,"valueName":"search_term_string"}}],"inLanguage":"lt-LT"}]}},"jetpack_sharing_enabled":true,"_links":{"self":[{"href":"https:\/\/funclean.eu\/lt\/wp-json\/wp\/v2\/pages\/4997","targetHints":{"allow":["GET"]}}],"collection":[{"href":"https:\/\/funclean.eu\/lt\/wp-json\/wp\/v2\/pages"}],"about":[{"href":"https:\/\/funclean.eu\/lt\/wp-json\/wp\/v2\/types\/page"}],"author":[{"embeddable":true,"href":"https:\/\/funclean.eu\/lt\/wp-json\/wp\/v2\/users\/1"}],"replies":[{"embeddable":true,"href":"https:\/\/funclean.eu\/lt\/wp-json\/wp\/v2\/comments?post=4997"}],"version-history":[{"count":1,"href":"https:\/\/funclean.eu\/lt\/wp-json\/wp\/v2\/pages\/4997\/revisions"}],"predecessor-version":[{"id":4998,"href":"https:\/\/funclean.eu\/lt\/wp-json\/wp\/v2\/pages\/4997\/revisions\/4998"}],"wp:attachment":[{"href":"https:\/\/funclean.eu\/lt\/wp-json\/wp\/v2\/media?parent=4997"}],"curies":[{"name":"wp","href":"https:\/\/api.w.org\/{rel}","templated":true}]}}