{"id":4264,"date":"2023-12-26T14:52:14","date_gmt":"2023-12-26T14:52:14","guid":{"rendered":"https:\/\/funclean.eu\/taisykles-ir-salygos\/"},"modified":"2024-05-18T23:32:38","modified_gmt":"2024-05-18T23:32:38","slug":"taisykles-ir-salygos","status":"publish","type":"page","link":"https:\/\/funclean.eu\/lt\/taisykles-ir-salygos\/","title":{"rendered":"Taisykl\u0117s ir s\u0105lygos"},"content":{"rendered":"\n<p>FUNCLIEAN.EU &#8211; Naudojimo s\u0105lygos<\/p>\n\n<p>Patvirtindamas u\u017esakym\u0105 pirk\u0117jas patvirtina, kad jo registracijos duomenys yra teisingi ir kad jis gal\u0117s gauti prekes nurodytu laiku. Jei u\u017esakyt\u0173 preki\u0173 n\u0117ra m\u016bs\u0173 sand\u0117lyje, pristatymo laikas su klientu suderinamas atskiroje sutartyje. Jei klientas nori u\u017e prekes sumok\u0117ti pristatymo metu, patartina pasiruo\u0161ti tiksli\u0105 pinig\u0173 sum\u0105 &#8211; taip sutaupysite ir savo, ir kurjerio laik\u0105. Nesiun\u010diame preki\u0173 neregistruotu pa\u0161tu &#8211; tai nesaugu. Nor\u0117dami atsiimti tiesiai i\u0161 m\u016bs\u0173, ne parduotuv\u0117je, i\u0161 anksto susitarkite d\u0117l vietos ir laiko.<\/p>\n\n<p>Atsi\u0173skite savo duomenis pardavimo dokumentams &#8211; vard\u0105, pavard\u0119, adres\u0105, telefono numer\u012f, dokumentus bus paruo\u0161ti prie\u0161 susitikim\u0105.<\/p>\n\n<p>Produktui suteikiama garantija.<\/p>\n\n<p>I\u0161 m\u016bs\u0173 internetin\u0117s parduotuv\u0117s \u012fsigytas netinkamas prekes galite gr\u0105\u017einti pagal \u012fstatymus. Prek\u0117s neturi b\u016bti naudojamos, sugadintos ar praradusios savo i\u0161vaizd\u0105. Prek\u0117s turi b\u016bti originalios nepa\u017eeistoje pakuot\u0117je. Pakuot\u0117s plomb\u0173 pa\u017eeidimai nelaikomi defektu.<\/p>\n","protected":false},"excerpt":{"rendered":"<p>FUNCLIEAN.EU &#8211; Naudojimo s\u0105lygos Patvirtindamas u\u017esakym\u0105 pirk\u0117jas patvirtina, kad jo registracijos duomenys yra teisingi ir kad jis gal\u0117s gauti prekes nurodytu laiku. Jei u\u017esakyt\u0173 preki\u0173 n\u0117ra m\u016bs\u0173 sand\u0117lyje, pristatymo laikas su klientu suderinamas atskiroje sutartyje. Jei klientas nori u\u017e prekes sumok\u0117ti pristatymo metu, patartina pasiruo\u0161ti tiksli\u0105 pinig\u0173 sum\u0105 &#8211; taip sutaupysite ir savo, ir kurjerio&#8230;<\/p>\n","protected":false},"author":1,"featured_media":0,"parent":0,"menu_order":0,"comment_status":"closed","ping_status":"closed","template":"","meta":{"_kad_post_transparent":"","_kad_post_title":"","_kad_post_layout":"","_kad_post_sidebar_id":"","_kad_post_content_style":"","_kad_post_vertical_padding":"","_kad_post_feature":"","_kad_post_feature_position":"","_kad_post_header":false,"_kad_post_footer":false,"footnotes":""},"class_list":["post-4264","page","type-page","status-publish","hentry"],"yoast_head":"<!-- This site is optimized with the Yoast SEO plugin v25.8 - https:\/\/yoast.com\/wordpress\/plugins\/seo\/ -->\n<title>Taisykl\u0117s ir s\u0105lygos - Funclean<\/title>\n<meta name=\"robots\" content=\"index, follow, max-snippet:-1, max-image-preview:large, max-video-preview:-1\" \/>\n<link rel=\"canonical\" href=\"https:\/\/funclean.eu\/uslovija\/\" \/>\n<meta property=\"og:locale\" content=\"lt_LT\" \/>\n<meta property=\"og:type\" content=\"article\" \/>\n<meta property=\"og:title\" content=\"Taisykl\u0117s ir s\u0105lygos - Funclean\" \/>\n<meta property=\"og:description\" content=\"FUNCLIEAN.EU &#8211; Naudojimo s\u0105lygos Patvirtindamas u\u017esakym\u0105 pirk\u0117jas patvirtina, kad jo registracijos duomenys yra teisingi ir kad jis gal\u0117s gauti prekes nurodytu laiku. Jei u\u017esakyt\u0173 preki\u0173 n\u0117ra m\u016bs\u0173 sand\u0117lyje, pristatymo laikas su klientu suderinamas atskiroje sutartyje. Jei klientas nori u\u017e prekes sumok\u0117ti pristatymo metu, patartina pasiruo\u0161ti tiksli\u0105 pinig\u0173 sum\u0105 &#8211; taip sutaupysite ir savo, ir kurjerio...\" \/>\n<meta property=\"og:url\" content=\"https:\/\/funclean.eu\/uslovija\/\" \/>\n<meta property=\"og:site_name\" content=\"Funclean\" \/>\n<meta property=\"article:publisher\" content=\"https:\/\/www.facebook.com\/groups\/436887375433126\/\" \/>\n<meta property=\"article:modified_time\" content=\"2024-05-18T23:32:38+00:00\" \/>\n<meta name=\"twitter:card\" content=\"summary_large_image\" \/>\n<meta name=\"twitter:label1\" content=\"Est. reading time\" \/>\n\t<meta name=\"twitter:data1\" content=\"1 minut\u0117\" \/>\n<script type=\"application\/ld+json\" class=\"yoast-schema-graph\">{\"@context\":\"https:\/\/schema.org\",\"@graph\":[{\"@type\":\"WebPage\",\"@id\":\"https:\/\/funclean.eu\/uslovija\/\",\"url\":\"https:\/\/funclean.eu\/uslovija\/\",\"name\":\"Taisykl\u0117s ir s\u0105lygos - Funclean\",\"isPartOf\":{\"@id\":\"https:\/\/funclean.eu\/#website\"},\"datePublished\":\"2023-12-26T14:52:14+00:00\",\"dateModified\":\"2024-05-18T23:32:38+00:00\",\"breadcrumb\":{\"@id\":\"https:\/\/funclean.eu\/uslovija\/#breadcrumb\"},\"inLanguage\":\"lt-LT\",\"potentialAction\":[{\"@type\":\"ReadAction\",\"target\":[\"https:\/\/funclean.eu\/uslovija\/\"]}]},{\"@type\":\"BreadcrumbList\",\"@id\":\"https:\/\/funclean.eu\/uslovija\/#breadcrumb\",\"itemListElement\":[{\"@type\":\"ListItem\",\"position\":1,\"name\":\"\u0413\u043b\u0430\u0432\u043d\u0430\u044f \u0441\u0442\u0440\u0430\u043d\u0438\u0446\u0430\",\"item\":\"https:\/\/funclean.eu\/lt\/\"},{\"@type\":\"ListItem\",\"position\":2,\"name\":\"Taisykl\u0117s ir s\u0105lygos\"}]},{\"@type\":\"WebSite\",\"@id\":\"https:\/\/funclean.eu\/#website\",\"url\":\"https:\/\/funclean.eu\/\",\"name\":\"FUNCLEAN.EU\",\"description\":\"\u041e\u0447\u0438\u0441\u0442\u043a\u0430 \u0438 \u0445\u0440\u0430\u043d\u0435\u043d\u0438\u0435 \u043c\u043e\u043d\u0435\u0442. \u041a\u0430\u043a \u0447\u0438\u0441\u0442\u0438\u0442\u044c \u043c\u043e\u043d\u0435\u0442\u044b \u0438 \u043d\u0430\u0445\u043e\u0434\u043a\u0438.\",\"potentialAction\":[{\"@type\":\"SearchAction\",\"target\":{\"@type\":\"EntryPoint\",\"urlTemplate\":\"https:\/\/funclean.eu\/?s={search_term_string}\"},\"query-input\":{\"@type\":\"PropertyValueSpecification\",\"valueRequired\":true,\"valueName\":\"search_term_string\"}}],\"inLanguage\":\"lt-LT\"}]}<\/script>\n<!-- \/ Yoast SEO plugin. -->","yoast_head_json":{"title":"Taisykl\u0117s ir s\u0105lygos - Funclean","robots":{"index":"index","follow":"follow","max-snippet":"max-snippet:-1","max-image-preview":"max-image-preview:large","max-video-preview":"max-video-preview:-1"},"canonical":"https:\/\/funclean.eu\/uslovija\/","og_locale":"lt_LT","og_type":"article","og_title":"Taisykl\u0117s ir s\u0105lygos - Funclean","og_description":"FUNCLIEAN.EU &#8211; Naudojimo s\u0105lygos Patvirtindamas u\u017esakym\u0105 pirk\u0117jas patvirtina, kad jo registracijos duomenys yra teisingi ir kad jis gal\u0117s gauti prekes nurodytu laiku. Jei u\u017esakyt\u0173 preki\u0173 n\u0117ra m\u016bs\u0173 sand\u0117lyje, pristatymo laikas su klientu suderinamas atskiroje sutartyje. Jei klientas nori u\u017e prekes sumok\u0117ti pristatymo metu, patartina pasiruo\u0161ti tiksli\u0105 pinig\u0173 sum\u0105 &#8211; taip sutaupysite ir savo, ir kurjerio...","og_url":"https:\/\/funclean.eu\/uslovija\/","og_site_name":"Funclean","article_publisher":"https:\/\/www.facebook.com\/groups\/436887375433126\/","article_modified_time":"2024-05-18T23:32:38+00:00","twitter_card":"summary_large_image","twitter_misc":{"Est. reading time":"1 minut\u0117"},"schema":{"@context":"https:\/\/schema.org","@graph":[{"@type":"WebPage","@id":"https:\/\/funclean.eu\/uslovija\/","url":"https:\/\/funclean.eu\/uslovija\/","name":"Taisykl\u0117s ir s\u0105lygos - Funclean","isPartOf":{"@id":"https:\/\/funclean.eu\/#website"},"datePublished":"2023-12-26T14:52:14+00:00","dateModified":"2024-05-18T23:32:38+00:00","breadcrumb":{"@id":"https:\/\/funclean.eu\/uslovija\/#breadcrumb"},"inLanguage":"lt-LT","potentialAction":[{"@type":"ReadAction","target":["https:\/\/funclean.eu\/uslovija\/"]}]},{"@type":"BreadcrumbList","@id":"https:\/\/funclean.eu\/uslovija\/#breadcrumb","itemListElement":[{"@type":"ListItem","position":1,"name":"\u0413\u043b\u0430\u0432\u043d\u0430\u044f \u0441\u0442\u0440\u0430\u043d\u0438\u0446\u0430","item":"https:\/\/funclean.eu\/lt\/"},{"@type":"ListItem","position":2,"name":"Taisykl\u0117s ir s\u0105lygos"}]},{"@type":"WebSite","@id":"https:\/\/funclean.eu\/#website","url":"https:\/\/funclean.eu\/","name":"FUNCLEAN.EU","description":"\u041e\u0447\u0438\u0441\u0442\u043a\u0430 \u0438 \u0445\u0440\u0430\u043d\u0435\u043d\u0438\u0435 \u043c\u043e\u043d\u0435\u0442. \u041a\u0430\u043a \u0447\u0438\u0441\u0442\u0438\u0442\u044c \u043c\u043e\u043d\u0435\u0442\u044b \u0438 \u043d\u0430\u0445\u043e\u0434\u043a\u0438.","potentialAction":[{"@type":"SearchAction","target":{"@type":"EntryPoint","urlTemplate":"https:\/\/funclean.eu\/?s={search_term_string}"},"query-input":{"@type":"PropertyValueSpecification","valueRequired":true,"valueName":"search_term_string"}}],"inLanguage":"lt-LT"}]}},"jetpack_sharing_enabled":true,"_links":{"self":[{"href":"https:\/\/funclean.eu\/lt\/wp-json\/wp\/v2\/pages\/4264","targetHints":{"allow":["GET"]}}],"collection":[{"href":"https:\/\/funclean.eu\/lt\/wp-json\/wp\/v2\/pages"}],"about":[{"href":"https:\/\/funclean.eu\/lt\/wp-json\/wp\/v2\/types\/page"}],"author":[{"embeddable":true,"href":"https:\/\/funclean.eu\/lt\/wp-json\/wp\/v2\/users\/1"}],"replies":[{"embeddable":true,"href":"https:\/\/funclean.eu\/lt\/wp-json\/wp\/v2\/comments?post=4264"}],"version-history":[{"count":1,"href":"https:\/\/funclean.eu\/lt\/wp-json\/wp\/v2\/pages\/4264\/revisions"}],"predecessor-version":[{"id":4271,"href":"https:\/\/funclean.eu\/lt\/wp-json\/wp\/v2\/pages\/4264\/revisions\/4271"}],"wp:attachment":[{"href":"https:\/\/funclean.eu\/lt\/wp-json\/wp\/v2\/media?parent=4264"}],"curies":[{"name":"wp","href":"https:\/\/api.w.org\/{rel}","templated":true}]}}