{"id":4251,"date":"2023-12-26T14:37:42","date_gmt":"2023-12-26T14:37:42","guid":{"rendered":"https:\/\/funclean.eu\/rekvizitai\/"},"modified":"2024-05-18T23:32:37","modified_gmt":"2024-05-18T23:32:37","slug":"rekvizitai","status":"publish","type":"page","link":"https:\/\/funclean.eu\/lt\/rekvizitai\/","title":{"rendered":"Rekvizitai"},"content":{"rendered":"\n<p><strong>Individualios veiklos pa\u017eyma<\/strong>:<\/p>\n\n<figure class=\"wp-block-image size-full\"><img fetchpriority=\"high\" decoding=\"async\" width=\"781\" height=\"747\" src=\"https:\/\/funclean.eu\/wp-content\/uploads\/2024\/03\/Screenshot_11.png\" alt=\"\" class=\"wp-image-2909\" srcset=\"https:\/\/funclean.eu\/wp-content\/uploads\/2024\/03\/Screenshot_11.png 781w, https:\/\/funclean.eu\/wp-content\/uploads\/2024\/03\/Screenshot_11-300x287.png 300w, https:\/\/funclean.eu\/wp-content\/uploads\/2024\/03\/Screenshot_11-768x735.png 768w, https:\/\/funclean.eu\/wp-content\/uploads\/2024\/03\/Screenshot_11-700x670.png 700w\" sizes=\"(max-width: 781px) 100vw, 781px\" \/><\/figure>\n\n<p>Duomenys: Sergej Koloberdin<\/p>\n\n<p>S\u0105skaita: LT393500010003116038<\/p>\n\n<p>Bankas: Paysera LT<\/p>\n\n<p>Banko kodas: 35000<\/p>\n\n<p>Banko SWIFT (BIC) kodas: EVIULT21XXX<\/p>\n\n<p>Banko adresas: Pilait\u0117s pr. 16, Vilnius, LT-04326, Lietuva<\/p>\n\n<p>Asmuo, vykdantis individuali\u0105 veikl\u0105: Sergej Koloberdin<\/p>\n\n<p>Veikla: 479100  <\/p>\n\n<p>Fizinis adresas: Visaginas, Festivalio 17, LT-31145<\/p>\n\n<p>Telefonas: +37062100240<\/p>\n\n<p>Elektroninis pa\u0161tas: info@funclean.eu<\/p>\n","protected":false},"excerpt":{"rendered":"<p>Individualios veiklos pa\u017eyma: Duomenys: Sergej Koloberdin S\u0105skaita: LT393500010003116038 Bankas: Paysera LT Banko kodas: 35000 Banko SWIFT (BIC) kodas: EVIULT21XXX Banko adresas: Pilait\u0117s pr. 16, Vilnius, LT-04326, Lietuva Asmuo, vykdantis individuali\u0105 veikl\u0105: Sergej Koloberdin Veikla: 479100 Fizinis adresas: Visaginas, Festivalio 17, LT-31145 Telefonas: +37062100240 Elektroninis pa\u0161tas: info@funclean.eu<\/p>\n","protected":false},"author":1,"featured_media":0,"parent":0,"menu_order":0,"comment_status":"closed","ping_status":"closed","template":"","meta":{"_kad_post_transparent":"","_kad_post_title":"","_kad_post_layout":"","_kad_post_sidebar_id":"","_kad_post_content_style":"","_kad_post_vertical_padding":"","_kad_post_feature":"","_kad_post_feature_position":"","_kad_post_header":false,"_kad_post_footer":false,"footnotes":""},"class_list":["post-4251","page","type-page","status-publish","hentry"],"yoast_head":"<!-- This site is optimized with the Yoast SEO plugin v25.8 - https:\/\/yoast.com\/wordpress\/plugins\/seo\/ -->\n<title>Rekvizitai - Funclean<\/title>\n<meta name=\"robots\" content=\"index, follow, max-snippet:-1, max-image-preview:large, max-video-preview:-1\" \/>\n<link rel=\"canonical\" href=\"https:\/\/funclean.eu\/rekvisit\/\" \/>\n<meta property=\"og:locale\" content=\"lt_LT\" \/>\n<meta property=\"og:type\" content=\"article\" \/>\n<meta property=\"og:title\" content=\"Rekvizitai - Funclean\" \/>\n<meta property=\"og:description\" content=\"Individualios veiklos pa\u017eyma: Duomenys: Sergej Koloberdin S\u0105skaita: LT393500010003116038 Bankas: Paysera LT Banko kodas: 35000 Banko SWIFT (BIC) kodas: EVIULT21XXX Banko adresas: Pilait\u0117s pr. 16, Vilnius, LT-04326, Lietuva Asmuo, vykdantis individuali\u0105 veikl\u0105: Sergej Koloberdin Veikla: 479100 Fizinis adresas: Visaginas, Festivalio 17, LT-31145 Telefonas: +37062100240 Elektroninis pa\u0161tas: info@funclean.eu\" \/>\n<meta property=\"og:url\" content=\"https:\/\/funclean.eu\/rekvisit\/\" \/>\n<meta property=\"og:site_name\" content=\"Funclean\" \/>\n<meta property=\"article:publisher\" content=\"https:\/\/www.facebook.com\/groups\/436887375433126\/\" \/>\n<meta property=\"article:modified_time\" content=\"2024-05-18T23:32:37+00:00\" \/>\n<meta property=\"og:image\" content=\"https:\/\/funclean.eu\/wp-content\/uploads\/2024\/03\/Screenshot_11.png\" \/>\n<meta name=\"twitter:card\" content=\"summary_large_image\" \/>\n<script type=\"application\/ld+json\" class=\"yoast-schema-graph\">{\"@context\":\"https:\/\/schema.org\",\"@graph\":[{\"@type\":\"WebPage\",\"@id\":\"https:\/\/funclean.eu\/rekvisit\/\",\"url\":\"https:\/\/funclean.eu\/rekvisit\/\",\"name\":\"Rekvizitai - Funclean\",\"isPartOf\":{\"@id\":\"https:\/\/funclean.eu\/#website\"},\"primaryImageOfPage\":{\"@id\":\"https:\/\/funclean.eu\/rekvisit\/#primaryimage\"},\"image\":{\"@id\":\"https:\/\/funclean.eu\/rekvisit\/#primaryimage\"},\"thumbnailUrl\":\"https:\/\/funclean.eu\/wp-content\/uploads\/2024\/03\/Screenshot_11.png\",\"datePublished\":\"2023-12-26T14:37:42+00:00\",\"dateModified\":\"2024-05-18T23:32:37+00:00\",\"breadcrumb\":{\"@id\":\"https:\/\/funclean.eu\/rekvisit\/#breadcrumb\"},\"inLanguage\":\"lt-LT\",\"potentialAction\":[{\"@type\":\"ReadAction\",\"target\":[\"https:\/\/funclean.eu\/rekvisit\/\"]}]},{\"@type\":\"ImageObject\",\"inLanguage\":\"lt-LT\",\"@id\":\"https:\/\/funclean.eu\/rekvisit\/#primaryimage\",\"url\":\"https:\/\/funclean.eu\/wp-content\/uploads\/2024\/03\/Screenshot_11.png\",\"contentUrl\":\"https:\/\/funclean.eu\/wp-content\/uploads\/2024\/03\/Screenshot_11.png\"},{\"@type\":\"BreadcrumbList\",\"@id\":\"https:\/\/funclean.eu\/rekvisit\/#breadcrumb\",\"itemListElement\":[{\"@type\":\"ListItem\",\"position\":1,\"name\":\"\u0413\u043b\u0430\u0432\u043d\u0430\u044f \u0441\u0442\u0440\u0430\u043d\u0438\u0446\u0430\",\"item\":\"https:\/\/funclean.eu\/lt\/\"},{\"@type\":\"ListItem\",\"position\":2,\"name\":\"Rekvizitai\"}]},{\"@type\":\"WebSite\",\"@id\":\"https:\/\/funclean.eu\/#website\",\"url\":\"https:\/\/funclean.eu\/\",\"name\":\"FUNCLEAN.EU\",\"description\":\"\u041e\u0447\u0438\u0441\u0442\u043a\u0430 \u0438 \u0445\u0440\u0430\u043d\u0435\u043d\u0438\u0435 \u043c\u043e\u043d\u0435\u0442. \u041a\u0430\u043a \u0447\u0438\u0441\u0442\u0438\u0442\u044c \u043c\u043e\u043d\u0435\u0442\u044b \u0438 \u043d\u0430\u0445\u043e\u0434\u043a\u0438.\",\"potentialAction\":[{\"@type\":\"SearchAction\",\"target\":{\"@type\":\"EntryPoint\",\"urlTemplate\":\"https:\/\/funclean.eu\/?s={search_term_string}\"},\"query-input\":{\"@type\":\"PropertyValueSpecification\",\"valueRequired\":true,\"valueName\":\"search_term_string\"}}],\"inLanguage\":\"lt-LT\"}]}<\/script>\n<!-- \/ Yoast SEO plugin. -->","yoast_head_json":{"title":"Rekvizitai - Funclean","robots":{"index":"index","follow":"follow","max-snippet":"max-snippet:-1","max-image-preview":"max-image-preview:large","max-video-preview":"max-video-preview:-1"},"canonical":"https:\/\/funclean.eu\/rekvisit\/","og_locale":"lt_LT","og_type":"article","og_title":"Rekvizitai - Funclean","og_description":"Individualios veiklos pa\u017eyma: Duomenys: Sergej Koloberdin S\u0105skaita: LT393500010003116038 Bankas: Paysera LT Banko kodas: 35000 Banko SWIFT (BIC) kodas: EVIULT21XXX Banko adresas: Pilait\u0117s pr. 16, Vilnius, LT-04326, Lietuva Asmuo, vykdantis individuali\u0105 veikl\u0105: Sergej Koloberdin Veikla: 479100 Fizinis adresas: Visaginas, Festivalio 17, LT-31145 Telefonas: +37062100240 Elektroninis pa\u0161tas: info@funclean.eu","og_url":"https:\/\/funclean.eu\/rekvisit\/","og_site_name":"Funclean","article_publisher":"https:\/\/www.facebook.com\/groups\/436887375433126\/","article_modified_time":"2024-05-18T23:32:37+00:00","og_image":[{"url":"https:\/\/funclean.eu\/wp-content\/uploads\/2024\/03\/Screenshot_11.png","type":"","width":"","height":""}],"twitter_card":"summary_large_image","schema":{"@context":"https:\/\/schema.org","@graph":[{"@type":"WebPage","@id":"https:\/\/funclean.eu\/rekvisit\/","url":"https:\/\/funclean.eu\/rekvisit\/","name":"Rekvizitai - Funclean","isPartOf":{"@id":"https:\/\/funclean.eu\/#website"},"primaryImageOfPage":{"@id":"https:\/\/funclean.eu\/rekvisit\/#primaryimage"},"image":{"@id":"https:\/\/funclean.eu\/rekvisit\/#primaryimage"},"thumbnailUrl":"https:\/\/funclean.eu\/wp-content\/uploads\/2024\/03\/Screenshot_11.png","datePublished":"2023-12-26T14:37:42+00:00","dateModified":"2024-05-18T23:32:37+00:00","breadcrumb":{"@id":"https:\/\/funclean.eu\/rekvisit\/#breadcrumb"},"inLanguage":"lt-LT","potentialAction":[{"@type":"ReadAction","target":["https:\/\/funclean.eu\/rekvisit\/"]}]},{"@type":"ImageObject","inLanguage":"lt-LT","@id":"https:\/\/funclean.eu\/rekvisit\/#primaryimage","url":"https:\/\/funclean.eu\/wp-content\/uploads\/2024\/03\/Screenshot_11.png","contentUrl":"https:\/\/funclean.eu\/wp-content\/uploads\/2024\/03\/Screenshot_11.png"},{"@type":"BreadcrumbList","@id":"https:\/\/funclean.eu\/rekvisit\/#breadcrumb","itemListElement":[{"@type":"ListItem","position":1,"name":"\u0413\u043b\u0430\u0432\u043d\u0430\u044f \u0441\u0442\u0440\u0430\u043d\u0438\u0446\u0430","item":"https:\/\/funclean.eu\/lt\/"},{"@type":"ListItem","position":2,"name":"Rekvizitai"}]},{"@type":"WebSite","@id":"https:\/\/funclean.eu\/#website","url":"https:\/\/funclean.eu\/","name":"FUNCLEAN.EU","description":"\u041e\u0447\u0438\u0441\u0442\u043a\u0430 \u0438 \u0445\u0440\u0430\u043d\u0435\u043d\u0438\u0435 \u043c\u043e\u043d\u0435\u0442. \u041a\u0430\u043a \u0447\u0438\u0441\u0442\u0438\u0442\u044c \u043c\u043e\u043d\u0435\u0442\u044b \u0438 \u043d\u0430\u0445\u043e\u0434\u043a\u0438.","potentialAction":[{"@type":"SearchAction","target":{"@type":"EntryPoint","urlTemplate":"https:\/\/funclean.eu\/?s={search_term_string}"},"query-input":{"@type":"PropertyValueSpecification","valueRequired":true,"valueName":"search_term_string"}}],"inLanguage":"lt-LT"}]}},"jetpack_sharing_enabled":true,"_links":{"self":[{"href":"https:\/\/funclean.eu\/lt\/wp-json\/wp\/v2\/pages\/4251","targetHints":{"allow":["GET"]}}],"collection":[{"href":"https:\/\/funclean.eu\/lt\/wp-json\/wp\/v2\/pages"}],"about":[{"href":"https:\/\/funclean.eu\/lt\/wp-json\/wp\/v2\/types\/page"}],"author":[{"embeddable":true,"href":"https:\/\/funclean.eu\/lt\/wp-json\/wp\/v2\/users\/1"}],"replies":[{"embeddable":true,"href":"https:\/\/funclean.eu\/lt\/wp-json\/wp\/v2\/comments?post=4251"}],"version-history":[{"count":1,"href":"https:\/\/funclean.eu\/lt\/wp-json\/wp\/v2\/pages\/4251\/revisions"}],"predecessor-version":[{"id":4260,"href":"https:\/\/funclean.eu\/lt\/wp-json\/wp\/v2\/pages\/4251\/revisions\/4260"}],"wp:attachment":[{"href":"https:\/\/funclean.eu\/lt\/wp-json\/wp\/v2\/media?parent=4251"}],"curies":[{"name":"wp","href":"https:\/\/api.w.org\/{rel}","templated":true}]}}