{"id":3599,"date":"2024-05-10T18:06:58","date_gmt":"2024-05-10T18:06:58","guid":{"rendered":"https:\/\/funclean.eu\/kaip-tinkamai-valyti-sidabra-su-funclean\/"},"modified":"2024-05-10T18:09:54","modified_gmt":"2024-05-10T18:09:54","slug":"kaip-tinkamai-valyti-sidabra-su-funclean","status":"publish","type":"page","link":"https:\/\/funclean.eu\/lt\/kaip-tinkamai-valyti-sidabra-su-funclean\/","title":{"rendered":"Kaip tinkamai valyti sidabr\u0105 su &#8220;Funclean&#8221;."},"content":{"rendered":"\n<p>&#8220;Funclean&#8221; suk\u016br\u0117 special\u0173 produkt\u0105, skirt\u0105 stipriai oksiduotam sidabrui valyti. Susidoroja su labai didel\u0117mis sankaupomis ir oksidais. Jis veikia akimirksniu.<\/p>\n\n<figure class=\"wp-block-image\"><img fetchpriority=\"high\" decoding=\"async\" width=\"1024\" height=\"512\" src=\"https:\/\/funclean.eu\/wp-content\/uploads\/2024\/04\/s1-1024x512.jpg\" alt=\"\" class=\"wp-image-3081\" srcset=\"https:\/\/funclean.eu\/wp-content\/uploads\/2024\/04\/s1-1024x512.jpg 1024w, https:\/\/funclean.eu\/wp-content\/uploads\/2024\/04\/s1-300x150.jpg 300w, https:\/\/funclean.eu\/wp-content\/uploads\/2024\/04\/s1-768x384.jpg 768w, https:\/\/funclean.eu\/wp-content\/uploads\/2024\/04\/s1-700x350.jpg 700w, https:\/\/funclean.eu\/wp-content\/uploads\/2024\/04\/s1.jpg 1200w\" sizes=\"(max-width: 1024px) 100vw, 1024px\" \/><\/figure>\n\n<p><strong>Atsargumo priemon\u0117s:<\/strong><\/p>\n\n<p><strong>Dirbdami su FUNCLEAN sidabro valikliu visada m\u016bv\u0117kite pir\u0161tines, respiratori\u0173 ir apsauginius akinius.<\/strong><\/p>\n\n<figure class=\"wp-block-image\"><img decoding=\"async\" width=\"800\" height=\"280\" src=\"https:\/\/funclean.eu\/wp-content\/uploads\/2024\/04\/ochki-perchatki-respiratory.webp\" alt=\"\" class=\"wp-image-3077\" srcset=\"https:\/\/funclean.eu\/wp-content\/uploads\/2024\/04\/ochki-perchatki-respiratory.webp 800w, https:\/\/funclean.eu\/wp-content\/uploads\/2024\/04\/ochki-perchatki-respiratory-300x105.webp 300w, https:\/\/funclean.eu\/wp-content\/uploads\/2024\/04\/ochki-perchatki-respiratory-768x269.webp 768w, https:\/\/funclean.eu\/wp-content\/uploads\/2024\/04\/ochki-perchatki-respiratory-700x245.webp 700w\" sizes=\"(max-width: 800px) 100vw, 800px\" \/><\/figure>\n\n<p>Pasirengimas darbui:<\/p>\n\n<p>Apsaugin\u0117s priemon\u0117s.<\/p>\n\n<p>&#8220;Funclean&#8221; sidabro valiklis.<\/p>\n\n<p>Funclean liquid container.<\/p>\n\n<p>indas su \u0161iltu vandeniu.<\/p>\n\n<p>Pincetas ir \u0161epet\u0117lis.<\/p>\n\n<p>&#8220;Chitika&#8221; sidabro gaminiai.<\/p>\n\n<figure class=\"wp-block-image\"><img decoding=\"async\" width=\"625\" height=\"1024\" src=\"https:\/\/funclean.eu\/wp-content\/uploads\/2024\/05\/s1.jpg\" alt=\"\" class=\"wp-image-3552\" srcset=\"https:\/\/funclean.eu\/wp-content\/uploads\/2024\/05\/s1.jpg 625w, https:\/\/funclean.eu\/wp-content\/uploads\/2024\/05\/s1-183x300.jpg 183w\" sizes=\"(max-width: 625px) 100vw, 625px\" \/><\/figure>\n\n<figure class=\"wp-block-image\"><img loading=\"lazy\" decoding=\"async\" width=\"803\" height=\"1024\" src=\"https:\/\/funclean.eu\/wp-content\/uploads\/2024\/04\/s1-1-803x1024.jpg\" alt=\"\" class=\"wp-image-3085\" srcset=\"https:\/\/funclean.eu\/wp-content\/uploads\/2024\/04\/s1-1-803x1024.jpg 803w, https:\/\/funclean.eu\/wp-content\/uploads\/2024\/04\/s1-1-235x300.jpg 235w, https:\/\/funclean.eu\/wp-content\/uploads\/2024\/04\/s1-1-768x980.jpg 768w, https:\/\/funclean.eu\/wp-content\/uploads\/2024\/04\/s1-1-700x893.jpg 700w, https:\/\/funclean.eu\/wp-content\/uploads\/2024\/04\/s1-1.jpg 1080w\" sizes=\"(max-width: 803px) 100vw, 803px\" \/><\/figure>\n\n<p>Supilkite sidabro valikl\u012f \u012f ind\u0105. \u012e priemon\u0119 \u012fmerkite monet\u0105 ar kit\u0105 sidabrin\u012f \u012frank\u012f. \u012esitikinkite, kad objektas yra visi\u0161kai panardintas \u012f skyst\u012f. Po minut\u0117s i\u0161traukite sidabr\u0105 i\u0161 skys\u010dio ir nuvalykite servet\u0117le. \u0160epet\u0117liu nuplaukite \u0161iltu vandeniu.<\/p>\n\n<figure class=\"wp-block-image\"><img decoding=\"async\" src=\"https:\/\/funclean.eu\/wp-content\/uploads\/2024\/05\/%D0%98%D0%B7%D0%BE%D0%B1%D1%80%D0%B0%D0%B6%D0%B5%D0%BD%D0%B8%D0%B57-576x1024.jpg\" alt=\"\" class=\"wp-image-3561\"\/><\/figure>\n\n<p>Paprastai visi\u0161kam valymui pakanka 1 minut\u0117s. Jei sidabras n\u0117ra visi\u0161kai nuvalytas, pakartokite proced\u016br\u0105.<\/p>\n\n<p>Nepamir\u0161kite naudoti apsaugini\u0173 priemoni\u0173: akini\u0173 ir pir\u0161tini\u0173. Patek\u0119s ant odos gali sukelti nudegimus. Patekus ant odos, nedelsiant nuplaukite vandeniu. Saugoti nuo vaik\u0173!!!<\/p>\n\n<p>Rezultatas.<\/p>\n\n<p>PRIE\u0160 VALYM\u0104:<\/p>\n\n<figure class=\"wp-block-image\"><img loading=\"lazy\" decoding=\"async\" width=\"625\" height=\"1024\" src=\"https:\/\/funclean.eu\/wp-content\/uploads\/2024\/05\/s1-1.jpg\" alt=\"\" class=\"wp-image-3567\" srcset=\"https:\/\/funclean.eu\/wp-content\/uploads\/2024\/05\/s1-1.jpg 625w, https:\/\/funclean.eu\/wp-content\/uploads\/2024\/05\/s1-1-183x300.jpg 183w\" sizes=\"(max-width: 625px) 100vw, 625px\" \/><\/figure>\n\n<p>PO VALYMO:<\/p>\n\n<figure class=\"wp-block-image\"><img loading=\"lazy\" decoding=\"async\" width=\"625\" height=\"1024\" src=\"https:\/\/funclean.eu\/wp-content\/uploads\/2024\/05\/s3.jpg\" alt=\"\" class=\"wp-image-3572\" srcset=\"https:\/\/funclean.eu\/wp-content\/uploads\/2024\/05\/s3.jpg 625w, https:\/\/funclean.eu\/wp-content\/uploads\/2024\/05\/s3-183x300.jpg 183w\" sizes=\"(max-width: 625px) 100vw, 625px\" \/><\/figure>\n","protected":false},"excerpt":{"rendered":"<p>&#8220;Funclean&#8221; suk\u016br\u0117 special\u0173 produkt\u0105, skirt\u0105 stipriai oksiduotam sidabrui valyti. Susidoroja su labai didel\u0117mis sankaupomis ir oksidais. Jis veikia akimirksniu. Atsargumo priemon\u0117s: Dirbdami su FUNCLEAN sidabro valikliu visada m\u016bv\u0117kite pir\u0161tines, respiratori\u0173 ir apsauginius akinius. Pasirengimas darbui: Apsaugin\u0117s priemon\u0117s. &#8220;Funclean&#8221; sidabro valiklis. Funclean liquid container. indas su \u0161iltu vandeniu. Pincetas ir \u0161epet\u0117lis. &#8220;Chitika&#8221; sidabro gaminiai. Supilkite sidabro&#8230;<\/p>\n","protected":false},"author":1,"featured_media":0,"parent":0,"menu_order":0,"comment_status":"closed","ping_status":"closed","template":"","meta":{"_kad_post_transparent":"","_kad_post_title":"","_kad_post_layout":"","_kad_post_sidebar_id":"","_kad_post_content_style":"","_kad_post_vertical_padding":"","_kad_post_feature":"","_kad_post_feature_position":"","_kad_post_header":false,"_kad_post_footer":false,"footnotes":""},"class_list":["post-3599","page","type-page","status-publish","hentry"],"yoast_head":"<!-- This site is optimized with the Yoast SEO plugin v25.8 - https:\/\/yoast.com\/wordpress\/plugins\/seo\/ -->\n<title>Kaip tinkamai valyti sidabr\u0105 su &quot;Funclean&quot;. - Funclean<\/title>\n<meta name=\"robots\" content=\"index, follow, max-snippet:-1, max-image-preview:large, max-video-preview:-1\" \/>\n<link rel=\"canonical\" href=\"https:\/\/funclean.eu\/serebrochistka\/\" \/>\n<meta property=\"og:locale\" content=\"lt_LT\" \/>\n<meta property=\"og:type\" content=\"article\" \/>\n<meta property=\"og:title\" content=\"Kaip tinkamai valyti sidabr\u0105 su &quot;Funclean&quot;. - Funclean\" \/>\n<meta property=\"og:description\" content=\"&#8220;Funclean&#8221; suk\u016br\u0117 special\u0173 produkt\u0105, skirt\u0105 stipriai oksiduotam sidabrui valyti. Susidoroja su labai didel\u0117mis sankaupomis ir oksidais. Jis veikia akimirksniu. Atsargumo priemon\u0117s: Dirbdami su FUNCLEAN sidabro valikliu visada m\u016bv\u0117kite pir\u0161tines, respiratori\u0173 ir apsauginius akinius. Pasirengimas darbui: Apsaugin\u0117s priemon\u0117s. &#8220;Funclean&#8221; sidabro valiklis. Funclean liquid container. indas su \u0161iltu vandeniu. Pincetas ir \u0161epet\u0117lis. &#8220;Chitika&#8221; sidabro gaminiai. Supilkite sidabro...\" \/>\n<meta property=\"og:url\" content=\"https:\/\/funclean.eu\/serebrochistka\/\" \/>\n<meta property=\"og:site_name\" content=\"Funclean\" \/>\n<meta property=\"article:publisher\" content=\"https:\/\/www.facebook.com\/groups\/436887375433126\/\" \/>\n<meta property=\"article:modified_time\" content=\"2024-05-10T18:09:54+00:00\" \/>\n<meta property=\"og:image\" content=\"https:\/\/funclean.eu\/wp-content\/uploads\/2024\/04\/s1-1024x512.jpg\" \/>\n<meta name=\"twitter:card\" content=\"summary_large_image\" \/>\n<meta name=\"twitter:label1\" content=\"Est. reading time\" \/>\n\t<meta name=\"twitter:data1\" content=\"1 minut\u0117\" \/>\n<script type=\"application\/ld+json\" class=\"yoast-schema-graph\">{\"@context\":\"https:\/\/schema.org\",\"@graph\":[{\"@type\":\"WebPage\",\"@id\":\"https:\/\/funclean.eu\/serebrochistka\/\",\"url\":\"https:\/\/funclean.eu\/serebrochistka\/\",\"name\":\"Kaip tinkamai valyti sidabr\u0105 su \\\"Funclean\\\". - Funclean\",\"isPartOf\":{\"@id\":\"https:\/\/funclean.eu\/#website\"},\"primaryImageOfPage\":{\"@id\":\"https:\/\/funclean.eu\/serebrochistka\/#primaryimage\"},\"image\":{\"@id\":\"https:\/\/funclean.eu\/serebrochistka\/#primaryimage\"},\"thumbnailUrl\":\"https:\/\/funclean.eu\/wp-content\/uploads\/2024\/04\/s1-1024x512.jpg\",\"datePublished\":\"2024-05-10T18:06:58+00:00\",\"dateModified\":\"2024-05-10T18:09:54+00:00\",\"breadcrumb\":{\"@id\":\"https:\/\/funclean.eu\/serebrochistka\/#breadcrumb\"},\"inLanguage\":\"lt-LT\",\"potentialAction\":[{\"@type\":\"ReadAction\",\"target\":[\"https:\/\/funclean.eu\/serebrochistka\/\"]}]},{\"@type\":\"ImageObject\",\"inLanguage\":\"lt-LT\",\"@id\":\"https:\/\/funclean.eu\/serebrochistka\/#primaryimage\",\"url\":\"https:\/\/funclean.eu\/wp-content\/uploads\/2024\/04\/s1-1024x512.jpg\",\"contentUrl\":\"https:\/\/funclean.eu\/wp-content\/uploads\/2024\/04\/s1-1024x512.jpg\"},{\"@type\":\"BreadcrumbList\",\"@id\":\"https:\/\/funclean.eu\/serebrochistka\/#breadcrumb\",\"itemListElement\":[{\"@type\":\"ListItem\",\"position\":1,\"name\":\"\u0413\u043b\u0430\u0432\u043d\u0430\u044f \u0441\u0442\u0440\u0430\u043d\u0438\u0446\u0430\",\"item\":\"https:\/\/funclean.eu\/lt\/\"},{\"@type\":\"ListItem\",\"position\":2,\"name\":\"Kaip tinkamai valyti sidabr\u0105 su &#8220;Funclean&#8221;.\"}]},{\"@type\":\"WebSite\",\"@id\":\"https:\/\/funclean.eu\/#website\",\"url\":\"https:\/\/funclean.eu\/\",\"name\":\"FUNCLEAN.EU\",\"description\":\"\u041e\u0447\u0438\u0441\u0442\u043a\u0430 \u0438 \u0445\u0440\u0430\u043d\u0435\u043d\u0438\u0435 \u043c\u043e\u043d\u0435\u0442. \u041a\u0430\u043a \u0447\u0438\u0441\u0442\u0438\u0442\u044c \u043c\u043e\u043d\u0435\u0442\u044b \u0438 \u043d\u0430\u0445\u043e\u0434\u043a\u0438.\",\"potentialAction\":[{\"@type\":\"SearchAction\",\"target\":{\"@type\":\"EntryPoint\",\"urlTemplate\":\"https:\/\/funclean.eu\/?s={search_term_string}\"},\"query-input\":{\"@type\":\"PropertyValueSpecification\",\"valueRequired\":true,\"valueName\":\"search_term_string\"}}],\"inLanguage\":\"lt-LT\"}]}<\/script>\n<!-- \/ Yoast SEO plugin. -->","yoast_head_json":{"title":"Kaip tinkamai valyti sidabr\u0105 su \"Funclean\". - Funclean","robots":{"index":"index","follow":"follow","max-snippet":"max-snippet:-1","max-image-preview":"max-image-preview:large","max-video-preview":"max-video-preview:-1"},"canonical":"https:\/\/funclean.eu\/serebrochistka\/","og_locale":"lt_LT","og_type":"article","og_title":"Kaip tinkamai valyti sidabr\u0105 su \"Funclean\". - Funclean","og_description":"&#8220;Funclean&#8221; suk\u016br\u0117 special\u0173 produkt\u0105, skirt\u0105 stipriai oksiduotam sidabrui valyti. Susidoroja su labai didel\u0117mis sankaupomis ir oksidais. Jis veikia akimirksniu. Atsargumo priemon\u0117s: Dirbdami su FUNCLEAN sidabro valikliu visada m\u016bv\u0117kite pir\u0161tines, respiratori\u0173 ir apsauginius akinius. Pasirengimas darbui: Apsaugin\u0117s priemon\u0117s. &#8220;Funclean&#8221; sidabro valiklis. Funclean liquid container. indas su \u0161iltu vandeniu. Pincetas ir \u0161epet\u0117lis. &#8220;Chitika&#8221; sidabro gaminiai. Supilkite sidabro...","og_url":"https:\/\/funclean.eu\/serebrochistka\/","og_site_name":"Funclean","article_publisher":"https:\/\/www.facebook.com\/groups\/436887375433126\/","article_modified_time":"2024-05-10T18:09:54+00:00","og_image":[{"url":"https:\/\/funclean.eu\/wp-content\/uploads\/2024\/04\/s1-1024x512.jpg","type":"","width":"","height":""}],"twitter_card":"summary_large_image","twitter_misc":{"Est. reading time":"1 minut\u0117"},"schema":{"@context":"https:\/\/schema.org","@graph":[{"@type":"WebPage","@id":"https:\/\/funclean.eu\/serebrochistka\/","url":"https:\/\/funclean.eu\/serebrochistka\/","name":"Kaip tinkamai valyti sidabr\u0105 su \"Funclean\". - Funclean","isPartOf":{"@id":"https:\/\/funclean.eu\/#website"},"primaryImageOfPage":{"@id":"https:\/\/funclean.eu\/serebrochistka\/#primaryimage"},"image":{"@id":"https:\/\/funclean.eu\/serebrochistka\/#primaryimage"},"thumbnailUrl":"https:\/\/funclean.eu\/wp-content\/uploads\/2024\/04\/s1-1024x512.jpg","datePublished":"2024-05-10T18:06:58+00:00","dateModified":"2024-05-10T18:09:54+00:00","breadcrumb":{"@id":"https:\/\/funclean.eu\/serebrochistka\/#breadcrumb"},"inLanguage":"lt-LT","potentialAction":[{"@type":"ReadAction","target":["https:\/\/funclean.eu\/serebrochistka\/"]}]},{"@type":"ImageObject","inLanguage":"lt-LT","@id":"https:\/\/funclean.eu\/serebrochistka\/#primaryimage","url":"https:\/\/funclean.eu\/wp-content\/uploads\/2024\/04\/s1-1024x512.jpg","contentUrl":"https:\/\/funclean.eu\/wp-content\/uploads\/2024\/04\/s1-1024x512.jpg"},{"@type":"BreadcrumbList","@id":"https:\/\/funclean.eu\/serebrochistka\/#breadcrumb","itemListElement":[{"@type":"ListItem","position":1,"name":"\u0413\u043b\u0430\u0432\u043d\u0430\u044f \u0441\u0442\u0440\u0430\u043d\u0438\u0446\u0430","item":"https:\/\/funclean.eu\/lt\/"},{"@type":"ListItem","position":2,"name":"Kaip tinkamai valyti sidabr\u0105 su &#8220;Funclean&#8221;."}]},{"@type":"WebSite","@id":"https:\/\/funclean.eu\/#website","url":"https:\/\/funclean.eu\/","name":"FUNCLEAN.EU","description":"\u041e\u0447\u0438\u0441\u0442\u043a\u0430 \u0438 \u0445\u0440\u0430\u043d\u0435\u043d\u0438\u0435 \u043c\u043e\u043d\u0435\u0442. \u041a\u0430\u043a \u0447\u0438\u0441\u0442\u0438\u0442\u044c \u043c\u043e\u043d\u0435\u0442\u044b \u0438 \u043d\u0430\u0445\u043e\u0434\u043a\u0438.","potentialAction":[{"@type":"SearchAction","target":{"@type":"EntryPoint","urlTemplate":"https:\/\/funclean.eu\/?s={search_term_string}"},"query-input":{"@type":"PropertyValueSpecification","valueRequired":true,"valueName":"search_term_string"}}],"inLanguage":"lt-LT"}]}},"jetpack_sharing_enabled":true,"_links":{"self":[{"href":"https:\/\/funclean.eu\/lt\/wp-json\/wp\/v2\/pages\/3599","targetHints":{"allow":["GET"]}}],"collection":[{"href":"https:\/\/funclean.eu\/lt\/wp-json\/wp\/v2\/pages"}],"about":[{"href":"https:\/\/funclean.eu\/lt\/wp-json\/wp\/v2\/types\/page"}],"author":[{"embeddable":true,"href":"https:\/\/funclean.eu\/lt\/wp-json\/wp\/v2\/users\/1"}],"replies":[{"embeddable":true,"href":"https:\/\/funclean.eu\/lt\/wp-json\/wp\/v2\/comments?post=3599"}],"version-history":[{"count":1,"href":"https:\/\/funclean.eu\/lt\/wp-json\/wp\/v2\/pages\/3599\/revisions"}],"predecessor-version":[{"id":3600,"href":"https:\/\/funclean.eu\/lt\/wp-json\/wp\/v2\/pages\/3599\/revisions\/3600"}],"wp:attachment":[{"href":"https:\/\/funclean.eu\/lt\/wp-json\/wp\/v2\/media?parent=3599"}],"curies":[{"name":"wp","href":"https:\/\/api.w.org\/{rel}","templated":true}]}}