{"id":4217,"date":"2024-05-18T19:51:16","date_gmt":"2024-05-18T19:51:16","guid":{"rendered":"https:\/\/funclean.eu\/product\/hobedane-puhastusvahend-280ml\/"},"modified":"2024-05-18T19:51:16","modified_gmt":"2024-05-18T19:51:16","slug":"hobedane-puhastusvahend-280ml","status":"publish","type":"product","link":"https:\/\/funclean.eu\/et\/toode\/hobedane-puhastusvahend-280ml\/","title":{"rendered":"H\u00f5bedane puhastusvahend. 280ml."},"content":{"rendered":"<p>H\u00f5bepuhastusvahend eemaldab k\u00f5ige raskemad oksiidid ja kogunemised. M\u00f5ju on v\u00e4ga kiire. T\u00f6\u00f6 ajal kandke kindlasti kindaid ja kaitseprille.<\/p>\n","protected":false},"excerpt":{"rendered":"<p>H\u00f5bepuhastusvahend eemaldab k\u00f5ige raskemad oksiidid ja kogunemised. M\u00f5ju on v\u00e4ga kiire. T\u00f6\u00f6 ajal kandke kindlasti kindaid ja kaitseprille.<\/p>\n","protected":false},"featured_media":7113,"comment_status":"closed","ping_status":"closed","template":"","meta":{"_kadence_starter_templates_imported_post":false,"_kad_post_transparent":"","_kad_post_title":"","_kad_post_layout":"","_kad_post_sidebar_id":"","_kad_post_content_style":"","_kad_post_vertical_padding":"","_kad_post_feature":"","_kad_post_feature_position":"","_kad_post_header":false,"_kad_post_footer":false},"product_brand":[],"product_cat":[49],"product_tag":[],"class_list":{"0":"post-4217","1":"product","2":"type-product","3":"status-publish","4":"has-post-thumbnail","6":"product_cat-funclean-et","8":"first","9":"instock","10":"featured","11":"shipping-taxable","12":"purchasable","13":"product-type-simple","14":"entry","15":"content-bg","16":"loop-entry"},"jetpack_sharing_enabled":true,"_links":{"self":[{"href":"https:\/\/funclean.eu\/et\/wp-json\/wp\/v2\/product\/4217","targetHints":{"allow":["GET"]}}],"collection":[{"href":"https:\/\/funclean.eu\/et\/wp-json\/wp\/v2\/product"}],"about":[{"href":"https:\/\/funclean.eu\/et\/wp-json\/wp\/v2\/types\/product"}],"replies":[{"embeddable":true,"href":"https:\/\/funclean.eu\/et\/wp-json\/wp\/v2\/comments?post=4217"}],"wp:featuredmedia":[{"embeddable":true,"href":"https:\/\/funclean.eu\/et\/wp-json\/wp\/v2\/media\/7113"}],"wp:attachment":[{"href":"https:\/\/funclean.eu\/et\/wp-json\/wp\/v2\/media?parent=4217"}],"wp:term":[{"taxonomy":"product_brand","embeddable":true,"href":"https:\/\/funclean.eu\/et\/wp-json\/wp\/v2\/product_brand?post=4217"},{"taxonomy":"product_cat","embeddable":true,"href":"https:\/\/funclean.eu\/et\/wp-json\/wp\/v2\/product_cat?post=4217"},{"taxonomy":"product_tag","embeddable":true,"href":"https:\/\/funclean.eu\/et\/wp-json\/wp\/v2\/product_tag?post=4217"}],"curies":[{"name":"wp","href":"https:\/\/api.w.org\/{rel}","templated":true}]}}