{"id":4216,"date":"2024-05-18T19:24:05","date_gmt":"2024-05-18T19:24:05","guid":{"rendered":"https:\/\/funclean.eu\/product\/komplekt-vaskpuhastusvahend-vaskkonservant\/"},"modified":"2024-05-18T19:24:05","modified_gmt":"2024-05-18T19:24:05","slug":"komplekt-vaskpuhastusvahend-vaskkonservant","status":"publish","type":"product","link":"https:\/\/funclean.eu\/et\/toode\/komplekt-vaskpuhastusvahend-vaskkonservant\/","title":{"rendered":"Komplekt. Vaskpuhastusvahend + vaskkonservant."},"content":{"rendered":"<p>Parim valik! Kui vask on puhastusvahendiga t\u00e4ielikult puhastatud, on soovitatav m\u00fcnt s\u00e4ilitada. Selleks on m\u00fc\u00fcgil t\u00e4ielik komplekt, mis sisaldab puhastusvahendit ja s\u00e4ilitusainet.<\/p>\n<p>Vaskpuhastusvahend: universaalne puhastusvahend vasele, pronksile ja messingile. Ei h\u00e4iri metalli struktuuri. Eemaldab h\u00e4sti pinnakatted ja oksiidid, olles samal ajal \u00f5rn objektidele. Toode m\u00f5jub ainult pealiskihile ja oksiididele, m\u00f5jutamata seejuures puhastatavate esemete emaili, h\u00f5bedat ja kullastust. Toodet m\u00fc\u00fcakse hermeetiliselt suletud 250 ml pakendis. See toode kestab kaua, sest seda saab uuesti kasutada, mis on, nagu te n\u00f5ustute, v\u00e4ga soodne.<\/p>\n<p>Vase m\u00fcntide s\u00e4ilitusaine: Toode on m\u00f5eldud m\u00fcntide s\u00e4ilitamiseks. Kasutatakse pinnale kaitsva kile loomiseks. Annab m\u00fcntidele l\u00e4ike ja heledama reljeefi. Ideaalne kasutada p\u00e4rast vasepuhastusvahendi kasutamist.<\/p>\n","protected":false},"excerpt":{"rendered":"<p>Parim valik! Kui vask on puhastusvahendiga t\u00e4ielikult puhastatud, on soovitatav m\u00fcnt s\u00e4ilitada. Selleks on m\u00fc\u00fcgil t\u00e4ielik komplekt, mis sisaldab puhastusvahendit ja s\u00e4ilitusainet. Vaskpuhastusvahend: universaalne puhastusvahend vasele, pronksile ja messingile. Ei h\u00e4iri metalli struktuuri. Eemaldab h\u00e4sti pinnakatted ja oksiidid, olles samal ajal \u00f5rn objektidele. Toode m\u00f5jub ainult pealiskihile ja oksiididele, m\u00f5jutamata seejuures puhastatavate esemete emaili, h\u00f5bedat&#8230;<\/p>\n","protected":false},"featured_media":7194,"comment_status":"closed","ping_status":"closed","template":"","meta":{"_kadence_starter_templates_imported_post":false,"_kad_post_transparent":"","_kad_post_title":"","_kad_post_layout":"","_kad_post_sidebar_id":"","_kad_post_content_style":"","_kad_post_vertical_padding":"","_kad_post_feature":"","_kad_post_feature_position":"","_kad_post_header":false,"_kad_post_footer":false},"product_brand":[],"product_cat":[49],"product_tag":[],"class_list":{"0":"post-4216","1":"product","2":"type-product","3":"status-publish","4":"has-post-thumbnail","6":"product_cat-funclean-et","8":"first","9":"instock","10":"shipping-taxable","11":"purchasable","12":"product-type-simple","13":"entry","14":"content-bg","15":"loop-entry"},"jetpack_sharing_enabled":true,"_links":{"self":[{"href":"https:\/\/funclean.eu\/et\/wp-json\/wp\/v2\/product\/4216","targetHints":{"allow":["GET"]}}],"collection":[{"href":"https:\/\/funclean.eu\/et\/wp-json\/wp\/v2\/product"}],"about":[{"href":"https:\/\/funclean.eu\/et\/wp-json\/wp\/v2\/types\/product"}],"replies":[{"embeddable":true,"href":"https:\/\/funclean.eu\/et\/wp-json\/wp\/v2\/comments?post=4216"}],"wp:featuredmedia":[{"embeddable":true,"href":"https:\/\/funclean.eu\/et\/wp-json\/wp\/v2\/media\/7194"}],"wp:attachment":[{"href":"https:\/\/funclean.eu\/et\/wp-json\/wp\/v2\/media?parent=4216"}],"wp:term":[{"taxonomy":"product_brand","embeddable":true,"href":"https:\/\/funclean.eu\/et\/wp-json\/wp\/v2\/product_brand?post=4216"},{"taxonomy":"product_cat","embeddable":true,"href":"https:\/\/funclean.eu\/et\/wp-json\/wp\/v2\/product_cat?post=4216"},{"taxonomy":"product_tag","embeddable":true,"href":"https:\/\/funclean.eu\/et\/wp-json\/wp\/v2\/product_tag?post=4216"}],"curies":[{"name":"wp","href":"https:\/\/api.w.org\/{rel}","templated":true}]}}