{"id":4198,"date":"2024-05-18T19:48:27","date_gmt":"2024-05-18T19:48:27","guid":{"rendered":"https:\/\/funclean.eu\/product\/vase-patineerimisvahend-1-liiter\/"},"modified":"2024-05-18T19:48:27","modified_gmt":"2024-05-18T19:48:27","slug":"vase-patineerimisvahend-1-liiter","status":"publish","type":"product","link":"https:\/\/funclean.eu\/et\/toode\/vase-patineerimisvahend-1-liiter\/","title":{"rendered":"Vase patineerimisvahend. 1 liiter."},"content":{"rendered":"<p>P\u00e4rast vasest m\u00fcntide puhastamist saate neile luua kunstliku patina. Saadakse kuldpruun, m\u00f5\u00f5dukalt l\u00e4ikiv patiin. Patiinat saab reguleerida heledast kuni tumeda patiinani. K\u00f5ik s\u00f5ltub sellest, kui kaua ese on lahuses olnud. Mida kauem see kestab, seda tumedam on patina.<\/p>\n","protected":false},"excerpt":{"rendered":"<p>P\u00e4rast vasest m\u00fcntide puhastamist saate neile luua kunstliku patina. Saadakse kuldpruun, m\u00f5\u00f5dukalt l\u00e4ikiv patiin. Patiinat saab reguleerida heledast kuni tumeda patiinani. K\u00f5ik s\u00f5ltub sellest, kui kaua ese on lahuses olnud. Mida kauem see kestab, seda tumedam on patina.<\/p>\n","protected":false},"featured_media":7116,"comment_status":"closed","ping_status":"closed","template":"","meta":{"_kadence_starter_templates_imported_post":false,"_kad_post_transparent":"","_kad_post_title":"","_kad_post_layout":"","_kad_post_sidebar_id":"","_kad_post_content_style":"","_kad_post_vertical_padding":"","_kad_post_feature":"","_kad_post_feature_position":"","_kad_post_header":false,"_kad_post_footer":false},"product_brand":[],"product_cat":[49],"product_tag":[],"class_list":{"0":"post-4198","1":"product","2":"type-product","3":"status-publish","4":"has-post-thumbnail","6":"product_cat-funclean-et","8":"first","9":"instock","10":"sale","11":"shipping-taxable","12":"purchasable","13":"product-type-simple","14":"entry","15":"content-bg","16":"loop-entry"},"jetpack_sharing_enabled":true,"_links":{"self":[{"href":"https:\/\/funclean.eu\/et\/wp-json\/wp\/v2\/product\/4198","targetHints":{"allow":["GET"]}}],"collection":[{"href":"https:\/\/funclean.eu\/et\/wp-json\/wp\/v2\/product"}],"about":[{"href":"https:\/\/funclean.eu\/et\/wp-json\/wp\/v2\/types\/product"}],"replies":[{"embeddable":true,"href":"https:\/\/funclean.eu\/et\/wp-json\/wp\/v2\/comments?post=4198"}],"wp:featuredmedia":[{"embeddable":true,"href":"https:\/\/funclean.eu\/et\/wp-json\/wp\/v2\/media\/7116"}],"wp:attachment":[{"href":"https:\/\/funclean.eu\/et\/wp-json\/wp\/v2\/media?parent=4198"}],"wp:term":[{"taxonomy":"product_brand","embeddable":true,"href":"https:\/\/funclean.eu\/et\/wp-json\/wp\/v2\/product_brand?post=4198"},{"taxonomy":"product_cat","embeddable":true,"href":"https:\/\/funclean.eu\/et\/wp-json\/wp\/v2\/product_cat?post=4198"},{"taxonomy":"product_tag","embeddable":true,"href":"https:\/\/funclean.eu\/et\/wp-json\/wp\/v2\/product_tag?post=4198"}],"curies":[{"name":"wp","href":"https:\/\/api.w.org\/{rel}","templated":true}]}}