{"id":4193,"date":"2024-05-18T19:33:30","date_gmt":"2024-05-18T19:33:30","guid":{"rendered":"https:\/\/funclean.eu\/product\/messingist-muntide-poleerimishari\/"},"modified":"2024-05-18T21:24:43","modified_gmt":"2024-05-18T21:24:43","slug":"messingist-muntide-poleerimishari","status":"publish","type":"product","link":"https:\/\/funclean.eu\/et\/toode\/messingist-muntide-poleerimishari\/","title":{"rendered":"Messingist m\u00fcntide poleerimishari."},"content":{"rendered":"<p><strong>Funclean-toodetega t\u00f6\u00f6tamisel kasutatakse messingist harja kahes versioonis.<\/strong><\/p>\n<p>V\u00f5imalus 1: messinghari alumiiniumpronksist m\u00fcntide poleerimiseks p\u00e4rast puhastamist Funcleaniga alumiiniumpronksist m\u00fcntidele.<\/p>\n<p><img fetchpriority=\"high\" decoding=\"async\" class=\"alignnone size-medium wp-image-3232\" src=\"https:\/\/funclean.eu\/wp-content\/uploads\/2024\/05\/%D0%98%D0%B7%D0%BE%D0%B1%D1%80%D0%B0%D0%B6%D0%B5%D0%BD%D0%B8%D0%B518-169x300.jpg\" alt=\"\" width=\"169\" height=\"300\"> <img decoding=\"async\" class=\"alignnone size-medium wp-image-3252\" src=\"https:\/\/funclean.eu\/wp-content\/uploads\/2024\/05\/5-300x300.jpg\" alt=\"\" width=\"300\" height=\"300\" srcset=\"https:\/\/funclean.eu\/wp-content\/uploads\/2024\/05\/5-300x300.jpg 300w, https:\/\/funclean.eu\/wp-content\/uploads\/2024\/05\/5-150x150.jpg 150w, https:\/\/funclean.eu\/wp-content\/uploads\/2024\/05\/5-100x100.jpg 100w, https:\/\/funclean.eu\/wp-content\/uploads\/2024\/05\/5.jpg 600w\" sizes=\"(max-width: 300px) 100vw, 300px\" \/> <img decoding=\"async\" class=\"alignnone size-medium wp-image-3235\" src=\"https:\/\/funclean.eu\/wp-content\/uploads\/2024\/05\/%D0%98%D0%B7%D0%BE%D0%B1%D1%80%D0%B0%D0%B6%D0%B5%D0%BD%D0%B8%D0%B520-169x300.jpg\" alt=\"\" width=\"169\" height=\"300\"><\/p>\n<p>Variant 2: messingist harja kasutatakse vaskm\u00fcntide poleerimiseks ettevalmistavas etapis enne patineerimist Funcleaniga.<\/p>\n<p><img loading=\"lazy\" decoding=\"async\" class=\"alignnone size-medium wp-image-1968\" src=\"https:\/\/funclean.eu\/wp-content\/uploads\/2024\/02\/%D0%98%D0%B7%D0%BE%D0%B1%D1%80%D0%B0%D0%B6%D0%B5%D0%BD%D0%B8%D0%B53-%D0%BA%D0%BE%D0%BF%D0%B8%D1%8F-300x169.jpg\" alt=\"\" width=\"300\" height=\"169\"> <img loading=\"lazy\" decoding=\"async\" class=\"alignnone size-medium wp-image-1956\" src=\"https:\/\/funclean.eu\/wp-content\/uploads\/2024\/02\/%D0%98%D0%B7%D0%BE%D0%B1%D1%80%D0%B0%D0%B6%D0%B5%D0%BD%D0%B8%D0%B51-300x169.jpg\" alt=\"\" width=\"300\" height=\"169\"><\/p>\n<p>&nbsp;<\/p>\n","protected":false},"excerpt":{"rendered":"<p>Funclean-toodetega t\u00f6\u00f6tamisel kasutatakse messingist harja kahes versioonis. V\u00f5imalus 1: messinghari alumiiniumpronksist m\u00fcntide poleerimiseks p\u00e4rast puhastamist Funcleaniga alumiiniumpronksist m\u00fcntidele. Variant 2: messingist harja kasutatakse vaskm\u00fcntide poleerimiseks ettevalmistavas etapis enne patineerimist Funcleaniga. &nbsp;<\/p>\n","protected":false},"featured_media":7161,"comment_status":"closed","ping_status":"closed","template":"","meta":{"_kadence_starter_templates_imported_post":false,"_kad_post_transparent":"","_kad_post_title":"","_kad_post_layout":"","_kad_post_sidebar_id":"","_kad_post_content_style":"","_kad_post_vertical_padding":"","_kad_post_feature":"","_kad_post_feature_position":"","_kad_post_header":false,"_kad_post_footer":false},"product_brand":[],"product_cat":[49],"product_tag":[],"class_list":{"0":"post-4193","1":"product","2":"type-product","3":"status-publish","4":"has-post-thumbnail","6":"product_cat-funclean-et","8":"first","9":"instock","10":"shipping-taxable","11":"purchasable","12":"product-type-simple","13":"entry","14":"content-bg","15":"loop-entry"},"jetpack_sharing_enabled":true,"_links":{"self":[{"href":"https:\/\/funclean.eu\/et\/wp-json\/wp\/v2\/product\/4193","targetHints":{"allow":["GET"]}}],"collection":[{"href":"https:\/\/funclean.eu\/et\/wp-json\/wp\/v2\/product"}],"about":[{"href":"https:\/\/funclean.eu\/et\/wp-json\/wp\/v2\/types\/product"}],"replies":[{"embeddable":true,"href":"https:\/\/funclean.eu\/et\/wp-json\/wp\/v2\/comments?post=4193"}],"wp:featuredmedia":[{"embeddable":true,"href":"https:\/\/funclean.eu\/et\/wp-json\/wp\/v2\/media\/7161"}],"wp:attachment":[{"href":"https:\/\/funclean.eu\/et\/wp-json\/wp\/v2\/media?parent=4193"}],"wp:term":[{"taxonomy":"product_brand","embeddable":true,"href":"https:\/\/funclean.eu\/et\/wp-json\/wp\/v2\/product_brand?post=4193"},{"taxonomy":"product_cat","embeddable":true,"href":"https:\/\/funclean.eu\/et\/wp-json\/wp\/v2\/product_cat?post=4193"},{"taxonomy":"product_tag","embeddable":true,"href":"https:\/\/funclean.eu\/et\/wp-json\/wp\/v2\/product_tag?post=4193"}],"curies":[{"name":"wp","href":"https:\/\/api.w.org\/{rel}","templated":true}]}}