{"id":4178,"date":"2024-05-18T19:15:31","date_gmt":"2024-05-18T19:15:31","guid":{"rendered":"https:\/\/funclean.eu\/product\/puhastusvahend-alumiiniumpronksile-280-ml-messingist-harja\/"},"modified":"2024-05-18T21:24:51","modified_gmt":"2024-05-18T21:24:51","slug":"puhastusvahend-alumiiniumpronksile-280-ml-messingist-harja","status":"publish","type":"product","link":"https:\/\/funclean.eu\/et\/toode\/puhastusvahend-alumiiniumpronksile-280-ml-messingist-harja\/","title":{"rendered":"Puhastusvahend alumiiniumpronksile 280 ml. + messingist harja."},"content":{"rendered":"<p>Universaalne puhastusvahend alumiiniumpronksist m\u00fcntidele koos messingist harjaga. Suurep\u00e4rane n\u00f5ukogude m\u00fcntide puhastamiseks 1926-1957, nimiv\u00e4\u00e4rtusega 1, 2, 3 ja 5 kopikat ning Leedu Smetonovi m\u00fcntide puhastamiseks 1925. aastast, nimiv\u00e4\u00e4rtusega 1, 5, 10, 20 ja 50 senti. Sobib suurep\u00e4raselt mustuse, oksiidide ja kogunemiste puhastamiseks. Komplektis on kaasas poleerimishari, et anda m\u00fcndile selle esialgne l\u00e4ige.<\/p>\n","protected":false},"excerpt":{"rendered":"<p>Universaalne puhastusvahend alumiiniumpronksist m\u00fcntidele koos messingist harjaga. Suurep\u00e4rane n\u00f5ukogude m\u00fcntide puhastamiseks 1926-1957, nimiv\u00e4\u00e4rtusega 1, 2, 3 ja 5 kopikat ning Leedu Smetonovi m\u00fcntide puhastamiseks 1925. aastast, nimiv\u00e4\u00e4rtusega 1, 5, 10, 20 ja 50 senti. Sobib suurep\u00e4raselt mustuse, oksiidide ja kogunemiste puhastamiseks. Komplektis on kaasas poleerimishari, et anda m\u00fcndile selle esialgne l\u00e4ige.<\/p>\n","protected":false},"featured_media":7197,"comment_status":"closed","ping_status":"closed","template":"","meta":{"_kadence_starter_templates_imported_post":false,"_kad_post_transparent":"","_kad_post_title":"","_kad_post_layout":"","_kad_post_sidebar_id":"","_kad_post_content_style":"","_kad_post_vertical_padding":"","_kad_post_feature":"","_kad_post_feature_position":"","_kad_post_header":false,"_kad_post_footer":false},"product_brand":[],"product_cat":[49],"product_tag":[],"class_list":{"0":"post-4178","1":"product","2":"type-product","3":"status-publish","4":"has-post-thumbnail","6":"product_cat-funclean-et","8":"first","9":"instock","10":"featured","11":"shipping-taxable","12":"purchasable","13":"product-type-simple","14":"entry","15":"content-bg","16":"loop-entry"},"jetpack_sharing_enabled":true,"_links":{"self":[{"href":"https:\/\/funclean.eu\/et\/wp-json\/wp\/v2\/product\/4178","targetHints":{"allow":["GET"]}}],"collection":[{"href":"https:\/\/funclean.eu\/et\/wp-json\/wp\/v2\/product"}],"about":[{"href":"https:\/\/funclean.eu\/et\/wp-json\/wp\/v2\/types\/product"}],"replies":[{"embeddable":true,"href":"https:\/\/funclean.eu\/et\/wp-json\/wp\/v2\/comments?post=4178"}],"wp:featuredmedia":[{"embeddable":true,"href":"https:\/\/funclean.eu\/et\/wp-json\/wp\/v2\/media\/7197"}],"wp:attachment":[{"href":"https:\/\/funclean.eu\/et\/wp-json\/wp\/v2\/media?parent=4178"}],"wp:term":[{"taxonomy":"product_brand","embeddable":true,"href":"https:\/\/funclean.eu\/et\/wp-json\/wp\/v2\/product_brand?post=4178"},{"taxonomy":"product_cat","embeddable":true,"href":"https:\/\/funclean.eu\/et\/wp-json\/wp\/v2\/product_cat?post=4178"},{"taxonomy":"product_tag","embeddable":true,"href":"https:\/\/funclean.eu\/et\/wp-json\/wp\/v2\/product_tag?post=4178"}],"curies":[{"name":"wp","href":"https:\/\/api.w.org\/{rel}","templated":true}]}}