{"id":4172,"date":"2024-05-18T19:07:56","date_gmt":"2024-05-18T19:07:56","guid":{"rendered":"https:\/\/funclean.eu\/product\/vase-muntide-konserveerija-20ml\/"},"modified":"2024-05-18T21:24:50","modified_gmt":"2024-05-18T21:24:50","slug":"vase-muntide-konserveerija-20ml","status":"publish","type":"product","link":"https:\/\/funclean.eu\/et\/toode\/vase-muntide-konserveerija-20ml\/","title":{"rendered":"Vase m\u00fcntide konserveerija. 20ml."},"content":{"rendered":"<p>Toode on m\u00f5eldud m\u00fcntide s\u00e4ilitamiseks. Kasutatakse pinnale kaitsva kile loomiseks. Annab m\u00fcntidele l\u00e4ike ja heledama reljeefi. Ideaalne kasutada p\u00e4rast vasepuhastusvahendi kasutamist.<\/p>\n","protected":false},"excerpt":{"rendered":"<p>Toode on m\u00f5eldud m\u00fcntide s\u00e4ilitamiseks. Kasutatakse pinnale kaitsva kile loomiseks. Annab m\u00fcntidele l\u00e4ike ja heledama reljeefi. Ideaalne kasutada p\u00e4rast vasepuhastusvahendi kasutamist.<\/p>\n","protected":false},"featured_media":7206,"comment_status":"closed","ping_status":"closed","template":"","meta":{"_kadence_starter_templates_imported_post":false,"_kad_post_transparent":"","_kad_post_title":"","_kad_post_layout":"","_kad_post_sidebar_id":"","_kad_post_content_style":"","_kad_post_vertical_padding":"","_kad_post_feature":"","_kad_post_feature_position":"","_kad_post_header":false,"_kad_post_footer":false},"product_brand":[],"product_cat":[49],"product_tag":[],"class_list":{"0":"post-4172","1":"product","2":"type-product","3":"status-publish","4":"has-post-thumbnail","6":"product_cat-funclean-et","8":"first","9":"instock","10":"featured","11":"shipping-taxable","12":"purchasable","13":"product-type-simple","14":"entry","15":"content-bg","16":"loop-entry"},"jetpack_sharing_enabled":true,"_links":{"self":[{"href":"https:\/\/funclean.eu\/et\/wp-json\/wp\/v2\/product\/4172","targetHints":{"allow":["GET"]}}],"collection":[{"href":"https:\/\/funclean.eu\/et\/wp-json\/wp\/v2\/product"}],"about":[{"href":"https:\/\/funclean.eu\/et\/wp-json\/wp\/v2\/types\/product"}],"replies":[{"embeddable":true,"href":"https:\/\/funclean.eu\/et\/wp-json\/wp\/v2\/comments?post=4172"}],"wp:featuredmedia":[{"embeddable":true,"href":"https:\/\/funclean.eu\/et\/wp-json\/wp\/v2\/media\/7206"}],"wp:attachment":[{"href":"https:\/\/funclean.eu\/et\/wp-json\/wp\/v2\/media?parent=4172"}],"wp:term":[{"taxonomy":"product_brand","embeddable":true,"href":"https:\/\/funclean.eu\/et\/wp-json\/wp\/v2\/product_brand?post=4172"},{"taxonomy":"product_cat","embeddable":true,"href":"https:\/\/funclean.eu\/et\/wp-json\/wp\/v2\/product_cat?post=4172"},{"taxonomy":"product_tag","embeddable":true,"href":"https:\/\/funclean.eu\/et\/wp-json\/wp\/v2\/product_tag?post=4172"}],"curies":[{"name":"wp","href":"https:\/\/api.w.org\/{rel}","templated":true}]}}