{"id":5256,"date":"2023-12-26T14:37:42","date_gmt":"2023-12-26T14:37:42","guid":{"rendered":"https:\/\/funclean.eu\/rekvizitai\/"},"modified":"2024-06-18T14:14:17","modified_gmt":"2024-06-18T14:14:17","slug":"rekvizitai","status":"publish","type":"page","link":"https:\/\/funclean.eu\/et\/rekvizitai\/","title":{"rendered":"Rekvizitai"},"content":{"rendered":"\n<p><strong>Individualios veiklos pa\u017eyma<\/strong>:<\/p>\n\n<figure class=\"wp-block-image size-full\"><img fetchpriority=\"high\" decoding=\"async\" width=\"781\" height=\"747\" src=\"https:\/\/funclean.eu\/wp-content\/uploads\/2024\/03\/Screenshot_11.png\" alt=\"\" class=\"wp-image-2909\" srcset=\"https:\/\/funclean.eu\/wp-content\/uploads\/2024\/03\/Screenshot_11.png 781w, https:\/\/funclean.eu\/wp-content\/uploads\/2024\/03\/Screenshot_11-300x287.png 300w, https:\/\/funclean.eu\/wp-content\/uploads\/2024\/03\/Screenshot_11-768x735.png 768w, https:\/\/funclean.eu\/wp-content\/uploads\/2024\/03\/Screenshot_11-700x670.png 700w\" sizes=\"(max-width: 781px) 100vw, 781px\" \/><\/figure>\n\n<p>Duomenys: Sergej Koloberdin<\/p>\n\n<p>S\u0105skaita: LT393500010003116038<\/p>\n\n<p>Bankas: Paysera LT<\/p>\n\n<p>Banko kodas: 35000<\/p>\n\n<p>Banko SWIFT (BIC) koodid: EVIULT21XXX<\/p>\n\n<p>Banko adresas: Pilait\u0117s pr. 16, Vilnius, LT-04326, Lietuva<\/p>\n\n<p>Asmuo vykdantis individuali\u0105 veikl\u0105: Sergej Koloberdin<\/p>\n\n<p>Veikla: 479100  <\/p>\n\n<p>Fizinis adresas: Visaginas, Festivalio 17, LT-31145<\/p>\n\n<p>Telefonid: +37062100240<\/p>\n\n<p>Elektroninis pa\u0161tas: info@funclean.eu<\/p>\n","protected":false},"excerpt":{"rendered":"<p>Individualios veiklos pa\u017eyma: Duomenys: Sergej Koloberdin S\u0105skaita: LT393500010003116038 Bankas: Paysera LT Banko kodas: 35000 Banko SWIFT (BIC) koodid: EVIULT21XXX Banko adresas: Pilait\u0117s pr. 16, Vilnius, LT-04326, Lietuva Asmuo vykdantis individuali\u0105 veikl\u0105: Sergej Koloberdin Veikla: 479100 Fizinis adresas: Visaginas, Festivalio 17, LT-31145 Telefonid: +37062100240 Elektroninis pa\u0161tas: info@funclean.eu<\/p>\n","protected":false},"author":1,"featured_media":0,"parent":0,"menu_order":0,"comment_status":"closed","ping_status":"closed","template":"","meta":{"_kadence_starter_templates_imported_post":false,"_kad_post_transparent":"","_kad_post_title":"","_kad_post_layout":"","_kad_post_sidebar_id":"","_kad_post_content_style":"","_kad_post_vertical_padding":"","_kad_post_feature":"","_kad_post_feature_position":"","_kad_post_header":false,"_kad_post_footer":false,"footnotes":""},"class_list":["post-5256","page","type-page","status-publish","hentry"],"jetpack_sharing_enabled":true,"_links":{"self":[{"href":"https:\/\/funclean.eu\/et\/wp-json\/wp\/v2\/pages\/5256","targetHints":{"allow":["GET"]}}],"collection":[{"href":"https:\/\/funclean.eu\/et\/wp-json\/wp\/v2\/pages"}],"about":[{"href":"https:\/\/funclean.eu\/et\/wp-json\/wp\/v2\/types\/page"}],"author":[{"embeddable":true,"href":"https:\/\/funclean.eu\/et\/wp-json\/wp\/v2\/users\/1"}],"replies":[{"embeddable":true,"href":"https:\/\/funclean.eu\/et\/wp-json\/wp\/v2\/comments?post=5256"}],"version-history":[{"count":1,"href":"https:\/\/funclean.eu\/et\/wp-json\/wp\/v2\/pages\/5256\/revisions"}],"predecessor-version":[{"id":5274,"href":"https:\/\/funclean.eu\/et\/wp-json\/wp\/v2\/pages\/5256\/revisions\/5274"}],"wp:attachment":[{"href":"https:\/\/funclean.eu\/et\/wp-json\/wp\/v2\/media?parent=5256"}],"curies":[{"name":"wp","href":"https:\/\/api.w.org\/{rel}","templated":true}]}}