{"id":5251,"date":"2023-12-26T14:45:12","date_gmt":"2023-12-26T14:45:12","guid":{"rendered":"https:\/\/funclean.eu\/pristatymo-informacija\/"},"modified":"2024-06-18T14:14:16","modified_gmt":"2024-06-18T14:14:16","slug":"pristatymo-informacija","status":"publish","type":"page","link":"https:\/\/funclean.eu\/et\/pristatymo-informacija\/","title":{"rendered":"Pristatymo informacija"},"content":{"rendered":"\n<p>Kliento pageidavimu prek\u0117s pristatomos \u0161iais b\u016bdais:<\/p>\n\n<p>&#8220;Omniva&#8221; pa\u0161to d\u0117\u017eut\u0117se (tik i\u0161 anksto apmok\u0117jus u\u017e prekes) klientas telefonu gaus atrakinimo kod\u0105. Galima pristatyti \u012f Lietuv\u0105, Latvij\u0105 ir Estij\u0105.<\/p>\n\n<p>Mok\u0117jimo b\u016bdai:<\/p>\n\n<p>Pervedimu \u012f kortel\u0119 (preliminarus susitarimas telefonu +37062100240 arba el. pa\u0161tu info@funclean.eu).<\/p>\n\n<p>Mok\u0117jimas per bank\u0105. (Paysera)<\/p>\n\n<p>&#8220;PayPal.&#8221;<\/p>\n\n<p>Paprastai prek\u0117s pristatomos per 1-5 darbo dienas, (Latvija + 1\/2, Estija + 1\/3) jei jos yra sand\u0117lyje.<\/p>\n\n<p><strong>U\u017esakymai padaryti iki 14val. ir prekei esant sand\u0117lyje, u\u017esakymas pristatomas sekan\u010di\u0105 darbo dien\u0105!<\/strong><\/p>\n\n<p>Jei preki\u0173 sand\u0117lyje n\u0117ra, apie tai klientas infromuojamas ir suderinamas laikas atskirai.<\/p>\n","protected":false},"excerpt":{"rendered":"<p>Kliento pageidavimu prek\u0117s pristatomos \u0161iais b\u016bdais: &#8220;Omniva&#8221; pa\u0161to d\u0117\u017eut\u0117se (tik i\u0161 anksto apmok\u0117jus u\u017e prekes) klientas telefonu gaus atrakinimo kod\u0105. Galima pristatyti \u012f Lietuv\u0105, Latvij\u0105 ir Estij\u0105. Mok\u0117jimo b\u016bdai: Pervedimu \u012f kortel\u0119 (preliminarus susitarimas telefonu +37062100240 arba el. pa\u0161tu info@funclean.eu). Mok\u0117jimas per bank\u0105. (Paysera) &#8220;PayPal.&#8221; Paprastai prek\u0117s pristatomos per 1-5 darbo dienas, (Latvija + 1\/2,&#8230;<\/p>\n","protected":false},"author":1,"featured_media":0,"parent":0,"menu_order":0,"comment_status":"closed","ping_status":"closed","template":"","meta":{"_kadence_starter_templates_imported_post":false,"_kad_post_transparent":"","_kad_post_title":"","_kad_post_layout":"","_kad_post_sidebar_id":"","_kad_post_content_style":"","_kad_post_vertical_padding":"","_kad_post_feature":"","_kad_post_feature_position":"","_kad_post_header":false,"_kad_post_footer":false,"footnotes":""},"class_list":["post-5251","page","type-page","status-publish","hentry"],"jetpack_sharing_enabled":true,"_links":{"self":[{"href":"https:\/\/funclean.eu\/et\/wp-json\/wp\/v2\/pages\/5251","targetHints":{"allow":["GET"]}}],"collection":[{"href":"https:\/\/funclean.eu\/et\/wp-json\/wp\/v2\/pages"}],"about":[{"href":"https:\/\/funclean.eu\/et\/wp-json\/wp\/v2\/types\/page"}],"author":[{"embeddable":true,"href":"https:\/\/funclean.eu\/et\/wp-json\/wp\/v2\/users\/1"}],"replies":[{"embeddable":true,"href":"https:\/\/funclean.eu\/et\/wp-json\/wp\/v2\/comments?post=5251"}],"version-history":[{"count":1,"href":"https:\/\/funclean.eu\/et\/wp-json\/wp\/v2\/pages\/5251\/revisions"}],"predecessor-version":[{"id":5253,"href":"https:\/\/funclean.eu\/et\/wp-json\/wp\/v2\/pages\/5251\/revisions\/5253"}],"wp:attachment":[{"href":"https:\/\/funclean.eu\/et\/wp-json\/wp\/v2\/media?parent=5251"}],"curies":[{"name":"wp","href":"https:\/\/api.w.org\/{rel}","templated":true}]}}